{"id":34658,"date":"2017-05-02T14:50:37","date_gmt":"2017-05-02T12:50:37","guid":{"rendered":"https:\/\/www.supermamans.ch\/faq\/"},"modified":"2024-01-09T15:37:05","modified_gmt":"2024-01-09T14:37:05","slug":"faq","status":"publish","type":"page","link":"https:\/\/supermamans.ch\/sr\/faq\/","title":{"rendered":"FAQ"},"content":{"rendered":"\t\t<div data-elementor-type=\"wp-page\" data-elementor-id=\"34658\" class=\"elementor elementor-34658 elementor-1514\">\n\t\t\t\t\t\t\t<div class=\"elementor-element elementor-element-45dffae e-con-full e-flex e-con\" data-id=\"45dffae\" data-element_type=\"container\" data-settings=\"{&quot;content_width&quot;:&quot;full&quot;,&quot;background_background&quot;:&quot;classic&quot;,&quot;shape_divider_bottom&quot;:&quot;mountains&quot;}\" data-e-bg-lazyload=\"\">\n\t\t\t\t<div class=\"elementor-shape elementor-shape-bottom\" data-negative=\"false\">\n\t\t\t<svg xmlns=\"http:\/\/www.w3.org\/2000\/svg\" viewBox=\"0 0 1000 100\" preserveAspectRatio=\"none\">\n\t<path class=\"elementor-shape-fill\" opacity=\"0.33\" d=\"M473,67.3c-203.9,88.3-263.1-34-320.3,0C66,119.1,0,59.7,0,59.7V0h1000v59.7 c0,0-62.1,26.1-94.9,29.3c-32.8,3.3-62.8-12.3-75.8-22.1C806,49.6,745.3,8.7,694.9,4.7S492.4,59,473,67.3z\"\/>\n\t<path class=\"elementor-shape-fill\" opacity=\"0.66\" d=\"M734,67.3c-45.5,0-77.2-23.2-129.1-39.1c-28.6-8.7-150.3-10.1-254,39.1 s-91.7-34.4-149.2,0C115.7,118.3,0,39.8,0,39.8V0h1000v36.5c0,0-28.2-18.5-92.1-18.5C810.2,18.1,775.7,67.3,734,67.3z\"\/>\n\t<path class=\"elementor-shape-fill\" d=\"M766.1,28.9c-200-57.5-266,65.5-395.1,19.5C242,1.8,242,5.4,184.8,20.6C128,35.8,132.3,44.9,89.9,52.5C28.6,63.7,0,0,0,0 h1000c0,0-9.9,40.9-83.6,48.1S829.6,47,766.1,28.9z\"\/>\n<\/svg>\t\t<\/div>\n\t\t\t\t<\/div>\n\t\t<div class=\"elementor-element elementor-element-31aaeac e-flex e-con-boxed e-con\" data-id=\"31aaeac\" data-element_type=\"container\" data-settings=\"{&quot;background_background&quot;:&quot;classic&quot;,&quot;content_width&quot;:&quot;boxed&quot;}\">\n\t\t\t\t\t<div class=\"e-con-inner\">\n\t\t<div class=\"elementor-element elementor-element-814ed14 e-flex e-con-boxed e-con\" data-id=\"814ed14\" data-element_type=\"container\" data-settings=\"{&quot;content_width&quot;:&quot;boxed&quot;}\">\n\t\t\t\t\t<div class=\"e-con-inner\">\n\t\t\t\t<div class=\"elementor-element elementor-element-ea611eb elementor-widget elementor-widget-heading\" data-id=\"ea611eb\" data-element_type=\"widget\" data-widget_type=\"heading.default\">\n\t\t\t\t<div class=\"elementor-widget-container\">\n\t\t\t<style>\/*! elementor - v3.14.0 - 26-06-2023 *\/\n.elementor-heading-title{padding:0;margin:0;line-height:1}.elementor-widget-heading .elementor-heading-title[class*=elementor-size-]>a{color:inherit;font-size:inherit;line-height:inherit}.elementor-widget-heading .elementor-heading-title.elementor-size-small{font-size:15px}.elementor-widget-heading .elementor-heading-title.elementor-size-medium{font-size:19px}.elementor-widget-heading .elementor-heading-title.elementor-size-large{font-size:29px}.elementor-widget-heading .elementor-heading-title.elementor-size-xl{font-size:39px}.elementor-widget-heading .elementor-heading-title.elementor-size-xxl{font-size:59px}<\/style><h1 class=\"elementor-heading-title elementor-size-default\">\u010cesto postavljena pitanja (FAQ)<\/h1>\t\t<\/div>\n\t\t\t\t<\/div>\n\t\t\t\t<div class=\"elementor-element elementor-element-7a98ba5 elementor-widget elementor-widget-text-editor\" data-id=\"7a98ba5\" data-element_type=\"widget\" data-widget_type=\"text-editor.default\">\n\t\t\t\t<div class=\"elementor-widget-container\">\n\t\t\t<style>\/*! elementor - v3.14.0 - 26-06-2023 *\/\n.elementor-widget-text-editor.elementor-drop-cap-view-stacked .elementor-drop-cap{background-color:#69727d;color:#fff}.elementor-widget-text-editor.elementor-drop-cap-view-framed .elementor-drop-cap{color:#69727d;border:3px solid;background-color:transparent}.elementor-widget-text-editor:not(.elementor-drop-cap-view-default) .elementor-drop-cap{margin-top:8px}.elementor-widget-text-editor:not(.elementor-drop-cap-view-default) .elementor-drop-cap-letter{width:1em;height:1em}.elementor-widget-text-editor .elementor-drop-cap{float:left;text-align:center;line-height:1;font-size:50px}.elementor-widget-text-editor .elementor-drop-cap-letter{display:inline-block}<\/style>\t\t\t\t<p>Potrebno ti je vi\u0161e informacija ili ima\u0161 pitanja? Mo\u017eda \u0107e\u0161 na\u0107i odgovor ovde ili \u0107e ti tvoja \u201emajka za kontakt\u201c (MamanContact) rado odgovoriti.  <\/p>\n\t\t\t\t\t\t<\/div>\n\t\t\t\t<\/div>\n\t\t\t\t<div class=\"elementor-element elementor-element-ee57828 elementor-widget elementor-widget-mfn_accordion\" data-id=\"ee57828\" data-element_type=\"widget\" data-widget_type=\"mfn_accordion.default\">\n\t\t\t\t<div class=\"elementor-widget-container\">\n\t\t\t<div class=\"accordion\"><h4 class=\"title\">Op\u0161ta pitanja<\/h4><div class=\"mfn-acc accordion_wrapper \"><div class=\"question\" tabindex=\"0\" role=\"link\"><div class=\"title\"><i class=\"icon-plus acc-icon-plus\" aria-hidden=\"true\"><\/i><i class=\"icon-minus acc-icon-minus\" aria-hidden=\"true\"><\/i>Koliko obroka je obezbe\u0111eno i u kojoj koli\u010dini?<\/div><div class=\"answer\"><p>Trudimo se da dobijemo u proseku 3 do 5 poseta za svako pru\u017eanje pomo\u0107i. Me\u0111utim, to zavisi isklju\u010divo od dostupnosti volontera. Ne mo\u017eemo garantovati minimum.  <\/p>\n<p>Obezbe\u0111eni obroci su namenjeni svim \u010dlanovima porodice navedenim u prijavi i konzumiraju se u najpovoljnijem trenutku za \u201emajku koja prima pomo\u0107\u201c (MamanABichonner).<\/p>\n<\/div><\/div>\n<div class=\"question\" tabindex=\"0\" role=\"link\"><div class=\"title\"><i class=\"icon-plus acc-icon-plus\" aria-hidden=\"true\"><\/i><i class=\"icon-minus acc-icon-minus\" aria-hidden=\"true\"><\/i>Za\u0161to moram da dam svoje kontakt podatke?<\/div><div class=\"answer\"><p>Tvoji kontakt podaci se koriste isklju\u010divo u svrhu efikasnog organizovanja tvoje pomo\u0107i. Koriste se za pronala\u017eenje volontera najbli\u017eih tvom domu. Prenose se u okviru <a href=\"https:\/\/www.supermamans.ch\/charte-de-confidentialite\/\">povelje o poverljivosti<\/a>, uvek uz po\u0161tovanje u najmanjim potrebnim koli\u010dinama.  <\/p>\n<p>Za \u201emajke koje daruju\u201c (MamansCadeau), tvoji kontakt podaci se koriste za kontaktiranje i slanje zahvalnica i poklona. Tvoje ime, prezime, broj telefona i adresu e-po\u0161te \u0161aljemo \u201emajci koja prima pomo\u0107\u201c (MamanABichonner) samo ako si prijavljena da joj pru\u017ei\u0161 pomo\u0107. <\/p>\n<p>Nikakvi podaci o li\u010dnosti se ne prodaju niti dele sa spoljnim tre\u0107im stranama bez va\u0161eg pristanka.<\/p>\n<\/div><\/div>\n<div class=\"question\" tabindex=\"0\" role=\"link\"><div class=\"title\"><i class=\"icon-plus acc-icon-plus\" aria-hidden=\"true\"><\/i><i class=\"icon-minus acc-icon-minus\" aria-hidden=\"true\"><\/i>Koliko dugo traje pru\u017eanje pomo\u0107i?<\/div><div class=\"answer\"><p>Sve zavisi od broja \u201emajki koje daruju\u201c (MamansCadeau) koje su na raspolaganju da pru\u017ee pomo\u0107 nekoj majci. Pru\u017eanje pomo\u0107i mo\u017ee da broji izme\u0111u 1 i 8 poseta. Mo\u017ee se rasporediti na dane u nedelji u kojoj se majka vra\u0107a ku\u0107i, kao i na nekoliko nedelja po\u010dev\u0161i od posete 2 do 3 dana nedeljno. Organizacija se fokusira na maksimalno 4 do 5 nedelja.   <\/p>\n<\/div><\/div>\n<\/div><\/div>\n\t\t<\/div>\n\t\t\t\t<\/div>\n\t\t\t\t<div class=\"elementor-element elementor-element-a039ad1 elementor-widget elementor-widget-spacer\" data-id=\"a039ad1\" data-element_type=\"widget\" data-widget_type=\"spacer.default\">\n\t\t\t\t<div class=\"elementor-widget-container\">\n\t\t\t<style>\/*! elementor - v3.14.0 - 26-06-2023 *\/\n.elementor-column .elementor-spacer-inner{height:var(--spacer-size)}.e-con{--container-widget-width:100%}.e-con-inner>.elementor-widget-spacer,.e-con>.elementor-widget-spacer{width:var(--container-widget-width,var(--spacer-size));--align-self:var(--container-widget-align-self,initial);--flex-shrink:0}.e-con-inner>.elementor-widget-spacer>.elementor-widget-container,.e-con-inner>.elementor-widget-spacer>.elementor-widget-container>.elementor-spacer,.e-con>.elementor-widget-spacer>.elementor-widget-container,.e-con>.elementor-widget-spacer>.elementor-widget-container>.elementor-spacer{height:100%}.e-con-inner>.elementor-widget-spacer>.elementor-widget-container>.elementor-spacer>.elementor-spacer-inner,.e-con>.elementor-widget-spacer>.elementor-widget-container>.elementor-spacer>.elementor-spacer-inner{height:var(--container-widget-height,var(--spacer-size))}<\/style>\t\t<div class=\"elementor-spacer\">\n\t\t\t<div class=\"elementor-spacer-inner\"><\/div>\n\t\t<\/div>\n\t\t\t\t<\/div>\n\t\t\t\t<\/div>\n\t\t\t\t<div class=\"elementor-element elementor-element-4897473 elementor-widget elementor-widget-mfn_accordion\" data-id=\"4897473\" data-element_type=\"widget\" data-widget_type=\"mfn_accordion.default\">\n\t\t\t\t<div class=\"elementor-widget-container\">\n\t\t\t<div class=\"accordion\"><h4 class=\"title\">Primalac pomo\u0107i \/ \u201emajka koja prima pomo\u0107\u201c (MamanABichonner)<\/h4><div class=\"mfn-acc accordion_wrapper \"><div class=\"question\" tabindex=\"0\" role=\"link\"><div class=\"title\"><i class=\"icon-plus acc-icon-plus\" aria-hidden=\"true\"><\/i><i class=\"icon-minus acc-icon-minus\" aria-hidden=\"true\"><\/i>Da li su potrebni fotografija i propratni tekst?<\/div><div class=\"answer\"><p>Ne, to su dva dodatna na\u010dina u na\u0161oj proceduri pomo\u0107u kojih pove\u0107avamo tvoj rejting kod \u201emajki koje daruju\u201c (MamansCadeau).<\/p>\n<\/div><\/div>\n<div class=\"question\" tabindex=\"0\" role=\"link\"><div class=\"title\"><i class=\"icon-plus acc-icon-plus\" aria-hidden=\"true\"><\/i><i class=\"icon-minus acc-icon-minus\" aria-hidden=\"true\"><\/i>Da li \u0107e moji kontakt podaci biti objavljeni na internetu ili dru\u0161tvenim mre\u017eama?<\/div><div class=\"answer\"><p>U principu, tvoje ime, prezime, grad i minimalna koli\u010dina informacija potrebna za organizovanje pru\u017eanja pomo\u0107i objavljeni su na mapi pru\u017eanja pomo\u0107i koja je dostupna na na\u0161im dru\u0161tvenim mre\u017eama i zadr\u017eavamo pravo da koristimo ove podatke za pronala\u017eenje volontera za tebe na dru\u0161tvenim mre\u017eama.<\/p>\n<p>Ako ne \u017eeli\u0161 da se objavljuju bilo kakve informacije o tebi, navedi to prilikom odgovora na poruku e-po\u0161te za prijavu.<\/p>\n<\/div><\/div>\n<div class=\"question\" tabindex=\"0\" role=\"link\"><div class=\"title\"><i class=\"icon-plus acc-icon-plus\" aria-hidden=\"true\"><\/i><i class=\"icon-minus acc-icon-minus\" aria-hidden=\"true\"><\/i>Da li moram da platim obroke koji mi donesu?<\/div><div class=\"answer\"><p>Ne, osnovni princip udru\u017eenja SuperMamans je zasnovan na uzajamnoj pomo\u0107i i besplatnoj usluzi. Obrok vam poklanja \u201emajka koja daruje\u201c (MamanCadeau) koja ti ga donosi. Slobodno joj ponudi ne\u0161to zauzvrat ako \u017eelite ili dajte donaciju udru\u017eenju radi podr\u0161ke na\u0161em konceptu.  <\/p>\n<\/div><\/div>\n<div class=\"question\" tabindex=\"0\" role=\"link\"><div class=\"title\"><i class=\"icon-plus acc-icon-plus\" aria-hidden=\"true\"><\/i><i class=\"icon-minus acc-icon-minus\" aria-hidden=\"true\"><\/i>Da li moram da postanem \u201emajka koja daruje\u201c (MamanCadeau) nakon \u0161to primim pomo\u0107?<\/div><div class=\"answer\"><p>Ne, nema\u0161 tu obavezu. Ideja je da \u201emajka koja daruje\u201c (MamanCadeau) pru\u017ei pomo\u0107 drugoj majci sa zadovoljstvom, a ne pod prinudom. Uz to, sam poduhvat ti donosi jednako mnogo kao i \u201emajka koja daruje\u201c (MamanCadeau) \u2013 podsti\u010demo te da proba\u0161 bar jednom kada bude\u0161 spremna!  <\/p>\n<\/div><\/div>\n<div class=\"question\" tabindex=\"0\" role=\"link\"><div class=\"title\"><i class=\"icon-plus acc-icon-plus\" aria-hidden=\"true\"><\/i><i class=\"icon-minus acc-icon-minus\" aria-hidden=\"true\"><\/i>Usvojili smo dete, da li imam pravo na pomo\u0107?<\/div><div class=\"answer\"><p>Naravno! Svaka porodica koja prima novo dete ima pravo na pomo\u0107. Radujemo se \u0161to \u0107emo organizovati pomo\u0107 za tebe kako bismo ti olak\u0161ali prilago\u0111avanje na ovu novu \u017eivotnu avanturu.  <\/p>\n<\/div><\/div>\n<\/div><\/div>\n\t\t<\/div>\n\t\t\t\t<\/div>\n\t\t\t\t<div class=\"elementor-element elementor-element-793e7fa elementor-widget elementor-widget-spacer\" data-id=\"793e7fa\" data-element_type=\"widget\" data-widget_type=\"spacer.default\">\n\t\t\t\t<div class=\"elementor-widget-container\">\n\t\t\t\t\t<div class=\"elementor-spacer\">\n\t\t\t<div class=\"elementor-spacer-inner\"><\/div>\n\t\t<\/div>\n\t\t\t\t<\/div>\n\t\t\t\t<\/div>\n\t\t\t\t<div class=\"elementor-element elementor-element-9cf6f2c elementor-widget elementor-widget-mfn_accordion\" data-id=\"9cf6f2c\" data-element_type=\"widget\" data-widget_type=\"mfn_accordion.default\">\n\t\t\t\t<div class=\"elementor-widget-container\">\n\t\t\t<div class=\"accordion\"><h4 class=\"title\">Volonteri \/ \u201emajka koja daruje\u201c (MamanCadeau)<\/h4><div class=\"mfn-acc accordion_wrapper \"><div class=\"question\" tabindex=\"0\" role=\"link\"><div class=\"title\"><i class=\"icon-plus acc-icon-plus\" aria-hidden=\"true\"><\/i><i class=\"icon-minus acc-icon-minus\" aria-hidden=\"true\"><\/i>Mogu li da do\u0111em u pratnji tokom pru\u017eanja pomo\u0107i?<\/div><div class=\"answer\"><p>Da, titula koju dobija\u0161 je \u201emajka koja daruje\u201c (MamanCadeau), \u0161to implicira da si mo\u017eda volonter sa sopstvenom decom. Me\u0111utim, molimo na\u0161e volontere da unapred obaveste \u201emajku koja prima pomo\u0107\u201c (MamanABichonner) i da se postaraju da deca u va\u0161oj pratnji po\u0161tuju fizi\u010dko i psihi\u010dko stanje nove majke ili porodice. <\/p>\n<p>Nemoj se ustru\u010davati da predlo\u017ei\u0161 \u0161etnju napolju ako vreme to dozvoljava ili podeli\u0161 u\u017einu radi kanalisanja energije deteta.<\/p>\n<\/div><\/div>\n<div class=\"question\" tabindex=\"0\" role=\"link\"><div class=\"title\"><i class=\"icon-plus acc-icon-plus\" aria-hidden=\"true\"><\/i><i class=\"icon-minus acc-icon-minus\" aria-hidden=\"true\"><\/i>Ne volim da kuvam, ali \u017eelim da u\u010destvujem u pru\u017eanju pomo\u0107i, \u0161ta da radim?<\/div><div class=\"answer\"><p>U opisu porodice na\u0107i \u0107e\u0161 druge usluge koje mogu pomo\u0107i porodici. Nemoj se ustru\u010davati se da u komentarima ankete navede\u0161 da \u017eeli\u0161 da pomogne\u0161 sa datim potrebama, umesto da donese\u0161 obrok. <\/p>\n<\/div><\/div>\n<div class=\"question\" tabindex=\"0\" role=\"link\"><div class=\"title\"><i class=\"icon-plus acc-icon-plus\" aria-hidden=\"true\"><\/i><i class=\"icon-minus acc-icon-minus\" aria-hidden=\"true\"><\/i>Kada treba da dostavim obrok?<\/div><div class=\"answer\"><p>Na tebi je da kontaktira\u0161 \u201emajku koja prima pomo\u0107\u201c (MamanABichonner) 48 sati pre posete radi dogovora o terminu.<\/p>\n<\/div><\/div>\n<div class=\"question\" tabindex=\"0\" role=\"link\"><div class=\"title\"><i class=\"icon-plus acc-icon-plus\" aria-hidden=\"true\"><\/i><i class=\"icon-minus acc-icon-minus\" aria-hidden=\"true\"><\/i>Nakon pru\u017eanja pomo\u0107i majke radi u vidu pomo\u0107i radi pru\u017eanja podr\u0161ke ili pomo\u0107i negovateljima, ose\u0107am potrebu da pri\u010dam o tome, \u0161ta da radim?<\/div><div class=\"answer\"><p>Nemoj da se ose\u0107a\u0161 usamljenom u tome, nudimo ti mogu\u0107nost razgovora u bilo kom trenutku sa stru\u010dnim licem iz udru\u017eenja \u2013 tvoja \u201emajka za kontakt\u201c (MamanContact) \u0107e kontaktirati sa tobom.<\/p>\n<\/div><\/div>\n<div class=\"question\" tabindex=\"0\" role=\"link\"><div class=\"title\"><i class=\"icon-plus acc-icon-plus\" aria-hidden=\"true\"><\/i><i class=\"icon-minus acc-icon-minus\" aria-hidden=\"true\"><\/i>Mu\u0161karac sam i \u017eeleo bih da u\u010destvujem, da li je to dozvoljeno?<\/div><div class=\"answer\"><p>Apsolutno! Mu\u0161karci su dobrodo\u0161li u na\u0161e udru\u017eenje. Prilikom prijave, na\u0161i primaoci pomo\u0107i mogu nazna\u010diti da li su otvoreni za posete mu\u0161karaca. Ne oklevajte da se prijavite ako je tako!   <\/p>\n<\/div><\/div>\n<\/div><\/div>\n\t\t<\/div>\n\t\t\t\t<\/div>\n\t\t\t\t\t<\/div>\n\t\t\t\t<\/div>\n\t\t\t\t\t<\/div>\n\t\t\t\t<\/div>\n\t\t\t\t\t\t\t<\/div>\n\t\t","protected":false},"excerpt":{"rendered":"<p>\u010cesto postavljena pitanja (FAQ) Potrebno ti je vi\u0161e informacija ili ima\u0161 pitanja? Mo\u017eda \u0107e\u0161 na\u0107i odgovor ovde ili \u0107e ti tvoja \u201emajka za kontakt\u201c (MamanContact) rado odgovoriti. Op\u0161ta pitanja Koliko obroka je obezbe\u0111eno i u kojoj koli\u010dini? Trudimo se da dobijemo u proseku 3 do 5 poseta za svako pru\u017eanje<span class=\"excerpt-hellip\"> [\u2026]<\/span><\/p>\n","protected":false},"author":1,"featured_media":0,"parent":0,"menu_order":0,"comment_status":"closed","ping_status":"closed","template":"","meta":{"_acf_changed":false,"footnotes":""},"class_list":["post-34658","page","type-page","status-publish","hentry"],"acf":[],"_links":{"self":[{"href":"https:\/\/supermamans.ch\/sr\/wp-json\/wp\/v2\/pages\/34658","targetHints":{"allow":["GET"]}}],"collection":[{"href":"https:\/\/supermamans.ch\/sr\/wp-json\/wp\/v2\/pages"}],"about":[{"href":"https:\/\/supermamans.ch\/sr\/wp-json\/wp\/v2\/types\/page"}],"author":[{"embeddable":true,"href":"https:\/\/supermamans.ch\/sr\/wp-json\/wp\/v2\/users\/1"}],"replies":[{"embeddable":true,"href":"https:\/\/supermamans.ch\/sr\/wp-json\/wp\/v2\/comments?post=34658"}],"version-history":[{"count":1,"href":"https:\/\/supermamans.ch\/sr\/wp-json\/wp\/v2\/pages\/34658\/revisions"}],"predecessor-version":[{"id":34659,"href":"https:\/\/supermamans.ch\/sr\/wp-json\/wp\/v2\/pages\/34658\/revisions\/34659"}],"wp:attachment":[{"href":"https:\/\/supermamans.ch\/sr\/wp-json\/wp\/v2\/media?parent=34658"}],"curies":[{"name":"wp","href":"https:\/\/api.w.org\/{rel}","templated":true}]}}