{"id":34640,"date":"2023-08-29T18:50:24","date_gmt":"2023-08-29T16:50:24","guid":{"rendered":"https:\/\/www.supermamans.ch\/klasicna-pomoc\/"},"modified":"2024-01-09T15:54:37","modified_gmt":"2024-01-09T14:54:37","slug":"klasicna-pomoc","status":"publish","type":"page","link":"https:\/\/supermamans.ch\/sr\/klasicna-pomoc\/","title":{"rendered":"Klasi\u010dna pomo\u0107"},"content":{"rendered":"\t\t<div data-elementor-type=\"wp-page\" data-elementor-id=\"34640\" class=\"elementor elementor-34640 elementor-31693\">\n\t\t\t\t\t\t\t<div class=\"elementor-element elementor-element-696a218a e-con-full e-flex e-con\" data-id=\"696a218a\" data-element_type=\"container\" data-settings=\"{&quot;content_width&quot;:&quot;full&quot;,&quot;background_background&quot;:&quot;classic&quot;,&quot;shape_divider_bottom&quot;:&quot;mountains&quot;}\" data-e-bg-lazyload=\"\">\n\t\t\t\t<div class=\"elementor-shape elementor-shape-bottom\" data-negative=\"false\">\n\t\t\t<svg xmlns=\"http:\/\/www.w3.org\/2000\/svg\" viewBox=\"0 0 1000 100\" preserveAspectRatio=\"none\">\n\t<path class=\"elementor-shape-fill\" opacity=\"0.33\" d=\"M473,67.3c-203.9,88.3-263.1-34-320.3,0C66,119.1,0,59.7,0,59.7V0h1000v59.7 c0,0-62.1,26.1-94.9,29.3c-32.8,3.3-62.8-12.3-75.8-22.1C806,49.6,745.3,8.7,694.9,4.7S492.4,59,473,67.3z\"\/>\n\t<path class=\"elementor-shape-fill\" opacity=\"0.66\" d=\"M734,67.3c-45.5,0-77.2-23.2-129.1-39.1c-28.6-8.7-150.3-10.1-254,39.1 s-91.7-34.4-149.2,0C115.7,118.3,0,39.8,0,39.8V0h1000v36.5c0,0-28.2-18.5-92.1-18.5C810.2,18.1,775.7,67.3,734,67.3z\"\/>\n\t<path class=\"elementor-shape-fill\" d=\"M766.1,28.9c-200-57.5-266,65.5-395.1,19.5C242,1.8,242,5.4,184.8,20.6C128,35.8,132.3,44.9,89.9,52.5C28.6,63.7,0,0,0,0 h1000c0,0-9.9,40.9-83.6,48.1S829.6,47,766.1,28.9z\"\/>\n<\/svg>\t\t<\/div>\n\t\t\t\t<\/div>\n\t\t<div class=\"elementor-element elementor-element-5c1bf37 e-flex e-con-boxed e-con\" data-id=\"5c1bf37\" data-element_type=\"container\" data-settings=\"{&quot;background_background&quot;:&quot;classic&quot;,&quot;content_width&quot;:&quot;boxed&quot;}\">\n\t\t\t\t\t<div class=\"e-con-inner\">\n\t\t<div class=\"elementor-element elementor-element-74807d6 e-flex e-con-boxed e-con\" data-id=\"74807d6\" data-element_type=\"container\" data-settings=\"{&quot;content_width&quot;:&quot;boxed&quot;}\">\n\t\t\t\t\t<div class=\"e-con-inner\">\n\t\t\t\t<div class=\"elementor-element elementor-element-557cc99 elementor-widget elementor-widget-heading\" data-id=\"557cc99\" data-element_type=\"widget\" data-widget_type=\"heading.default\">\n\t\t\t\t<div class=\"elementor-widget-container\">\n\t\t\t<style>\/*! elementor - v3.14.0 - 26-06-2023 *\/\n.elementor-heading-title{padding:0;margin:0;line-height:1}.elementor-widget-heading .elementor-heading-title[class*=elementor-size-]>a{color:inherit;font-size:inherit;line-height:inherit}.elementor-widget-heading .elementor-heading-title.elementor-size-small{font-size:15px}.elementor-widget-heading .elementor-heading-title.elementor-size-medium{font-size:19px}.elementor-widget-heading .elementor-heading-title.elementor-size-large{font-size:29px}.elementor-widget-heading .elementor-heading-title.elementor-size-xl{font-size:39px}.elementor-widget-heading .elementor-heading-title.elementor-size-xxl{font-size:59px}<\/style><h1 class=\"elementor-heading-title elementor-size-default\">Klasi\u010dna pomo\u0107<\/h1>\t\t<\/div>\n\t\t\t\t<\/div>\n\t\t\t\t\t<\/div>\n\t\t\t\t<\/div>\n\t\t\t\t<div class=\"elementor-element elementor-element-27640c1 elementor-position-right elementor-vertical-align-middle elementor-widget elementor-widget-image-box\" data-id=\"27640c1\" data-element_type=\"widget\" data-widget_type=\"image-box.default\">\n\t\t\t\t<div class=\"elementor-widget-container\">\n\t\t\t<style>\/*! elementor - v3.14.0 - 26-06-2023 *\/\n.elementor-widget-image-box .elementor-image-box-content{width:100%}@media (min-width:768px){.elementor-widget-image-box.elementor-position-left .elementor-image-box-wrapper,.elementor-widget-image-box.elementor-position-right .elementor-image-box-wrapper{display:flex}.elementor-widget-image-box.elementor-position-right .elementor-image-box-wrapper{text-align:right;flex-direction:row-reverse}.elementor-widget-image-box.elementor-position-left .elementor-image-box-wrapper{text-align:left;flex-direction:row}.elementor-widget-image-box.elementor-position-top .elementor-image-box-img{margin:auto}.elementor-widget-image-box.elementor-vertical-align-top .elementor-image-box-wrapper{align-items:flex-start}.elementor-widget-image-box.elementor-vertical-align-middle .elementor-image-box-wrapper{align-items:center}.elementor-widget-image-box.elementor-vertical-align-bottom .elementor-image-box-wrapper{align-items:flex-end}}@media (max-width:767px){.elementor-widget-image-box .elementor-image-box-img{margin-left:auto!important;margin-right:auto!important;margin-bottom:15px}}.elementor-widget-image-box .elementor-image-box-img{display:inline-block}.elementor-widget-image-box .elementor-image-box-title a{color:inherit}.elementor-widget-image-box .elementor-image-box-wrapper{text-align:center}.elementor-widget-image-box .elementor-image-box-description{margin:0}<\/style><div class=\"elementor-image-box-wrapper\"><figure class=\"elementor-image-box-img\"><img loading=\"lazy\" decoding=\"async\" width=\"150\" height=\"150\" src=\"https:\/\/supermamans.ch\/wp-content\/uploads\/2023\/07\/icone-bichonnage-500-150x150.png\" class=\"attachment-thumbnail size-thumbnail wp-image-31596\" alt=\"\" srcset=\"https:\/\/supermamans.ch\/wp-content\/uploads\/2023\/07\/icone-bichonnage-500-150x150.png 150w, https:\/\/supermamans.ch\/wp-content\/uploads\/2023\/07\/icone-bichonnage-500-300x300.png 300w, https:\/\/supermamans.ch\/wp-content\/uploads\/2023\/07\/icone-bichonnage-500-75x75.png 75w, https:\/\/supermamans.ch\/wp-content\/uploads\/2023\/07\/icone-bichonnage-500.png 500w\" sizes=\"auto, (max-width:767px) 150px, 150px\" \/><\/figure><div class=\"elementor-image-box-content\"><p class=\"elementor-image-box-description\">Klasi\u010dna pomo\u0107 je namenjena porodicama koje su upravo dobile bebu (ro\u0111enjem ili usvojenjem). Mre\u017ea volontera se organizuje za dono\u0161enje obroka pripremljenog kod ku\u0107e kako bi im pru\u017eili podr\u0161ku u postporo\u0111ajnoj logistici. Ako \u201emajka koja prima pomo\u0107\u201c (MamanABichonner) \u017eeli, \u201emajka koja daruje\u201c (MamanCadeau) tako\u0111e se mo\u017ee zadr\u017eati neko vreme radi razgovora i razmene iskustava.  \n<br><br>\nU cilju davanja prioriteta kvalitetu pomo\u0107i (idealno oko 5 poseta), obrati nam se u roku od 6 meseci od povratka ku\u0107i. Ako nakon ovog vremena ima\u0161 potrebu za pomo\u0107i, i tada smo tu za tebe! Prijavi se direktno za <a href=\"https:\/\/www.supermamans.ch\/sr\/pomoc-radi-pruzanja-podrske\/\">pomo\u0107 radi pru\u017eanja podr\u0161ke<\/a>.  <\/p><\/div><\/div>\t\t<\/div>\n\t\t\t\t<\/div>\n\t\t<div class=\"elementor-element elementor-element-7d4a0a6 e-grid e-con-boxed e-con\" data-id=\"7d4a0a6\" data-element_type=\"container\" data-settings=\"{&quot;grid_columns_grid&quot;:{&quot;unit&quot;:&quot;fr&quot;,&quot;size&quot;:2,&quot;sizes&quot;:[]},&quot;grid_rows_grid&quot;:{&quot;unit&quot;:&quot;fr&quot;,&quot;size&quot;:1,&quot;sizes&quot;:[]},&quot;content_width&quot;:&quot;boxed&quot;,&quot;grid_outline&quot;:&quot;yes&quot;,&quot;grid_columns_grid_tablet&quot;:{&quot;unit&quot;:&quot;fr&quot;,&quot;size&quot;:&quot;&quot;,&quot;sizes&quot;:[]},&quot;grid_columns_grid_mobile&quot;:{&quot;unit&quot;:&quot;fr&quot;,&quot;size&quot;:1,&quot;sizes&quot;:[]},&quot;grid_rows_grid_tablet&quot;:{&quot;unit&quot;:&quot;fr&quot;,&quot;size&quot;:&quot;&quot;,&quot;sizes&quot;:[]},&quot;grid_rows_grid_mobile&quot;:{&quot;unit&quot;:&quot;fr&quot;,&quot;size&quot;:&quot;&quot;,&quot;sizes&quot;:[]}}\">\n\t\t\t\t\t<div class=\"e-con-inner\">\n\t\t\t\t\t<\/div>\n\t\t\t\t<\/div>\n\t\t<div class=\"elementor-element elementor-element-782545e e-flex e-con-boxed e-con\" data-id=\"782545e\" data-element_type=\"container\" data-settings=\"{&quot;content_width&quot;:&quot;boxed&quot;}\">\n\t\t\t\t\t<div class=\"e-con-inner\">\n\t\t\t\t<div class=\"elementor-element elementor-element-d708a73 elementor-align-center elementor-mobile-align-center elementor-widget elementor-widget-button\" data-id=\"d708a73\" data-element_type=\"widget\" data-widget_type=\"button.default\">\n\t\t\t\t<div class=\"elementor-widget-container\">\n\t\t\t\t\t<div class=\"elementor-button-wrapper\">\n\t\t\t<a class=\"elementor-button elementor-button-link elementor-size-sm\" href=\"https:\/\/www.supermamans.ch\/sr\/majka-koja-prima-pomoc\/\">\n\t\t\t\t\t\t<span class=\"elementor-button-content-wrapper\">\n\t\t\t\t\t\t<span class=\"elementor-button-text\">Prijavljujem se za pomo\u0107<\/span>\n\t\t<\/span>\n\t\t\t\t\t<\/a>\n\t\t<\/div>\n\t\t\t\t<\/div>\n\t\t\t\t<\/div>\n\t\t\t\t\t<\/div>\n\t\t\t\t<\/div>\n\t\t\t\t\t<\/div>\n\t\t\t\t<\/div>\n\t\t<div class=\"elementor-element elementor-element-2ab125 e-flex e-con-boxed e-con\" data-id=\"2ab125\" data-element_type=\"container\" data-settings=\"{&quot;background_background&quot;:&quot;classic&quot;,&quot;content_width&quot;:&quot;boxed&quot;}\">\n\t\t\t\t\t<div class=\"e-con-inner\">\n\t\t<div class=\"elementor-element elementor-element-75671396 e-con-full e-flex e-con\" data-id=\"75671396\" data-element_type=\"container\" data-settings=\"{&quot;content_width&quot;:&quot;full&quot;}\">\n\t\t\t\t<div class=\"elementor-element elementor-element-bf25acc elementor-view-default elementor-widget elementor-widget-icon\" data-id=\"bf25acc\" data-element_type=\"widget\" data-widget_type=\"icon.default\">\n\t\t\t\t<div class=\"elementor-widget-container\">\n\t\t\t\t\t<div class=\"elementor-icon-wrapper\">\n\t\t\t<div class=\"elementor-icon elementor-animation-grow\">\n\t\t\t<i aria-hidden=\"true\" class=\"fas fa-laptop\"><\/i>\t\t\t<\/div>\n\t\t<\/div>\n\t\t\t\t<\/div>\n\t\t\t\t<\/div>\n\t\t\t\t<\/div>\n\t\t<div class=\"elementor-element elementor-element-762aec7e e-con-full e-flex e-con\" data-id=\"762aec7e\" data-element_type=\"container\" data-settings=\"{&quot;content_width&quot;:&quot;full&quot;}\">\n\t\t\t\t<div class=\"elementor-element elementor-element-7e69941c elementor-widget elementor-widget-heading\" data-id=\"7e69941c\" data-element_type=\"widget\" data-widget_type=\"heading.default\">\n\t\t\t\t<div class=\"elementor-widget-container\">\n\t\t\t<h2 class=\"elementor-heading-title elementor-size-default\">Organizacija pru\u017eanja pomo\u0107i<\/h2>\t\t<\/div>\n\t\t\t\t<\/div>\n\t\t\t\t<div class=\"elementor-element elementor-element-19c7d1c1 elementor-widget elementor-widget-text-editor\" data-id=\"19c7d1c1\" data-element_type=\"widget\" data-widget_type=\"text-editor.default\">\n\t\t\t\t<div class=\"elementor-widget-container\">\n\t\t\t<style>\/*! elementor - v3.14.0 - 26-06-2023 *\/\n.elementor-widget-text-editor.elementor-drop-cap-view-stacked .elementor-drop-cap{background-color:#69727d;color:#fff}.elementor-widget-text-editor.elementor-drop-cap-view-framed .elementor-drop-cap{color:#69727d;border:3px solid;background-color:transparent}.elementor-widget-text-editor:not(.elementor-drop-cap-view-default) .elementor-drop-cap{margin-top:8px}.elementor-widget-text-editor:not(.elementor-drop-cap-view-default) .elementor-drop-cap-letter{width:1em;height:1em}.elementor-widget-text-editor .elementor-drop-cap{float:left;text-align:center;line-height:1;font-size:50px}.elementor-widget-text-editor .elementor-drop-cap-letter{display:inline-block}<\/style>\t\t\t\t<p>Potrebno je otprilike 10 dana da se organizuje pru\u017eanje pomo\u0107i od dana kada nas obavesti\u0161 o ro\u0111enju tvoje bebe i potvrdi\u0161 svoju dostupnost. Ako \u017eeli\u0161 da se pru\u017eanje pomo\u0107i \u0161to pre pokrene, pru\u017ei nam ove informacije \u0161to je pre mogu\u0107e. Na ovaj na\u010din mo\u017eemo prikupiti \u0161to vi\u0161e volontera za tebe!  <\/p>\n\t\t\t\t\t\t<\/div>\n\t\t\t\t<\/div>\n\t\t\t\t<\/div>\n\t\t\t\t\t<\/div>\n\t\t\t\t<\/div>\n\t\t<div class=\"elementor-element elementor-element-97cf57e e-flex e-con-boxed e-con\" data-id=\"97cf57e\" data-element_type=\"container\" data-settings=\"{&quot;background_background&quot;:&quot;classic&quot;,&quot;content_width&quot;:&quot;boxed&quot;}\">\n\t\t\t\t\t<div class=\"e-con-inner\">\n\t\t<div class=\"elementor-element elementor-element-4c33f71 e-con-full e-flex e-con\" data-id=\"4c33f71\" data-element_type=\"container\" data-settings=\"{&quot;content_width&quot;:&quot;full&quot;}\">\n\t\t\t\t<div class=\"elementor-element elementor-element-1751fb9 elementor-view-default elementor-widget elementor-widget-icon\" data-id=\"1751fb9\" data-element_type=\"widget\" data-widget_type=\"icon.default\">\n\t\t\t\t<div class=\"elementor-widget-container\">\n\t\t\t\t\t<div class=\"elementor-icon-wrapper\">\n\t\t\t<div class=\"elementor-icon elementor-animation-grow\">\n\t\t\t<i aria-hidden=\"true\" class=\"fas fa-allergies\"><\/i>\t\t\t<\/div>\n\t\t<\/div>\n\t\t\t\t<\/div>\n\t\t\t\t<\/div>\n\t\t\t\t<\/div>\n\t\t<div class=\"elementor-element elementor-element-9c5c0d8 e-con-full e-flex e-con\" data-id=\"9c5c0d8\" data-element_type=\"container\" data-settings=\"{&quot;content_width&quot;:&quot;full&quot;}\">\n\t\t\t\t<div class=\"elementor-element elementor-element-4ae5458 elementor-widget elementor-widget-heading\" data-id=\"4ae5458\" data-element_type=\"widget\" data-widget_type=\"heading.default\">\n\t\t\t\t<div class=\"elementor-widget-container\">\n\t\t\t<h2 class=\"elementor-heading-title elementor-size-default\">Alergije i netolerancije<\/h2>\t\t<\/div>\n\t\t\t\t<\/div>\n\t\t\t\t<div class=\"elementor-element elementor-element-1ff4819 elementor-widget elementor-widget-text-editor\" data-id=\"1ff4819\" data-element_type=\"widget\" data-widget_type=\"text-editor.default\">\n\t\t\t\t<div class=\"elementor-widget-container\">\n\t\t\t\t\t\t\t<p>Prilikom prijave navedi sve alergije na hranu i\/ili izbegavanja koje treba uzeti u obzir. \u201eMajke koje daruju\u201c (MamansCadeau) su obave\u0161tene o tome i pripremaju obroke na osnovu ovih informacija. Udru\u017eenje SuperMamans im tako\u0111e \u0161alje preporuke u vezi sa prehrambenom higijenom i informacije specifi\u010dne za trudno\u0107u i dojenje.*  <\/p>\n\t\t\t\t\t\t<\/div>\n\t\t\t\t<\/div>\n\t\t\t\t<\/div>\n\t\t\t\t\t<\/div>\n\t\t\t\t<\/div>\n\t\t<div class=\"elementor-element elementor-element-a300291 e-flex e-con-boxed e-con\" data-id=\"a300291\" data-element_type=\"container\" data-settings=\"{&quot;background_background&quot;:&quot;classic&quot;,&quot;content_width&quot;:&quot;boxed&quot;}\">\n\t\t\t\t\t<div class=\"e-con-inner\">\n\t\t<div class=\"elementor-element elementor-element-af8701f e-con-full e-flex e-con\" data-id=\"af8701f\" data-element_type=\"container\" data-settings=\"{&quot;content_width&quot;:&quot;full&quot;}\">\n\t\t\t\t<div class=\"elementor-element elementor-element-bf68676 elementor-view-default elementor-widget elementor-widget-icon\" data-id=\"bf68676\" data-element_type=\"widget\" data-widget_type=\"icon.default\">\n\t\t\t\t<div class=\"elementor-widget-container\">\n\t\t\t\t\t<div class=\"elementor-icon-wrapper\">\n\t\t\t<div class=\"elementor-icon elementor-animation-grow\">\n\t\t\t<i aria-hidden=\"true\" class=\"fas fa-clipboard-list\"><\/i>\t\t\t<\/div>\n\t\t<\/div>\n\t\t\t\t<\/div>\n\t\t\t\t<\/div>\n\t\t\t\t<\/div>\n\t\t<div class=\"elementor-element elementor-element-002d7e2 e-con-full e-flex e-con\" data-id=\"002d7e2\" data-element_type=\"container\" data-settings=\"{&quot;content_width&quot;:&quot;full&quot;}\">\n\t\t\t\t<div class=\"elementor-element elementor-element-3614491 elementor-widget elementor-widget-heading\" data-id=\"3614491\" data-element_type=\"widget\" data-widget_type=\"heading.default\">\n\t\t\t\t<div class=\"elementor-widget-container\">\n\t\t\t<h2 class=\"elementor-heading-title elementor-size-default\">Raspored pru\u017eanja pomo\u0107i<\/h2>\t\t<\/div>\n\t\t\t\t<\/div>\n\t\t\t\t<div class=\"elementor-element elementor-element-79cff29 elementor-widget elementor-widget-text-editor\" data-id=\"79cff29\" data-element_type=\"widget\" data-widget_type=\"text-editor.default\">\n\t\t\t\t<div class=\"elementor-widget-container\">\n\t\t\t\t\t\t\t<p>Dobi\u0107e\u0161 svoj raspored pru\u017eanja pomo\u0107i sa kontakt podacima svake \u201emajke koje daruje\u201c (MamanCadeau) koja \u0107e do\u0107i da ti pru\u017ei pomo\u0107. One \u0107e kontaktirati sa tobom pre posete, ali i ti njih mo\u017ee\u0161 kontaktirati ako je potrebno. <\/p>\n\t\t\t\t\t\t<\/div>\n\t\t\t\t<\/div>\n\t\t\t\t<\/div>\n\t\t\t\t\t<\/div>\n\t\t\t\t<\/div>\n\t\t<div class=\"elementor-element elementor-element-f34d2cf e-flex e-con-boxed e-con\" data-id=\"f34d2cf\" data-element_type=\"container\" data-settings=\"{&quot;background_background&quot;:&quot;classic&quot;,&quot;content_width&quot;:&quot;boxed&quot;}\">\n\t\t\t\t\t<div class=\"e-con-inner\">\n\t\t<div class=\"elementor-element elementor-element-e264e6f e-con-full e-flex e-con\" data-id=\"e264e6f\" data-element_type=\"container\" data-settings=\"{&quot;content_width&quot;:&quot;full&quot;}\">\n\t\t\t\t<div class=\"elementor-element elementor-element-10f4220 elementor-view-default elementor-widget elementor-widget-icon\" data-id=\"10f4220\" data-element_type=\"widget\" data-widget_type=\"icon.default\">\n\t\t\t\t<div class=\"elementor-widget-container\">\n\t\t\t\t\t<div class=\"elementor-icon-wrapper\">\n\t\t\t<div class=\"elementor-icon elementor-animation-grow\">\n\t\t\t<i aria-hidden=\"true\" class=\"fas fa-hands-helping\"><\/i>\t\t\t<\/div>\n\t\t<\/div>\n\t\t\t\t<\/div>\n\t\t\t\t<\/div>\n\t\t\t\t<\/div>\n\t\t<div class=\"elementor-element elementor-element-ef8f0e3 e-con-full e-flex e-con\" data-id=\"ef8f0e3\" data-element_type=\"container\" data-settings=\"{&quot;content_width&quot;:&quot;full&quot;}\">\n\t\t\t\t<div class=\"elementor-element elementor-element-ac408ea elementor-widget elementor-widget-heading\" data-id=\"ac408ea\" data-element_type=\"widget\" data-widget_type=\"heading.default\">\n\t\t\t\t<div class=\"elementor-widget-container\">\n\t\t\t<h2 class=\"elementor-heading-title elementor-size-default\">Prijem \u201emajki koje daruju\u201c (MamansCadeau)<\/h2>\t\t<\/div>\n\t\t\t\t<\/div>\n\t\t\t\t<div class=\"elementor-element elementor-element-5cda8a3 elementor-widget elementor-widget-text-editor\" data-id=\"5cda8a3\" data-element_type=\"widget\" data-widget_type=\"text-editor.default\">\n\t\t\t\t<div class=\"elementor-widget-container\">\n\t\t\t\t\t\t\t<p>Molimo te da barem do\u010deka\u0161 volontere na vratima kada preuzima\u0161 obrok i da im se zahvali\u0161. \u201eMajke koje daruju\u201c (MamansCadeau) donose besplatan obrok koji same pripremaju u slobodno vreme. <\/p>\n\t\t\t\t\t\t<\/div>\n\t\t\t\t<\/div>\n\t\t\t\t<\/div>\n\t\t\t\t\t<\/div>\n\t\t\t\t<\/div>\n\t\t<div class=\"elementor-element elementor-element-fe516b6 e-flex e-con-boxed e-con\" data-id=\"fe516b6\" data-element_type=\"container\" data-settings=\"{&quot;background_background&quot;:&quot;classic&quot;,&quot;content_width&quot;:&quot;boxed&quot;}\">\n\t\t\t\t\t<div class=\"e-con-inner\">\n\t\t<div class=\"elementor-element elementor-element-5356473 e-con-full e-flex e-con\" data-id=\"5356473\" data-element_type=\"container\" data-settings=\"{&quot;content_width&quot;:&quot;full&quot;}\">\n\t\t\t\t<div class=\"elementor-element elementor-element-f4fbdab elementor-view-default elementor-widget elementor-widget-icon\" data-id=\"f4fbdab\" data-element_type=\"widget\" data-widget_type=\"icon.default\">\n\t\t\t\t<div class=\"elementor-widget-container\">\n\t\t\t\t\t<div class=\"elementor-icon-wrapper\">\n\t\t\t<div class=\"elementor-icon elementor-animation-grow\">\n\t\t\t<i aria-hidden=\"true\" class=\"fas fa-mobile-alt\"><\/i>\t\t\t<\/div>\n\t\t<\/div>\n\t\t\t\t<\/div>\n\t\t\t\t<\/div>\n\t\t\t\t<\/div>\n\t\t<div class=\"elementor-element elementor-element-9b47b27 e-con-full e-flex e-con\" data-id=\"9b47b27\" data-element_type=\"container\" data-settings=\"{&quot;content_width&quot;:&quot;full&quot;}\">\n\t\t\t\t<div class=\"elementor-element elementor-element-b800b9a elementor-widget elementor-widget-heading\" data-id=\"b800b9a\" data-element_type=\"widget\" data-widget_type=\"heading.default\">\n\t\t\t\t<div class=\"elementor-widget-container\">\n\t\t\t<h2 class=\"elementor-heading-title elementor-size-default\">Nedostupnost<\/h2>\t\t<\/div>\n\t\t\t\t<\/div>\n\t\t\t\t<div class=\"elementor-element elementor-element-b262c12 elementor-widget elementor-widget-text-editor\" data-id=\"b262c12\" data-element_type=\"widget\" data-widget_type=\"text-editor.default\">\n\t\t\t\t<div class=\"elementor-widget-container\">\n\t\t\t\t\t\t\t<p>Iz po\u0161tovanja prema \u201emajkama koje daruju\u201c (MamansCadeau) koje su anga\u017eovane da ti pru\u017ee pomo\u0107, obavesti ih \u0161to je pre mogu\u0107e u slu\u010daju promene rasporeda ili ako nisi u mogu\u0107nosti da ih primi\u0161. Od na\u0161ih volontera zahtevamo da postupe na isti na\u010din prema tebi ako su spre\u010deni. <\/p>\n\t\t\t\t\t\t<\/div>\n\t\t\t\t<\/div>\n\t\t\t\t<\/div>\n\t\t\t\t\t<\/div>\n\t\t\t\t<\/div>\n\t\t<div class=\"elementor-element elementor-element-35dcf31 e-flex e-con-boxed e-con\" data-id=\"35dcf31\" data-element_type=\"container\" data-settings=\"{&quot;background_background&quot;:&quot;classic&quot;,&quot;content_width&quot;:&quot;boxed&quot;}\">\n\t\t\t\t\t<div class=\"e-con-inner\">\n\t\t<div class=\"elementor-element elementor-element-db9e32f e-con-full e-flex e-con\" data-id=\"db9e32f\" data-element_type=\"container\" data-settings=\"{&quot;content_width&quot;:&quot;full&quot;}\">\n\t\t\t\t<div class=\"elementor-element elementor-element-fea7d42 elementor-view-default elementor-widget elementor-widget-icon\" data-id=\"fea7d42\" data-element_type=\"widget\" data-widget_type=\"icon.default\">\n\t\t\t\t<div class=\"elementor-widget-container\">\n\t\t\t\t\t<div class=\"elementor-icon-wrapper\">\n\t\t\t<div class=\"elementor-icon elementor-animation-grow\">\n\t\t\t<i aria-hidden=\"true\" class=\"fas fa-heart\"><\/i>\t\t\t<\/div>\n\t\t<\/div>\n\t\t\t\t<\/div>\n\t\t\t\t<\/div>\n\t\t\t\t<\/div>\n\t\t<div class=\"elementor-element elementor-element-125ace6 e-con-full e-flex e-con\" data-id=\"125ace6\" data-element_type=\"container\" data-settings=\"{&quot;content_width&quot;:&quot;full&quot;}\">\n\t\t\t\t<div class=\"elementor-element elementor-element-d539e07 elementor-widget elementor-widget-heading\" data-id=\"d539e07\" data-element_type=\"widget\" data-widget_type=\"heading.default\">\n\t\t\t\t<div class=\"elementor-widget-container\">\n\t\t\t<h2 class=\"elementor-heading-title elementor-size-default\">Zahvalnice<\/h2>\t\t<\/div>\n\t\t\t\t<\/div>\n\t\t\t\t<div class=\"elementor-element elementor-element-110ee1a elementor-widget elementor-widget-text-editor\" data-id=\"110ee1a\" data-element_type=\"widget\" data-widget_type=\"text-editor.default\">\n\t\t\t\t<div class=\"elementor-widget-container\">\n\t\t\t\t\t\t\t<p>Nakon u\u017eivanja u obroku, ne zaboravi da se zahvali\u0161 \u201emajci koja daruje\u201c (MamanCadeau) koja je 100% volonter (idealno porukom) i poklonila ti je svoje vreme ne o\u010dekuju\u0107i ni\u0161ta osim \u201ehvala\u201c zauzvrat!<\/p>\n\t\t\t\t\t\t<\/div>\n\t\t\t\t<\/div>\n\t\t\t\t<\/div>\n\t\t\t\t\t<\/div>\n\t\t\t\t<\/div>\n\t\t<div class=\"elementor-element elementor-element-303a5998 e-flex e-con-boxed e-con\" data-id=\"303a5998\" data-element_type=\"container\" data-settings=\"{&quot;background_background&quot;:&quot;classic&quot;,&quot;content_width&quot;:&quot;boxed&quot;}\">\n\t\t\t\t\t<div class=\"e-con-inner\">\n\t\t\t\t<div class=\"elementor-element elementor-element-3c0cf08 elementor-widget elementor-widget-text-editor\" data-id=\"3c0cf08\" data-element_type=\"widget\" data-widget_type=\"text-editor.default\">\n\t\t\t\t<div class=\"elementor-widget-container\">\n\t\t\t\t\t\t\t<p class=\"MsoNormal\" style=\"text-align: center;\"><span style=\"font-family: 'Gravostyle Basic Regular',sans-serif;\">Tvoja prijava podle\u017ee <a href=\"https:\/\/www.supermamans.ch\/charte-de-confidentialite\/\">povelji o poverljivosti<\/a>.<\/span><\/p>\n\t\t\t\t\t\t<\/div>\n\t\t\t\t<\/div>\n\t\t\t\t<div class=\"elementor-element elementor-element-b1b3952 elementor-align-center elementor-mobile-align-center elementor-widget elementor-widget-button\" data-id=\"b1b3952\" data-element_type=\"widget\" data-widget_type=\"button.default\">\n\t\t\t\t<div class=\"elementor-widget-container\">\n\t\t\t\t\t<div class=\"elementor-button-wrapper\">\n\t\t\t<a class=\"elementor-button elementor-button-link elementor-size-sm\" href=\"https:\/\/www.supermamans.ch\/sr\/majka-koja-prima-pomoc\/\">\n\t\t\t\t\t\t<span class=\"elementor-button-content-wrapper\">\n\t\t\t\t\t\t<span class=\"elementor-button-text\">Prijavljujem se za pomo\u0107<\/span>\n\t\t<\/span>\n\t\t\t\t\t<\/a>\n\t\t<\/div>\n\t\t\t\t<\/div>\n\t\t\t\t<\/div>\n\t\t\t\t<div class=\"elementor-element elementor-element-230ce93 elementor-widget elementor-widget-text-editor\" data-id=\"230ce93\" data-element_type=\"widget\" data-widget_type=\"text-editor.default\">\n\t\t\t\t<div class=\"elementor-widget-container\">\n\t\t\t\t\t\t\t<p><em>*SuperMamans ima jedini cilj da pove\u017ee ljude u cilju uzajamne pomo\u0107i i odnosa. SuperMamans odbija svaku odgovornost u slu\u010daju problema koji je povezan sa nepo\u0161tovanjem preporuke za alergije. <\/em><\/p>\n\t\t\t\t\t\t<\/div>\n\t\t\t\t<\/div>\n\t\t\t\t\t<\/div>\n\t\t\t\t<\/div>\n\t\t\t\t\t\t\t<\/div>\n\t\t","protected":false},"excerpt":{"rendered":"<p>Klasi\u010dna pomo\u0107 Klasi\u010dna pomo\u0107 je namenjena porodicama koje su upravo dobile bebu (ro\u0111enjem ili usvojenjem). Mre\u017ea volontera se organizuje za dono\u0161enje obroka pripremljenog kod ku\u0107e kako bi im pru\u017eili podr\u0161ku u postporo\u0111ajnoj logistici. Ako \u201emajka koja prima pomo\u0107\u201c (MamanABichonner) \u017eeli, \u201emajka koja daruje\u201c (MamanCadeau) tako\u0111e se mo\u017ee zadr\u017eati neko vreme<span class=\"excerpt-hellip\"> [\u2026]<\/span><\/p>\n","protected":false},"author":1,"featured_media":0,"parent":0,"menu_order":0,"comment_status":"closed","ping_status":"closed","template":"","meta":{"_acf_changed":false,"footnotes":""},"class_list":["post-34640","page","type-page","status-publish","hentry"],"acf":[],"_links":{"self":[{"href":"https:\/\/supermamans.ch\/sr\/wp-json\/wp\/v2\/pages\/34640","targetHints":{"allow":["GET"]}}],"collection":[{"href":"https:\/\/supermamans.ch\/sr\/wp-json\/wp\/v2\/pages"}],"about":[{"href":"https:\/\/supermamans.ch\/sr\/wp-json\/wp\/v2\/types\/page"}],"author":[{"embeddable":true,"href":"https:\/\/supermamans.ch\/sr\/wp-json\/wp\/v2\/users\/1"}],"replies":[{"embeddable":true,"href":"https:\/\/supermamans.ch\/sr\/wp-json\/wp\/v2\/comments?post=34640"}],"version-history":[{"count":4,"href":"https:\/\/supermamans.ch\/sr\/wp-json\/wp\/v2\/pages\/34640\/revisions"}],"predecessor-version":[{"id":34705,"href":"https:\/\/supermamans.ch\/sr\/wp-json\/wp\/v2\/pages\/34640\/revisions\/34705"}],"wp:attachment":[{"href":"https:\/\/supermamans.ch\/sr\/wp-json\/wp\/v2\/media?parent=34640"}],"curies":[{"name":"wp","href":"https:\/\/api.w.org\/{rel}","templated":true}]}}