{"id":34632,"date":"2022-11-14T14:46:40","date_gmt":"2022-11-14T13:46:40","guid":{"rendered":"https:\/\/www.supermamans.ch\/kako-nas-mozes-podrzati\/"},"modified":"2025-06-24T23:43:24","modified_gmt":"2025-06-24T21:43:24","slug":"kako-nas-mozes-podrzati","status":"publish","type":"page","link":"https:\/\/supermamans.ch\/sr\/kako-nas-mozes-podrzati\/","title":{"rendered":"Kako nas mo\u017ee\u0161 podr\u017eati"},"content":{"rendered":"\t\t<div data-elementor-type=\"wp-page\" data-elementor-id=\"34632\" class=\"elementor elementor-34632 elementor-6701\">\n\t\t\t\t\t\t\t<div class=\"elementor-element elementor-element-86b9f2d e-con-full e-flex e-con\" data-id=\"86b9f2d\" data-element_type=\"container\" data-settings=\"{&quot;content_width&quot;:&quot;full&quot;,&quot;background_background&quot;:&quot;classic&quot;,&quot;shape_divider_bottom&quot;:&quot;mountains&quot;}\" data-e-bg-lazyload=\"\">\n\t\t\t\t<div class=\"elementor-shape elementor-shape-bottom\" data-negative=\"false\">\n\t\t\t<svg xmlns=\"http:\/\/www.w3.org\/2000\/svg\" viewBox=\"0 0 1000 100\" preserveAspectRatio=\"none\">\n\t<path class=\"elementor-shape-fill\" opacity=\"0.33\" d=\"M473,67.3c-203.9,88.3-263.1-34-320.3,0C66,119.1,0,59.7,0,59.7V0h1000v59.7 c0,0-62.1,26.1-94.9,29.3c-32.8,3.3-62.8-12.3-75.8-22.1C806,49.6,745.3,8.7,694.9,4.7S492.4,59,473,67.3z\"\/>\n\t<path class=\"elementor-shape-fill\" opacity=\"0.66\" d=\"M734,67.3c-45.5,0-77.2-23.2-129.1-39.1c-28.6-8.7-150.3-10.1-254,39.1 s-91.7-34.4-149.2,0C115.7,118.3,0,39.8,0,39.8V0h1000v36.5c0,0-28.2-18.5-92.1-18.5C810.2,18.1,775.7,67.3,734,67.3z\"\/>\n\t<path class=\"elementor-shape-fill\" d=\"M766.1,28.9c-200-57.5-266,65.5-395.1,19.5C242,1.8,242,5.4,184.8,20.6C128,35.8,132.3,44.9,89.9,52.5C28.6,63.7,0,0,0,0 h1000c0,0-9.9,40.9-83.6,48.1S829.6,47,766.1,28.9z\"\/>\n<\/svg>\t\t<\/div>\n\t\t\t\t<\/div>\n\t\t<div class=\"elementor-element elementor-element-687508c e-flex e-con-boxed e-con\" data-id=\"687508c\" data-element_type=\"container\" data-settings=\"{&quot;background_background&quot;:&quot;classic&quot;,&quot;content_width&quot;:&quot;boxed&quot;}\">\n\t\t\t\t\t<div class=\"e-con-inner\">\n\t\t<div class=\"elementor-element elementor-element-6b4b860 e-flex e-con-boxed e-con\" data-id=\"6b4b860\" data-element_type=\"container\" data-settings=\"{&quot;content_width&quot;:&quot;boxed&quot;}\">\n\t\t\t\t\t<div class=\"e-con-inner\">\n\t\t\t\t<div class=\"elementor-element elementor-element-72aa32e elementor-widget elementor-widget-heading\" data-id=\"72aa32e\" data-element_type=\"widget\" data-widget_type=\"heading.default\">\n\t\t\t\t<div class=\"elementor-widget-container\">\n\t\t\t<style>\/*! elementor - v3.14.0 - 26-06-2023 *\/\n.elementor-heading-title{padding:0;margin:0;line-height:1}.elementor-widget-heading .elementor-heading-title[class*=elementor-size-]>a{color:inherit;font-size:inherit;line-height:inherit}.elementor-widget-heading .elementor-heading-title.elementor-size-small{font-size:15px}.elementor-widget-heading .elementor-heading-title.elementor-size-medium{font-size:19px}.elementor-widget-heading .elementor-heading-title.elementor-size-large{font-size:29px}.elementor-widget-heading .elementor-heading-title.elementor-size-xl{font-size:39px}.elementor-widget-heading .elementor-heading-title.elementor-size-xxl{font-size:59px}<\/style><h1 class=\"elementor-heading-title elementor-size-default\">Kako nas mo\u017ee\u0161 podr\u017eati<\/h1>\t\t<\/div>\n\t\t\t\t<\/div>\n\t\t\t\t<div class=\"elementor-element elementor-element-84711af elementor-widget elementor-widget-text-editor\" data-id=\"84711af\" data-element_type=\"widget\" data-widget_type=\"text-editor.default\">\n\t\t\t\t<div class=\"elementor-widget-container\">\n\t\t\t<style>\/*! elementor - v3.14.0 - 26-06-2023 *\/\n.elementor-widget-text-editor.elementor-drop-cap-view-stacked .elementor-drop-cap{background-color:#69727d;color:#fff}.elementor-widget-text-editor.elementor-drop-cap-view-framed .elementor-drop-cap{color:#69727d;border:3px solid;background-color:transparent}.elementor-widget-text-editor:not(.elementor-drop-cap-view-default) .elementor-drop-cap{margin-top:8px}.elementor-widget-text-editor:not(.elementor-drop-cap-view-default) .elementor-drop-cap-letter{width:1em;height:1em}.elementor-widget-text-editor .elementor-drop-cap{float:left;text-align:center;line-height:1;font-size:50px}.elementor-widget-text-editor .elementor-drop-cap-letter{display:inline-block}<\/style>\t\t\t\t<p>SuperMamans je neprofitno udru\u017eenje koje nije subvencionisano od strane dr\u017eave. Finansiranje njegovih aktivnosti zasniva se na velikodu\u0161nosti njenih \u010dlanova i prihodima od doga\u0111aja u kojima \u010dlanovi u\u010destvuju. <\/p>\n<p>Udru\u017eenje SuperMamans je priznato kao udru\u017eenje od javnog interesa, \u0161to omogu\u0107ava donatorima odbitak njihovih donacija od poreza.<\/p>\n\t\t\t\t\t\t<\/div>\n\t\t\t\t<\/div>\n\t\t\t\t\t<\/div>\n\t\t\t\t<\/div>\n\t\t\t\t\t<\/div>\n\t\t\t\t<\/div>\n\t\t<div class=\"elementor-element elementor-element-9f836c6 e-flex e-con-boxed e-con\" data-id=\"9f836c6\" data-element_type=\"container\" data-settings=\"{&quot;content_width&quot;:&quot;boxed&quot;}\">\n\t\t\t\t\t<div class=\"e-con-inner\">\n\t\t<div class=\"elementor-element elementor-element-e37593c e-con-full e-flex e-con\" data-id=\"e37593c\" data-element_type=\"container\" data-settings=\"{&quot;content_width&quot;:&quot;full&quot;}\">\n\t\t\t\t<div class=\"elementor-element elementor-element-39b30c2 elementor-widget elementor-widget-spacer\" data-id=\"39b30c2\" data-element_type=\"widget\" data-widget_type=\"spacer.default\">\n\t\t\t\t<div class=\"elementor-widget-container\">\n\t\t\t<style>\/*! elementor - v3.14.0 - 26-06-2023 *\/\n.elementor-column .elementor-spacer-inner{height:var(--spacer-size)}.e-con{--container-widget-width:100%}.e-con-inner>.elementor-widget-spacer,.e-con>.elementor-widget-spacer{width:var(--container-widget-width,var(--spacer-size));--align-self:var(--container-widget-align-self,initial);--flex-shrink:0}.e-con-inner>.elementor-widget-spacer>.elementor-widget-container,.e-con-inner>.elementor-widget-spacer>.elementor-widget-container>.elementor-spacer,.e-con>.elementor-widget-spacer>.elementor-widget-container,.e-con>.elementor-widget-spacer>.elementor-widget-container>.elementor-spacer{height:100%}.e-con-inner>.elementor-widget-spacer>.elementor-widget-container>.elementor-spacer>.elementor-spacer-inner,.e-con>.elementor-widget-spacer>.elementor-widget-container>.elementor-spacer>.elementor-spacer-inner{height:var(--container-widget-height,var(--spacer-size))}<\/style>\t\t<div class=\"elementor-spacer\">\n\t\t\t<div class=\"elementor-spacer-inner\"><\/div>\n\t\t<\/div>\n\t\t\t\t<\/div>\n\t\t\t\t<\/div>\n\t\t\t\t<div class=\"elementor-element elementor-element-9ac78af elementor-widget elementor-widget-mfn_story_box\" data-id=\"9ac78af\" data-element_type=\"widget\" data-widget_type=\"mfn_story_box.default\">\n\t\t\t\t<div class=\"elementor-widget-container\">\n\t\t\t<div class=\"story_box \"><div class=\"desc_wrapper\"><h3 class=\"themecolor\">Za\u0161to podr\u017eati udru\u017eenje SuperMamans?<\/h3><hr class=\"hr_color\"><\/div><div class=\"desc\"><\/div><\/div>\n\t\t<\/div>\n\t\t\t\t<\/div>\n\t\t\t\t<div class=\"elementor-element elementor-element-8f25209 elementor-widget elementor-widget-text-editor\" data-id=\"8f25209\" data-element_type=\"widget\" data-widget_type=\"text-editor.default\">\n\t\t\t\t<div class=\"elementor-widget-container\">\n\t\t\t\t\t\t\t<ul>\n<li>Udru\u017eenje je priznato kao udru\u017eenje od javnog interesa, tj. va\u0161e donacije se odbijaju od poreza.<\/li>\n<li>Originalnost koncepta: nudimo jedinstvenu i komplementarnu uslugu dr\u017eavnim slu\u017ebama u oblasti perinatalne nege.<\/li>\n<li>Priznanje: predstavljamo partnera priznatog od strane najve\u0107ih bolnica u frankofonom delu \u0160vajcarske i od strane zdravstvenih radnika (babice, medicinske sestre, centri socijalne medicine i centri za brigu o deci).<\/li>\n<li>Prevencija postporo\u0111ajne depresije i sindroma \u201eizgaranja\u201c kod majki: uz na\u0161u <a href=\"https:\/\/www.supermamans.ch\/bichonnage-de-soutien\/\">pomo\u0107 radi pru\u017eanja podr\u0161ke<\/a> odr\u017eavamo dru\u0161tvenu vezu oko osoba kod kojih postoje odre\u0111eni rizici kako bismo smanjili pojavu ili posledice bolesti.<\/li>\n<li>Odr\u017eivost: osnovano 2015. godine, udru\u017eenje SuperMamans nastavlja da besplatno sprovodi svoju misiju u porodicama iz frankofonog dela \u0160vajcarske uprkos ograni\u010denom bud\u017eetu. Broj porodica kojima se pru\u017ea pomo\u0107 raste iz godine u godinu, a u 2022. godini pomo\u0107 je primilo 680 porodica, on \u010dega 30 putem na\u0161ih novih usluga: <a href=\"https:\/\/www.supermamans.ch\/bichonnage-de-soutien\/\">pomo\u0107 radi pru\u017eanja podr\u0161ke<\/a> i <a href=\"https:\/\/www.supermamans.ch\/bichonnage-proches-aidants\/\">pomo\u0107 negovateljima<\/a>. <\/li>\n<\/ul>\n\t\t\t\t\t\t<\/div>\n\t\t\t\t<\/div>\n\t\t\t\t<div class=\"elementor-element elementor-element-429b4b9 elementor-widget elementor-widget-spacer\" data-id=\"429b4b9\" data-element_type=\"widget\" data-widget_type=\"spacer.default\">\n\t\t\t\t<div class=\"elementor-widget-container\">\n\t\t\t\t\t<div class=\"elementor-spacer\">\n\t\t\t<div class=\"elementor-spacer-inner\"><\/div>\n\t\t<\/div>\n\t\t\t\t<\/div>\n\t\t\t\t<\/div>\n\t\t\t\t<div class=\"elementor-element elementor-element-9a39c6d elementor-widget elementor-widget-mfn_story_box\" data-id=\"9a39c6d\" data-element_type=\"widget\" data-widget_type=\"mfn_story_box.default\">\n\t\t\t\t<div class=\"elementor-widget-container\">\n\t\t\t<div class=\"story_box \"><div class=\"desc_wrapper\"><h3 class=\"themecolor\">Postani volonter<\/h3><hr class=\"hr_color\"><\/div><div class=\"desc\"><\/div><\/div>\n\t\t<\/div>\n\t\t\t\t<\/div>\n\t\t\t\t<div class=\"elementor-element elementor-element-4d2c1fd elementor-widget elementor-widget-text-editor\" data-id=\"4d2c1fd\" data-element_type=\"widget\" data-widget_type=\"text-editor.default\">\n\t\t\t\t<div class=\"elementor-widget-container\">\n\t\t\t\t\t\t\t<p>Udru\u017eenje uvek tra\u017ei volontere koji bi ga vodili i razvijali porodicu SuperMamans.<\/p>\n<p>Da li \u017eeli\u0161 da u\u010destvuje\u0161 kao \u201emajka koja daruje\u201c (MamanCadeau) i da donosi\u0161 zdrave, obroke pripremljene kod ku\u0107e novim majkama?<\/p>\n\t\t\t\t\t\t<\/div>\n\t\t\t\t<\/div>\n\t\t\t\t<div class=\"elementor-element elementor-element-a901fa1 elementor-align-center elementor-widget elementor-widget-button\" data-id=\"a901fa1\" data-element_type=\"widget\" data-widget_type=\"button.default\">\n\t\t\t\t<div class=\"elementor-widget-container\">\n\t\t\t\t\t<div class=\"elementor-button-wrapper\">\n\t\t\t<a class=\"elementor-button elementor-button-link elementor-size-lg\" href=\"https:\/\/www.supermamans.ch\/mamancadeau\/\">\n\t\t\t\t\t\t<span class=\"elementor-button-content-wrapper\">\n\t\t\t\t\t\t<span class=\"elementor-button-text\">Saznaj kako da postane\u0161 \u201emajka koja daruje\u201c (MamanCadeau)<\/span>\n\t\t<\/span>\n\t\t\t\t\t<\/a>\n\t\t<\/div>\n\t\t\t\t<\/div>\n\t\t\t\t<\/div>\n\t\t\t\t<div class=\"elementor-element elementor-element-9a81fdd elementor-widget elementor-widget-spacer\" data-id=\"9a81fdd\" data-element_type=\"widget\" data-widget_type=\"spacer.default\">\n\t\t\t\t<div class=\"elementor-widget-container\">\n\t\t\t\t\t<div class=\"elementor-spacer\">\n\t\t\t<div class=\"elementor-spacer-inner\"><\/div>\n\t\t<\/div>\n\t\t\t\t<\/div>\n\t\t\t\t<\/div>\n\t\t\t\t<div class=\"elementor-element elementor-element-df7c745 elementor-widget elementor-widget-text-editor\" data-id=\"df7c745\" data-element_type=\"widget\" data-widget_type=\"text-editor.default\">\n\t\t\t\t<div class=\"elementor-widget-container\">\n\t\t\t\t\t\t\t<p>Ako radije \u017eeli\u0161 da bude\u0161 deo organizacionog tima, dobrodo\u0161la si da nam pomogne\u0161 kao \u201emajka za kontakt\u201c (MamanContact). <\/p>\n\t\t\t\t\t\t<\/div>\n\t\t\t\t<\/div>\n\t\t\t\t<div class=\"elementor-element elementor-element-0a35d3e elementor-align-center elementor-widget elementor-widget-button\" data-id=\"0a35d3e\" data-element_type=\"widget\" data-widget_type=\"button.default\">\n\t\t\t\t<div class=\"elementor-widget-container\">\n\t\t\t\t\t<div class=\"elementor-button-wrapper\">\n\t\t\t<a class=\"elementor-button elementor-button-link elementor-size-lg\" href=\"https:\/\/www.supermamans.ch\/mamancontact\/\">\n\t\t\t\t\t\t<span class=\"elementor-button-content-wrapper\">\n\t\t\t\t\t\t<span class=\"elementor-button-text\">Saznaj kako da postane\u0161 \u201emajka za kontakt\u201c (MamanContact)<\/span>\n\t\t<\/span>\n\t\t\t\t\t<\/a>\n\t\t<\/div>\n\t\t\t\t<\/div>\n\t\t\t\t<\/div>\n\t\t\t\t<div class=\"elementor-element elementor-element-53af112 elementor-widget elementor-widget-spacer\" data-id=\"53af112\" data-element_type=\"widget\" data-widget_type=\"spacer.default\">\n\t\t\t\t<div class=\"elementor-widget-container\">\n\t\t\t\t\t<div class=\"elementor-spacer\">\n\t\t\t<div class=\"elementor-spacer-inner\"><\/div>\n\t\t<\/div>\n\t\t\t\t<\/div>\n\t\t\t\t<\/div>\n\t\t\t\t<div class=\"elementor-element elementor-element-2d888a5 elementor-widget elementor-widget-text-editor\" data-id=\"2d888a5\" data-element_type=\"widget\" data-widget_type=\"text-editor.default\">\n\t\t\t\t<div class=\"elementor-widget-container\">\n\t\t\t\t\t\t\t<p>Kona\u010dno, mo\u017ee\u0161 pomo\u0107i udru\u017eenju SuperMamans tako \u0161to \u0107e\u0161 se pridru\u017eiti njegovom odboru.<\/p>\n\t\t\t\t\t\t<\/div>\n\t\t\t\t<\/div>\n\t\t\t\t<div class=\"elementor-element elementor-element-a9badb9 elementor-align-center elementor-widget elementor-widget-button\" data-id=\"a9badb9\" data-element_type=\"widget\" data-widget_type=\"button.default\">\n\t\t\t\t<div class=\"elementor-widget-container\">\n\t\t\t\t\t<div class=\"elementor-button-wrapper\">\n\t\t\t<a class=\"elementor-button elementor-button-link elementor-size-lg\" href=\"https:\/\/www.supermamans.ch\/comite\/\">\n\t\t\t\t\t\t<span class=\"elementor-button-content-wrapper\">\n\t\t\t\t\t\t<span class=\"elementor-button-text\">Pridru\u017ei se odboru udru\u017eenja SuperMamans<\/span>\n\t\t<\/span>\n\t\t\t\t\t<\/a>\n\t\t<\/div>\n\t\t\t\t<\/div>\n\t\t\t\t<\/div>\n\t\t\t\t<div class=\"elementor-element elementor-element-da3aaa1 elementor-widget elementor-widget-spacer\" data-id=\"da3aaa1\" data-element_type=\"widget\" data-widget_type=\"spacer.default\">\n\t\t\t\t<div class=\"elementor-widget-container\">\n\t\t\t\t\t<div class=\"elementor-spacer\">\n\t\t\t<div class=\"elementor-spacer-inner\"><\/div>\n\t\t<\/div>\n\t\t\t\t<\/div>\n\t\t\t\t<\/div>\n\t\t\t\t<div class=\"elementor-element elementor-element-76ebe9c elementor-widget elementor-widget-mfn_story_box\" data-id=\"76ebe9c\" data-element_type=\"widget\" data-widget_type=\"mfn_story_box.default\">\n\t\t\t\t<div class=\"elementor-widget-container\">\n\t\t\t<div class=\"story_box \"><div class=\"desc_wrapper\"><h3 class=\"themecolor\">Postani \u010dlan podr\u0161ke<\/h3><hr class=\"hr_color\"><\/div><div class=\"desc\"><\/div><\/div>\n\t\t<\/div>\n\t\t\t\t<\/div>\n\t\t\t\t<div class=\"elementor-element elementor-element-efd98c8 elementor-widget elementor-widget-text-editor\" data-id=\"efd98c8\" data-element_type=\"widget\" data-widget_type=\"text-editor.default\">\n\t\t\t\t<div class=\"elementor-widget-container\">\n\t\t\t\t\t\t\t<p>Ako ti se dopada na\u0161a posve\u0107enost porodicama, u\u010destvuj u funkcionisanju udru\u017eenja i podr\u017ei promociju udru\u017eenja SuperMamans. Na taj na\u010din \u0107e\u0161 nam pomo\u0107i da odr\u017eimo na\u0161u akciju. <\/p>\n<p>Postani \u010dlan podr\u0161ke, godi\u0161nji doprinos iznosi 50 CHF (doprinos od 25 CHF godi\u0161nje za studente, pripravnike i korisnike starosnog i porodi\u010dnog osiguranja (AVS) \/ invalidskog osiguranja (AI) \/ osiguranja za slu\u010daj nezaposlenosti).<\/p>\n\t\t\t\t\t\t<\/div>\n\t\t\t\t<\/div>\n\t\t\t\t<div class=\"elementor-element elementor-element-4fdc242 elementor-align-center elementor-widget elementor-widget-button\" data-id=\"4fdc242\" data-element_type=\"widget\" data-widget_type=\"button.default\">\n\t\t\t\t<div class=\"elementor-widget-container\">\n\t\t\t\t\t<div class=\"elementor-button-wrapper\">\n\t\t\t<a class=\"elementor-button elementor-button-link elementor-size-lg\" href=\"https:\/\/docs.google.com\/forms\/d\/e\/1FAIpQLSeefd1_4zOg3Ehy91eqO01R30sfHtFWcYV-eujTlluLk79RgQ\/viewform\" target=\"_blank\" rel=\"noopener\">\n\t\t\t\t\t\t<span class=\"elementor-button-content-wrapper\">\n\t\t\t\t\t\t<span class=\"elementor-button-text\">Postani \u010dlan podr\u0161ke<\/span>\n\t\t<\/span>\n\t\t\t\t\t<\/a>\n\t\t<\/div>\n\t\t\t\t<\/div>\n\t\t\t\t<\/div>\n\t\t\t\t<div class=\"elementor-element elementor-element-0a28af2 elementor-widget elementor-widget-spacer\" data-id=\"0a28af2\" data-element_type=\"widget\" data-widget_type=\"spacer.default\">\n\t\t\t\t<div class=\"elementor-widget-container\">\n\t\t\t\t\t<div class=\"elementor-spacer\">\n\t\t\t<div class=\"elementor-spacer-inner\"><\/div>\n\t\t<\/div>\n\t\t\t\t<\/div>\n\t\t\t\t<\/div>\n\t\t\t\t<div class=\"elementor-element elementor-element-0f9a8dd elementor-widget elementor-widget-mfn_story_box\" data-id=\"0f9a8dd\" data-element_type=\"widget\" data-widget_type=\"mfn_story_box.default\">\n\t\t\t\t<div class=\"elementor-widget-container\">\n\t\t\t<div class=\"story_box \"><div class=\"desc_wrapper\"><h3 class=\"themecolor\">Doniraj<\/h3><hr class=\"hr_color\"><\/div><div class=\"desc\"><\/div><\/div>\n\t\t<\/div>\n\t\t\t\t<\/div>\n\t\t\t\t<div class=\"elementor-element elementor-element-e983e1d elementor-widget elementor-widget-text-editor\" data-id=\"e983e1d\" data-element_type=\"widget\" data-widget_type=\"text-editor.default\">\n\t\t\t\t<div class=\"elementor-widget-container\">\n\t\t\t\t\t\t\t<p>Udru\u017eenje je priznato kao udru\u017eenje od javnog interesa, tj. va\u0161e donacije se odbijaju od poreza.<\/p>\n<p>Mo\u017eete da donirate na na\u0161 ra\u010dun:<br>IBAN : CH71 0900 0000 1485 3816 9<br>Association SuperMamans<br>1008 Prilly<\/p>\n<p>Upotrebom obrasca u nastavku mo\u017eete da donirate putem kreditne kartice, aplikacije TWINT ili usluge PostFinance da biste nas podr\u017eali:<\/p>\t\t\t\t\t\t<\/div>\n\t\t\t\t<\/div>\n\t\t\t\t<div class=\"elementor-element elementor-element-0f90ccf elementor-widget elementor-widget-text-editor\" data-id=\"0f90ccf\" data-element_type=\"widget\" data-widget_type=\"text-editor.default\">\n\t\t\t\t<div class=\"elementor-widget-container\">\n\t\t\t\t\t\t\tKoristite Swiss Donation platformu, besplatno:\t\t\t\t\t\t<\/div>\n\t\t\t\t<\/div>\n\t\t\t\t<div class=\"elementor-element elementor-element-1cb3d66 elementor-align-center elementor-widget elementor-widget-button\" data-id=\"1cb3d66\" data-element_type=\"widget\" data-widget_type=\"button.default\">\n\t\t\t\t<div class=\"elementor-widget-container\">\n\t\t\t\t\t<div class=\"elementor-button-wrapper\">\n\t\t\t<a class=\"elementor-button elementor-button-link elementor-size-lg\" href=\"https:\/\/swissdonations.ch\/fr\/charities\/supermamans-fr\" target=\"_blank\" rel=\"noopener\">\n\t\t\t\t\t\t<span class=\"elementor-button-content-wrapper\">\n\t\t\t\t\t\t<span class=\"elementor-button-text\">Swiss donation<\/span>\n\t\t<\/span>\n\t\t\t\t\t<\/a>\n\t\t<\/div>\n\t\t\t\t<\/div>\n\t\t\t\t<\/div>\n\t\t\t\t<div class=\"elementor-element elementor-element-260f50c elementor-widget elementor-widget-spacer\" data-id=\"260f50c\" data-element_type=\"widget\" data-widget_type=\"spacer.default\">\n\t\t\t\t<div class=\"elementor-widget-container\">\n\t\t\t\t\t<div class=\"elementor-spacer\">\n\t\t\t<div class=\"elementor-spacer-inner\"><\/div>\n\t\t<\/div>\n\t\t\t\t<\/div>\n\t\t\t\t<\/div>\n\t\t\t\t<div class=\"elementor-element elementor-element-bc79781 elementor-widget elementor-widget-text-editor\" data-id=\"bc79781\" data-element_type=\"widget\" data-widget_type=\"text-editor.default\">\n\t\t\t\t<div class=\"elementor-widget-container\">\n\t\t\t\t\t\t\t<p>Ili koristite dugme ispod da biste donirali putem TWINT-a kako biste nas podr\u017eali:<\/p>\t\t\t\t\t\t<\/div>\n\t\t\t\t<\/div>\n\t\t\t\t<div class=\"elementor-element elementor-element-928a30e elementor-widget elementor-widget-html\" data-id=\"928a30e\" data-element_type=\"widget\" data-widget_type=\"html.default\">\n\t\t\t\t<div class=\"elementor-widget-container\">\n\t\t\t<div id=\"rnw-paylink-button-jvdxr\"><\/div>\n\n<script type=\"module\">\n\n  import {TwintButton} from \"https:\/\/unpkg.com\/@raisenow\/paylink-button@2\/dist\/TwintButton.js\"\n\n  TwintButton.render(\"#rnw-paylink-button-jvdxr\", {\n\n    \"solution-id\": \"jvdxr\",\n\n    \"solution-type\": \"donate\",\n\n    \"language\": \"fr\",\n\n    \"size\": \"large\",\n\n    \"width\": \"fixed\",\n\n    \"color-scheme\": \"dark\",\n\n  })\n\n\n<\/script>\t\t<\/div>\n\t\t\t\t<\/div>\n\t\t\t\t<\/div>\n\t\t\t\t\t<\/div>\n\t\t\t\t<\/div>\n\t\t\t\t\t\t\t<\/div>\n\t\t","protected":false},"excerpt":{"rendered":"<p>Kako nas mo\u017ee\u0161 podr\u017eati SuperMamans je neprofitno udru\u017eenje koje nije subvencionisano od strane dr\u017eave. Finansiranje njegovih aktivnosti zasniva se na velikodu\u0161nosti njenih \u010dlanova i prihodima od doga\u0111aja u kojima \u010dlanovi u\u010destvuju. Udru\u017eenje SuperMamans je priznato kao udru\u017eenje od javnog interesa, \u0161to omogu\u0107ava donatorima odbitak njihovih donacija od poreza. Za\u0161to podr\u017eati<span class=\"excerpt-hellip\"> [\u2026]<\/span><\/p>\n","protected":false},"author":1,"featured_media":0,"parent":0,"menu_order":0,"comment_status":"closed","ping_status":"closed","template":"","meta":{"_acf_changed":false,"footnotes":""},"class_list":["post-34632","page","type-page","status-publish","hentry"],"acf":[],"_links":{"self":[{"href":"https:\/\/supermamans.ch\/sr\/wp-json\/wp\/v2\/pages\/34632","targetHints":{"allow":["GET"]}}],"collection":[{"href":"https:\/\/supermamans.ch\/sr\/wp-json\/wp\/v2\/pages"}],"about":[{"href":"https:\/\/supermamans.ch\/sr\/wp-json\/wp\/v2\/types\/page"}],"author":[{"embeddable":true,"href":"https:\/\/supermamans.ch\/sr\/wp-json\/wp\/v2\/users\/1"}],"replies":[{"embeddable":true,"href":"https:\/\/supermamans.ch\/sr\/wp-json\/wp\/v2\/comments?post=34632"}],"version-history":[{"count":10,"href":"https:\/\/supermamans.ch\/sr\/wp-json\/wp\/v2\/pages\/34632\/revisions"}],"predecessor-version":[{"id":38462,"href":"https:\/\/supermamans.ch\/sr\/wp-json\/wp\/v2\/pages\/34632\/revisions\/38462"}],"wp:attachment":[{"href":"https:\/\/supermamans.ch\/sr\/wp-json\/wp\/v2\/media?parent=34632"}],"curies":[{"name":"wp","href":"https:\/\/api.w.org\/{rel}","templated":true}]}}