{"id":34331,"date":"2021-11-12T10:37:17","date_gmt":"2021-11-12T09:37:17","guid":{"rendered":"https:\/\/www.supermamans.ch\/mamancontact\/"},"modified":"2024-01-05T22:13:19","modified_gmt":"2024-01-05T21:13:19","slug":"mamancontact","status":"publish","type":"page","link":"https:\/\/supermamans.ch\/sq\/mamancontact\/","title":{"rendered":"MamanContact"},"content":{"rendered":"\t\t<div data-elementor-type=\"wp-page\" data-elementor-id=\"34331\" class=\"elementor elementor-34331 elementor-6291\">\n\t\t\t\t\t\t\t<div class=\"elementor-element elementor-element-5888992 e-con-full e-flex e-con\" data-id=\"5888992\" data-element_type=\"container\" data-settings=\"{&quot;content_width&quot;:&quot;full&quot;,&quot;background_background&quot;:&quot;classic&quot;,&quot;shape_divider_bottom&quot;:&quot;mountains&quot;}\" data-e-bg-lazyload=\"\">\n\t\t\t\t<div class=\"elementor-shape elementor-shape-bottom\" data-negative=\"false\">\n\t\t\t<svg xmlns=\"http:\/\/www.w3.org\/2000\/svg\" viewBox=\"0 0 1000 100\" preserveAspectRatio=\"none\">\n\t<path class=\"elementor-shape-fill\" opacity=\"0.33\" d=\"M473,67.3c-203.9,88.3-263.1-34-320.3,0C66,119.1,0,59.7,0,59.7V0h1000v59.7 c0,0-62.1,26.1-94.9,29.3c-32.8,3.3-62.8-12.3-75.8-22.1C806,49.6,745.3,8.7,694.9,4.7S492.4,59,473,67.3z\"\/>\n\t<path class=\"elementor-shape-fill\" opacity=\"0.66\" d=\"M734,67.3c-45.5,0-77.2-23.2-129.1-39.1c-28.6-8.7-150.3-10.1-254,39.1 s-91.7-34.4-149.2,0C115.7,118.3,0,39.8,0,39.8V0h1000v36.5c0,0-28.2-18.5-92.1-18.5C810.2,18.1,775.7,67.3,734,67.3z\"\/>\n\t<path class=\"elementor-shape-fill\" d=\"M766.1,28.9c-200-57.5-266,65.5-395.1,19.5C242,1.8,242,5.4,184.8,20.6C128,35.8,132.3,44.9,89.9,52.5C28.6,63.7,0,0,0,0 h1000c0,0-9.9,40.9-83.6,48.1S829.6,47,766.1,28.9z\"\/>\n<\/svg>\t\t<\/div>\n\t\t\t\t<\/div>\n\t\t<div class=\"elementor-element elementor-element-53ac6ea e-flex e-con-boxed e-con\" data-id=\"53ac6ea\" data-element_type=\"container\" data-settings=\"{&quot;background_background&quot;:&quot;classic&quot;,&quot;content_width&quot;:&quot;boxed&quot;}\">\n\t\t\t\t\t<div class=\"e-con-inner\">\n\t\t<div class=\"elementor-element elementor-element-c61cff9 e-flex e-con-boxed e-con\" data-id=\"c61cff9\" data-element_type=\"container\" data-settings=\"{&quot;content_width&quot;:&quot;boxed&quot;}\">\n\t\t\t\t\t<div class=\"e-con-inner\">\n\t\t\t\t<div class=\"elementor-element elementor-element-8e04923 elementor-widget elementor-widget-heading\" data-id=\"8e04923\" data-element_type=\"widget\" data-widget_type=\"heading.default\">\n\t\t\t\t<div class=\"elementor-widget-container\">\n\t\t\t<style>\/*! elementor - v3.14.0 - 26-06-2023 *\/\n.elementor-heading-title{padding:0;margin:0;line-height:1}.elementor-widget-heading .elementor-heading-title[class*=elementor-size-]>a{color:inherit;font-size:inherit;line-height:inherit}.elementor-widget-heading .elementor-heading-title.elementor-size-small{font-size:15px}.elementor-widget-heading .elementor-heading-title.elementor-size-medium{font-size:19px}.elementor-widget-heading .elementor-heading-title.elementor-size-large{font-size:29px}.elementor-widget-heading .elementor-heading-title.elementor-size-xl{font-size:39px}.elementor-widget-heading .elementor-heading-title.elementor-size-xxl{font-size:59px}<\/style><h1 class=\"elementor-heading-title elementor-size-default\">MamanContact<\/h1>\t\t<\/div>\n\t\t\t\t<\/div>\n\t\t\t\t<div class=\"elementor-element elementor-element-6d7d6a4 elementor-widget elementor-widget-text-editor\" data-id=\"6d7d6a4\" data-element_type=\"widget\" data-widget_type=\"text-editor.default\">\n\t\t\t\t<div class=\"elementor-widget-container\">\n\t\t\t<style>\/*! elementor - v3.14.0 - 26-06-2023 *\/\n.elementor-widget-text-editor.elementor-drop-cap-view-stacked .elementor-drop-cap{background-color:#69727d;color:#fff}.elementor-widget-text-editor.elementor-drop-cap-view-framed .elementor-drop-cap{color:#69727d;border:3px solid;background-color:transparent}.elementor-widget-text-editor:not(.elementor-drop-cap-view-default) .elementor-drop-cap{margin-top:8px}.elementor-widget-text-editor:not(.elementor-drop-cap-view-default) .elementor-drop-cap-letter{width:1em;height:1em}.elementor-widget-text-editor .elementor-drop-cap{float:left;text-align:center;line-height:1;font-size:50px}.elementor-widget-text-editor .elementor-drop-cap-letter{display:inline-block}<\/style>\t\t\t\t<p><span style=\"font-weight: 400;\">Ti ke d\u00ebshir t\u00eb p\u00ebrfshihesh n\u00eb nj\u00eb shoq\u00ebri dinamike? Je e motivuar t\u00eb punosh n\u00eb grup dhe je aktive n\u00eb rrjetet sociale? <\/span><\/p>\n<\/p>\n<p><span style=\"font-weight: 400;\">Roli yt si MomContact:<\/span><\/p>\n<ul>\n<li><span style=\"font-weight: 400;\">t\u00eb organizosh dhe t\u00eb kordinosh p\u00ebrkujdesjet nga A n\u00eb Z mes &#8220;MamansABichonner&#8221; dhe &#8220;MamansCadeau&#8221;,<\/span><\/li>\n<li>t\u00eb promovosh p\u00ebrkujdesjet tuaj n\u00eb rrjetet sociale,<\/li>\n<li>t\u00eb marr\u00ebsh pjes\u00eb n\u00eb mbledhjet vjetore (Asambleja e P\u00ebrgjithshme, dita vjetore, 1-2 manifestime) dhe t\u00eb reklamosh p\u00ebr SuperMamans.<\/li>\n<\/ul>\n<p><span style=\"font-weight: 400;\">Ne t\u00eb ofrojm\u00eb:<\/span><\/p>\n<ul>\n<li style=\"font-weight: 400;\" aria-level=\"1\"><span style=\"font-weight: 400;\">nj\u00eb atmosfer\u00eb familjare n\u00eb nj\u00eb ekip trondit\u00ebs !<\/span><\/li>\n<li style=\"font-weight: 400;\" aria-level=\"1\"><span style=\"font-weight: 400;\">qasje n\u00eb kurse t\u00eb ndryshme trajnimi,<\/span><\/li>\n<li style=\"font-weight: 400;\" aria-level=\"1\"><span style=\"font-weight: 400;\">nj\u00eb vler\u00ebsim n\u00eb aktivitetin t\u00ebnd n\u00ebp\u00ebrmjet nj\u00eb \u00e7ertifikate vullnetare,<\/span><\/li>\n<li style=\"font-weight: 400;\" aria-level=\"1\"><span style=\"font-weight: 400;\">rimbursimi t\u00eb kostove tuaja reale.<\/span><\/li>\n<\/ul>\n<p><span style=\"font-weight: 400;\">MamansContact tona jan\u00eb t\u00eb domosdoshme p\u00ebr funksionimin e mire t\u00eb shoqat\u00ebs. <\/span><\/p>\n\t\t\t\t\t\t<\/div>\n\t\t\t\t<\/div>\n\t\t\t\t<div class=\"elementor-element elementor-element-f9a1f83 elementor-align-center elementor-mobile-align-center elementor-widget elementor-widget-button\" data-id=\"f9a1f83\" data-element_type=\"widget\" data-widget_type=\"button.default\">\n\t\t\t\t<div class=\"elementor-widget-container\">\n\t\t\t\t\t<div class=\"elementor-button-wrapper\">\n\t\t\t<a class=\"elementor-button elementor-button-link elementor-size-sm\" href=\"https:\/\/forms.gle\/MKHdhjSif7Hkt1S3A\" target=\"_blank\" rel=\"noopener\">\n\t\t\t\t\t\t<span class=\"elementor-button-content-wrapper\">\n\t\t\t\t\t\t<span class=\"elementor-button-text\">Regjistrohem si MamanContact<\/span>\n\t\t<\/span>\n\t\t\t\t\t<\/a>\n\t\t<\/div>\n\t\t\t\t<\/div>\n\t\t\t\t<\/div>\n\t\t\t\t<div class=\"elementor-element elementor-element-c96de93 elementor-widget elementor-widget-text-editor\" data-id=\"c96de93\" data-element_type=\"widget\" data-widget_type=\"text-editor.default\">\n\t\t\t\t<div class=\"elementor-widget-container\">\n\t\t\t\t\t\t\t<p><i>Specifikimet e plota jan\u00eb n\u00eb dispozicion n\u00eb formularin e rekrutimit.<\/i><\/p>\n\t\t\t\t\t\t<\/div>\n\t\t\t\t<\/div>\n\t\t\t\t\t<\/div>\n\t\t\t\t<\/div>\n\t\t\t\t\t<\/div>\n\t\t\t\t<\/div>\n\t\t\t\t\t\t\t<\/div>\n\t\t","protected":false},"excerpt":{"rendered":"<p>MamanContact Ti ke d\u00ebshir t\u00eb p\u00ebrfshihesh n\u00eb nj\u00eb shoq\u00ebri dinamike? Je e motivuar t\u00eb punosh n\u00eb grup dhe je aktive n\u00eb rrjetet sociale? Roli yt si MomContact: t\u00eb organizosh dhe t\u00eb kordinosh p\u00ebrkujdesjet nga A n\u00eb Z mes &#8220;MamansABichonner&#8221; dhe &#8220;MamansCadeau&#8221;, t\u00eb promovosh p\u00ebrkujdesjet tuaj n\u00eb rrjetet sociale, t\u00eb marr\u00ebsh<span class=\"excerpt-hellip\"> [\u2026]<\/span><\/p>\n","protected":false},"author":1,"featured_media":0,"parent":0,"menu_order":0,"comment_status":"closed","ping_status":"closed","template":"","meta":{"_acf_changed":false,"footnotes":""},"class_list":["post-34331","page","type-page","status-publish","hentry"],"acf":[],"_links":{"self":[{"href":"https:\/\/supermamans.ch\/sq\/wp-json\/wp\/v2\/pages\/34331","targetHints":{"allow":["GET"]}}],"collection":[{"href":"https:\/\/supermamans.ch\/sq\/wp-json\/wp\/v2\/pages"}],"about":[{"href":"https:\/\/supermamans.ch\/sq\/wp-json\/wp\/v2\/types\/page"}],"author":[{"embeddable":true,"href":"https:\/\/supermamans.ch\/sq\/wp-json\/wp\/v2\/users\/1"}],"replies":[{"embeddable":true,"href":"https:\/\/supermamans.ch\/sq\/wp-json\/wp\/v2\/comments?post=34331"}],"version-history":[{"count":1,"href":"https:\/\/supermamans.ch\/sq\/wp-json\/wp\/v2\/pages\/34331\/revisions"}],"predecessor-version":[{"id":34332,"href":"https:\/\/supermamans.ch\/sq\/wp-json\/wp\/v2\/pages\/34331\/revisions\/34332"}],"wp:attachment":[{"href":"https:\/\/supermamans.ch\/sq\/wp-json\/wp\/v2\/media?parent=34331"}],"curies":[{"name":"wp","href":"https:\/\/api.w.org\/{rel}","templated":true}]}}