{"id":34325,"date":"2017-05-02T14:50:37","date_gmt":"2017-05-02T12:50:37","guid":{"rendered":"https:\/\/www.supermamans.ch\/faq\/"},"modified":"2025-01-15T12:22:50","modified_gmt":"2025-01-15T11:22:50","slug":"faq","status":"publish","type":"page","link":"https:\/\/supermamans.ch\/sq\/faq\/","title":{"rendered":"FAQ"},"content":{"rendered":"\t\t<div data-elementor-type=\"wp-page\" data-elementor-id=\"34325\" class=\"elementor elementor-34325 elementor-1514\">\n\t\t\t\t\t\t\t<div class=\"elementor-element elementor-element-45dffae e-con-full e-flex e-con\" data-id=\"45dffae\" data-element_type=\"container\" data-settings=\"{&quot;content_width&quot;:&quot;full&quot;,&quot;background_background&quot;:&quot;classic&quot;,&quot;shape_divider_bottom&quot;:&quot;mountains&quot;}\" data-e-bg-lazyload=\"\">\n\t\t\t\t<div class=\"elementor-shape elementor-shape-bottom\" data-negative=\"false\">\n\t\t\t<svg xmlns=\"http:\/\/www.w3.org\/2000\/svg\" viewBox=\"0 0 1000 100\" preserveAspectRatio=\"none\">\n\t<path class=\"elementor-shape-fill\" opacity=\"0.33\" d=\"M473,67.3c-203.9,88.3-263.1-34-320.3,0C66,119.1,0,59.7,0,59.7V0h1000v59.7 c0,0-62.1,26.1-94.9,29.3c-32.8,3.3-62.8-12.3-75.8-22.1C806,49.6,745.3,8.7,694.9,4.7S492.4,59,473,67.3z\"\/>\n\t<path class=\"elementor-shape-fill\" opacity=\"0.66\" d=\"M734,67.3c-45.5,0-77.2-23.2-129.1-39.1c-28.6-8.7-150.3-10.1-254,39.1 s-91.7-34.4-149.2,0C115.7,118.3,0,39.8,0,39.8V0h1000v36.5c0,0-28.2-18.5-92.1-18.5C810.2,18.1,775.7,67.3,734,67.3z\"\/>\n\t<path class=\"elementor-shape-fill\" d=\"M766.1,28.9c-200-57.5-266,65.5-395.1,19.5C242,1.8,242,5.4,184.8,20.6C128,35.8,132.3,44.9,89.9,52.5C28.6,63.7,0,0,0,0 h1000c0,0-9.9,40.9-83.6,48.1S829.6,47,766.1,28.9z\"\/>\n<\/svg>\t\t<\/div>\n\t\t\t\t<\/div>\n\t\t<div class=\"elementor-element elementor-element-31aaeac e-flex e-con-boxed e-con\" data-id=\"31aaeac\" data-element_type=\"container\" data-settings=\"{&quot;background_background&quot;:&quot;classic&quot;,&quot;content_width&quot;:&quot;boxed&quot;}\">\n\t\t\t\t\t<div class=\"e-con-inner\">\n\t\t<div class=\"elementor-element elementor-element-814ed14 e-flex e-con-boxed e-con\" data-id=\"814ed14\" data-element_type=\"container\" data-settings=\"{&quot;content_width&quot;:&quot;boxed&quot;}\">\n\t\t\t\t\t<div class=\"e-con-inner\">\n\t\t\t\t<div class=\"elementor-element elementor-element-ea611eb elementor-widget elementor-widget-heading\" data-id=\"ea611eb\" data-element_type=\"widget\" data-widget_type=\"heading.default\">\n\t\t\t\t<div class=\"elementor-widget-container\">\n\t\t\t<style>\/*! elementor - v3.14.0 - 26-06-2023 *\/\n.elementor-heading-title{padding:0;margin:0;line-height:1}.elementor-widget-heading .elementor-heading-title[class*=elementor-size-]>a{color:inherit;font-size:inherit;line-height:inherit}.elementor-widget-heading .elementor-heading-title.elementor-size-small{font-size:15px}.elementor-widget-heading .elementor-heading-title.elementor-size-medium{font-size:19px}.elementor-widget-heading .elementor-heading-title.elementor-size-large{font-size:29px}.elementor-widget-heading .elementor-heading-title.elementor-size-xl{font-size:39px}.elementor-widget-heading .elementor-heading-title.elementor-size-xxl{font-size:59px}<\/style><h1 class=\"elementor-heading-title elementor-size-default\">Pyetjet m\u00eb t\u00eb shpeshta (FAQ)<\/h1>\t\t<\/div>\n\t\t\t\t<\/div>\n\t\t\t\t<div class=\"elementor-element elementor-element-7a98ba5 elementor-widget elementor-widget-text-editor\" data-id=\"7a98ba5\" data-element_type=\"widget\" data-widget_type=\"text-editor.default\">\n\t\t\t\t<div class=\"elementor-widget-container\">\n\t\t\t<style>\/*! elementor - v3.14.0 - 26-06-2023 *\/\n.elementor-widget-text-editor.elementor-drop-cap-view-stacked .elementor-drop-cap{background-color:#69727d;color:#fff}.elementor-widget-text-editor.elementor-drop-cap-view-framed .elementor-drop-cap{color:#69727d;border:3px solid;background-color:transparent}.elementor-widget-text-editor:not(.elementor-drop-cap-view-default) .elementor-drop-cap{margin-top:8px}.elementor-widget-text-editor:not(.elementor-drop-cap-view-default) .elementor-drop-cap-letter{width:1em;height:1em}.elementor-widget-text-editor .elementor-drop-cap{float:left;text-align:center;line-height:1;font-size:50px}.elementor-widget-text-editor .elementor-drop-cap-letter{display:inline-block}<\/style>\t\t\t\t<p>Ti ke nevoj\u00eb p\u00ebr m\u00eb shum\u00eb informacion\u00eb apo ke pyetje? Ti ndoshta mund t\u00eb gjesh nj\u00eb p\u00ebrgjigje k\u00ebtu ose MamanContact yt do t\u00eb p\u00ebrgjigjet me k\u00ebnaq\u00ebsi.  <\/p>\n\t\t\t\t\t\t<\/div>\n\t\t\t\t<\/div>\n\t\t\t\t<div class=\"elementor-element elementor-element-ee57828 elementor-widget elementor-widget-mfn_accordion\" data-id=\"ee57828\" data-element_type=\"widget\" data-widget_type=\"mfn_accordion.default\">\n\t\t\t\t<div class=\"elementor-widget-container\">\n\t\t\t<div class=\"accordion\"><h4 class=\"title\">Pyetje t\u00eb p\u00ebrgjithshme<\/h4><div class=\"mfn-acc accordion_wrapper \"><div class=\"question\" tabindex=\"0\" role=\"link\"><div class=\"title\"><i class=\"icon-plus acc-icon-plus\" aria-hidden=\"true\"><\/i><i class=\"icon-minus acc-icon-minus\" aria-hidden=\"true\"><\/i>Sa ushqime dhe n\u00eb \u00e7far\u00eb sasie ofrohen ato ?<\/div><div class=\"answer\"><p>Ne p\u00ebrpiqemi t\u2019i b\u00ebjm\u00eb mesatarisht 3 deri n\u00eb 5 vizita p\u00ebr \u00e7do p\u00ebrkujdesje. Megjithat\u00eb, kjo varet vet\u00ebm nga disponueshm\u00ebria e vullnetar\u00ebve. Ne nuk mundemi t\u00eb garantojm\u00eb nj\u00eb minimum.  <\/p>\n<p>Ushqimet e ofruara jan\u00eb t\u00eb destinuara p\u00ebr t\u00eb gjith\u00eb an\u00ebtar\u00ebt e familjes t\u00eb cekur n\u00eb regjistrim dhe duhet t\u00eb konsumohen n\u00eb koh\u00ebn m\u00eb t\u00eb p\u00ebrshtatshme p\u00ebr MamanABichonner.<\/p>\n<\/div><\/div>\n<div class=\"question\" tabindex=\"0\" role=\"link\"><div class=\"title\"><i class=\"icon-plus acc-icon-plus\" aria-hidden=\"true\"><\/i><i class=\"icon-minus acc-icon-minus\" aria-hidden=\"true\"><\/i>Pse duhet t\u00eb jap t\u00eb dh\u00ebnat e mia t\u00eb kontaktit ?<\/div><div class=\"answer\"><p>T\u00eb dh\u00ebnat tuaja t\u00eb kontaktit p\u00ebrdoren vet\u00ebm p\u00ebr q\u00ebllimin e organizimit efikas t\u00eb p\u00ebrkujdesjes t\u00ebnde. Ato p\u00ebrdoren p\u00ebr t\u00eb gjetur vullnetar\u00eb m\u00eb af\u00ebr sht\u00ebpis\u00eb t\u00ebnde. Ato transmetohen n\u00eb kuad\u00ebr t\u00eb <a href=\"https:\/\/www.supermamans.ch\/charte-de-confidentialite\/\">kart\u00ebs s\u00eb konfidencialitetit<\/a>, gjithmon\u00eb duke respektuar sasit\u00eb minimale t\u00eb nevojshme.  <\/p>\n<p>P\u00ebr MamansCadeau, t\u00eb dh\u00ebnat tuaja t\u00eb kontaktit p\u00ebrdoren p\u00ebr t\u00eb kontaktuar dhe p\u00ebr t\u00eb d\u00ebrguar fal\u00ebnderime dhe dhurata. Ne d\u00ebrgojm\u00eb emrin, mbiemrin, numrin tuaj t\u00eb telefonit dhe adres\u00ebn e e-mail-it t\u00eb MamanABichonner vet\u00ebm n\u00ebse je e regjistruar p\u00ebr p\u00ebrkujdesjen e saj. <\/p>\n<p>Asnj\u00eb e dh\u00ebn\u00eb personale nuk shitet apo ndahet me pal\u00ebt e treta t\u00eb jashtme pa p\u00eblqimin tuaj.<\/p>\n<\/div><\/div>\n<div class=\"question\" tabindex=\"0\" role=\"link\"><div class=\"title\"><i class=\"icon-plus acc-icon-plus\" aria-hidden=\"true\"><\/i><i class=\"icon-minus acc-icon-minus\" aria-hidden=\"true\"><\/i>Sa zgjat nj\u00eb p\u00ebrkujdesje ?<\/div><div class=\"answer\"><p>Gjith\u00e7ka varet nga numri i MamansCadeau n\u00eb dispozicion p\u00ebr p\u00ebrkujdesjen e nj\u00eb n\u00ebne. Nj\u00eb p\u00ebrkujdesje mund t\u00eb num\u00ebroj\u00eb nga 1 deri n\u00eb 8 vizita. Mund t\u00eb ndahet gjat\u00eb dit\u00ebve t\u00eb jav\u00ebs pas kthimit t\u00eb n\u00ebn\u00ebs n\u00eb sht\u00ebpi si dhe gjat\u00eb disa jav\u00ebsh duke filluar me nj\u00eb vizit\u00eb 2 deri n\u00eb 3 dit\u00eb n\u00eb jav\u00eb. Organizata p\u00ebrqendrohet n\u00eb maksimum prej 4 deri n\u00eb 5 jav\u00eb.   <\/p>\n<\/div><\/div>\n<\/div><\/div>\n\t\t<\/div>\n\t\t\t\t<\/div>\n\t\t\t\t<div class=\"elementor-element elementor-element-a039ad1 elementor-widget elementor-widget-spacer\" data-id=\"a039ad1\" data-element_type=\"widget\" data-widget_type=\"spacer.default\">\n\t\t\t\t<div class=\"elementor-widget-container\">\n\t\t\t<style>\/*! elementor - v3.14.0 - 26-06-2023 *\/\n.elementor-column .elementor-spacer-inner{height:var(--spacer-size)}.e-con{--container-widget-width:100%}.e-con-inner>.elementor-widget-spacer,.e-con>.elementor-widget-spacer{width:var(--container-widget-width,var(--spacer-size));--align-self:var(--container-widget-align-self,initial);--flex-shrink:0}.e-con-inner>.elementor-widget-spacer>.elementor-widget-container,.e-con-inner>.elementor-widget-spacer>.elementor-widget-container>.elementor-spacer,.e-con>.elementor-widget-spacer>.elementor-widget-container,.e-con>.elementor-widget-spacer>.elementor-widget-container>.elementor-spacer{height:100%}.e-con-inner>.elementor-widget-spacer>.elementor-widget-container>.elementor-spacer>.elementor-spacer-inner,.e-con>.elementor-widget-spacer>.elementor-widget-container>.elementor-spacer>.elementor-spacer-inner{height:var(--container-widget-height,var(--spacer-size))}<\/style>\t\t<div class=\"elementor-spacer\">\n\t\t\t<div class=\"elementor-spacer-inner\"><\/div>\n\t\t<\/div>\n\t\t\t\t<\/div>\n\t\t\t\t<\/div>\n\t\t\t\t<div class=\"elementor-element elementor-element-4897473 elementor-widget elementor-widget-mfn_accordion\" data-id=\"4897473\" data-element_type=\"widget\" data-widget_type=\"mfn_accordion.default\">\n\t\t\t\t<div class=\"elementor-widget-container\">\n\t\t\t<div class=\"accordion\"><h4 class=\"title\">P\u00ebrfituesi\/MamanABichonner<\/h4><div class=\"mfn-acc accordion_wrapper \"><div class=\"question\" tabindex=\"0\" role=\"link\"><div class=\"title\"><i class=\"icon-plus acc-icon-plus\" aria-hidden=\"true\"><\/i><i class=\"icon-minus acc-icon-minus\" aria-hidden=\"true\"><\/i>A jan\u00eb t\u00eb detyruara fotografia dhe teksti i paraqitjes ?<\/div><div class=\"answer\"><p>Jo, k\u00ebto jan\u00eb dy m\u00ebnyra shtes\u00eb p\u00ebr procedur\u00ebn ton\u00eb p\u00ebr t\u00eb rritur vler\u00ebsimin tuaj pran\u00eb MamansCadeau.<\/p>\n<\/div><\/div>\n<div class=\"question\" tabindex=\"0\" role=\"link\"><div class=\"title\"><i class=\"icon-plus acc-icon-plus\" aria-hidden=\"true\"><\/i><i class=\"icon-minus acc-icon-minus\" aria-hidden=\"true\"><\/i>A do t\u00eb publikohen t\u00eb dh\u00ebnat e mia t\u00eb kontaktit n\u00eb internet apo n\u00eb rrjete sociale ?<\/div><div class=\"answer\"><p>N\u00eb parim, emri yt, qyteti yt dhe informacionet minimale t\u00eb nevojsh\u00ebm p\u00ebr t\u00eb organizuar p\u00ebrkujdesjen t\u00ebnde publikohen n\u00eb hart\u00ebn e p\u00ebrkujdesjes, e cila \u00ebsht\u00eb n\u00eb dispozicion n\u00eb rrjetet tona sociale dhe ne rezervojm\u00eb t\u00eb drejt\u00ebn t\u2019i p\u00ebrdorim k\u00ebto informacione p\u00ebr t\u00eb gjetur vullnetar\u00eb p\u00ebr ty n\u00eb rrjetet sociale.<\/p>\n<p>N\u00ebse nuk d\u00ebshiron q\u00eb informacionet tuaja t\u00eb publikohet, precizoni k\u00ebt\u00eb kur t\u00eb ktheni e-mail-in tuaj t\u00eb regjistrimit.<\/p>\n<\/div><\/div>\n<div class=\"question\" tabindex=\"0\" role=\"link\"><div class=\"title\"><i class=\"icon-plus acc-icon-plus\" aria-hidden=\"true\"><\/i><i class=\"icon-minus acc-icon-minus\" aria-hidden=\"true\"><\/i>A duhet t\u2019i paguaj ushqimet q\u00eb m\u2019i kan\u00eb sjell\u00eb ?<\/div><div class=\"answer\"><p>Jo, parimi baz\u00eb i SuperMamans \u00ebsht\u00eb i ngulitur n\u00eb ndihm\u00ebn e nd\u00ebrsjellt\u00eb dhe falas. Shujta t\u00eb dhurohet nga MamanCadeau q\u00eb t\u2019a dhuron. Tani, mos ngurro t'i ofrosh asaj di\u00e7ka n\u00eb k\u00ebmbim n\u00ebse t\u00eb p\u00eblqen ose t'i b\u00ebsh nj\u00eb donacion shoqat\u00ebs p\u00ebr t\u00eb mb\u00ebshtetur konceptin.  <\/p>\n<\/div><\/div>\n<div class=\"question\" tabindex=\"0\" role=\"link\"><div class=\"title\"><i class=\"icon-plus acc-icon-plus\" aria-hidden=\"true\"><\/i><i class=\"icon-minus acc-icon-minus\" aria-hidden=\"true\"><\/i>A duhet t\u00eb b\u00ebhem nj\u00eb MamanCadeau pasi t\u00eb kem qen\u00eb e p\u00ebrkujdesur ?<\/div><div class=\"answer\"><p>Jo, nuk ka asnj\u00eb detyrim. Ideja \u00ebsht\u00eb q\u00eb nj\u00eb MamanCadeau t\u00eb p\u00ebrkujdeset p\u00ebr nj\u00eb mama tjet\u00ebr me k\u00ebnaq\u00ebsi dhe jo me detyrim. Th\u00ebn\u00eb k\u00ebshtu, aventura \u00ebsht\u00eb po aq shp\u00ebrblyese si nj\u00eb MamanCadeau, ne t\u00eb inkurajojm\u00eb ta provosh t\u00eb pakt\u00ebn nj\u00eb her\u00eb kur t\u00eb ndihesh gati !!  <\/p>\n<\/div><\/div>\n<div class=\"question\" tabindex=\"0\" role=\"link\"><div class=\"title\"><i class=\"icon-plus acc-icon-plus\" aria-hidden=\"true\"><\/i><i class=\"icon-minus acc-icon-minus\" aria-hidden=\"true\"><\/i>Ne kemi mir\u00ebpritur nj\u00eb f\u00ebmij\u00eb p\u00ebrmes bir\u00ebsimit, a kam t\u00eb drejt\u00eb n\u00eb p\u00ebrkujdesje ?<\/div><div class=\"answer\"><p>Natyrisht! \u00c7do familje q\u00eb mir\u00ebpret nj\u00eb f\u00ebmij\u00eb t\u00eb ri n\u00eb familjen e saj ka t\u00eb drejt t\u00eb jet\u00eb e p\u00ebrkujdesur. Ne mezi presim t\u00eb organizojm\u00eb p\u00ebrkujdesjen tuaj p\u00ebr t\u00eb leht\u00ebsuar p\u00ebrshtatjen tuaj me k\u00ebt\u00eb aventur\u00eb t\u00eb re jet\u00ebsore.  <\/p>\n<\/div><\/div>\n<\/div><\/div>\n\t\t<\/div>\n\t\t\t\t<\/div>\n\t\t\t\t<div class=\"elementor-element elementor-element-793e7fa elementor-widget elementor-widget-spacer\" data-id=\"793e7fa\" data-element_type=\"widget\" data-widget_type=\"spacer.default\">\n\t\t\t\t<div class=\"elementor-widget-container\">\n\t\t\t\t\t<div class=\"elementor-spacer\">\n\t\t\t<div class=\"elementor-spacer-inner\"><\/div>\n\t\t<\/div>\n\t\t\t\t<\/div>\n\t\t\t\t<\/div>\n\t\t\t\t<div class=\"elementor-element elementor-element-9cf6f2c elementor-widget elementor-widget-mfn_accordion\" data-id=\"9cf6f2c\" data-element_type=\"widget\" data-widget_type=\"mfn_accordion.default\">\n\t\t\t\t<div class=\"elementor-widget-container\">\n\t\t\t<div class=\"accordion\"><h4 class=\"title\">Vullnetar\u00ebt\/MamanCadeau<\/h4><div class=\"mfn-acc accordion_wrapper \"><div class=\"question\" tabindex=\"0\" role=\"link\"><div class=\"title\"><i class=\"icon-plus acc-icon-plus\" aria-hidden=\"true\"><\/i><i class=\"icon-minus acc-icon-minus\" aria-hidden=\"true\"><\/i>A mund t\u00eb vij e shoq\u00ebruar gjat\u00eb p\u00ebrkujdesjes ?<\/div><div class=\"answer\"><p>Po, titulli q\u00eb merrni \u00ebsht\u00eb \" MamanCadeau \", pra kjo n\u00ebnkupton q\u00eb mund t\u00eb jesh vullnetare me f\u00ebmij\u00eb. Megjithat\u00eb, k\u00ebrkojm\u00eb nga vullnetar\u00ebt tan\u00eb q\u00eb t\u00eb informojn\u00eb MamanABichonner dhe gjithashtu t\u00eb v\u00ebzhgojn\u00eb q\u00eb f\u00ebmij\u00ebt q\u00eb t\u00eb shoq\u00ebrojn\u00eb t\u00eb respektojn\u00eb gjendjen fizike dhe psikologjike t\u00eb n\u00ebn\u00ebs se re ose familjes. <\/p>\n<p>Mos ngurro t\u00eb propozosh nj\u00eb sh\u00ebtitje jasht\u00eb n\u00ebse moti e lejon k\u00ebt\u00eb ose t\u00eb ndani nj\u00eb meze t\u00eb leht\u00eb p\u00ebr t\u00eb kanalizuar energjit\u00eb f\u00ebminore.<\/p>\n<\/div><\/div>\n<div class=\"question\" tabindex=\"0\" role=\"link\"><div class=\"title\"><i class=\"icon-plus acc-icon-plus\" aria-hidden=\"true\"><\/i><i class=\"icon-minus acc-icon-minus\" aria-hidden=\"true\"><\/i>Nuk m\u00eb p\u00eblqen t\u00eb gatuaj, por dua t\u00eb marr pjes\u00eb n\u00eb nj\u00eb p\u00ebrkujdesje, \u00e7far\u00eb mund t\u00eb b\u00ebj ?<\/div><div class=\"answer\"><p>N\u00eb p\u00ebrshkrimin e familjes, ti do t\u00eb gjesh sh\u00ebrbime tjera q\u00eb mund ta ndihmojn\u00eb familjen. Mos hezito t\u00eb specifikosh n\u00eb komentet e sondazhit se d\u00ebshiron t\u2019i p\u00ebrgjigjesh k\u00ebsaj nevoje dhe jo sigurimit t\u00eb ushqimit. <\/p>\n<\/div><\/div>\n<div class=\"question\" tabindex=\"0\" role=\"link\"><div class=\"title\"><i class=\"icon-plus acc-icon-plus\" aria-hidden=\"true\"><\/i><i class=\"icon-minus acc-icon-minus\" aria-hidden=\"true\"><\/i>Kur duhet ta dor\u00ebzoj ushqimin tim?<\/div><div class=\"answer\"><p>Ne t\u00eb l\u00ebm\u00eb ty t\u00eb kontaktosh MamanABichonner 48 or\u00eb para vizit\u00ebs t\u00ebnde p\u00ebr t\u00eb caktuar orarin e takimit me t\u00eb.<\/p>\n<\/div><\/div>\n<div class=\"question\" tabindex=\"0\" role=\"link\"><div class=\"title\"><i class=\"icon-plus acc-icon-plus\" aria-hidden=\"true\"><\/i><i class=\"icon-minus acc-icon-minus\" aria-hidden=\"true\"><\/i>Pasi t\u00eb jeni p\u00ebrkujdesur p\u00ebr nj\u00eb n\u00ebn\u00eb p\u00ebr nj\u00eb p\u00ebrkujdesje ose mb\u00ebshtetje t\u00eb kujdestarit, ndjej nevoj\u00ebn t\u00eb flas p\u00ebr k\u00ebt\u00eb, \u00e7far\u00eb duhet t\u00eb b\u00ebj ?<\/div><div class=\"answer\"><p>Mos q\u00ebndro e vetmuar me ndjenj\u00ebn t\u00ebnde, ne ofrojm\u00eb mund\u00ebsin\u00eb e diskutimit n\u00eb \u00e7do koh\u00eb me nj\u00eb profesionist nga shoqata, MamanContact t\u00eb v\u00eb n\u00eb kontakt.<\/p>\n<\/div><\/div>\n<div class=\"question\" tabindex=\"0\" role=\"link\"><div class=\"title\"><i class=\"icon-plus acc-icon-plus\" aria-hidden=\"true\"><\/i><i class=\"icon-minus acc-icon-minus\" aria-hidden=\"true\"><\/i>Un\u00eb jam nj\u00eb burr\u00eb dhe do t\u00eb doja t\u00eb merrja pjes\u00eb, a m\u00eb lejohet ta b\u00ebj k\u00ebt\u00eb ?<\/div><div class=\"answer\"><p>Absolutisht! Burrat jan\u00eb t\u00eb mir\u00ebseardhur n\u00eb shoqat\u00ebn ton\u00eb. Gjat\u00eb regjistrimit, p\u00ebrfituesit tan\u00eb mund t\u00eb tregojn\u00eb n\u00ebse jan\u00eb t\u00eb hapur p\u00ebr t\u00eb pranuar vizita nga burrat. Mos hezitoni t\u00eb regjistroheni n\u00ebse \u00ebsht\u00eb k\u00ebshtu !   <\/p>\n<\/div><\/div>\n<div class=\"question\" tabindex=\"0\" role=\"link\"><div class=\"title\"><i class=\"icon-plus acc-icon-plus\" aria-hidden=\"true\"><\/i><i class=\"icon-minus acc-icon-minus\" aria-hidden=\"true\"><\/i>J'aimerais avoir des id\u00e9es de recettes et des conseils sur l'hygi\u00e8ne et le transport des repas.<\/div><div class=\"answer\"><p>Le respect de la cha\u00eene du froid et les bons principes alimentaires sont importants pour les SuperMamans.<\/p>\n<p>Pour des id\u00e9es de recettes (y compris pour les r\u00e9gimes sp\u00e9ciaux) et toutes les recommandations alimentaires, nous te conseillons le <a href=\"https:\/\/www.sge-ssn.ch\/fr\/\" target=\"_blank\" rel=\"noopener\">site internet recommand\u00e9 par la conf\u00e9d\u00e9ration<\/a>.<\/p>\n<\/div><\/div>\n<div class=\"question\" tabindex=\"0\" role=\"link\"><div class=\"title\"><i class=\"icon-plus acc-icon-plus\" aria-hidden=\"true\"><\/i><i class=\"icon-minus acc-icon-minus\" aria-hidden=\"true\"><\/i>J\u2019ai d\u00e9m\u00e9nag\u00e9, comment mettre mes coordonn\u00e9es \u00e0 jour ?<\/div><div class=\"answer\"><p>Si tes coordonn\u00e9es ont chang\u00e9 (nom, adresse, num\u00e9ro de t\u00e9l\u00e9phone, email) ou que tu souhaites modifier tes r\u00e9gions de bichonnages. Remplis simplement le <a href=\"https:\/\/docs.google.com\/forms\/d\/e\/1FAIpQLSeaB0y2ZobP-AKxXwuAnfVtkIg5yydv1T9M65nssViULQRpKg\/viewform\" target=\"_blank\" rel=\"noopener\">formulaire de mise \u00e0 jour<\/a>.<\/p>\n<\/div><\/div>\n<div class=\"question\" tabindex=\"0\" role=\"link\"><div class=\"title\"><i class=\"icon-plus acc-icon-plus\" aria-hidden=\"true\"><\/i><i class=\"icon-minus acc-icon-minus\" aria-hidden=\"true\"><\/i>J\u2019ai besoin de faire une pause de bichonnages, comment faire ?<\/div><div class=\"answer\"><p>Tu aimerais r\u00e9duire nos sollicitations parce que tu vas bient\u00f4t accoucher, tu reprends une formation ou pour n'importe quelle autre raison. Remplis le <a href=\"https:\/\/docs.google.com\/forms\/d\/e\/1FAIpQLScr0r3Tcu9Myzj9upLozZrm03veFXo2_j4tYSr6R8vWYPpZ-A\/viewform\" target=\"_blank\" rel=\"noopener\">formulaire de demande de pause<\/a>.<\/p>\n<\/div><\/div>\n<div class=\"question\" tabindex=\"0\" role=\"link\"><div class=\"title\"><i class=\"icon-plus acc-icon-plus\" aria-hidden=\"true\"><\/i><i class=\"icon-minus acc-icon-minus\" aria-hidden=\"true\"><\/i>J\u2019ai ador\u00e9 mon exp\u00e9rience, mais je dois quitter les SuperMamans, comment faire ?<\/div><div class=\"answer\"><p>Tout d'abord, sache que nous te sommes infiniment reconnaissantes pour toutes les familles que tu as visit\u00e9es et \u00e0 qui tu as offert ton temps. Nous regrettons de te voir partir mais nous esp\u00e9rons que c'est pour mieux nous retrouver. En attendant, remplis le <a href=\"https:\/\/docs.google.com\/forms\/d\/e\/1FAIpQLSfue8A-gOMbGtAO3tEODHwrlkQ1siO1q3AUR1Modmxfa6yBWA\/viewform\" target=\"_blank\" rel=\"noopener\">formulaire de d\u00e9sinscription<\/a> et prends en compte un d\u00e9lai d'environ 10 jours pour la mise \u00e0 jour de nos fichiers.<\/p>\n<\/div><\/div>\n<\/div><\/div>\n\t\t<\/div>\n\t\t\t\t<\/div>\n\t\t\t\t\t<\/div>\n\t\t\t\t<\/div>\n\t\t\t\t\t<\/div>\n\t\t\t\t<\/div>\n\t\t<div class=\"elementor-element elementor-element-46ea0f1 e-flex e-con-boxed e-con\" data-id=\"46ea0f1\" data-element_type=\"container\" data-settings=\"{&quot;content_width&quot;:&quot;boxed&quot;}\">\n\t\t\t\t\t<div class=\"e-con-inner\">\n\t\t\t\t<div class=\"elementor-element elementor-element-2ba5544 elementor-widget elementor-widget-spacer\" data-id=\"2ba5544\" data-element_type=\"widget\" data-widget_type=\"spacer.default\">\n\t\t\t\t<div class=\"elementor-widget-container\">\n\t\t\t\t\t<div class=\"elementor-spacer\">\n\t\t\t<div class=\"elementor-spacer-inner\"><\/div>\n\t\t<\/div>\n\t\t\t\t<\/div>\n\t\t\t\t<\/div>\n\t\t\t\t\t<\/div>\n\t\t\t\t<\/div>\n\t\t\t\t\t\t\t<\/div>\n\t\t","protected":false},"excerpt":{"rendered":"<p>Pyetjet m\u00eb t\u00eb shpeshta (FAQ) Ti ke nevoj\u00eb p\u00ebr m\u00eb shum\u00eb informacion\u00eb apo ke pyetje? Ti ndoshta mund t\u00eb gjesh nj\u00eb p\u00ebrgjigje k\u00ebtu ose MamanContact yt do t\u00eb p\u00ebrgjigjet me k\u00ebnaq\u00ebsi. Pyetje t\u00eb p\u00ebrgjithshme Sa ushqime dhe n\u00eb \u00e7far\u00eb sasie ofrohen ato ? Ne p\u00ebrpiqemi t\u2019i b\u00ebjm\u00eb mesatarisht 3 deri<span class=\"excerpt-hellip\"> [\u2026]<\/span><\/p>\n","protected":false},"author":1,"featured_media":0,"parent":0,"menu_order":0,"comment_status":"closed","ping_status":"closed","template":"","meta":{"_acf_changed":false,"footnotes":""},"class_list":["post-34325","page","type-page","status-publish","hentry"],"acf":[],"_links":{"self":[{"href":"https:\/\/supermamans.ch\/sq\/wp-json\/wp\/v2\/pages\/34325","targetHints":{"allow":["GET"]}}],"collection":[{"href":"https:\/\/supermamans.ch\/sq\/wp-json\/wp\/v2\/pages"}],"about":[{"href":"https:\/\/supermamans.ch\/sq\/wp-json\/wp\/v2\/types\/page"}],"author":[{"embeddable":true,"href":"https:\/\/supermamans.ch\/sq\/wp-json\/wp\/v2\/users\/1"}],"replies":[{"embeddable":true,"href":"https:\/\/supermamans.ch\/sq\/wp-json\/wp\/v2\/comments?post=34325"}],"version-history":[{"count":14,"href":"https:\/\/supermamans.ch\/sq\/wp-json\/wp\/v2\/pages\/34325\/revisions"}],"predecessor-version":[{"id":36837,"href":"https:\/\/supermamans.ch\/sq\/wp-json\/wp\/v2\/pages\/34325\/revisions\/36837"}],"wp:attachment":[{"href":"https:\/\/supermamans.ch\/sq\/wp-json\/wp\/v2\/media?parent=34325"}],"curies":[{"name":"wp","href":"https:\/\/api.w.org\/{rel}","templated":true}]}}