{"id":34323,"date":"2016-11-04T14:57:14","date_gmt":"2016-11-04T13:57:14","guid":{"rendered":"https:\/\/www.supermamans.ch\/te-behesh-vullnetare\/"},"modified":"2025-01-14T23:12:57","modified_gmt":"2025-01-14T22:12:57","slug":"te-behesh-vullnetare","status":"publish","type":"page","link":"https:\/\/supermamans.ch\/sq\/te-behesh-vullnetare\/","title":{"rendered":"T\u00eb b\u00ebhesh vullnetar\u00eb"},"content":{"rendered":"\t\t<div data-elementor-type=\"wp-page\" data-elementor-id=\"34323\" class=\"elementor elementor-34323 elementor-22\">\n\t\t\t\t\t\t\t<div class=\"elementor-element elementor-element-fe0e530 e-con-full e-flex e-con\" data-id=\"fe0e530\" data-element_type=\"container\" data-settings=\"{&quot;content_width&quot;:&quot;full&quot;,&quot;background_background&quot;:&quot;classic&quot;,&quot;shape_divider_bottom&quot;:&quot;mountains&quot;}\" data-e-bg-lazyload=\"\">\n\t\t\t\t<div class=\"elementor-shape elementor-shape-bottom\" data-negative=\"false\">\n\t\t\t<svg xmlns=\"http:\/\/www.w3.org\/2000\/svg\" viewBox=\"0 0 1000 100\" preserveAspectRatio=\"none\">\n\t<path class=\"elementor-shape-fill\" opacity=\"0.33\" d=\"M473,67.3c-203.9,88.3-263.1-34-320.3,0C66,119.1,0,59.7,0,59.7V0h1000v59.7 c0,0-62.1,26.1-94.9,29.3c-32.8,3.3-62.8-12.3-75.8-22.1C806,49.6,745.3,8.7,694.9,4.7S492.4,59,473,67.3z\"\/>\n\t<path class=\"elementor-shape-fill\" opacity=\"0.66\" d=\"M734,67.3c-45.5,0-77.2-23.2-129.1-39.1c-28.6-8.7-150.3-10.1-254,39.1 s-91.7-34.4-149.2,0C115.7,118.3,0,39.8,0,39.8V0h1000v36.5c0,0-28.2-18.5-92.1-18.5C810.2,18.1,775.7,67.3,734,67.3z\"\/>\n\t<path class=\"elementor-shape-fill\" d=\"M766.1,28.9c-200-57.5-266,65.5-395.1,19.5C242,1.8,242,5.4,184.8,20.6C128,35.8,132.3,44.9,89.9,52.5C28.6,63.7,0,0,0,0 h1000c0,0-9.9,40.9-83.6,48.1S829.6,47,766.1,28.9z\"\/>\n<\/svg>\t\t<\/div>\n\t\t\t\t<\/div>\n\t\t<div class=\"elementor-element elementor-element-1074ab8 e-flex e-con-boxed e-con\" data-id=\"1074ab8\" data-element_type=\"container\" data-settings=\"{&quot;background_background&quot;:&quot;classic&quot;,&quot;content_width&quot;:&quot;boxed&quot;}\">\n\t\t\t\t\t<div class=\"e-con-inner\">\n\t\t<div class=\"elementor-element elementor-element-9917254 e-flex e-con-boxed e-con\" data-id=\"9917254\" data-element_type=\"container\" data-settings=\"{&quot;content_width&quot;:&quot;boxed&quot;}\">\n\t\t\t\t\t<div class=\"e-con-inner\">\n\t\t\t\t<div class=\"elementor-element elementor-element-7f5b39e elementor-widget elementor-widget-heading\" data-id=\"7f5b39e\" data-element_type=\"widget\" data-widget_type=\"heading.default\">\n\t\t\t\t<div class=\"elementor-widget-container\">\n\t\t\t<style>\/*! elementor - v3.14.0 - 26-06-2023 *\/\n.elementor-heading-title{padding:0;margin:0;line-height:1}.elementor-widget-heading .elementor-heading-title[class*=elementor-size-]>a{color:inherit;font-size:inherit;line-height:inherit}.elementor-widget-heading .elementor-heading-title.elementor-size-small{font-size:15px}.elementor-widget-heading .elementor-heading-title.elementor-size-medium{font-size:19px}.elementor-widget-heading .elementor-heading-title.elementor-size-large{font-size:29px}.elementor-widget-heading .elementor-heading-title.elementor-size-xl{font-size:39px}.elementor-widget-heading .elementor-heading-title.elementor-size-xxl{font-size:59px}<\/style><h1 class=\"elementor-heading-title elementor-size-default\">T\u00eb b\u00ebhesh vullnetar<\/h1>\t\t<\/div>\n\t\t\t\t<\/div>\n\t\t\t\t<div class=\"elementor-element elementor-element-398fe7f elementor-widget elementor-widget-text-editor\" data-id=\"398fe7f\" data-element_type=\"widget\" data-widget_type=\"text-editor.default\">\n\t\t\t\t<div class=\"elementor-widget-container\">\n\t\t\t<style>\/*! elementor - v3.14.0 - 26-06-2023 *\/\n.elementor-widget-text-editor.elementor-drop-cap-view-stacked .elementor-drop-cap{background-color:#69727d;color:#fff}.elementor-widget-text-editor.elementor-drop-cap-view-framed .elementor-drop-cap{color:#69727d;border:3px solid;background-color:transparent}.elementor-widget-text-editor:not(.elementor-drop-cap-view-default) .elementor-drop-cap{margin-top:8px}.elementor-widget-text-editor:not(.elementor-drop-cap-view-default) .elementor-drop-cap-letter{width:1em;height:1em}.elementor-widget-text-editor .elementor-drop-cap{float:left;text-align:center;line-height:1;font-size:50px}.elementor-widget-text-editor .elementor-drop-cap-letter{display:inline-block}<\/style>\t\t\t\t<blockquote>\n<p style=\"text-align: center;\">&#8220;Akti vullnetar \u00ebsht\u00eb nj\u00eb angazhim i miratuar me vullnet t\u00eb lir\u00eb&#8221;<\/p>\n<\/blockquote>\nShoqata SuperMamans \u00ebsht\u00eb gjithmon\u00eb n\u00eb k\u00ebrkim t\u00eb talenteve t\u00eb reja p\u00ebr ta b\u00ebr\u00eb t\u00eb njohur dhe zhvilluar at\u00eb. Vullnetar\u00ebt jan\u00eb n\u00eb qend\u00ebr t\u00eb asaj q\u00eb ne ofrojm\u00eb, si n\u00eb terren ashtu edhe n\u00eb organizimin e p\u00ebrgjithsh\u00ebm. \t\t\t\t\t\t<\/div>\n\t\t\t\t<\/div>\n\t\t\t\t\t<\/div>\n\t\t\t\t<\/div>\n\t\t\t\t\t<\/div>\n\t\t\t\t<\/div>\n\t\t<div class=\"elementor-element elementor-element-be79a3d e-flex e-con-boxed e-con\" data-id=\"be79a3d\" data-element_type=\"container\" data-settings=\"{&quot;content_width&quot;:&quot;boxed&quot;}\">\n\t\t\t\t\t<div class=\"e-con-inner\">\n\t\t\t\t<div class=\"elementor-element elementor-element-777d285 elementor-widget elementor-widget-mfn_story_box\" data-id=\"777d285\" data-element_type=\"widget\" data-widget_type=\"mfn_story_box.default\">\n\t\t\t\t<div class=\"elementor-widget-container\">\n\t\t\t<div class=\"story_box \"><div class=\"desc_wrapper\"><h3 class=\"themecolor\">B\u00ebhuni MamanCadeau<\/h3><hr class=\"hr_color\"><\/div><div class=\"desc\"><\/div><\/div>\n\t\t<\/div>\n\t\t\t\t<\/div>\n\t\t\t\t<div class=\"elementor-element elementor-element-50dedda elementor-widget elementor-widget-text-editor\" data-id=\"50dedda\" data-element_type=\"widget\" data-widget_type=\"text-editor.default\">\n\t\t\t\t<div class=\"elementor-widget-container\">\n\t\t\t\t\t\t\t<p>T\u00eb jesh vullnetare si MamanCadeau do t\u00eb thot\u00eb t\u00eb jesh n\u00eb qend\u00ebr t\u00eb aktivitetit SuperMamans.<\/p>\n<p>Receta \u00ebsht\u00eb e thjesht\u00eb : Mjafton t\u00eb sillni nj\u00eb ushqim t\u00eb thjesht\u00eb t\u00eb p\u00ebrgatitur n\u00eb sht\u00ebpi dhe t\u00eb dhuroni pak koh\u00eb p\u00ebr t\u00eb biseduar duke pir\u00eb nj\u00eb filxhan me \u00e7aj me nj\u00eb familje t\u00eb re.<\/p>\n<p>Disa familje caktojn\u00eb sh\u00ebrbime tjera t\u00eb dobishme (sh\u00ebtitje n\u00eb park, ndihm\u00eb e p\u00ebrgjithshme, sh\u00ebtitje qeni), ndjehu e lir\u00eb t\u00eb ofrosh di\u00e7ka tjet\u00ebr p\u00ebrve\u00e7 ushqimit.<\/p>\n\t\t\t\t\t\t<\/div>\n\t\t\t\t<\/div>\n\t\t\t\t<div class=\"elementor-element elementor-element-b751f2e elementor-align-center elementor-widget elementor-widget-button\" data-id=\"b751f2e\" data-element_type=\"widget\" data-widget_type=\"button.default\">\n\t\t\t\t<div class=\"elementor-widget-container\">\n\t\t\t\t\t<div class=\"elementor-button-wrapper\">\n\t\t\t<a class=\"elementor-button elementor-button-link elementor-size-lg\" href=\"https:\/\/www.supermamans.ch\/sq\/mamancadeau\/\">\n\t\t\t\t\t\t<span class=\"elementor-button-content-wrapper\">\n\t\t\t\t\t\t<span class=\"elementor-button-text\">Zbuloni se si t\u00eb b\u00ebheni nj\u00eb MamanCadeau<\/span>\n\t\t<\/span>\n\t\t\t\t\t<\/a>\n\t\t<\/div>\n\t\t\t\t<\/div>\n\t\t\t\t<\/div>\n\t\t\t\t<div class=\"elementor-element elementor-element-ae42209 elementor-widget elementor-widget-spacer\" data-id=\"ae42209\" data-element_type=\"widget\" data-widget_type=\"spacer.default\">\n\t\t\t\t<div class=\"elementor-widget-container\">\n\t\t\t<style>\/*! elementor - v3.14.0 - 26-06-2023 *\/\n.elementor-column .elementor-spacer-inner{height:var(--spacer-size)}.e-con{--container-widget-width:100%}.e-con-inner>.elementor-widget-spacer,.e-con>.elementor-widget-spacer{width:var(--container-widget-width,var(--spacer-size));--align-self:var(--container-widget-align-self,initial);--flex-shrink:0}.e-con-inner>.elementor-widget-spacer>.elementor-widget-container,.e-con-inner>.elementor-widget-spacer>.elementor-widget-container>.elementor-spacer,.e-con>.elementor-widget-spacer>.elementor-widget-container,.e-con>.elementor-widget-spacer>.elementor-widget-container>.elementor-spacer{height:100%}.e-con-inner>.elementor-widget-spacer>.elementor-widget-container>.elementor-spacer>.elementor-spacer-inner,.e-con>.elementor-widget-spacer>.elementor-widget-container>.elementor-spacer>.elementor-spacer-inner{height:var(--container-widget-height,var(--spacer-size))}<\/style>\t\t<div class=\"elementor-spacer\">\n\t\t\t<div class=\"elementor-spacer-inner\"><\/div>\n\t\t<\/div>\n\t\t\t\t<\/div>\n\t\t\t\t<\/div>\n\t\t\t\t<div class=\"elementor-element elementor-element-49accc7 elementor-widget elementor-widget-mfn_story_box\" data-id=\"49accc7\" data-element_type=\"widget\" data-widget_type=\"mfn_story_box.default\">\n\t\t\t\t<div class=\"elementor-widget-container\">\n\t\t\t<div class=\"story_box \"><div class=\"desc_wrapper\"><h3 class=\"themecolor\">T\u00eb b\u00ebheni MamanContact<\/h3><hr class=\"hr_color\"><\/div><div class=\"desc\"><\/div><\/div>\n\t\t<\/div>\n\t\t\t\t<\/div>\n\t\t\t\t<div class=\"elementor-element elementor-element-4ab49fc elementor-widget elementor-widget-text-editor\" data-id=\"4ab49fc\" data-element_type=\"widget\" data-widget_type=\"text-editor.default\">\n\t\t\t\t<div class=\"elementor-widget-container\">\n\t\t\t\t\t\t\t<p>P\u00ebr t&#8217;i realizuar qindra takime vjetore, nevojitet nj\u00eb ekip organizativ i q\u00ebndruesh\u00ebm dhe i disponuesh\u00ebm.<\/p>\n<p>Duke u b\u00ebr\u00eb MamanContact, ti je p\u00ebrgjegj\u00ebse kryesor p\u00ebr MamanABichonner. Ti kujdesesh p\u00ebr k\u00ebrkesat, ti k\u00ebrkon MamansCadeau dhe mbik\u00ebqyr mbar\u00ebvajtjen e p\u00ebrkujdesjes. <\/p>\n<p>Ti je thelb\u00ebsore p\u00ebr funksionimin e duhur t\u00eb konceptit.<\/p>\n\t\t\t\t\t\t<\/div>\n\t\t\t\t<\/div>\n\t\t\t\t<div class=\"elementor-element elementor-element-177c711 elementor-align-center elementor-widget elementor-widget-button\" data-id=\"177c711\" data-element_type=\"widget\" data-widget_type=\"button.default\">\n\t\t\t\t<div class=\"elementor-widget-container\">\n\t\t\t\t\t<div class=\"elementor-button-wrapper\">\n\t\t\t<a class=\"elementor-button elementor-button-link elementor-size-lg\" href=\"https:\/\/www.supermamans.ch\/sq\/mamancontact\/\">\n\t\t\t\t\t\t<span class=\"elementor-button-content-wrapper\">\n\t\t\t\t\t\t<span class=\"elementor-button-text\">Zbuloni se si t\u00eb b\u00ebheni MamanContact<\/span>\n\t\t<\/span>\n\t\t\t\t\t<\/a>\n\t\t<\/div>\n\t\t\t\t<\/div>\n\t\t\t\t<\/div>\n\t\t\t\t<div class=\"elementor-element elementor-element-278b498 elementor-widget elementor-widget-spacer\" data-id=\"278b498\" data-element_type=\"widget\" data-widget_type=\"spacer.default\">\n\t\t\t\t<div class=\"elementor-widget-container\">\n\t\t\t\t\t<div class=\"elementor-spacer\">\n\t\t\t<div class=\"elementor-spacer-inner\"><\/div>\n\t\t<\/div>\n\t\t\t\t<\/div>\n\t\t\t\t<\/div>\n\t\t\t\t<div class=\"elementor-element elementor-element-bf9ccab elementor-widget elementor-widget-mfn_story_box\" data-id=\"bf9ccab\" data-element_type=\"widget\" data-widget_type=\"mfn_story_box.default\">\n\t\t\t\t<div class=\"elementor-widget-container\">\n\t\t\t<div class=\"story_box \"><div class=\"desc_wrapper\"><h3 class=\"themecolor\">T\u2019i bashkoheni komitetit<\/h3><hr class=\"hr_color\"><\/div><div class=\"desc\"><\/div><\/div>\n\t\t<\/div>\n\t\t\t\t<\/div>\n\t\t\t\t<div class=\"elementor-element elementor-element-e420f18 elementor-widget elementor-widget-text-editor\" data-id=\"e420f18\" data-element_type=\"widget\" data-widget_type=\"text-editor.default\">\n\t\t\t\t<div class=\"elementor-widget-container\">\n\t\t\t\t\t\t\t<p>Komiteti \u00ebsht\u00eb n\u00eb krye t\u00eb shoqat\u00ebs. Misioni kryesor i tij \u00ebsht\u00eb t\u00eb menaxhoj\u00eb aktivitetin e p\u00ebrditsh\u00ebm dhe t\u00eb siguroj\u00eb q\u00eb SuperMamans t\u00eb arrij\u00eb q\u00ebllimet dhe objektivat e veta. <\/p>\n<p>Bashkohu me komitetin dhe shoq\u00ebro ekipin ton\u00eb t\u00eb menaxhimit!<\/p>\n\t\t\t\t\t\t<\/div>\n\t\t\t\t<\/div>\n\t\t\t\t<div class=\"elementor-element elementor-element-705603c elementor-align-center elementor-widget elementor-widget-button\" data-id=\"705603c\" data-element_type=\"widget\" data-widget_type=\"button.default\">\n\t\t\t\t<div class=\"elementor-widget-container\">\n\t\t\t\t\t<div class=\"elementor-button-wrapper\">\n\t\t\t<a class=\"elementor-button elementor-button-link elementor-size-lg\" href=\"https:\/\/www.supermamans.ch\/sq\/komitetit\/\">\n\t\t\t\t\t\t<span class=\"elementor-button-content-wrapper\">\n\t\t\t\t\t\t<span class=\"elementor-button-text\">Bashkohu me komitetin SuperMamans<\/span>\n\t\t<\/span>\n\t\t\t\t\t<\/a>\n\t\t<\/div>\n\t\t\t\t<\/div>\n\t\t\t\t<\/div>\n\t\t\t\t\t<\/div>\n\t\t\t\t<\/div>\n\t\t<div class=\"elementor-element elementor-element-5b2d29a e-flex e-con-boxed e-con\" data-id=\"5b2d29a\" data-element_type=\"container\" data-settings=\"{&quot;content_width&quot;:&quot;boxed&quot;}\">\n\t\t\t\t\t<div class=\"e-con-inner\">\n\t\t\t\t<div class=\"elementor-element elementor-element-14a0d7a elementor-widget elementor-widget-spacer\" data-id=\"14a0d7a\" data-element_type=\"widget\" data-widget_type=\"spacer.default\">\n\t\t\t\t<div class=\"elementor-widget-container\">\n\t\t\t\t\t<div class=\"elementor-spacer\">\n\t\t\t<div class=\"elementor-spacer-inner\"><\/div>\n\t\t<\/div>\n\t\t\t\t<\/div>\n\t\t\t\t<\/div>\n\t\t\t\t\t<\/div>\n\t\t\t\t<\/div>\n\t\t\t\t\t\t\t<\/div>\n\t\t","protected":false},"excerpt":{"rendered":"<p>T\u00eb b\u00ebhesh vullnetar &#8220;Akti vullnetar \u00ebsht\u00eb nj\u00eb angazhim i miratuar me vullnet t\u00eb lir\u00eb&#8221; Shoqata SuperMamans \u00ebsht\u00eb gjithmon\u00eb n\u00eb k\u00ebrkim t\u00eb talenteve t\u00eb reja p\u00ebr ta b\u00ebr\u00eb t\u00eb njohur dhe zhvilluar at\u00eb. Vullnetar\u00ebt jan\u00eb n\u00eb qend\u00ebr t\u00eb asaj q\u00eb ne ofrojm\u00eb, si n\u00eb terren ashtu edhe n\u00eb organizimin e p\u00ebrgjithsh\u00ebm.<span class=\"excerpt-hellip\"> [\u2026]<\/span><\/p>\n","protected":false},"author":1,"featured_media":0,"parent":0,"menu_order":0,"comment_status":"closed","ping_status":"closed","template":"","meta":{"_acf_changed":false,"footnotes":""},"class_list":["post-34323","page","type-page","status-publish","hentry"],"acf":[],"_links":{"self":[{"href":"https:\/\/supermamans.ch\/sq\/wp-json\/wp\/v2\/pages\/34323","targetHints":{"allow":["GET"]}}],"collection":[{"href":"https:\/\/supermamans.ch\/sq\/wp-json\/wp\/v2\/pages"}],"about":[{"href":"https:\/\/supermamans.ch\/sq\/wp-json\/wp\/v2\/types\/page"}],"author":[{"embeddable":true,"href":"https:\/\/supermamans.ch\/sq\/wp-json\/wp\/v2\/users\/1"}],"replies":[{"embeddable":true,"href":"https:\/\/supermamans.ch\/sq\/wp-json\/wp\/v2\/comments?post=34323"}],"version-history":[{"count":8,"href":"https:\/\/supermamans.ch\/sq\/wp-json\/wp\/v2\/pages\/34323\/revisions"}],"predecessor-version":[{"id":36820,"href":"https:\/\/supermamans.ch\/sq\/wp-json\/wp\/v2\/pages\/34323\/revisions\/36820"}],"wp:attachment":[{"href":"https:\/\/supermamans.ch\/sq\/wp-json\/wp\/v2\/media?parent=34323"}],"curies":[{"name":"wp","href":"https:\/\/api.w.org\/{rel}","templated":true}]}}