{"id":34319,"date":"2022-11-14T14:46:40","date_gmt":"2022-11-14T13:46:40","guid":{"rendered":"https:\/\/www.supermamans.ch\/si-te-na-mbeshteteni\/"},"modified":"2025-06-24T23:29:53","modified_gmt":"2025-06-24T21:29:53","slug":"si-te-na-mbeshteteni","status":"publish","type":"page","link":"https:\/\/supermamans.ch\/sq\/si-te-na-mbeshteteni\/","title":{"rendered":"Si t\u00eb n\u2019a mb\u00ebshtet\u00ebni"},"content":{"rendered":"\t\t<div data-elementor-type=\"wp-page\" data-elementor-id=\"34319\" class=\"elementor elementor-34319 elementor-6701\">\n\t\t\t\t\t\t\t<div class=\"elementor-element elementor-element-86b9f2d e-con-full e-flex e-con\" data-id=\"86b9f2d\" data-element_type=\"container\" data-settings=\"{&quot;content_width&quot;:&quot;full&quot;,&quot;background_background&quot;:&quot;classic&quot;,&quot;shape_divider_bottom&quot;:&quot;mountains&quot;}\" data-e-bg-lazyload=\"\">\n\t\t\t\t<div class=\"elementor-shape elementor-shape-bottom\" data-negative=\"false\">\n\t\t\t<svg xmlns=\"http:\/\/www.w3.org\/2000\/svg\" viewBox=\"0 0 1000 100\" preserveAspectRatio=\"none\">\n\t<path class=\"elementor-shape-fill\" opacity=\"0.33\" d=\"M473,67.3c-203.9,88.3-263.1-34-320.3,0C66,119.1,0,59.7,0,59.7V0h1000v59.7 c0,0-62.1,26.1-94.9,29.3c-32.8,3.3-62.8-12.3-75.8-22.1C806,49.6,745.3,8.7,694.9,4.7S492.4,59,473,67.3z\"\/>\n\t<path class=\"elementor-shape-fill\" opacity=\"0.66\" d=\"M734,67.3c-45.5,0-77.2-23.2-129.1-39.1c-28.6-8.7-150.3-10.1-254,39.1 s-91.7-34.4-149.2,0C115.7,118.3,0,39.8,0,39.8V0h1000v36.5c0,0-28.2-18.5-92.1-18.5C810.2,18.1,775.7,67.3,734,67.3z\"\/>\n\t<path class=\"elementor-shape-fill\" d=\"M766.1,28.9c-200-57.5-266,65.5-395.1,19.5C242,1.8,242,5.4,184.8,20.6C128,35.8,132.3,44.9,89.9,52.5C28.6,63.7,0,0,0,0 h1000c0,0-9.9,40.9-83.6,48.1S829.6,47,766.1,28.9z\"\/>\n<\/svg>\t\t<\/div>\n\t\t\t\t<\/div>\n\t\t<div class=\"elementor-element elementor-element-687508c e-flex e-con-boxed e-con\" data-id=\"687508c\" data-element_type=\"container\" data-settings=\"{&quot;background_background&quot;:&quot;classic&quot;,&quot;content_width&quot;:&quot;boxed&quot;}\">\n\t\t\t\t\t<div class=\"e-con-inner\">\n\t\t<div class=\"elementor-element elementor-element-6b4b860 e-flex e-con-boxed e-con\" data-id=\"6b4b860\" data-element_type=\"container\" data-settings=\"{&quot;content_width&quot;:&quot;boxed&quot;}\">\n\t\t\t\t\t<div class=\"e-con-inner\">\n\t\t\t\t<div class=\"elementor-element elementor-element-72aa32e elementor-widget elementor-widget-heading\" data-id=\"72aa32e\" data-element_type=\"widget\" data-widget_type=\"heading.default\">\n\t\t\t\t<div class=\"elementor-widget-container\">\n\t\t\t<style>\/*! elementor - v3.14.0 - 26-06-2023 *\/\n.elementor-heading-title{padding:0;margin:0;line-height:1}.elementor-widget-heading .elementor-heading-title[class*=elementor-size-]>a{color:inherit;font-size:inherit;line-height:inherit}.elementor-widget-heading .elementor-heading-title.elementor-size-small{font-size:15px}.elementor-widget-heading .elementor-heading-title.elementor-size-medium{font-size:19px}.elementor-widget-heading .elementor-heading-title.elementor-size-large{font-size:29px}.elementor-widget-heading .elementor-heading-title.elementor-size-xl{font-size:39px}.elementor-widget-heading .elementor-heading-title.elementor-size-xxl{font-size:59px}<\/style><h1 class=\"elementor-heading-title elementor-size-default\">Si t\u00eb na mb\u00ebshtet\u00ebni<\/h1>\t\t<\/div>\n\t\t\t\t<\/div>\n\t\t\t\t<div class=\"elementor-element elementor-element-84711af elementor-widget elementor-widget-text-editor\" data-id=\"84711af\" data-element_type=\"widget\" data-widget_type=\"text-editor.default\">\n\t\t\t\t<div class=\"elementor-widget-container\">\n\t\t\t<style>\/*! elementor - v3.14.0 - 26-06-2023 *\/\n.elementor-widget-text-editor.elementor-drop-cap-view-stacked .elementor-drop-cap{background-color:#69727d;color:#fff}.elementor-widget-text-editor.elementor-drop-cap-view-framed .elementor-drop-cap{color:#69727d;border:3px solid;background-color:transparent}.elementor-widget-text-editor:not(.elementor-drop-cap-view-default) .elementor-drop-cap{margin-top:8px}.elementor-widget-text-editor:not(.elementor-drop-cap-view-default) .elementor-drop-cap-letter{width:1em;height:1em}.elementor-widget-text-editor .elementor-drop-cap{float:left;text-align:center;line-height:1;font-size:50px}.elementor-widget-text-editor .elementor-drop-cap-letter{display:inline-block}<\/style>\t\t\t\t<p>SuperMamans \u00ebsht\u00eb nj\u00eb shoqat\u00eb jofitimprur\u00ebse e cila nuk subvencionohet nga shteti. Financimi p\u00ebr aktivitetet e saja bazohet n\u00eb bujarin\u00eb e an\u00ebtar\u00ebve t\u00eb saj dhe t\u00eb ardhurat nga aktivitetet n\u00eb t\u00eb cilat an\u00ebtar\u00ebt e saj marrin pjes\u00eb. <\/p>\n<p>SuperMamans njihet si nj\u00eb dobi publike, gj\u00eb q\u00eb mund\u00ebson dhuruesit q\u00eb donacionet e tyre t\u2019i zbresin nga tatimet.<\/p>\n\t\t\t\t\t\t<\/div>\n\t\t\t\t<\/div>\n\t\t\t\t\t<\/div>\n\t\t\t\t<\/div>\n\t\t\t\t\t<\/div>\n\t\t\t\t<\/div>\n\t\t<div class=\"elementor-element elementor-element-9f836c6 e-flex e-con-boxed e-con\" data-id=\"9f836c6\" data-element_type=\"container\" data-settings=\"{&quot;content_width&quot;:&quot;boxed&quot;}\">\n\t\t\t\t\t<div class=\"e-con-inner\">\n\t\t<div class=\"elementor-element elementor-element-e37593c e-con-full e-flex e-con\" data-id=\"e37593c\" data-element_type=\"container\" data-settings=\"{&quot;content_width&quot;:&quot;full&quot;}\">\n\t\t\t\t<div class=\"elementor-element elementor-element-39b30c2 elementor-widget elementor-widget-spacer\" data-id=\"39b30c2\" data-element_type=\"widget\" data-widget_type=\"spacer.default\">\n\t\t\t\t<div class=\"elementor-widget-container\">\n\t\t\t<style>\/*! elementor - v3.14.0 - 26-06-2023 *\/\n.elementor-column .elementor-spacer-inner{height:var(--spacer-size)}.e-con{--container-widget-width:100%}.e-con-inner>.elementor-widget-spacer,.e-con>.elementor-widget-spacer{width:var(--container-widget-width,var(--spacer-size));--align-self:var(--container-widget-align-self,initial);--flex-shrink:0}.e-con-inner>.elementor-widget-spacer>.elementor-widget-container,.e-con-inner>.elementor-widget-spacer>.elementor-widget-container>.elementor-spacer,.e-con>.elementor-widget-spacer>.elementor-widget-container,.e-con>.elementor-widget-spacer>.elementor-widget-container>.elementor-spacer{height:100%}.e-con-inner>.elementor-widget-spacer>.elementor-widget-container>.elementor-spacer>.elementor-spacer-inner,.e-con>.elementor-widget-spacer>.elementor-widget-container>.elementor-spacer>.elementor-spacer-inner{height:var(--container-widget-height,var(--spacer-size))}<\/style>\t\t<div class=\"elementor-spacer\">\n\t\t\t<div class=\"elementor-spacer-inner\"><\/div>\n\t\t<\/div>\n\t\t\t\t<\/div>\n\t\t\t\t<\/div>\n\t\t\t\t<div class=\"elementor-element elementor-element-9ac78af elementor-widget elementor-widget-mfn_story_box\" data-id=\"9ac78af\" data-element_type=\"widget\" data-widget_type=\"mfn_story_box.default\">\n\t\t\t\t<div class=\"elementor-widget-container\">\n\t\t\t<div class=\"story_box \"><div class=\"desc_wrapper\"><h3 class=\"themecolor\">Pse ta mb\u00ebshtesni shoqat\u00ebn SuperMamans?<\/h3><hr class=\"hr_color\"><\/div><div class=\"desc\"><\/div><\/div>\n\t\t<\/div>\n\t\t\t\t<\/div>\n\t\t\t\t<div class=\"elementor-element elementor-element-8f25209 elementor-widget elementor-widget-text-editor\" data-id=\"8f25209\" data-element_type=\"widget\" data-widget_type=\"text-editor.default\">\n\t\t\t\t<div class=\"elementor-widget-container\">\n\t\t\t\t\t\t\t<ul>\n<li>Shoqata njihet si dobi publike, donacionet tuaja jan\u00eb t\u00eb zbritshme nga tatimet.<\/li>\n<li>Origjinaliteti i konceptit: ne ofrojm\u00eb nj\u00eb sh\u00ebrbim unik dhe plot\u00ebsues nga sh\u00ebrbimet shtet\u00ebrore p\u00ebrsa i p\u00ebrket kujdesit perinatal.<\/li>\n<li>Njohja: ne jemi nj\u00eb partner i njohur nga spitalet m\u00eb t\u00eb m\u00ebdha romands dhe profesionist\u00ebt sh\u00ebndet\u00ebsor\u00eb (mamit\u00eb, infermieret, CMS dhe qendrat e kujdesit p\u00ebr f\u00ebmij\u00ebt).<\/li>\n<li>\u2022 Parandalimi i depresionit t\u00eb pas lindjes dhe i burn out i n\u00ebn\u00ebs : me <a href=\"https:\/\/www.supermamans.ch\/bichonnage-de-soutien\/\">p\u00ebrkujdesjen ton\u00eb mb\u00ebshtet\u00ebse<\/a>, ne mbajm\u00eb nj\u00eb lidhje sociale rreth presonave n\u00eb rrezik p\u00ebr t\u00eb zvog\u00ebluar dukjen ose pasojat e s\u00ebmundjes.<\/li>\n<li>Jet\u00ebgjat\u00ebsija: e themeluar n\u00eb vitin 2015, SuperMamans vazhdon t\u00eb kryej\u00eb misionin e saj falas pran\u00eb familjeve romande, pavar\u00ebsisht nj\u00eb buxheti t\u00eb kufizuar. Numri i familjeve n\u00ebn p\u00ebrkujdesje rritet nga viti n\u00eb vit, me 680 familje t\u00eb mb\u00ebshtetura n\u00eb vitin 2022, nga te cilat 30 n\u00ebp\u00ebrmjet sh\u00ebrbimeve tona t\u00eb reja : <a href=\"https:\/\/www.supermamans.ch\/bichonnage-de-soutien\/\">p\u00ebrkujdesja mb\u00ebshtet\u00ebse<\/a> dhe <a href=\"https:\/\/www.supermamans.ch\/bichonnage-proches-aidants\/\">p\u00ebrkujdesja e kujdestar\u00ebve<\/a>. <\/li>\n<\/ul>\n\t\t\t\t\t\t<\/div>\n\t\t\t\t<\/div>\n\t\t\t\t<div class=\"elementor-element elementor-element-429b4b9 elementor-widget elementor-widget-spacer\" data-id=\"429b4b9\" data-element_type=\"widget\" data-widget_type=\"spacer.default\">\n\t\t\t\t<div class=\"elementor-widget-container\">\n\t\t\t\t\t<div class=\"elementor-spacer\">\n\t\t\t<div class=\"elementor-spacer-inner\"><\/div>\n\t\t<\/div>\n\t\t\t\t<\/div>\n\t\t\t\t<\/div>\n\t\t\t\t<div class=\"elementor-element elementor-element-9a39c6d elementor-widget elementor-widget-mfn_story_box\" data-id=\"9a39c6d\" data-element_type=\"widget\" data-widget_type=\"mfn_story_box.default\">\n\t\t\t\t<div class=\"elementor-widget-container\">\n\t\t\t<div class=\"story_box \"><div class=\"desc_wrapper\"><h3 class=\"themecolor\">T\u00eb b\u00ebhesh vullnetar<\/h3><hr class=\"hr_color\"><\/div><div class=\"desc\"><\/div><\/div>\n\t\t<\/div>\n\t\t\t\t<\/div>\n\t\t\t\t<div class=\"elementor-element elementor-element-4d2c1fd elementor-widget elementor-widget-text-editor\" data-id=\"4d2c1fd\" data-element_type=\"widget\" data-widget_type=\"text-editor.default\">\n\t\t\t\t<div class=\"elementor-widget-container\">\n\t\t\t\t\t\t\t<p>Shoqata \u00ebsht\u00eb gjithmon\u00eb n\u00eb k\u00ebrkim t\u00eb vullnetar\u00ebve p\u00ebr t\u00eb mbajtur n\u00eb funksionim shoqat\u00ebn dhe p\u00ebr t\u00eb rritur familjen e SuperMamans.<\/p>\n<p>D\u00ebshiron t\u00eb jesh pjes\u00eb e konceptit si MamanCadeau dhe t\u00eb dhurosh ushqime t\u00eb sh\u00ebndetshme, t\u00eb b\u00ebra n\u00eb sht\u00ebpi p\u00ebr n\u00ebnat e reja?<\/p>\n\t\t\t\t\t\t<\/div>\n\t\t\t\t<\/div>\n\t\t\t\t<div class=\"elementor-element elementor-element-a901fa1 elementor-align-center elementor-widget elementor-widget-button\" data-id=\"a901fa1\" data-element_type=\"widget\" data-widget_type=\"button.default\">\n\t\t\t\t<div class=\"elementor-widget-container\">\n\t\t\t\t\t<div class=\"elementor-button-wrapper\">\n\t\t\t<a class=\"elementor-button elementor-button-link elementor-size-lg\" href=\"https:\/\/www.supermamans.ch\/mamancadeau\/\">\n\t\t\t\t\t\t<span class=\"elementor-button-content-wrapper\">\n\t\t\t\t\t\t<span class=\"elementor-button-text\">Zbuloni se si t\u00eb b\u00ebheni nj\u00eb MamanCadeau<\/span>\n\t\t<\/span>\n\t\t\t\t\t<\/a>\n\t\t<\/div>\n\t\t\t\t<\/div>\n\t\t\t\t<\/div>\n\t\t\t\t<div class=\"elementor-element elementor-element-9a81fdd elementor-widget elementor-widget-spacer\" data-id=\"9a81fdd\" data-element_type=\"widget\" data-widget_type=\"spacer.default\">\n\t\t\t\t<div class=\"elementor-widget-container\">\n\t\t\t\t\t<div class=\"elementor-spacer\">\n\t\t\t<div class=\"elementor-spacer-inner\"><\/div>\n\t\t<\/div>\n\t\t\t\t<\/div>\n\t\t\t\t<\/div>\n\t\t\t\t<div class=\"elementor-element elementor-element-df7c745 elementor-widget elementor-widget-text-editor\" data-id=\"df7c745\" data-element_type=\"widget\" data-widget_type=\"text-editor.default\">\n\t\t\t\t<div class=\"elementor-widget-container\">\n\t\t\t\t\t\t\t<p>N\u00ebse ti preferon t\u00eb jesh pjes\u00eb e ekipit organizues, mir\u00ebpresim t\u00eb na ndihmosh si MamanContact. <\/p>\n\t\t\t\t\t\t<\/div>\n\t\t\t\t<\/div>\n\t\t\t\t<div class=\"elementor-element elementor-element-0a35d3e elementor-align-center elementor-widget elementor-widget-button\" data-id=\"0a35d3e\" data-element_type=\"widget\" data-widget_type=\"button.default\">\n\t\t\t\t<div class=\"elementor-widget-container\">\n\t\t\t\t\t<div class=\"elementor-button-wrapper\">\n\t\t\t<a class=\"elementor-button elementor-button-link elementor-size-lg\" href=\"https:\/\/www.supermamans.ch\/mamancontact\/\">\n\t\t\t\t\t\t<span class=\"elementor-button-content-wrapper\">\n\t\t\t\t\t\t<span class=\"elementor-button-text\">Zbuloni se si t\u00eb b\u00ebheni MamanContact<\/span>\n\t\t<\/span>\n\t\t\t\t\t<\/a>\n\t\t<\/div>\n\t\t\t\t<\/div>\n\t\t\t\t<\/div>\n\t\t\t\t<div class=\"elementor-element elementor-element-53af112 elementor-widget elementor-widget-spacer\" data-id=\"53af112\" data-element_type=\"widget\" data-widget_type=\"spacer.default\">\n\t\t\t\t<div class=\"elementor-widget-container\">\n\t\t\t\t\t<div class=\"elementor-spacer\">\n\t\t\t<div class=\"elementor-spacer-inner\"><\/div>\n\t\t<\/div>\n\t\t\t\t<\/div>\n\t\t\t\t<\/div>\n\t\t\t\t<div class=\"elementor-element elementor-element-2d888a5 elementor-widget elementor-widget-text-editor\" data-id=\"2d888a5\" data-element_type=\"widget\" data-widget_type=\"text-editor.default\">\n\t\t\t\t<div class=\"elementor-widget-container\">\n\t\t\t\t\t\t\t<p>S\u00eb fundi, ti gjithashtu mund t\u00eb ndihmosh shoqat\u00ebn SuperMamans duke u bashkuar me komitetin.<\/p>\n\t\t\t\t\t\t<\/div>\n\t\t\t\t<\/div>\n\t\t\t\t<div class=\"elementor-element elementor-element-a9badb9 elementor-align-center elementor-widget elementor-widget-button\" data-id=\"a9badb9\" data-element_type=\"widget\" data-widget_type=\"button.default\">\n\t\t\t\t<div class=\"elementor-widget-container\">\n\t\t\t\t\t<div class=\"elementor-button-wrapper\">\n\t\t\t<a class=\"elementor-button elementor-button-link elementor-size-lg\" href=\"https:\/\/www.supermamans.ch\/comite\/\">\n\t\t\t\t\t\t<span class=\"elementor-button-content-wrapper\">\n\t\t\t\t\t\t<span class=\"elementor-button-text\">Bashkohu me komitetin SuperMamans<\/span>\n\t\t<\/span>\n\t\t\t\t\t<\/a>\n\t\t<\/div>\n\t\t\t\t<\/div>\n\t\t\t\t<\/div>\n\t\t\t\t<div class=\"elementor-element elementor-element-da3aaa1 elementor-widget elementor-widget-spacer\" data-id=\"da3aaa1\" data-element_type=\"widget\" data-widget_type=\"spacer.default\">\n\t\t\t\t<div class=\"elementor-widget-container\">\n\t\t\t\t\t<div class=\"elementor-spacer\">\n\t\t\t<div class=\"elementor-spacer-inner\"><\/div>\n\t\t<\/div>\n\t\t\t\t<\/div>\n\t\t\t\t<\/div>\n\t\t\t\t<div class=\"elementor-element elementor-element-76ebe9c elementor-widget elementor-widget-mfn_story_box\" data-id=\"76ebe9c\" data-element_type=\"widget\" data-widget_type=\"mfn_story_box.default\">\n\t\t\t\t<div class=\"elementor-widget-container\">\n\t\t\t<div class=\"story_box \"><div class=\"desc_wrapper\"><h3 class=\"themecolor\">T\u00eb b\u00ebhesh an\u00ebtar mb\u00ebshtet\u00ebs<\/h3><hr class=\"hr_color\"><\/div><div class=\"desc\"><\/div><\/div>\n\t\t<\/div>\n\t\t\t\t<\/div>\n\t\t\t\t<div class=\"elementor-element elementor-element-efd98c8 elementor-widget elementor-widget-text-editor\" data-id=\"efd98c8\" data-element_type=\"widget\" data-widget_type=\"text-editor.default\">\n\t\t\t\t<div class=\"elementor-widget-container\">\n\t\t\t\t\t\t\t<p>N\u00ebse angazhimi yn\u00eb ndaj familjeve t\u00eb t\u00ebrheq, merr pjes\u00eb n\u00eb funksionimin e shoqat\u00ebs dhe mb\u00ebshtet promovimin e SuperMamans. Ti do t\u00eb na ndihmosh gjithashtu p\u00ebr t\u00eb p\u00ebrjet\u00ebsuar vepr\u00ebn ton\u00eb. <\/p>\n<p>T\u00eb b\u00ebhesh an\u00ebtar mb\u00ebshtet\u00ebs, kontributi vjetor \u00ebsht\u00eb 50 CHF.- (kontribut prej 25.- CHF\/vit p\u00ebr student\u00ebt, praktikant\u00ebt dhe p\u00ebrfituesit e AVS\/AI\/sigurimeve t\u00eb papun\u00ebsis\u00eb).<\/p>\n\t\t\t\t\t\t<\/div>\n\t\t\t\t<\/div>\n\t\t\t\t<div class=\"elementor-element elementor-element-4fdc242 elementor-align-center elementor-widget elementor-widget-button\" data-id=\"4fdc242\" data-element_type=\"widget\" data-widget_type=\"button.default\">\n\t\t\t\t<div class=\"elementor-widget-container\">\n\t\t\t\t\t<div class=\"elementor-button-wrapper\">\n\t\t\t<a class=\"elementor-button elementor-button-link elementor-size-lg\" href=\"https:\/\/docs.google.com\/forms\/d\/e\/1FAIpQLSeefd1_4zOg3Ehy91eqO01R30sfHtFWcYV-eujTlluLk79RgQ\/viewform\" target=\"_blank\" rel=\"noopener\">\n\t\t\t\t\t\t<span class=\"elementor-button-content-wrapper\">\n\t\t\t\t\t\t<span class=\"elementor-button-text\">T\u00eb b\u00ebhesh an\u00ebtar mb\u00ebshtet\u00ebs<\/span>\n\t\t<\/span>\n\t\t\t\t\t<\/a>\n\t\t<\/div>\n\t\t\t\t<\/div>\n\t\t\t\t<\/div>\n\t\t\t\t<div class=\"elementor-element elementor-element-0a28af2 elementor-widget elementor-widget-spacer\" data-id=\"0a28af2\" data-element_type=\"widget\" data-widget_type=\"spacer.default\">\n\t\t\t\t<div class=\"elementor-widget-container\">\n\t\t\t\t\t<div class=\"elementor-spacer\">\n\t\t\t<div class=\"elementor-spacer-inner\"><\/div>\n\t\t<\/div>\n\t\t\t\t<\/div>\n\t\t\t\t<\/div>\n\t\t\t\t<div class=\"elementor-element elementor-element-0f9a8dd elementor-widget elementor-widget-mfn_story_box\" data-id=\"0f9a8dd\" data-element_type=\"widget\" data-widget_type=\"mfn_story_box.default\">\n\t\t\t\t<div class=\"elementor-widget-container\">\n\t\t\t<div class=\"story_box \"><div class=\"desc_wrapper\"><h3 class=\"themecolor\">T\u00eb b\u00ebsh nj\u00eb donacion<\/h3><hr class=\"hr_color\"><\/div><div class=\"desc\"><\/div><\/div>\n\t\t<\/div>\n\t\t\t\t<\/div>\n\t\t\t\t<div class=\"elementor-element elementor-element-e983e1d elementor-widget elementor-widget-text-editor\" data-id=\"e983e1d\" data-element_type=\"widget\" data-widget_type=\"text-editor.default\">\n\t\t\t\t<div class=\"elementor-widget-container\">\n\t\t\t\t\t\t\t<p>Shoqata njihet si nj\u00eb dobi publike, prandaj donacionet jan\u00eb t\u00eb zbritshme nga tatimet.<\/p><p>Vous pouvez faire un don sur notre compte :<br \/>IBAN : CH71 0900 0000 1485 3816 9<br \/>Association SuperMamans<br \/>1008 Prilly<\/p>\t\t\t\t\t\t<\/div>\n\t\t\t\t<\/div>\n\t\t\t\t<div class=\"elementor-element elementor-element-d1e5e38 elementor-widget elementor-widget-text-editor\" data-id=\"d1e5e38\" data-element_type=\"widget\" data-widget_type=\"text-editor.default\">\n\t\t\t\t<div class=\"elementor-widget-container\">\n\t\t\t\t\t\t\t<p>P\u00ebrdorni platform\u00ebn e Donacioneve Zvicerane, pa pages\u00eb:<\/p>\t\t\t\t\t\t<\/div>\n\t\t\t\t<\/div>\n\t\t\t\t<div class=\"elementor-element elementor-element-4d2008b elementor-align-center elementor-widget elementor-widget-button\" data-id=\"4d2008b\" data-element_type=\"widget\" data-widget_type=\"button.default\">\n\t\t\t\t<div class=\"elementor-widget-container\">\n\t\t\t\t\t<div class=\"elementor-button-wrapper\">\n\t\t\t<a class=\"elementor-button elementor-button-link elementor-size-lg\" href=\"https:\/\/swissdonations.ch\/fr\/charities\/supermamans-fr\" target=\"_blank\" rel=\"noopener\">\n\t\t\t\t\t\t<span class=\"elementor-button-content-wrapper\">\n\t\t\t\t\t\t<span class=\"elementor-button-text\">Swiss donations<\/span>\n\t\t<\/span>\n\t\t\t\t\t<\/a>\n\t\t<\/div>\n\t\t\t\t<\/div>\n\t\t\t\t<\/div>\n\t\t\t\t<div class=\"elementor-element elementor-element-58b5adf elementor-widget elementor-widget-spacer\" data-id=\"58b5adf\" data-element_type=\"widget\" data-widget_type=\"spacer.default\">\n\t\t\t\t<div class=\"elementor-widget-container\">\n\t\t\t\t\t<div class=\"elementor-spacer\">\n\t\t\t<div class=\"elementor-spacer-inner\"><\/div>\n\t\t<\/div>\n\t\t\t\t<\/div>\n\t\t\t\t<\/div>\n\t\t\t\t<div class=\"elementor-element elementor-element-04df29b elementor-widget elementor-widget-text-editor\" data-id=\"04df29b\" data-element_type=\"widget\" data-widget_type=\"text-editor.default\">\n\t\t\t\t<div class=\"elementor-widget-container\">\n\t\t\t\t\t\t\t<p>Ose p\u00ebrdorni butonin m\u00eb posht\u00eb p\u00ebr t\u00eb b\u00ebr\u00eb nj\u00eb donacion n\u00ebp\u00ebrmjet TWINT p\u00ebr t\u00eb na mb\u00ebshtetur:<\/p>\t\t\t\t\t\t<\/div>\n\t\t\t\t<\/div>\n\t\t\t\t<div class=\"elementor-element elementor-element-928a30e elementor-widget elementor-widget-html\" data-id=\"928a30e\" data-element_type=\"widget\" data-widget_type=\"html.default\">\n\t\t\t\t<div class=\"elementor-widget-container\">\n\t\t\t<div id=\"rnw-paylink-button-jvdxr\"><\/div>\n\n<script type=\"module\">\n\n  import {TwintButton} from \"https:\/\/unpkg.com\/@raisenow\/paylink-button@2\/dist\/TwintButton.js\"\n\n  TwintButton.render(\"#rnw-paylink-button-jvdxr\", {\n\n    \"solution-id\": \"jvdxr\",\n\n    \"solution-type\": \"donate\",\n\n    \"language\": \"fr\",\n\n    \"size\": \"large\",\n\n    \"width\": \"fixed\",\n\n    \"color-scheme\": \"dark\",\n\n  })\n\n\n<\/script>\t\t<\/div>\n\t\t\t\t<\/div>\n\t\t\t\t<\/div>\n\t\t\t\t\t<\/div>\n\t\t\t\t<\/div>\n\t\t\t\t\t\t\t<\/div>\n\t\t","protected":false},"excerpt":{"rendered":"<p>Si t\u00eb na mb\u00ebshtet\u00ebni SuperMamans \u00ebsht\u00eb nj\u00eb shoqat\u00eb jofitimprur\u00ebse e cila nuk subvencionohet nga shteti. Financimi p\u00ebr aktivitetet e saja bazohet n\u00eb bujarin\u00eb e an\u00ebtar\u00ebve t\u00eb saj dhe t\u00eb ardhurat nga aktivitetet n\u00eb t\u00eb cilat an\u00ebtar\u00ebt e saj marrin pjes\u00eb. SuperMamans njihet si nj\u00eb dobi publike, gj\u00eb q\u00eb mund\u00ebson dhuruesit<span class=\"excerpt-hellip\"> [\u2026]<\/span><\/p>\n","protected":false},"author":1,"featured_media":0,"parent":0,"menu_order":0,"comment_status":"closed","ping_status":"closed","template":"","meta":{"_acf_changed":false,"footnotes":""},"class_list":["post-34319","page","type-page","status-publish","hentry"],"acf":[],"_links":{"self":[{"href":"https:\/\/supermamans.ch\/sq\/wp-json\/wp\/v2\/pages\/34319","targetHints":{"allow":["GET"]}}],"collection":[{"href":"https:\/\/supermamans.ch\/sq\/wp-json\/wp\/v2\/pages"}],"about":[{"href":"https:\/\/supermamans.ch\/sq\/wp-json\/wp\/v2\/types\/page"}],"author":[{"embeddable":true,"href":"https:\/\/supermamans.ch\/sq\/wp-json\/wp\/v2\/users\/1"}],"replies":[{"embeddable":true,"href":"https:\/\/supermamans.ch\/sq\/wp-json\/wp\/v2\/comments?post=34319"}],"version-history":[{"count":18,"href":"https:\/\/supermamans.ch\/sq\/wp-json\/wp\/v2\/pages\/34319\/revisions"}],"predecessor-version":[{"id":38436,"href":"https:\/\/supermamans.ch\/sq\/wp-json\/wp\/v2\/pages\/34319\/revisions\/38436"}],"wp:attachment":[{"href":"https:\/\/supermamans.ch\/sq\/wp-json\/wp\/v2\/media?parent=34319"}],"curies":[{"name":"wp","href":"https:\/\/api.w.org\/{rel}","templated":true}]}}