{"id":34315,"date":"2023-08-29T18:52:55","date_gmt":"2023-08-29T16:52:55","guid":{"rendered":"https:\/\/www.supermamans.ch\/komitetit\/"},"modified":"2025-01-14T23:23:09","modified_gmt":"2025-01-14T22:23:09","slug":"komitetit","status":"publish","type":"page","link":"https:\/\/supermamans.ch\/sq\/komitetit\/","title":{"rendered":"Komitetit"},"content":{"rendered":"\t\t<div data-elementor-type=\"wp-page\" data-elementor-id=\"34315\" class=\"elementor elementor-34315 elementor-31700\">\n\t\t\t\t\t\t\t<div class=\"elementor-element elementor-element-b1f07d3 e-con-full e-flex e-con\" data-id=\"b1f07d3\" data-element_type=\"container\" data-settings=\"{&quot;content_width&quot;:&quot;full&quot;,&quot;background_background&quot;:&quot;classic&quot;,&quot;shape_divider_bottom&quot;:&quot;mountains&quot;}\" data-e-bg-lazyload=\"\">\n\t\t\t\t<div class=\"elementor-shape elementor-shape-bottom\" data-negative=\"false\">\n\t\t\t<svg xmlns=\"http:\/\/www.w3.org\/2000\/svg\" viewBox=\"0 0 1000 100\" preserveAspectRatio=\"none\">\n\t<path class=\"elementor-shape-fill\" opacity=\"0.33\" d=\"M473,67.3c-203.9,88.3-263.1-34-320.3,0C66,119.1,0,59.7,0,59.7V0h1000v59.7 c0,0-62.1,26.1-94.9,29.3c-32.8,3.3-62.8-12.3-75.8-22.1C806,49.6,745.3,8.7,694.9,4.7S492.4,59,473,67.3z\"\/>\n\t<path class=\"elementor-shape-fill\" opacity=\"0.66\" d=\"M734,67.3c-45.5,0-77.2-23.2-129.1-39.1c-28.6-8.7-150.3-10.1-254,39.1 s-91.7-34.4-149.2,0C115.7,118.3,0,39.8,0,39.8V0h1000v36.5c0,0-28.2-18.5-92.1-18.5C810.2,18.1,775.7,67.3,734,67.3z\"\/>\n\t<path class=\"elementor-shape-fill\" d=\"M766.1,28.9c-200-57.5-266,65.5-395.1,19.5C242,1.8,242,5.4,184.8,20.6C128,35.8,132.3,44.9,89.9,52.5C28.6,63.7,0,0,0,0 h1000c0,0-9.9,40.9-83.6,48.1S829.6,47,766.1,28.9z\"\/>\n<\/svg>\t\t<\/div>\n\t\t\t\t<\/div>\n\t\t<div class=\"elementor-element elementor-element-bb9b835 e-flex e-con-boxed e-con\" data-id=\"bb9b835\" data-element_type=\"container\" data-settings=\"{&quot;background_background&quot;:&quot;classic&quot;,&quot;content_width&quot;:&quot;boxed&quot;}\">\n\t\t\t\t\t<div class=\"e-con-inner\">\n\t\t<div class=\"elementor-element elementor-element-2bd4146 e-flex e-con-boxed e-con\" data-id=\"2bd4146\" data-element_type=\"container\" data-settings=\"{&quot;content_width&quot;:&quot;boxed&quot;}\">\n\t\t\t\t\t<div class=\"e-con-inner\">\n\t\t\t\t<div class=\"elementor-element elementor-element-41c577a elementor-widget elementor-widget-heading\" data-id=\"41c577a\" data-element_type=\"widget\" data-widget_type=\"heading.default\">\n\t\t\t\t<div class=\"elementor-widget-container\">\n\t\t\t<style>\/*! elementor - v3.14.0 - 26-06-2023 *\/\n.elementor-heading-title{padding:0;margin:0;line-height:1}.elementor-widget-heading .elementor-heading-title[class*=elementor-size-]>a{color:inherit;font-size:inherit;line-height:inherit}.elementor-widget-heading .elementor-heading-title.elementor-size-small{font-size:15px}.elementor-widget-heading .elementor-heading-title.elementor-size-medium{font-size:19px}.elementor-widget-heading .elementor-heading-title.elementor-size-large{font-size:29px}.elementor-widget-heading .elementor-heading-title.elementor-size-xl{font-size:39px}.elementor-widget-heading .elementor-heading-title.elementor-size-xxl{font-size:59px}<\/style><h1 class=\"elementor-heading-title elementor-size-default\">An\u00ebtar i komitetit<\/h1>\t\t<\/div>\n\t\t\t\t<\/div>\n\t\t\t\t<div class=\"elementor-element elementor-element-72c1ec3 elementor-widget elementor-widget-text-editor\" data-id=\"72c1ec3\" data-element_type=\"widget\" data-widget_type=\"text-editor.default\">\n\t\t\t\t<div class=\"elementor-widget-container\">\n\t\t\t<style>\/*! elementor - v3.14.0 - 26-06-2023 *\/\n.elementor-widget-text-editor.elementor-drop-cap-view-stacked .elementor-drop-cap{background-color:#69727d;color:#fff}.elementor-widget-text-editor.elementor-drop-cap-view-framed .elementor-drop-cap{color:#69727d;border:3px solid;background-color:transparent}.elementor-widget-text-editor:not(.elementor-drop-cap-view-default) .elementor-drop-cap{margin-top:8px}.elementor-widget-text-editor:not(.elementor-drop-cap-view-default) .elementor-drop-cap-letter{width:1em;height:1em}.elementor-widget-text-editor .elementor-drop-cap{float:left;text-align:center;line-height:1;font-size:50px}.elementor-widget-text-editor .elementor-drop-cap-letter{display:inline-block}<\/style>\t\t\t\t<p>T\u00eb p\u00eblqen t\u00eb punosh n\u00eb ekip? Ti ndjehesh e lir\u00eb me kontaktet n\u00eb p\u00ebrgjith\u00ebsi? <br \/>Ty t\u00eb intereson kuptimi i plot\u00eb i vullnetarizmit? Pra bashkohu me ne. <\/p>\n<p>Komiteti yn\u00eb p\u00ebrb\u00ebhet nga t\u00eb pakt\u00ebn 5 an\u00ebtar\u00eb.<br \/>Ai mblidhet nga 8 deri n\u00eb 10 her\u00eb n\u00eb vit p\u00ebr t\u00eb menaxhuar \u00e7\u00ebshtjet aktuale, organizon asamblen\u00eb e p\u00ebrgjithshme, menaxhon financimin e shoqat\u00ebs dhe p\u00ebrfaq\u00ebson SuperMamans gjat\u00eb ngjarjeve dhe manifestimeve.<\/p>\n<p>Ne t\u00eb ofrojm\u00eb mund\u00ebsin\u00eb par t\u00eb marr\u00eb pjes\u00eb n\u00eb nj\u00eb ekip kompakt e te bashkuar p\u00ebr te cilin p\u00ebr t\u00eb cilin bujaria dhe mir\u00ebsia jan\u00eb prioritet.<\/p>\n<p>T\u00eb jesh i mir\u00ebseardhur!<\/p>\n\t\t\t\t\t\t<\/div>\n\t\t\t\t<\/div>\n\t\t\t\t<div class=\"elementor-element elementor-element-fdfac19 elementor-align-center elementor-mobile-align-center elementor-widget elementor-widget-button\" data-id=\"fdfac19\" data-element_type=\"widget\" data-widget_type=\"button.default\">\n\t\t\t\t<div class=\"elementor-widget-container\">\n\t\t\t\t\t<div class=\"elementor-button-wrapper\">\n\t\t\t<a class=\"elementor-button elementor-button-link elementor-size-sm\" href=\"https:\/\/docs.google.com\/forms\/d\/e\/1FAIpQLSdfI4bKjoojkQm9RtW0UirtKHukuzRZw88R11myvRWhbwp9ZA\/viewform\" target=\"_blank\" rel=\"noopener\">\n\t\t\t\t\t\t<span class=\"elementor-button-content-wrapper\">\n\t\t\t\t\t\t<span class=\"elementor-button-text\">Un\u00eb dua t'i bashkohem komitetit<\/span>\n\t\t<\/span>\n\t\t\t\t\t<\/a>\n\t\t<\/div>\n\t\t\t\t<\/div>\n\t\t\t\t<\/div>\n\t\t\t\t\t<\/div>\n\t\t\t\t<\/div>\n\t\t\t\t\t<\/div>\n\t\t\t\t<\/div>\n\t\t\t\t\t\t\t<\/div>\n\t\t","protected":false},"excerpt":{"rendered":"<p>An\u00ebtar i komitetit T\u00eb p\u00eblqen t\u00eb punosh n\u00eb ekip? Ti ndjehesh e lir\u00eb me kontaktet n\u00eb p\u00ebrgjith\u00ebsi? Ty t\u00eb intereson kuptimi i plot\u00eb i vullnetarizmit? Pra bashkohu me ne. Komiteti yn\u00eb p\u00ebrb\u00ebhet nga t\u00eb pakt\u00ebn 5 an\u00ebtar\u00eb.Ai mblidhet nga 8 deri n\u00eb 10 her\u00eb n\u00eb vit p\u00ebr t\u00eb menaxhuar \u00e7\u00ebshtjet<span class=\"excerpt-hellip\"> [\u2026]<\/span><\/p>\n","protected":false},"author":1,"featured_media":0,"parent":0,"menu_order":0,"comment_status":"closed","ping_status":"closed","template":"","meta":{"_acf_changed":false,"footnotes":""},"class_list":["post-34315","page","type-page","status-publish","hentry"],"acf":[],"_links":{"self":[{"href":"https:\/\/supermamans.ch\/sq\/wp-json\/wp\/v2\/pages\/34315","targetHints":{"allow":["GET"]}}],"collection":[{"href":"https:\/\/supermamans.ch\/sq\/wp-json\/wp\/v2\/pages"}],"about":[{"href":"https:\/\/supermamans.ch\/sq\/wp-json\/wp\/v2\/types\/page"}],"author":[{"embeddable":true,"href":"https:\/\/supermamans.ch\/sq\/wp-json\/wp\/v2\/users\/1"}],"replies":[{"embeddable":true,"href":"https:\/\/supermamans.ch\/sq\/wp-json\/wp\/v2\/comments?post=34315"}],"version-history":[{"count":3,"href":"https:\/\/supermamans.ch\/sq\/wp-json\/wp\/v2\/pages\/34315\/revisions"}],"predecessor-version":[{"id":36825,"href":"https:\/\/supermamans.ch\/sq\/wp-json\/wp\/v2\/pages\/34315\/revisions\/36825"}],"wp:attachment":[{"href":"https:\/\/supermamans.ch\/sq\/wp-json\/wp\/v2\/media?parent=34315"}],"curies":[{"name":"wp","href":"https:\/\/api.w.org\/{rel}","templated":true}]}}