{"id":34311,"date":"2023-08-29T18:50:38","date_gmt":"2023-08-29T16:50:38","guid":{"rendered":"https:\/\/www.supermamans.ch\/paraperkujdesja\/"},"modified":"2025-01-14T23:06:40","modified_gmt":"2025-01-14T22:06:40","slug":"paraperkujdesja","status":"publish","type":"page","link":"https:\/\/supermamans.ch\/sq\/paraperkujdesja\/","title":{"rendered":"Parap\u00ebrkujdesja"},"content":{"rendered":"\t\t<div data-elementor-type=\"wp-page\" data-elementor-id=\"34311\" class=\"elementor elementor-34311 elementor-31696\">\n\t\t\t\t\t\t\t<div class=\"elementor-element elementor-element-1862018 e-con-full e-flex e-con\" data-id=\"1862018\" data-element_type=\"container\" data-settings=\"{&quot;content_width&quot;:&quot;full&quot;,&quot;background_background&quot;:&quot;classic&quot;,&quot;shape_divider_bottom&quot;:&quot;mountains&quot;}\" data-e-bg-lazyload=\"\">\n\t\t\t\t<div class=\"elementor-shape elementor-shape-bottom\" data-negative=\"false\">\n\t\t\t<svg xmlns=\"http:\/\/www.w3.org\/2000\/svg\" viewBox=\"0 0 1000 100\" preserveAspectRatio=\"none\">\n\t<path class=\"elementor-shape-fill\" opacity=\"0.33\" d=\"M473,67.3c-203.9,88.3-263.1-34-320.3,0C66,119.1,0,59.7,0,59.7V0h1000v59.7 c0,0-62.1,26.1-94.9,29.3c-32.8,3.3-62.8-12.3-75.8-22.1C806,49.6,745.3,8.7,694.9,4.7S492.4,59,473,67.3z\"\/>\n\t<path class=\"elementor-shape-fill\" opacity=\"0.66\" d=\"M734,67.3c-45.5,0-77.2-23.2-129.1-39.1c-28.6-8.7-150.3-10.1-254,39.1 s-91.7-34.4-149.2,0C115.7,118.3,0,39.8,0,39.8V0h1000v36.5c0,0-28.2-18.5-92.1-18.5C810.2,18.1,775.7,67.3,734,67.3z\"\/>\n\t<path class=\"elementor-shape-fill\" d=\"M766.1,28.9c-200-57.5-266,65.5-395.1,19.5C242,1.8,242,5.4,184.8,20.6C128,35.8,132.3,44.9,89.9,52.5C28.6,63.7,0,0,0,0 h1000c0,0-9.9,40.9-83.6,48.1S829.6,47,766.1,28.9z\"\/>\n<\/svg>\t\t<\/div>\n\t\t\t\t<\/div>\n\t\t<div class=\"elementor-element elementor-element-99dd88b e-flex e-con-boxed e-con\" data-id=\"99dd88b\" data-element_type=\"container\" data-settings=\"{&quot;background_background&quot;:&quot;classic&quot;,&quot;content_width&quot;:&quot;boxed&quot;}\">\n\t\t\t\t\t<div class=\"e-con-inner\">\n\t\t<div class=\"elementor-element elementor-element-e93d4f5 e-flex e-con-boxed e-con\" data-id=\"e93d4f5\" data-element_type=\"container\" data-settings=\"{&quot;content_width&quot;:&quot;boxed&quot;}\">\n\t\t\t\t\t<div class=\"e-con-inner\">\n\t\t\t\t<div class=\"elementor-element elementor-element-4de8727 elementor-widget elementor-widget-heading\" data-id=\"4de8727\" data-element_type=\"widget\" data-widget_type=\"heading.default\">\n\t\t\t\t<div class=\"elementor-widget-container\">\n\t\t\t<style>\/*! elementor - v3.14.0 - 26-06-2023 *\/\n.elementor-heading-title{padding:0;margin:0;line-height:1}.elementor-widget-heading .elementor-heading-title[class*=elementor-size-]>a{color:inherit;font-size:inherit;line-height:inherit}.elementor-widget-heading .elementor-heading-title.elementor-size-small{font-size:15px}.elementor-widget-heading .elementor-heading-title.elementor-size-medium{font-size:19px}.elementor-widget-heading .elementor-heading-title.elementor-size-large{font-size:29px}.elementor-widget-heading .elementor-heading-title.elementor-size-xl{font-size:39px}.elementor-widget-heading .elementor-heading-title.elementor-size-xxl{font-size:59px}<\/style><h1 class=\"elementor-heading-title elementor-size-default\">Parap\u00ebrkujdesja<\/h1>\t\t<\/div>\n\t\t\t\t<\/div>\n\t\t\t\t\t<\/div>\n\t\t\t\t<\/div>\n\t\t\t\t<div class=\"elementor-element elementor-element-ff1ba6b elementor-position-right elementor-vertical-align-middle elementor-widget elementor-widget-image-box\" data-id=\"ff1ba6b\" data-element_type=\"widget\" data-widget_type=\"image-box.default\">\n\t\t\t\t<div class=\"elementor-widget-container\">\n\t\t\t<style>\/*! elementor - v3.14.0 - 26-06-2023 *\/\n.elementor-widget-image-box .elementor-image-box-content{width:100%}@media (min-width:768px){.elementor-widget-image-box.elementor-position-left .elementor-image-box-wrapper,.elementor-widget-image-box.elementor-position-right .elementor-image-box-wrapper{display:flex}.elementor-widget-image-box.elementor-position-right .elementor-image-box-wrapper{text-align:right;flex-direction:row-reverse}.elementor-widget-image-box.elementor-position-left .elementor-image-box-wrapper{text-align:left;flex-direction:row}.elementor-widget-image-box.elementor-position-top .elementor-image-box-img{margin:auto}.elementor-widget-image-box.elementor-vertical-align-top .elementor-image-box-wrapper{align-items:flex-start}.elementor-widget-image-box.elementor-vertical-align-middle .elementor-image-box-wrapper{align-items:center}.elementor-widget-image-box.elementor-vertical-align-bottom .elementor-image-box-wrapper{align-items:flex-end}}@media (max-width:767px){.elementor-widget-image-box .elementor-image-box-img{margin-left:auto!important;margin-right:auto!important;margin-bottom:15px}}.elementor-widget-image-box .elementor-image-box-img{display:inline-block}.elementor-widget-image-box .elementor-image-box-title a{color:inherit}.elementor-widget-image-box .elementor-image-box-wrapper{text-align:center}.elementor-widget-image-box .elementor-image-box-description{margin:0}<\/style><div class=\"elementor-image-box-wrapper\"><figure class=\"elementor-image-box-img\"><img loading=\"lazy\" decoding=\"async\" width=\"150\" height=\"150\" src=\"https:\/\/supermamans.ch\/wp-content\/uploads\/2023\/07\/icone-prebichonnage-500-150x150.png\" class=\"attachment-thumbnail size-thumbnail wp-image-31605\" alt=\"pr\u00e9-bichonnage\" srcset=\"https:\/\/supermamans.ch\/wp-content\/uploads\/2023\/07\/icone-prebichonnage-500-150x150.png 150w, https:\/\/supermamans.ch\/wp-content\/uploads\/2023\/07\/icone-prebichonnage-500-300x300.png 300w, https:\/\/supermamans.ch\/wp-content\/uploads\/2023\/07\/icone-prebichonnage-500-75x75.png 75w, https:\/\/supermamans.ch\/wp-content\/uploads\/2023\/07\/icone-prebichonnage-500.png 500w\" sizes=\"auto, (max-width:767px) 150px, 150px\" \/><\/figure><div class=\"elementor-image-box-content\"><p class=\"elementor-image-box-description\">Parap\u00ebrkujdesja ka t\u00eb b\u00ebj\u00eb me n\u00ebnat e ardhshme. N\u00ebse je shtatz\u00ebn\u00eb dhe duhet t\u00eb q\u00ebndrosh shtrir\u00eb (me urdh\u00ebr t\u00eb mjekut), ekipi i vullnetar\u00ebve t\u00eb SuperMamans, MamansCadeau, do t\u00eb vijn\u00eb dhe do t\u00eb sjellin nj\u00eb ushqim t\u00eb mir\u00eb t\u00eb gatuar n\u00eb sht\u00ebpi p\u00ebr ty dhe familjen t\u00ebnde.  N\u00ebse e d\u00ebshiron, MamanCadeau mund t\u00eb q\u00ebndroj\u00eb edhe p\u00ebr nj\u00eb moment diskutimi dhe shk\u00ebmbimi.<\/p><\/div><\/div>\t\t<\/div>\n\t\t\t\t<\/div>\n\t\t<div class=\"elementor-element elementor-element-779cdf8 e-grid e-con-boxed e-con\" data-id=\"779cdf8\" data-element_type=\"container\" data-settings=\"{&quot;grid_columns_grid&quot;:{&quot;unit&quot;:&quot;fr&quot;,&quot;size&quot;:2,&quot;sizes&quot;:[]},&quot;grid_rows_grid&quot;:{&quot;unit&quot;:&quot;fr&quot;,&quot;size&quot;:1,&quot;sizes&quot;:[]},&quot;content_width&quot;:&quot;boxed&quot;,&quot;grid_outline&quot;:&quot;yes&quot;,&quot;grid_columns_grid_tablet&quot;:{&quot;unit&quot;:&quot;fr&quot;,&quot;size&quot;:&quot;&quot;,&quot;sizes&quot;:[]},&quot;grid_columns_grid_mobile&quot;:{&quot;unit&quot;:&quot;fr&quot;,&quot;size&quot;:1,&quot;sizes&quot;:[]},&quot;grid_rows_grid_tablet&quot;:{&quot;unit&quot;:&quot;fr&quot;,&quot;size&quot;:&quot;&quot;,&quot;sizes&quot;:[]},&quot;grid_rows_grid_mobile&quot;:{&quot;unit&quot;:&quot;fr&quot;,&quot;size&quot;:&quot;&quot;,&quot;sizes&quot;:[]}}\">\n\t\t\t\t\t<div class=\"e-con-inner\">\n\t\t\t\t\t<\/div>\n\t\t\t\t<\/div>\n\t\t<div class=\"elementor-element elementor-element-554325b e-flex e-con-boxed e-con\" data-id=\"554325b\" data-element_type=\"container\" data-settings=\"{&quot;content_width&quot;:&quot;boxed&quot;}\">\n\t\t\t\t\t<div class=\"e-con-inner\">\n\t\t\t\t<div class=\"elementor-element elementor-element-ce11d7d elementor-align-center elementor-mobile-align-center elementor-widget elementor-widget-button\" data-id=\"ce11d7d\" data-element_type=\"widget\" data-widget_type=\"button.default\">\n\t\t\t\t<div class=\"elementor-widget-container\">\n\t\t\t\t\t<div class=\"elementor-button-wrapper\">\n\t\t\t<a class=\"elementor-button elementor-button-link elementor-size-sm\" href=\"https:\/\/www.supermamans.ch\/sq\/mamanabichonner\/\">\n\t\t\t\t\t\t<span class=\"elementor-button-content-wrapper\">\n\t\t\t\t\t\t<span class=\"elementor-button-text\">Po regjistrohem p\u00ebr nj\u00eb parap\u00ebrkujdesje<\/span>\n\t\t<\/span>\n\t\t\t\t\t<\/a>\n\t\t<\/div>\n\t\t\t\t<\/div>\n\t\t\t\t<\/div>\n\t\t\t\t\t<\/div>\n\t\t\t\t<\/div>\n\t\t\t\t\t<\/div>\n\t\t\t\t<\/div>\n\t\t<div class=\"elementor-element elementor-element-ab8ccc8 e-flex e-con-boxed e-con\" data-id=\"ab8ccc8\" data-element_type=\"container\" data-settings=\"{&quot;background_background&quot;:&quot;classic&quot;,&quot;content_width&quot;:&quot;boxed&quot;}\">\n\t\t\t\t\t<div class=\"e-con-inner\">\n\t\t<div class=\"elementor-element elementor-element-183d1f2 e-con-full e-flex e-con\" data-id=\"183d1f2\" data-element_type=\"container\" data-settings=\"{&quot;content_width&quot;:&quot;full&quot;}\">\n\t\t\t\t<div class=\"elementor-element elementor-element-25814f2 elementor-view-default elementor-widget elementor-widget-icon\" data-id=\"25814f2\" data-element_type=\"widget\" data-widget_type=\"icon.default\">\n\t\t\t\t<div class=\"elementor-widget-container\">\n\t\t\t\t\t<div class=\"elementor-icon-wrapper\">\n\t\t\t<div class=\"elementor-icon elementor-animation-grow\">\n\t\t\t<i aria-hidden=\"true\" class=\"fas fa-laptop\"><\/i>\t\t\t<\/div>\n\t\t<\/div>\n\t\t\t\t<\/div>\n\t\t\t\t<\/div>\n\t\t\t\t<\/div>\n\t\t<div class=\"elementor-element elementor-element-1dbf9c4 e-con-full e-flex e-con\" data-id=\"1dbf9c4\" data-element_type=\"container\" data-settings=\"{&quot;content_width&quot;:&quot;full&quot;}\">\n\t\t\t\t<div class=\"elementor-element elementor-element-2ca5f62 elementor-widget elementor-widget-heading\" data-id=\"2ca5f62\" data-element_type=\"widget\" data-widget_type=\"heading.default\">\n\t\t\t\t<div class=\"elementor-widget-container\">\n\t\t\t<h2 class=\"elementor-heading-title elementor-size-default\">Organizimi i p\u00ebrkujdesjes<\/h2>\t\t<\/div>\n\t\t\t\t<\/div>\n\t\t\t\t<div class=\"elementor-element elementor-element-26955c2 elementor-widget elementor-widget-text-editor\" data-id=\"26955c2\" data-element_type=\"widget\" data-widget_type=\"text-editor.default\">\n\t\t\t\t<div class=\"elementor-widget-container\">\n\t\t\t<style>\/*! elementor - v3.14.0 - 26-06-2023 *\/\n.elementor-widget-text-editor.elementor-drop-cap-view-stacked .elementor-drop-cap{background-color:#69727d;color:#fff}.elementor-widget-text-editor.elementor-drop-cap-view-framed .elementor-drop-cap{color:#69727d;border:3px solid;background-color:transparent}.elementor-widget-text-editor:not(.elementor-drop-cap-view-default) .elementor-drop-cap{margin-top:8px}.elementor-widget-text-editor:not(.elementor-drop-cap-view-default) .elementor-drop-cap-letter{width:1em;height:1em}.elementor-widget-text-editor .elementor-drop-cap{float:left;text-align:center;line-height:1;font-size:50px}.elementor-widget-text-editor .elementor-drop-cap-letter{display:inline-block}<\/style>\t\t\t\t<p>Duhen af\u00ebrsisht 10 dit\u00eb p\u00ebr t\u00eb organizuar p\u00ebrkujdesjen p\u00ebr ty nga dita kur ti na informon p\u00ebr lindjen e foshnj\u00ebs t\u00ebnde dhe e konfirmon disponueshm\u00ebrin\u00eb t\u00ebnde. N\u00ebse d\u00ebshiron q\u00eb p\u00ebrkujdesja jote t\u00eb filloj\u00eb shpejt, na d\u00ebrgo k\u00ebto informacione sa m\u00eb shpejt q\u00eb t\u00eb mundesh. N\u00eb k\u00ebt\u00eb m\u00ebnyr\u00eb ne mund t\u00eb mbledhim sa m\u00eb shum\u00eb vullnetar\u00eb p\u00ebr ty!  <\/p>\n\t\t\t\t\t\t<\/div>\n\t\t\t\t<\/div>\n\t\t\t\t<\/div>\n\t\t\t\t\t<\/div>\n\t\t\t\t<\/div>\n\t\t<div class=\"elementor-element elementor-element-c671116 e-flex e-con-boxed e-con\" data-id=\"c671116\" data-element_type=\"container\" data-settings=\"{&quot;background_background&quot;:&quot;classic&quot;,&quot;content_width&quot;:&quot;boxed&quot;}\">\n\t\t\t\t\t<div class=\"e-con-inner\">\n\t\t<div class=\"elementor-element elementor-element-e850ec8 e-con-full e-flex e-con\" data-id=\"e850ec8\" data-element_type=\"container\" data-settings=\"{&quot;content_width&quot;:&quot;full&quot;}\">\n\t\t\t\t<div class=\"elementor-element elementor-element-7fe5c0a elementor-view-default elementor-widget elementor-widget-icon\" data-id=\"7fe5c0a\" data-element_type=\"widget\" data-widget_type=\"icon.default\">\n\t\t\t\t<div class=\"elementor-widget-container\">\n\t\t\t\t\t<div class=\"elementor-icon-wrapper\">\n\t\t\t<div class=\"elementor-icon elementor-animation-grow\">\n\t\t\t<i aria-hidden=\"true\" class=\"fas fa-allergies\"><\/i>\t\t\t<\/div>\n\t\t<\/div>\n\t\t\t\t<\/div>\n\t\t\t\t<\/div>\n\t\t\t\t<\/div>\n\t\t<div class=\"elementor-element elementor-element-00c0472 e-con-full e-flex e-con\" data-id=\"00c0472\" data-element_type=\"container\" data-settings=\"{&quot;content_width&quot;:&quot;full&quot;}\">\n\t\t\t\t<div class=\"elementor-element elementor-element-a6fbbdb elementor-widget elementor-widget-heading\" data-id=\"a6fbbdb\" data-element_type=\"widget\" data-widget_type=\"heading.default\">\n\t\t\t\t<div class=\"elementor-widget-container\">\n\t\t\t<h2 class=\"elementor-heading-title elementor-size-default\">Alergjit\u00eb dhe jo-tolerancat<\/h2>\t\t<\/div>\n\t\t\t\t<\/div>\n\t\t\t\t<div class=\"elementor-element elementor-element-3ef9913 elementor-widget elementor-widget-text-editor\" data-id=\"3ef9913\" data-element_type=\"widget\" data-widget_type=\"text-editor.default\">\n\t\t\t\t<div class=\"elementor-widget-container\">\n\t\t\t\t\t\t\t<p>Kur t\u00eb regjistrohesh, t\u00eb lutem specifiko \u00e7do alergji ushqimore dhe\/ose shmangie q\u00eb duhet t\u00eb merret parasysh. MamansCadeau jan\u00eb t\u00eb informuar p\u00ebr k\u00ebt\u00eb dhe gatuajn\u00eb ushqimet e tyre bazuar n\u00eb k\u00ebt\u00ebo informacione. SuperMamans u d\u00ebrgon gjithashtu rekomandime n\u00eb lidhje me higjien\u00ebn e ushqimit dhe informacionet specifike p\u00ebr shtatz\u00ebnin dhe dh\u00ebnien e gjirit.*  <\/p>\n\t\t\t\t\t\t<\/div>\n\t\t\t\t<\/div>\n\t\t\t\t<\/div>\n\t\t\t\t\t<\/div>\n\t\t\t\t<\/div>\n\t\t<div class=\"elementor-element elementor-element-7aec067 e-flex e-con-boxed e-con\" data-id=\"7aec067\" data-element_type=\"container\" data-settings=\"{&quot;background_background&quot;:&quot;classic&quot;,&quot;content_width&quot;:&quot;boxed&quot;}\">\n\t\t\t\t\t<div class=\"e-con-inner\">\n\t\t<div class=\"elementor-element elementor-element-1842e5d e-con-full e-flex e-con\" data-id=\"1842e5d\" data-element_type=\"container\" data-settings=\"{&quot;content_width&quot;:&quot;full&quot;}\">\n\t\t\t\t<div class=\"elementor-element elementor-element-349122a elementor-view-default elementor-widget elementor-widget-icon\" data-id=\"349122a\" data-element_type=\"widget\" data-widget_type=\"icon.default\">\n\t\t\t\t<div class=\"elementor-widget-container\">\n\t\t\t\t\t<div class=\"elementor-icon-wrapper\">\n\t\t\t<div class=\"elementor-icon elementor-animation-grow\">\n\t\t\t<i aria-hidden=\"true\" class=\"fas fa-clipboard-list\"><\/i>\t\t\t<\/div>\n\t\t<\/div>\n\t\t\t\t<\/div>\n\t\t\t\t<\/div>\n\t\t\t\t<\/div>\n\t\t<div class=\"elementor-element elementor-element-1d045e6 e-con-full e-flex e-con\" data-id=\"1d045e6\" data-element_type=\"container\" data-settings=\"{&quot;content_width&quot;:&quot;full&quot;}\">\n\t\t\t\t<div class=\"elementor-element elementor-element-1ab51c6 elementor-widget elementor-widget-heading\" data-id=\"1ab51c6\" data-element_type=\"widget\" data-widget_type=\"heading.default\">\n\t\t\t\t<div class=\"elementor-widget-container\">\n\t\t\t<h2 class=\"elementor-heading-title elementor-size-default\">Programi i p\u00ebrkujdesjes<\/h2>\t\t<\/div>\n\t\t\t\t<\/div>\n\t\t\t\t<div class=\"elementor-element elementor-element-dbdd2fb elementor-widget elementor-widget-text-editor\" data-id=\"dbdd2fb\" data-element_type=\"widget\" data-widget_type=\"text-editor.default\">\n\t\t\t\t<div class=\"elementor-widget-container\">\n\t\t\t\t\t\t\t<p>Ti do t\u00eb pranosh programin t\u00ebnd t\u00eb p\u00ebrkujdesjes me t\u00eb dh\u00ebnat e kontaktit t\u00eb secil\u00ebs MamanCadeau q\u00eb do t\u00eb vij\u00eb t\u00eb p\u00ebrkujdeset. Ato t\u00eb kontaktojn\u00eb para vizit\u00ebs s\u00eb tyre, por ti gjithashtu mund t&#8217;i kontaktosh n\u00eb rast nevoje. <\/p>\n\t\t\t\t\t\t<\/div>\n\t\t\t\t<\/div>\n\t\t\t\t<\/div>\n\t\t\t\t\t<\/div>\n\t\t\t\t<\/div>\n\t\t<div class=\"elementor-element elementor-element-e81f9ec e-flex e-con-boxed e-con\" data-id=\"e81f9ec\" data-element_type=\"container\" data-settings=\"{&quot;background_background&quot;:&quot;classic&quot;,&quot;content_width&quot;:&quot;boxed&quot;}\">\n\t\t\t\t\t<div class=\"e-con-inner\">\n\t\t<div class=\"elementor-element elementor-element-e4dc8e3 e-con-full e-flex e-con\" data-id=\"e4dc8e3\" data-element_type=\"container\" data-settings=\"{&quot;content_width&quot;:&quot;full&quot;}\">\n\t\t\t\t<div class=\"elementor-element elementor-element-b92d9bf elementor-view-default elementor-widget elementor-widget-icon\" data-id=\"b92d9bf\" data-element_type=\"widget\" data-widget_type=\"icon.default\">\n\t\t\t\t<div class=\"elementor-widget-container\">\n\t\t\t\t\t<div class=\"elementor-icon-wrapper\">\n\t\t\t<div class=\"elementor-icon elementor-animation-grow\">\n\t\t\t<i aria-hidden=\"true\" class=\"fas fa-hands-helping\"><\/i>\t\t\t<\/div>\n\t\t<\/div>\n\t\t\t\t<\/div>\n\t\t\t\t<\/div>\n\t\t\t\t<\/div>\n\t\t<div class=\"elementor-element elementor-element-39db6ec e-con-full e-flex e-con\" data-id=\"39db6ec\" data-element_type=\"container\" data-settings=\"{&quot;content_width&quot;:&quot;full&quot;}\">\n\t\t\t\t<div class=\"elementor-element elementor-element-e85790d elementor-widget elementor-widget-heading\" data-id=\"e85790d\" data-element_type=\"widget\" data-widget_type=\"heading.default\">\n\t\t\t\t<div class=\"elementor-widget-container\">\n\t\t\t<h2 class=\"elementor-heading-title elementor-size-default\">Pritja e MamansCadeau<\/h2>\t\t<\/div>\n\t\t\t\t<\/div>\n\t\t\t\t<div class=\"elementor-element elementor-element-25106de elementor-widget elementor-widget-text-editor\" data-id=\"25106de\" data-element_type=\"widget\" data-widget_type=\"text-editor.default\">\n\t\t\t\t<div class=\"elementor-widget-container\">\n\t\t\t\t\t\t\t<p>Ne t\u00eb k\u00ebrkojm\u00eb t\u00eb pakt\u00ebn nj\u00eb pritje minimale t\u00eb vullnetar\u00ebve n\u00eb der\u00eb p\u00ebr t\u00eb marr\u00eb ushqimin e tyre dhe p\u00ebr t&#8217;i fal\u00ebnderuar. Les MamansCadeau sjellin nj\u00eb ushqim falas t\u00eb p\u00ebrgatitur prej tyre gjat\u00eb koh\u00ebs s\u00eb lir\u00eb. <\/p>\n\t\t\t\t\t\t<\/div>\n\t\t\t\t<\/div>\n\t\t\t\t<\/div>\n\t\t\t\t\t<\/div>\n\t\t\t\t<\/div>\n\t\t<div class=\"elementor-element elementor-element-9215c43 e-flex e-con-boxed e-con\" data-id=\"9215c43\" data-element_type=\"container\" data-settings=\"{&quot;background_background&quot;:&quot;classic&quot;,&quot;content_width&quot;:&quot;boxed&quot;}\">\n\t\t\t\t\t<div class=\"e-con-inner\">\n\t\t<div class=\"elementor-element elementor-element-5bfb68b e-con-full e-flex e-con\" data-id=\"5bfb68b\" data-element_type=\"container\" data-settings=\"{&quot;content_width&quot;:&quot;full&quot;}\">\n\t\t\t\t<div class=\"elementor-element elementor-element-bee22ae elementor-view-default elementor-widget elementor-widget-icon\" data-id=\"bee22ae\" data-element_type=\"widget\" data-widget_type=\"icon.default\">\n\t\t\t\t<div class=\"elementor-widget-container\">\n\t\t\t\t\t<div class=\"elementor-icon-wrapper\">\n\t\t\t<div class=\"elementor-icon elementor-animation-grow\">\n\t\t\t<i aria-hidden=\"true\" class=\"fas fa-mobile-alt\"><\/i>\t\t\t<\/div>\n\t\t<\/div>\n\t\t\t\t<\/div>\n\t\t\t\t<\/div>\n\t\t\t\t<\/div>\n\t\t<div class=\"elementor-element elementor-element-2c9b579 e-con-full e-flex e-con\" data-id=\"2c9b579\" data-element_type=\"container\" data-settings=\"{&quot;content_width&quot;:&quot;full&quot;}\">\n\t\t\t\t<div class=\"elementor-element elementor-element-686a89f elementor-widget elementor-widget-heading\" data-id=\"686a89f\" data-element_type=\"widget\" data-widget_type=\"heading.default\">\n\t\t\t\t<div class=\"elementor-widget-container\">\n\t\t\t<h2 class=\"elementor-heading-title elementor-size-default\">Padisponueshm\u00ebria<\/h2>\t\t<\/div>\n\t\t\t\t<\/div>\n\t\t\t\t<div class=\"elementor-element elementor-element-0f34769 elementor-widget elementor-widget-text-editor\" data-id=\"0f34769\" data-element_type=\"widget\" data-widget_type=\"text-editor.default\">\n\t\t\t\t<div class=\"elementor-widget-container\">\n\t\t\t\t\t\t\t<p>P\u00ebr respekt ndaj MamansCadeau q\u00eb jan\u00eb t\u00eb p\u00ebrkushtuara p\u00ebr p\u00ebrkujdesje, njoftoi ato sa m\u00eb shpejt q\u00eb t\u00eb jet\u00eb e mundur n\u00eb rast ndryshimi t\u00eb programit ose n\u00ebse nuk je n\u00eb gjendje t\u2019i pres\u00ebsh. Ne k\u00ebrkojm\u00eb nga vullnetar\u00ebt tan\u00eb t\u00eb veprojn\u00eb n\u00eb t\u00eb nj\u00ebjt\u00ebn m\u00ebnyr\u00eb me ty n\u00ebse kan\u00eb ndonj\u00eb penges\u00eb. <\/p>\n\t\t\t\t\t\t<\/div>\n\t\t\t\t<\/div>\n\t\t\t\t<\/div>\n\t\t\t\t\t<\/div>\n\t\t\t\t<\/div>\n\t\t<div class=\"elementor-element elementor-element-eebbcef e-flex e-con-boxed e-con\" data-id=\"eebbcef\" data-element_type=\"container\" data-settings=\"{&quot;background_background&quot;:&quot;classic&quot;,&quot;content_width&quot;:&quot;boxed&quot;}\">\n\t\t\t\t\t<div class=\"e-con-inner\">\n\t\t<div class=\"elementor-element elementor-element-e84cb4a e-con-full e-flex e-con\" data-id=\"e84cb4a\" data-element_type=\"container\" data-settings=\"{&quot;content_width&quot;:&quot;full&quot;}\">\n\t\t\t\t<div class=\"elementor-element elementor-element-557e04a elementor-view-default elementor-widget elementor-widget-icon\" data-id=\"557e04a\" data-element_type=\"widget\" data-widget_type=\"icon.default\">\n\t\t\t\t<div class=\"elementor-widget-container\">\n\t\t\t\t\t<div class=\"elementor-icon-wrapper\">\n\t\t\t<div class=\"elementor-icon elementor-animation-grow\">\n\t\t\t<i aria-hidden=\"true\" class=\"fas fa-heart\"><\/i>\t\t\t<\/div>\n\t\t<\/div>\n\t\t\t\t<\/div>\n\t\t\t\t<\/div>\n\t\t\t\t<\/div>\n\t\t<div class=\"elementor-element elementor-element-81fcca7 e-con-full e-flex e-con\" data-id=\"81fcca7\" data-element_type=\"container\" data-settings=\"{&quot;content_width&quot;:&quot;full&quot;}\">\n\t\t\t\t<div class=\"elementor-element elementor-element-7d0c8b5 elementor-widget elementor-widget-heading\" data-id=\"7d0c8b5\" data-element_type=\"widget\" data-widget_type=\"heading.default\">\n\t\t\t\t<div class=\"elementor-widget-container\">\n\t\t\t<h2 class=\"elementor-heading-title elementor-size-default\">Fal\u00ebnderimet<\/h2>\t\t<\/div>\n\t\t\t\t<\/div>\n\t\t\t\t<div class=\"elementor-element elementor-element-dd82f64 elementor-widget elementor-widget-text-editor\" data-id=\"dd82f64\" data-element_type=\"widget\" data-widget_type=\"text-editor.default\">\n\t\t\t\t<div class=\"elementor-widget-container\">\n\t\t\t\t\t\t\t<p>Pasi t\u00eb kesh shijuar ushqimin t\u00ebnde, mos harro t\u00eb fal\u00ebnderosh MamanCadeau, e cila \u00ebsht\u00eb 100% vullnetare (m\u00eb s\u00eb miri me mesazh), ajo dhuroi koh\u00ebn e saj p\u00ebr ty pa pritur asgj\u00eb tjet\u00ebr p\u00ebrve\u00e7 nj\u00eb &#8220;t\u00eb faleminderit&#8221; nga ana jote!<\/p>\n\t\t\t\t\t\t<\/div>\n\t\t\t\t<\/div>\n\t\t\t\t<\/div>\n\t\t\t\t\t<\/div>\n\t\t\t\t<\/div>\n\t\t<div class=\"elementor-element elementor-element-f352ad6 e-flex e-con-boxed e-con\" data-id=\"f352ad6\" data-element_type=\"container\" data-settings=\"{&quot;background_background&quot;:&quot;classic&quot;,&quot;content_width&quot;:&quot;boxed&quot;}\">\n\t\t\t\t\t<div class=\"e-con-inner\">\n\t\t\t\t<div class=\"elementor-element elementor-element-5a7497b elementor-widget elementor-widget-text-editor\" data-id=\"5a7497b\" data-element_type=\"widget\" data-widget_type=\"text-editor.default\">\n\t\t\t\t<div class=\"elementor-widget-container\">\n\t\t\t\t\t\t\t<p class=\"MsoNormal\" style=\"text-align: center;\"><span style=\"font-family: 'Gravostyle Basic Regular',sans-serif;\">Regjistrimi yt i n\u00ebnshtrohet <a href=\"https:\/\/www.supermamans.ch\/charte-de-confidentialite\/\">statutit t\u00eb konfidencialitetit<\/a>.<\/span><\/p>\n\t\t\t\t\t\t<\/div>\n\t\t\t\t<\/div>\n\t\t\t\t<div class=\"elementor-element elementor-element-5dcf93e elementor-align-center elementor-mobile-align-center elementor-widget elementor-widget-button\" data-id=\"5dcf93e\" data-element_type=\"widget\" data-widget_type=\"button.default\">\n\t\t\t\t<div class=\"elementor-widget-container\">\n\t\t\t\t\t<div class=\"elementor-button-wrapper\">\n\t\t\t<a class=\"elementor-button elementor-button-link elementor-size-sm\" href=\"https:\/\/www.supermamans.ch\/sq\/mamanabichonner\/\">\n\t\t\t\t\t\t<span class=\"elementor-button-content-wrapper\">\n\t\t\t\t\t\t<span class=\"elementor-button-text\">Po regjistrohem p\u00ebr nj\u00eb parap\u00ebrkujdesje<\/span>\n\t\t<\/span>\n\t\t\t\t\t<\/a>\n\t\t<\/div>\n\t\t\t\t<\/div>\n\t\t\t\t<\/div>\n\t\t\t\t<div class=\"elementor-element elementor-element-39460a7 elementor-widget elementor-widget-text-editor\" data-id=\"39460a7\" data-element_type=\"widget\" data-widget_type=\"text-editor.default\">\n\t\t\t\t<div class=\"elementor-widget-container\">\n\t\t\t\t\t\t\t<p><em>*SuperMamans ka si q\u00ebllim t\u00eb vet\u00ebm lidhjen e njer\u00ebzve me q\u00ebllim t\u00eb ndihm\u00ebs dhe marr\u00ebdh\u00ebnieve t\u00eb nd\u00ebrsjellta. SuperMamans nuk mban p\u00ebrgjegj\u00ebsi n\u00eb rast problemi q\u00eb lidhet me mosrespektimin e nje lajmrimi alergjie. <\/em><\/p>\n\t\t\t\t\t\t<\/div>\n\t\t\t\t<\/div>\n\t\t\t\t\t<\/div>\n\t\t\t\t<\/div>\n\t\t\t\t\t\t\t<\/div>\n\t\t","protected":false},"excerpt":{"rendered":"<p>Parap\u00ebrkujdesja Parap\u00ebrkujdesja ka t\u00eb b\u00ebj\u00eb me n\u00ebnat e ardhshme. N\u00ebse je shtatz\u00ebn\u00eb dhe duhet t\u00eb q\u00ebndrosh shtrir\u00eb (me urdh\u00ebr t\u00eb mjekut), ekipi i vullnetar\u00ebve t\u00eb SuperMamans, MamansCadeau, do t\u00eb vijn\u00eb dhe do t\u00eb sjellin nj\u00eb ushqim t\u00eb mir\u00eb t\u00eb gatuar n\u00eb sht\u00ebpi p\u00ebr ty dhe familjen t\u00ebnde. N\u00ebse e d\u00ebshiron,<span class=\"excerpt-hellip\"> [\u2026]<\/span><\/p>\n","protected":false},"author":1,"featured_media":0,"parent":0,"menu_order":0,"comment_status":"closed","ping_status":"closed","template":"","meta":{"_acf_changed":false,"footnotes":""},"class_list":["post-34311","page","type-page","status-publish","hentry"],"acf":[],"_links":{"self":[{"href":"https:\/\/supermamans.ch\/sq\/wp-json\/wp\/v2\/pages\/34311","targetHints":{"allow":["GET"]}}],"collection":[{"href":"https:\/\/supermamans.ch\/sq\/wp-json\/wp\/v2\/pages"}],"about":[{"href":"https:\/\/supermamans.ch\/sq\/wp-json\/wp\/v2\/types\/page"}],"author":[{"embeddable":true,"href":"https:\/\/supermamans.ch\/sq\/wp-json\/wp\/v2\/users\/1"}],"replies":[{"embeddable":true,"href":"https:\/\/supermamans.ch\/sq\/wp-json\/wp\/v2\/comments?post=34311"}],"version-history":[{"count":14,"href":"https:\/\/supermamans.ch\/sq\/wp-json\/wp\/v2\/pages\/34311\/revisions"}],"predecessor-version":[{"id":36811,"href":"https:\/\/supermamans.ch\/sq\/wp-json\/wp\/v2\/pages\/34311\/revisions\/36811"}],"wp:attachment":[{"href":"https:\/\/supermamans.ch\/sq\/wp-json\/wp\/v2\/media?parent=34311"}],"curies":[{"name":"wp","href":"https:\/\/api.w.org\/{rel}","templated":true}]}}