{"id":34579,"date":"2017-05-02T14:50:37","date_gmt":"2017-05-02T12:50:37","guid":{"rendered":"https:\/\/www.supermamans.ch\/faq\/"},"modified":"2025-01-11T23:36:13","modified_gmt":"2025-01-11T22:36:13","slug":"faq","status":"publish","type":"page","link":"https:\/\/supermamans.ch\/pt-pt\/faq\/","title":{"rendered":"FAQ"},"content":{"rendered":"\t\t<div data-elementor-type=\"wp-page\" data-elementor-id=\"34579\" class=\"elementor elementor-34579 elementor-1514\">\n\t\t\t\t\t\t\t<div class=\"elementor-element elementor-element-45dffae e-con-full e-flex e-con\" data-id=\"45dffae\" data-element_type=\"container\" data-settings=\"{&quot;content_width&quot;:&quot;full&quot;,&quot;background_background&quot;:&quot;classic&quot;,&quot;shape_divider_bottom&quot;:&quot;mountains&quot;}\" data-e-bg-lazyload=\"\">\n\t\t\t\t<div class=\"elementor-shape elementor-shape-bottom\" data-negative=\"false\">\n\t\t\t<svg xmlns=\"http:\/\/www.w3.org\/2000\/svg\" viewBox=\"0 0 1000 100\" preserveAspectRatio=\"none\">\n\t<path class=\"elementor-shape-fill\" opacity=\"0.33\" d=\"M473,67.3c-203.9,88.3-263.1-34-320.3,0C66,119.1,0,59.7,0,59.7V0h1000v59.7 c0,0-62.1,26.1-94.9,29.3c-32.8,3.3-62.8-12.3-75.8-22.1C806,49.6,745.3,8.7,694.9,4.7S492.4,59,473,67.3z\"\/>\n\t<path class=\"elementor-shape-fill\" opacity=\"0.66\" d=\"M734,67.3c-45.5,0-77.2-23.2-129.1-39.1c-28.6-8.7-150.3-10.1-254,39.1 s-91.7-34.4-149.2,0C115.7,118.3,0,39.8,0,39.8V0h1000v36.5c0,0-28.2-18.5-92.1-18.5C810.2,18.1,775.7,67.3,734,67.3z\"\/>\n\t<path class=\"elementor-shape-fill\" d=\"M766.1,28.9c-200-57.5-266,65.5-395.1,19.5C242,1.8,242,5.4,184.8,20.6C128,35.8,132.3,44.9,89.9,52.5C28.6,63.7,0,0,0,0 h1000c0,0-9.9,40.9-83.6,48.1S829.6,47,766.1,28.9z\"\/>\n<\/svg>\t\t<\/div>\n\t\t\t\t<\/div>\n\t\t<div class=\"elementor-element elementor-element-31aaeac e-flex e-con-boxed e-con\" data-id=\"31aaeac\" data-element_type=\"container\" data-settings=\"{&quot;background_background&quot;:&quot;classic&quot;,&quot;content_width&quot;:&quot;boxed&quot;}\">\n\t\t\t\t\t<div class=\"e-con-inner\">\n\t\t<div class=\"elementor-element elementor-element-814ed14 e-flex e-con-boxed e-con\" data-id=\"814ed14\" data-element_type=\"container\" data-settings=\"{&quot;content_width&quot;:&quot;boxed&quot;}\">\n\t\t\t\t\t<div class=\"e-con-inner\">\n\t\t\t\t<div class=\"elementor-element elementor-element-ea611eb elementor-widget elementor-widget-heading\" data-id=\"ea611eb\" data-element_type=\"widget\" data-widget_type=\"heading.default\">\n\t\t\t\t<div class=\"elementor-widget-container\">\n\t\t\t<style>\/*! elementor - v3.14.0 - 26-06-2023 *\/\n.elementor-heading-title{padding:0;margin:0;line-height:1}.elementor-widget-heading .elementor-heading-title[class*=elementor-size-]>a{color:inherit;font-size:inherit;line-height:inherit}.elementor-widget-heading .elementor-heading-title.elementor-size-small{font-size:15px}.elementor-widget-heading .elementor-heading-title.elementor-size-medium{font-size:19px}.elementor-widget-heading .elementor-heading-title.elementor-size-large{font-size:29px}.elementor-widget-heading .elementor-heading-title.elementor-size-xl{font-size:39px}.elementor-widget-heading .elementor-heading-title.elementor-size-xxl{font-size:59px}<\/style><h1 class=\"elementor-heading-title elementor-size-default\">Perguntas Frequentes (FAQ)<\/h1>\t\t<\/div>\n\t\t\t\t<\/div>\n\t\t\t\t<div class=\"elementor-element elementor-element-7a98ba5 elementor-widget elementor-widget-text-editor\" data-id=\"7a98ba5\" data-element_type=\"widget\" data-widget_type=\"text-editor.default\">\n\t\t\t\t<div class=\"elementor-widget-container\">\n\t\t\t<style>\/*! elementor - v3.14.0 - 26-06-2023 *\/\n.elementor-widget-text-editor.elementor-drop-cap-view-stacked .elementor-drop-cap{background-color:#69727d;color:#fff}.elementor-widget-text-editor.elementor-drop-cap-view-framed .elementor-drop-cap{color:#69727d;border:3px solid;background-color:transparent}.elementor-widget-text-editor:not(.elementor-drop-cap-view-default) .elementor-drop-cap{margin-top:8px}.elementor-widget-text-editor:not(.elementor-drop-cap-view-default) .elementor-drop-cap-letter{width:1em;height:1em}.elementor-widget-text-editor .elementor-drop-cap{float:left;text-align:center;line-height:1;font-size:50px}.elementor-widget-text-editor .elementor-drop-cap-letter{display:inline-block}<\/style>\t\t\t\tPrecisas de mais informa\u00e7\u00f5es ou tens d\u00favidas? Talvez encontres aqui as respostas ou, caso contr\u00e1rio, a tua Mam\u00e3Contacto. Se tal n\u00e3o se verificar, o teu volunt\u00e1rio MamanContact ter\u00e1 todo o gosto em responder.\t\t\t\t\t\t<\/div>\n\t\t\t\t<\/div>\n\t\t\t\t<div class=\"elementor-element elementor-element-ee57828 elementor-widget elementor-widget-mfn_accordion\" data-id=\"ee57828\" data-element_type=\"widget\" data-widget_type=\"mfn_accordion.default\">\n\t\t\t\t<div class=\"elementor-widget-container\">\n\t\t\t<div class=\"accordion\"><h4 class=\"title\">Perguntas gerais<\/h4><div class=\"mfn-acc accordion_wrapper \"><div class=\"question\" tabindex=\"0\" role=\"link\"><div class=\"title\"><i class=\"icon-plus acc-icon-plus\" aria-hidden=\"true\"><\/i><i class=\"icon-minus acc-icon-minus\" aria-hidden=\"true\"><\/i>Quantas refei\u00e7\u00f5es s\u00e3o fornecidas? E para quantas pessoas?<\/div><div class=\"answer\">Tentamos que sejam feitas, em m\u00e9dia, 3 a 5 visitas por cada pacote de mimos. Ainda assim, isso depender\u00e1 exclusivamente da disponibilidade dos volunt\u00e1rios. N\u00e3o conseguimos garantir um n\u00famero m\u00ednimo.\n\nAs refei\u00e7\u00f5es fornecidas destinam-se a todos os membros da fam\u00edlia indicados aquando da inscri\u00e7\u00e3o e dever\u00e3o ser consumidas no momento mais oportuno para a Mam\u00e3ParaMimar.<\/div><\/div>\n<div class=\"question\" tabindex=\"0\" role=\"link\"><div class=\"title\"><i class=\"icon-plus acc-icon-plus\" aria-hidden=\"true\"><\/i><i class=\"icon-minus acc-icon-minus\" aria-hidden=\"true\"><\/i>Porque tenho de facultar o meu contacto?<\/div><div class=\"answer\">As tuas informa\u00e7\u00f5es de contacto s\u00e3o utilizadas exclusivamente para conseguirmos preparar eficazmente os teus mimos. Servem para encontrar os volunt\u00e1rias\/os mais pr\u00f3ximas da tua casa. S\u00e3o transmitidas unicamente as informa\u00e7\u00f5es necess\u00e1rias, de acordo com a <a href=\"https:\/\/www.supermamans.ch\/charte-de-confidentialite\/\">pol\u00edtica de privacidade. <\/a>Respeitando sempre as quantidades m\u00ednimas necess\u00e1rias.\n\nAs Mam\u00e3sOferta, utilizam as tuas informa\u00e7\u00f5es de contacto para te contactar, enviar agradecimentos e presentes. Apenas facultamos o teu contacto (nome, apelido, n\u00famero de telefone e endere\u00e7o de e-mail) \u00e0 Mam\u00e3ParaMimar\u00a0se estiveres inscrita para lhe dar mimos.\n\nNenhum dado pessoal \u00e9 vendido ou partilhado com terceiros sem o teu consentimento.<\/div><\/div>\n<div class=\"question\" tabindex=\"0\" role=\"link\"><div class=\"title\"><i class=\"icon-plus acc-icon-plus\" aria-hidden=\"true\"><\/i><i class=\"icon-minus acc-icon-minus\" aria-hidden=\"true\"><\/i>Durante quanto tempo se pode usufruir de mimos?<\/div><div class=\"answer\">Tudo depende do n\u00famero de Mam\u00e3sOferta dispon\u00edveis para oferecer mimos. Um pacote de mimos pode corresponder a 1 at\u00e9 8 visitas. Pode ser repartido pelos dias da semana em que a mam\u00e3 regressa a casa, como por v\u00e1rias semanas, com visitas em 2 ou 3 dias da semana. Os mimos ser\u00e3o distribu\u00eddos durante 4 a 5 semanas, no m\u00e1ximo.<\/div><\/div>\n<\/div><\/div>\n\t\t<\/div>\n\t\t\t\t<\/div>\n\t\t\t\t<div class=\"elementor-element elementor-element-a039ad1 elementor-widget elementor-widget-spacer\" data-id=\"a039ad1\" data-element_type=\"widget\" data-widget_type=\"spacer.default\">\n\t\t\t\t<div class=\"elementor-widget-container\">\n\t\t\t<style>\/*! elementor - v3.14.0 - 26-06-2023 *\/\n.elementor-column .elementor-spacer-inner{height:var(--spacer-size)}.e-con{--container-widget-width:100%}.e-con-inner>.elementor-widget-spacer,.e-con>.elementor-widget-spacer{width:var(--container-widget-width,var(--spacer-size));--align-self:var(--container-widget-align-self,initial);--flex-shrink:0}.e-con-inner>.elementor-widget-spacer>.elementor-widget-container,.e-con-inner>.elementor-widget-spacer>.elementor-widget-container>.elementor-spacer,.e-con>.elementor-widget-spacer>.elementor-widget-container,.e-con>.elementor-widget-spacer>.elementor-widget-container>.elementor-spacer{height:100%}.e-con-inner>.elementor-widget-spacer>.elementor-widget-container>.elementor-spacer>.elementor-spacer-inner,.e-con>.elementor-widget-spacer>.elementor-widget-container>.elementor-spacer>.elementor-spacer-inner{height:var(--container-widget-height,var(--spacer-size))}<\/style>\t\t<div class=\"elementor-spacer\">\n\t\t\t<div class=\"elementor-spacer-inner\"><\/div>\n\t\t<\/div>\n\t\t\t\t<\/div>\n\t\t\t\t<\/div>\n\t\t\t\t<div class=\"elementor-element elementor-element-4897473 elementor-widget elementor-widget-mfn_accordion\" data-id=\"4897473\" data-element_type=\"widget\" data-widget_type=\"mfn_accordion.default\">\n\t\t\t\t<div class=\"elementor-widget-container\">\n\t\t\t<div class=\"accordion\"><h4 class=\"title\">Benefici\u00e1ria\/Mam\u00e3ParaMimar<\/h4><div class=\"mfn-acc accordion_wrapper \"><div class=\"question\" tabindex=\"0\" role=\"link\"><div class=\"title\"><i class=\"icon-plus acc-icon-plus\" aria-hidden=\"true\"><\/i><i class=\"icon-minus acc-icon-minus\" aria-hidden=\"true\"><\/i>A fotografia e o texto de apresenta\u00e7\u00e3o s\u00e3o obrigat\u00f3rios?<\/div><div class=\"answer\"><p>N\u00e3o, a fotografia e o texto s\u00e3o dois meios que completam o nosso procedimento para melhorar o perfil apresentado as Mam\u00e3sOferta.<\/p><p>.<\/p><\/div><\/div>\n<div class=\"question\" tabindex=\"0\" role=\"link\"><div class=\"title\"><i class=\"icon-plus acc-icon-plus\" aria-hidden=\"true\"><\/i><i class=\"icon-minus acc-icon-minus\" aria-hidden=\"true\"><\/i>As minhas informa\u00e7\u00f5es de contacto v\u00e3o ser publicadas na Internet ou nas redes sociais?<\/div><div class=\"answer\"><p>Em princ\u00edpio, o teu nome, localidade e informa\u00e7\u00f5es m\u00ednimas necess\u00e1rias para a organiza\u00e7\u00e3o dos teus mimos ser\u00e3o publicados no mapa de mimos que est\u00e1 dispon\u00edvel nas nossas redes sociais. Reservamo-nos o direito de utilizar estas informa\u00e7\u00f5es para encontrar volunt\u00e1rias\/os nas redes sociais que te possam prestar os seus servi\u00e7os.<\/p><p>Se n\u00e3o quiseres que nenhuma informa\u00e7\u00e3o tua seja publicada, indica-o quando responderes ao e-mail de inscri\u00e7\u00e3o.<\/p><\/div><\/div>\n<div class=\"question\" tabindex=\"0\" role=\"link\"><div class=\"title\"><i class=\"icon-plus acc-icon-plus\" aria-hidden=\"true\"><\/i><i class=\"icon-minus acc-icon-minus\" aria-hidden=\"true\"><\/i>Tenho de pagar as refei\u00e7\u00f5es que me s\u00e3o fornecidas?<\/div><div class=\"answer\"><p>N\u00e3o, o princ\u00edpio basilar da SuperMamans est\u00e1 assente na entreajuda e gratuitidade. A refei\u00e7\u00e3o \u00e9 oferecida pela Mam\u00e3Oferta que ta entrega. No entanto, \u00e9s livre de lhe oferecer alguma coisa em troca se quiseres ou de fazer um donativo \u00e0 associa\u00e7\u00e3o para apoiar a causa.<\/p><\/div><\/div>\n<div class=\"question\" tabindex=\"0\" role=\"link\"><div class=\"title\"><i class=\"icon-plus acc-icon-plus\" aria-hidden=\"true\"><\/i><i class=\"icon-minus acc-icon-minus\" aria-hidden=\"true\"><\/i>Tenho de me tornar Mam\u00e3Oferta depois de receber mimos?<\/div><div class=\"answer\"><p>N\u00e3o, n\u00e3o obrigamos ningu\u00e9m a ser Mam\u00e3Oferta. Queremos que as volunt\u00e1rios Mam\u00e3Oferta tenham gosto em dar mimos a uma mam\u00e3, e n\u00e3o que o fa\u00e7am contrariadas. Dito isto, ser Mam\u00e3Oferta tamb\u00e9m \u00e9 uma experi\u00eancia enriquecedora. Incentivamos-te a experimentar ser Mam\u00e3Oferta pelo menos uma vez quando te sentires preparada.<\/p><\/div><\/div>\n<div class=\"question\" tabindex=\"0\" role=\"link\"><div class=\"title\"><i class=\"icon-plus acc-icon-plus\" aria-hidden=\"true\"><\/i><i class=\"icon-minus acc-icon-minus\" aria-hidden=\"true\"><\/i>Adot\u00e1mos uma crian\u00e7a. Tenho direito de receber mimos?<\/div><div class=\"answer\"><p>Claro que sim! Todas as fam\u00edlias que acolham uma nova crian\u00e7a no seio da sua fam\u00edlia t\u00eam direito de receber mimos. Ficamos muito felizes por preparar os teus mimos e facilitar a tua adapta\u00e7\u00e3o a esta nova fase da vida.<\/p><\/div><\/div>\n<\/div><\/div>\n\t\t<\/div>\n\t\t\t\t<\/div>\n\t\t\t\t<div class=\"elementor-element elementor-element-793e7fa elementor-widget elementor-widget-spacer\" data-id=\"793e7fa\" data-element_type=\"widget\" data-widget_type=\"spacer.default\">\n\t\t\t\t<div class=\"elementor-widget-container\">\n\t\t\t\t\t<div class=\"elementor-spacer\">\n\t\t\t<div class=\"elementor-spacer-inner\"><\/div>\n\t\t<\/div>\n\t\t\t\t<\/div>\n\t\t\t\t<\/div>\n\t\t\t\t<div class=\"elementor-element elementor-element-9cf6f2c elementor-widget elementor-widget-mfn_accordion\" data-id=\"9cf6f2c\" data-element_type=\"widget\" data-widget_type=\"mfn_accordion.default\">\n\t\t\t\t<div class=\"elementor-widget-container\">\n\t\t\t<div class=\"accordion\"><h4 class=\"title\">Volunt\u00e1rios\/Mam\u00e3Oferta<\/h4><div class=\"mfn-acc accordion_wrapper \"><div class=\"question\" tabindex=\"0\" role=\"link\"><div class=\"title\"><i class=\"icon-plus acc-icon-plus\" aria-hidden=\"true\"><\/i><i class=\"icon-minus acc-icon-minus\" aria-hidden=\"true\"><\/i>Posso fazer-me acompanhar de algu\u00e9m quando for dar mimos?<\/div><div class=\"answer\"><p>Sim, o t\u00edtulo que recebes \u00e9 o de \u00abMam\u00e3Oferta\u00bb, o que deixa subentendido que podes ter filhos. Ainda assim, pedimos que avises a Mam\u00e3ParaMimar e te assegures que as crian\u00e7as que te acompanham respeitam a condi\u00e7\u00e3o f\u00edsica e ps\u00edquica da rec\u00e9m mam\u00e3 ou da fam\u00edlia.<\/p><p>N\u00e3o hesites em propor um passeio fora de casa se o tempo o permitir ou de partilhar a merenda para canalizar as energias das crian\u00e7as.<\/p><\/div><\/div>\n<div class=\"question\" tabindex=\"0\" role=\"link\"><div class=\"title\"><i class=\"icon-plus acc-icon-plus\" aria-hidden=\"true\"><\/i><i class=\"icon-minus acc-icon-minus\" aria-hidden=\"true\"><\/i>N\u00e3o gosto de cozinhar, mas gostava de dar mimos. O que posso fazer?<\/div><div class=\"answer\"><p>Na descri\u00e7\u00e3o da fam\u00edlia, poder\u00e1s encontrar outros servi\u00e7os que a podem ajudar. N\u00e3o hesites em especificar nos coment\u00e1rios do formul\u00e1rio que preferes satisfazer aquela necessidade e n\u00e3o fornecer refei\u00e7\u00f5es.<\/p><\/div><\/div>\n<div class=\"question\" tabindex=\"0\" role=\"link\"><div class=\"title\"><i class=\"icon-plus acc-icon-plus\" aria-hidden=\"true\"><\/i><i class=\"icon-minus acc-icon-minus\" aria-hidden=\"true\"><\/i>Quando devo entregar a minha refei\u00e7\u00e3o?<\/div><div class=\"answer\"><p>Ficas respons\u00e1vel por entrar em contacto com a Mam\u00e3ParaMimar 48 horas antes da visita, para combinarem a hora do encontro.<\/p><\/div><\/div>\n<div class=\"question\" tabindex=\"0\" role=\"link\"><div class=\"title\"><i class=\"icon-plus acc-icon-plus\" aria-hidden=\"true\"><\/i><i class=\"icon-minus acc-icon-minus\" aria-hidden=\"true\"><\/i>Depois de ter oferecido mimos de apoio a uma mam\u00e3 ou mimos a cuidadores, sinto necessidade de desabafar. O que devo fazer?<\/div><div class=\"answer\"><p>N\u00e3o fiques com isso guardado para ti. Damos-te a possibilidade de desabafar em qualquer momento com um profissional da associa\u00e7\u00e3o. A tua Mam\u00e3Contacto p\u00f5e-vos em contacto.<\/p><\/div><\/div>\n<div class=\"question\" tabindex=\"0\" role=\"link\"><div class=\"title\"><i class=\"icon-plus acc-icon-plus\" aria-hidden=\"true\"><\/i><i class=\"icon-minus acc-icon-minus\" aria-hidden=\"true\"><\/i>Sou homem e gostava imenso de contribuir para a causa. Posso faz\u00ea-lo?<\/div><div class=\"answer\"><p>Claro que sim! Os homens s\u00e3o bem-vindos \u00e0 nossa associa\u00e7\u00e3o. No momento da inscri\u00e7\u00e3o, as nossas benefici\u00e1rias podem indicar se est\u00e3o dispostas a receber visitas de homens. Se desejas participar, inscreve-te!<\/p><\/div><\/div>\n<\/div><\/div>\n\t\t<\/div>\n\t\t\t\t<\/div>\n\t\t\t\t\t<\/div>\n\t\t\t\t<\/div>\n\t\t\t\t\t<\/div>\n\t\t\t\t<\/div>\n\t\t\t\t\t\t\t<\/div>\n\t\t","protected":false},"excerpt":{"rendered":"<p>Perguntas Frequentes (FAQ) Precisas de mais informa\u00e7\u00f5es ou tens d\u00favidas? Talvez encontres aqui as respostas ou, caso contr\u00e1rio, a tua Mam\u00e3Contacto. Se tal n\u00e3o se verificar, o teu volunt\u00e1rio MamanContact ter\u00e1 todo o gosto em responder. Perguntas gerais Quantas refei\u00e7\u00f5es s\u00e3o fornecidas? E para quantas pessoas?Tentamos que sejam feitas, em<span class=\"excerpt-hellip\"> [\u2026]<\/span><\/p>\n","protected":false},"author":1,"featured_media":0,"parent":0,"menu_order":0,"comment_status":"closed","ping_status":"closed","template":"","meta":{"_acf_changed":false,"footnotes":""},"class_list":["post-34579","page","type-page","status-publish","hentry"],"acf":[],"_links":{"self":[{"href":"https:\/\/supermamans.ch\/pt-pt\/wp-json\/wp\/v2\/pages\/34579","targetHints":{"allow":["GET"]}}],"collection":[{"href":"https:\/\/supermamans.ch\/pt-pt\/wp-json\/wp\/v2\/pages"}],"about":[{"href":"https:\/\/supermamans.ch\/pt-pt\/wp-json\/wp\/v2\/types\/page"}],"author":[{"embeddable":true,"href":"https:\/\/supermamans.ch\/pt-pt\/wp-json\/wp\/v2\/users\/1"}],"replies":[{"embeddable":true,"href":"https:\/\/supermamans.ch\/pt-pt\/wp-json\/wp\/v2\/comments?post=34579"}],"version-history":[{"count":85,"href":"https:\/\/supermamans.ch\/pt-pt\/wp-json\/wp\/v2\/pages\/34579\/revisions"}],"predecessor-version":[{"id":36668,"href":"https:\/\/supermamans.ch\/pt-pt\/wp-json\/wp\/v2\/pages\/34579\/revisions\/36668"}],"wp:attachment":[{"href":"https:\/\/supermamans.ch\/pt-pt\/wp-json\/wp\/v2\/media?parent=34579"}],"curies":[{"name":"wp","href":"https:\/\/api.w.org\/{rel}","templated":true}]}}