{"id":34577,"date":"2023-08-29T18:52:55","date_gmt":"2023-08-29T16:52:55","guid":{"rendered":"https:\/\/www.supermamans.ch\/comite\/"},"modified":"2025-01-11T18:02:36","modified_gmt":"2025-01-11T17:02:36","slug":"membro-do-comite","status":"publish","type":"page","link":"https:\/\/supermamans.ch\/pt-pt\/membro-do-comite\/","title":{"rendered":"Membro do Comit\u00e9"},"content":{"rendered":"\t\t<div data-elementor-type=\"wp-page\" data-elementor-id=\"34577\" class=\"elementor elementor-34577 elementor-31700\">\n\t\t\t\t\t\t\t<div class=\"elementor-element elementor-element-b1f07d3 e-con-full e-flex e-con\" data-id=\"b1f07d3\" data-element_type=\"container\" data-settings=\"{&quot;content_width&quot;:&quot;full&quot;,&quot;background_background&quot;:&quot;classic&quot;,&quot;shape_divider_bottom&quot;:&quot;mountains&quot;}\" data-e-bg-lazyload=\"\">\n\t\t\t\t<div class=\"elementor-shape elementor-shape-bottom\" data-negative=\"false\">\n\t\t\t<svg xmlns=\"http:\/\/www.w3.org\/2000\/svg\" viewBox=\"0 0 1000 100\" preserveAspectRatio=\"none\">\n\t<path class=\"elementor-shape-fill\" opacity=\"0.33\" d=\"M473,67.3c-203.9,88.3-263.1-34-320.3,0C66,119.1,0,59.7,0,59.7V0h1000v59.7 c0,0-62.1,26.1-94.9,29.3c-32.8,3.3-62.8-12.3-75.8-22.1C806,49.6,745.3,8.7,694.9,4.7S492.4,59,473,67.3z\"\/>\n\t<path class=\"elementor-shape-fill\" opacity=\"0.66\" d=\"M734,67.3c-45.5,0-77.2-23.2-129.1-39.1c-28.6-8.7-150.3-10.1-254,39.1 s-91.7-34.4-149.2,0C115.7,118.3,0,39.8,0,39.8V0h1000v36.5c0,0-28.2-18.5-92.1-18.5C810.2,18.1,775.7,67.3,734,67.3z\"\/>\n\t<path class=\"elementor-shape-fill\" d=\"M766.1,28.9c-200-57.5-266,65.5-395.1,19.5C242,1.8,242,5.4,184.8,20.6C128,35.8,132.3,44.9,89.9,52.5C28.6,63.7,0,0,0,0 h1000c0,0-9.9,40.9-83.6,48.1S829.6,47,766.1,28.9z\"\/>\n<\/svg>\t\t<\/div>\n\t\t\t\t<\/div>\n\t\t<div class=\"elementor-element elementor-element-bb9b835 e-flex e-con-boxed e-con\" data-id=\"bb9b835\" data-element_type=\"container\" data-settings=\"{&quot;background_background&quot;:&quot;classic&quot;,&quot;content_width&quot;:&quot;boxed&quot;}\">\n\t\t\t\t\t<div class=\"e-con-inner\">\n\t\t<div class=\"elementor-element elementor-element-2bd4146 e-flex e-con-boxed e-con\" data-id=\"2bd4146\" data-element_type=\"container\" data-settings=\"{&quot;content_width&quot;:&quot;boxed&quot;}\">\n\t\t\t\t\t<div class=\"e-con-inner\">\n\t\t\t\t<div class=\"elementor-element elementor-element-41c577a elementor-widget elementor-widget-heading\" data-id=\"41c577a\" data-element_type=\"widget\" data-widget_type=\"heading.default\">\n\t\t\t\t<div class=\"elementor-widget-container\">\n\t\t\t<style>\/*! elementor - v3.14.0 - 26-06-2023 *\/\n.elementor-heading-title{padding:0;margin:0;line-height:1}.elementor-widget-heading .elementor-heading-title[class*=elementor-size-]>a{color:inherit;font-size:inherit;line-height:inherit}.elementor-widget-heading .elementor-heading-title.elementor-size-small{font-size:15px}.elementor-widget-heading .elementor-heading-title.elementor-size-medium{font-size:19px}.elementor-widget-heading .elementor-heading-title.elementor-size-large{font-size:29px}.elementor-widget-heading .elementor-heading-title.elementor-size-xl{font-size:39px}.elementor-widget-heading .elementor-heading-title.elementor-size-xxl{font-size:59px}<\/style><h1 class=\"elementor-heading-title elementor-size-default\">Membro do Comit\u00e9<\/h1>\t\t<\/div>\n\t\t\t\t<\/div>\n\t\t\t\t<div class=\"elementor-element elementor-element-72c1ec3 elementor-widget elementor-widget-text-editor\" data-id=\"72c1ec3\" data-element_type=\"widget\" data-widget_type=\"text-editor.default\">\n\t\t\t\t<div class=\"elementor-widget-container\">\n\t\t\t<style>\/*! elementor - v3.14.0 - 26-06-2023 *\/\n.elementor-widget-text-editor.elementor-drop-cap-view-stacked .elementor-drop-cap{background-color:#69727d;color:#fff}.elementor-widget-text-editor.elementor-drop-cap-view-framed .elementor-drop-cap{color:#69727d;border:3px solid;background-color:transparent}.elementor-widget-text-editor:not(.elementor-drop-cap-view-default) .elementor-drop-cap{margin-top:8px}.elementor-widget-text-editor:not(.elementor-drop-cap-view-default) .elementor-drop-cap-letter{width:1em;height:1em}.elementor-widget-text-editor .elementor-drop-cap{float:left;text-align:center;line-height:1;font-size:50px}.elementor-widget-text-editor .elementor-drop-cap-letter{display:inline-block}<\/style>\t\t\t\tGostas de trabalhar em equipa? Est\u00e1s \u00e0 vontade para comunicar?\nGostas de voluntariado no verdadeiro sentido da palavra? Junta-te a n\u00f3s!\n\nO nosso Comit\u00e9 \u00e9 constitu\u00eddo por um m\u00ednimo de 5 membros.\nRe\u00fane-se entre 8 a 10 vezes por ano para gerir os assuntos correntes, organizar a Assembleia Geral, gerir o financiamento da associa\u00e7\u00e3o e representar a SuperMamans em eventos e manifesta\u00e7\u00f5es.\n\nDamos-te a oportunidade de integrares uma equipa unida e solid\u00e1ria que d\u00e1 prioridade \u00e0 generosidade e bondade.\n\nBem-vinda\/o!\t\t\t\t\t\t<\/div>\n\t\t\t\t<\/div>\n\t\t\t\t<div class=\"elementor-element elementor-element-fdfac19 elementor-align-center elementor-mobile-align-center elementor-widget elementor-widget-button\" data-id=\"fdfac19\" data-element_type=\"widget\" data-widget_type=\"button.default\">\n\t\t\t\t<div class=\"elementor-widget-container\">\n\t\t\t\t\t<div class=\"elementor-button-wrapper\">\n\t\t\t<a class=\"elementor-button elementor-button-link elementor-size-sm\" href=\"https:\/\/docs.google.com\/forms\/d\/e\/1FAIpQLSdfI4bKjoojkQm9RtW0UirtKHukuzRZw88R11myvRWhbwp9ZA\/viewform\" target=\"_blank\" rel=\"noopener\">\n\t\t\t\t\t\t<span class=\"elementor-button-content-wrapper\">\n\t\t\t\t\t\t<span class=\"elementor-button-text\">Quero juntar-me ao Comit\u00e9<\/span>\n\t\t<\/span>\n\t\t\t\t\t<\/a>\n\t\t<\/div>\n\t\t\t\t<\/div>\n\t\t\t\t<\/div>\n\t\t\t\t\t<\/div>\n\t\t\t\t<\/div>\n\t\t\t\t\t<\/div>\n\t\t\t\t<\/div>\n\t\t\t\t\t\t\t<\/div>\n\t\t","protected":false},"excerpt":{"rendered":"<p>Membro do Comit\u00e9 Gostas de trabalhar em equipa? Est\u00e1s \u00e0 vontade para comunicar? Gostas de voluntariado no verdadeiro sentido da palavra? Junta-te a n\u00f3s! O nosso Comit\u00e9 \u00e9 constitu\u00eddo por um m\u00ednimo de 5 membros. Re\u00fane-se entre 8 a 10 vezes por ano para gerir os assuntos correntes, organizar a<span class=\"excerpt-hellip\"> [\u2026]<\/span><\/p>\n","protected":false},"author":1,"featured_media":0,"parent":0,"menu_order":0,"comment_status":"closed","ping_status":"closed","template":"","meta":{"_acf_changed":false,"footnotes":""},"class_list":["post-34577","page","type-page","status-publish","hentry"],"acf":[],"_links":{"self":[{"href":"https:\/\/supermamans.ch\/pt-pt\/wp-json\/wp\/v2\/pages\/34577","targetHints":{"allow":["GET"]}}],"collection":[{"href":"https:\/\/supermamans.ch\/pt-pt\/wp-json\/wp\/v2\/pages"}],"about":[{"href":"https:\/\/supermamans.ch\/pt-pt\/wp-json\/wp\/v2\/types\/page"}],"author":[{"embeddable":true,"href":"https:\/\/supermamans.ch\/pt-pt\/wp-json\/wp\/v2\/users\/1"}],"replies":[{"embeddable":true,"href":"https:\/\/supermamans.ch\/pt-pt\/wp-json\/wp\/v2\/comments?post=34577"}],"version-history":[{"count":20,"href":"https:\/\/supermamans.ch\/pt-pt\/wp-json\/wp\/v2\/pages\/34577\/revisions"}],"predecessor-version":[{"id":36578,"href":"https:\/\/supermamans.ch\/pt-pt\/wp-json\/wp\/v2\/pages\/34577\/revisions\/36578"}],"wp:attachment":[{"href":"https:\/\/supermamans.ch\/pt-pt\/wp-json\/wp\/v2\/media?parent=34577"}],"curies":[{"name":"wp","href":"https:\/\/api.w.org\/{rel}","templated":true}]}}