{"id":34504,"date":"2017-05-02T14:50:37","date_gmt":"2017-05-02T12:50:37","guid":{"rendered":"https:\/\/www.supermamans.ch\/faq\/"},"modified":"2025-03-15T11:50:28","modified_gmt":"2025-03-15T10:50:28","slug":"faq","status":"publish","type":"page","link":"https:\/\/supermamans.ch\/it\/faq\/","title":{"rendered":"FAQ"},"content":{"rendered":"\t\t<div data-elementor-type=\"wp-page\" data-elementor-id=\"34504\" class=\"elementor elementor-34504 elementor-1514\">\n\t\t\t\t\t\t\t<div class=\"elementor-element elementor-element-45dffae e-con-full e-flex e-con\" data-id=\"45dffae\" data-element_type=\"container\" data-settings=\"{&quot;content_width&quot;:&quot;full&quot;,&quot;background_background&quot;:&quot;classic&quot;,&quot;shape_divider_bottom&quot;:&quot;mountains&quot;}\" data-e-bg-lazyload=\"\">\n\t\t\t\t<div class=\"elementor-shape elementor-shape-bottom\" data-negative=\"false\">\n\t\t\t<svg xmlns=\"http:\/\/www.w3.org\/2000\/svg\" viewBox=\"0 0 1000 100\" preserveAspectRatio=\"none\">\n\t<path class=\"elementor-shape-fill\" opacity=\"0.33\" d=\"M473,67.3c-203.9,88.3-263.1-34-320.3,0C66,119.1,0,59.7,0,59.7V0h1000v59.7 c0,0-62.1,26.1-94.9,29.3c-32.8,3.3-62.8-12.3-75.8-22.1C806,49.6,745.3,8.7,694.9,4.7S492.4,59,473,67.3z\"\/>\n\t<path class=\"elementor-shape-fill\" opacity=\"0.66\" d=\"M734,67.3c-45.5,0-77.2-23.2-129.1-39.1c-28.6-8.7-150.3-10.1-254,39.1 s-91.7-34.4-149.2,0C115.7,118.3,0,39.8,0,39.8V0h1000v36.5c0,0-28.2-18.5-92.1-18.5C810.2,18.1,775.7,67.3,734,67.3z\"\/>\n\t<path class=\"elementor-shape-fill\" d=\"M766.1,28.9c-200-57.5-266,65.5-395.1,19.5C242,1.8,242,5.4,184.8,20.6C128,35.8,132.3,44.9,89.9,52.5C28.6,63.7,0,0,0,0 h1000c0,0-9.9,40.9-83.6,48.1S829.6,47,766.1,28.9z\"\/>\n<\/svg>\t\t<\/div>\n\t\t\t\t<\/div>\n\t\t<div class=\"elementor-element elementor-element-31aaeac e-flex e-con-boxed e-con\" data-id=\"31aaeac\" data-element_type=\"container\" data-settings=\"{&quot;background_background&quot;:&quot;classic&quot;,&quot;content_width&quot;:&quot;boxed&quot;}\">\n\t\t\t\t\t<div class=\"e-con-inner\">\n\t\t<div class=\"elementor-element elementor-element-814ed14 e-flex e-con-boxed e-con\" data-id=\"814ed14\" data-element_type=\"container\" data-settings=\"{&quot;content_width&quot;:&quot;boxed&quot;}\">\n\t\t\t\t\t<div class=\"e-con-inner\">\n\t\t\t\t<div class=\"elementor-element elementor-element-ea611eb elementor-widget elementor-widget-heading\" data-id=\"ea611eb\" data-element_type=\"widget\" data-widget_type=\"heading.default\">\n\t\t\t\t<div class=\"elementor-widget-container\">\n\t\t\t<style>\/*! elementor - v3.14.0 - 26-06-2023 *\/\n.elementor-heading-title{padding:0;margin:0;line-height:1}.elementor-widget-heading .elementor-heading-title[class*=elementor-size-]>a{color:inherit;font-size:inherit;line-height:inherit}.elementor-widget-heading .elementor-heading-title.elementor-size-small{font-size:15px}.elementor-widget-heading .elementor-heading-title.elementor-size-medium{font-size:19px}.elementor-widget-heading .elementor-heading-title.elementor-size-large{font-size:29px}.elementor-widget-heading .elementor-heading-title.elementor-size-xl{font-size:39px}.elementor-widget-heading .elementor-heading-title.elementor-size-xxl{font-size:59px}<\/style><h1 class=\"elementor-heading-title elementor-size-default\">Domande frequenti (FAQ)<\/h1>\t\t<\/div>\n\t\t\t\t<\/div>\n\t\t\t\t<div class=\"elementor-element elementor-element-7a98ba5 elementor-widget elementor-widget-text-editor\" data-id=\"7a98ba5\" data-element_type=\"widget\" data-widget_type=\"text-editor.default\">\n\t\t\t\t<div class=\"elementor-widget-container\">\n\t\t\t<style>\/*! elementor - v3.14.0 - 26-06-2023 *\/\n.elementor-widget-text-editor.elementor-drop-cap-view-stacked .elementor-drop-cap{background-color:#69727d;color:#fff}.elementor-widget-text-editor.elementor-drop-cap-view-framed .elementor-drop-cap{color:#69727d;border:3px solid;background-color:transparent}.elementor-widget-text-editor:not(.elementor-drop-cap-view-default) .elementor-drop-cap{margin-top:8px}.elementor-widget-text-editor:not(.elementor-drop-cap-view-default) .elementor-drop-cap-letter{width:1em;height:1em}.elementor-widget-text-editor .elementor-drop-cap{float:left;text-align:center;line-height:1;font-size:50px}.elementor-widget-text-editor .elementor-drop-cap-letter{display:inline-block}<\/style>\t\t\t\t<p>Hai bisogno di maggiori informazioni o hai delle domande? Puoi trovare la risposta qui, oppure la tua MammaContatto sar\u00e0 lieta di risponderti.  <\/p>\n\t\t\t\t\t\t<\/div>\n\t\t\t\t<\/div>\n\t\t\t\t<div class=\"elementor-element elementor-element-ee57828 elementor-widget elementor-widget-mfn_accordion\" data-id=\"ee57828\" data-element_type=\"widget\" data-widget_type=\"mfn_accordion.default\">\n\t\t\t\t<div class=\"elementor-widget-container\">\n\t\t\t<div class=\"accordion\"><h4 class=\"title\">Domande generali<\/h4><div class=\"mfn-acc accordion_wrapper \"><div class=\"question\" tabindex=\"0\" role=\"link\"><div class=\"title\"><i class=\"icon-plus acc-icon-plus\" aria-hidden=\"true\"><\/i><i class=\"icon-minus acc-icon-minus\" aria-hidden=\"true\"><\/i>Quanti pasti e in che quantit\u00e0 vengono forniti?<\/div><div class=\"answer\"><p>Cerchiamo di ottenere una media di 3-5 visite per ogni coccola. Tuttavia, questo dipende esclusivamente dalla disponibilit\u00e0 dei volontari. Non possiamo garantire una quantit\u00e0 minima.<\/p><p>I pasti portati sono destinati a tutti i membri della famiglia elencati nel modulo di iscrizione e possono essere consumati al momento pi\u00f9 opportuno per la MammaDaCoccolare.<\/p><\/div><\/div>\n<div class=\"question\" tabindex=\"0\" role=\"link\"><div class=\"title\"><i class=\"icon-plus acc-icon-plus\" aria-hidden=\"true\"><\/i><i class=\"icon-minus acc-icon-minus\" aria-hidden=\"true\"><\/i>Perch\u00e9 devo fornire i miei dati?<\/div><div class=\"answer\"><p>I tuoi dati saranno utilizzati esclusivamente per un'organizzazione efficace della tua coccola. Vengono utilizzati per trovare i volontari pi\u00f9 vicini al tuo domicilio. I tuoi dati saranno trasmessi in conformit\u00e0 con l'<a href=\"https:\/\/www.supermamans.ch\/charte-de-confidentialite\/\">Informativa sulla privacy<\/a>, il che significa che saranno sempre trasmessi nelle quantit\u00e0 minime necessarie.<\/p><p>Per le MammeRegalo, utilizziamo i tuoi dati per contattarti e per inviarti ringraziamenti e regali. Trasmettiamo il tuo nome, cognome, numero di telefono e indirizzo e-mail alla MammaDaCoccolare solo se ti sei iscritta per la sua coccola.<\/p><p>Nessun dato personale viene venduto o condiviso con terze parti esterne senza il tuo consenso.<\/p><\/div><\/div>\n<div class=\"question\" tabindex=\"0\" role=\"link\"><div class=\"title\"><i class=\"icon-plus acc-icon-plus\" aria-hidden=\"true\"><\/i><i class=\"icon-minus acc-icon-minus\" aria-hidden=\"true\"><\/i>Quanto dura una coccola?<\/div><div class=\"answer\"><p>Tutto dipende dal numero di MammeRegalo disponibili a coccolare una mamma. Una coccola pu\u00f2 durare da 1 a 8 visite. Pu\u00f2 essere distribuita nei giorni della settimana in cui la mamma torna a casa, oppure nell'arco di diverse settimane, con una visita 2 o 3 volte alla settimana. L'organizzazione si concentra su un massimo di 4 o 5 settimane.<\/p><\/div><\/div>\n<\/div><\/div>\n\t\t<\/div>\n\t\t\t\t<\/div>\n\t\t\t\t<div class=\"elementor-element elementor-element-a039ad1 elementor-widget elementor-widget-spacer\" data-id=\"a039ad1\" data-element_type=\"widget\" data-widget_type=\"spacer.default\">\n\t\t\t\t<div class=\"elementor-widget-container\">\n\t\t\t<style>\/*! elementor - v3.14.0 - 26-06-2023 *\/\n.elementor-column .elementor-spacer-inner{height:var(--spacer-size)}.e-con{--container-widget-width:100%}.e-con-inner>.elementor-widget-spacer,.e-con>.elementor-widget-spacer{width:var(--container-widget-width,var(--spacer-size));--align-self:var(--container-widget-align-self,initial);--flex-shrink:0}.e-con-inner>.elementor-widget-spacer>.elementor-widget-container,.e-con-inner>.elementor-widget-spacer>.elementor-widget-container>.elementor-spacer,.e-con>.elementor-widget-spacer>.elementor-widget-container,.e-con>.elementor-widget-spacer>.elementor-widget-container>.elementor-spacer{height:100%}.e-con-inner>.elementor-widget-spacer>.elementor-widget-container>.elementor-spacer>.elementor-spacer-inner,.e-con>.elementor-widget-spacer>.elementor-widget-container>.elementor-spacer>.elementor-spacer-inner{height:var(--container-widget-height,var(--spacer-size))}<\/style>\t\t<div class=\"elementor-spacer\">\n\t\t\t<div class=\"elementor-spacer-inner\"><\/div>\n\t\t<\/div>\n\t\t\t\t<\/div>\n\t\t\t\t<\/div>\n\t\t\t\t<div class=\"elementor-element elementor-element-4897473 elementor-widget elementor-widget-mfn_accordion\" data-id=\"4897473\" data-element_type=\"widget\" data-widget_type=\"mfn_accordion.default\">\n\t\t\t\t<div class=\"elementor-widget-container\">\n\t\t\t<div class=\"accordion\"><h4 class=\"title\">Beneficiaria\/MammaDaCoccolare<\/h4><div class=\"mfn-acc accordion_wrapper \"><div class=\"question\" tabindex=\"0\" role=\"link\"><div class=\"title\"><i class=\"icon-plus acc-icon-plus\" aria-hidden=\"true\"><\/i><i class=\"icon-minus acc-icon-minus\" aria-hidden=\"true\"><\/i>La foto e il testo di presentazione sono obbligatori?<\/div><div class=\"answer\"><p>No, si tratta di due modi aggiuntivi della nostra procedura per aumentare la tua popolarit\u00e0 presso le MammeRegalo.<\/p><\/div><\/div>\n<div class=\"question\" tabindex=\"0\" role=\"link\"><div class=\"title\"><i class=\"icon-plus acc-icon-plus\" aria-hidden=\"true\"><\/i><i class=\"icon-minus acc-icon-minus\" aria-hidden=\"true\"><\/i>I miei dati saranno pubblicati su internet o sui social network?<\/div><div class=\"answer\"><p>In linea di massima, il tuo nome, la tua citt\u00e0 e le informazioni minime necessarie per organizzare la tua coccola sono pubblicati sulla mappa delle coccole, a sua volta disponibile sui nostri social network, e ci riserviamo il diritto di utilizzare queste informazioni per trovare volontari per te sui social network.<\/p><p>Se desideri che non vengano pubblicate informazioni su di te, ti preghiamo di comunicarcelo al momento della conferma dell'e-mail di iscrizione.<\/p><\/div><\/div>\n<div class=\"question\" tabindex=\"0\" role=\"link\"><div class=\"title\"><i class=\"icon-plus acc-icon-plus\" aria-hidden=\"true\"><\/i><i class=\"icon-minus acc-icon-minus\" aria-hidden=\"true\"><\/i>Devo pagare i pasti che mi vengono portati?<\/div><div class=\"answer\"><p>No, il principio di funzionamento di SuperMamme si basa sull'aiuto reciproco e sulla gratuit\u00e0. Il pasto ti viene offerto dalla MammaRegalo che te lo porta. Ma sentiti libera di offrirle qualcosa in cambio, se ne hai voglia, o di fare una donazione all'associazione per sostenere il progetto.<\/p><\/div><\/div>\n<div class=\"question\" tabindex=\"0\" role=\"link\"><div class=\"title\"><i class=\"icon-plus acc-icon-plus\" aria-hidden=\"true\"><\/i><i class=\"icon-minus acc-icon-minus\" aria-hidden=\"true\"><\/i>Devo per forza diventare una MammaRegalo dopo essere stata coccolata?<\/div><div class=\"answer\"><p>No, non c'\u00e8 alcun obbligo. L'idea \u00e8 che una MammaRegalo coccoli un'altra mamma con piacere e non sotto costrizione. Detto questo, l'avventura \u00e8 altrettanto gratificante come MammaRegalo, ti incoraggiamo a provare almeno una volta quando ti sentirai pronta!<\/p><\/div><\/div>\n<div class=\"question\" tabindex=\"0\" role=\"link\"><div class=\"title\"><i class=\"icon-plus acc-icon-plus\" aria-hidden=\"true\"><\/i><i class=\"icon-minus acc-icon-minus\" aria-hidden=\"true\"><\/i>Abbiamo accolto un bambino attraverso l'adozione, ho diritto a una coccola?<\/div><div class=\"answer\"><p>Certamente! Ogni famiglia che accoglie un nuovo bambino ha il diritto di essere coccolata. Saremo lieti di organizzare la tua coccola per aiutarti a adattarti a questa nuova avventura.<\/p><\/div><\/div>\n<\/div><\/div>\n\t\t<\/div>\n\t\t\t\t<\/div>\n\t\t\t\t<div class=\"elementor-element elementor-element-793e7fa elementor-widget elementor-widget-spacer\" data-id=\"793e7fa\" data-element_type=\"widget\" data-widget_type=\"spacer.default\">\n\t\t\t\t<div class=\"elementor-widget-container\">\n\t\t\t\t\t<div class=\"elementor-spacer\">\n\t\t\t<div class=\"elementor-spacer-inner\"><\/div>\n\t\t<\/div>\n\t\t\t\t<\/div>\n\t\t\t\t<\/div>\n\t\t\t\t<div class=\"elementor-element elementor-element-9cf6f2c elementor-widget elementor-widget-mfn_accordion\" data-id=\"9cf6f2c\" data-element_type=\"widget\" data-widget_type=\"mfn_accordion.default\">\n\t\t\t\t<div class=\"elementor-widget-container\">\n\t\t\t<div class=\"accordion\"><h4 class=\"title\">Volontari\/MammaRegalo<\/h4><div class=\"mfn-acc accordion_wrapper \"><div class=\"question\" tabindex=\"0\" role=\"link\"><div class=\"title\"><i class=\"icon-plus acc-icon-plus\" aria-hidden=\"true\"><\/i><i class=\"icon-minus acc-icon-minus\" aria-hidden=\"true\"><\/i>Posso venire accompagnata ad una coccola?<\/div><div class=\"answer\"><p>S\u00ec, il titolo che si riceve \u00e8 quello di \"MammaRegalo\", quindi implica che tu possa essere una volontaria con figli. Tuttavia, chiediamo alle nostre volontarie di informare la MammaDaCoccolare e di assicurarsi che i bambini che ti accompagnano siano rispettosi dello stato fisico e psicologico della neomamma o della famiglia.<\/p><p>Non esitare a proporre di fare una passeggiata all'aperto, se il tempo lo permette, o di condividere una merenda per contenere le energie dei bambini.<\/p><\/div><\/div>\n<div class=\"question\" tabindex=\"0\" role=\"link\"><div class=\"title\"><i class=\"icon-plus acc-icon-plus\" aria-hidden=\"true\"><\/i><i class=\"icon-minus acc-icon-minus\" aria-hidden=\"true\"><\/i>Non mi piace cucinare, ma vorrei partecipare a una coccola: cosa posso fare?<\/div><div class=\"answer\"><p>Nella descrizione della famiglia, troverai altri servizi che <span class=\"s1\">esserle d\u2019aiuto<\/span>. Non esitare a specificare nei commenti del sondaggio che vorresti <span class=\"s1\">soddisfare altre esigenze piuttosto che limitarti a fornire i pasti.<\/span><\/p><\/div><\/div>\n<div class=\"question\" tabindex=\"0\" role=\"link\"><div class=\"title\"><i class=\"icon-plus acc-icon-plus\" aria-hidden=\"true\"><\/i><i class=\"icon-minus acc-icon-minus\" aria-hidden=\"true\"><\/i>Quando devo consegnare il pasto?<\/div><div class=\"answer\"><p>Spetta a te contattare la MammaDaCoccolare 48 ore prima della tua visita per concordare un orario di incontro.<\/p><\/div><\/div>\n<div class=\"question\" tabindex=\"0\" role=\"link\"><div class=\"title\"><i class=\"icon-plus acc-icon-plus\" aria-hidden=\"true\"><\/i><i class=\"icon-minus acc-icon-minus\" aria-hidden=\"true\"><\/i>Dopo aver coccolato una mamma con una coccola di sostegno o per familiari sento il bisogno di parlarne, cosa devo fare?<\/div><div class=\"answer\"><p>Non rimanere sola con i tuoi sentimenti, offriamo la possibilit\u00e0 di un debriefing in qualsiasi momento con un professionista dell'associazione. La tua MammaContatto ti metter\u00e0 in contatto.<\/p><\/div><\/div>\n<div class=\"question\" tabindex=\"0\" role=\"link\"><div class=\"title\"><i class=\"icon-plus acc-icon-plus\" aria-hidden=\"true\"><\/i><i class=\"icon-minus acc-icon-minus\" aria-hidden=\"true\"><\/i>Sono un uomo e vorrei partecipare, posso farlo?<\/div><div class=\"answer\"><p>Assolutamente s\u00ec! Gli uomini sono i benvenuti nella nostra associazione. Al momento dell'iscrizione, le nostre beneficiarie possono indicare se sono aperte a ricevere visite da parte di uomini. <span class=\"s1\">Non esitate ad iscrivervi!<\/span><\/p><\/div><\/div>\n<\/div><\/div>\n\t\t<\/div>\n\t\t\t\t<\/div>\n\t\t\t\t\t<\/div>\n\t\t\t\t<\/div>\n\t\t\t\t\t<\/div>\n\t\t\t\t<\/div>\n\t\t\t\t\t\t\t<\/div>\n\t\t","protected":false},"excerpt":{"rendered":"<p>Domande frequenti (FAQ) Hai bisogno di maggiori informazioni o hai delle domande? Puoi trovare la risposta qui, oppure la tua MammaContatto sar\u00e0 lieta di risponderti. Domande generali Quanti pasti e in che quantit\u00e0 vengono forniti? Cerchiamo di ottenere una media di 3-5 visite per ogni coccola. Tuttavia, questo dipende esclusivamente<span class=\"excerpt-hellip\"> [\u2026]<\/span><\/p>\n","protected":false},"author":1,"featured_media":0,"parent":0,"menu_order":0,"comment_status":"closed","ping_status":"closed","template":"","meta":{"_acf_changed":false,"footnotes":""},"class_list":["post-34504","page","type-page","status-publish","hentry"],"acf":[],"_links":{"self":[{"href":"https:\/\/supermamans.ch\/it\/wp-json\/wp\/v2\/pages\/34504","targetHints":{"allow":["GET"]}}],"collection":[{"href":"https:\/\/supermamans.ch\/it\/wp-json\/wp\/v2\/pages"}],"about":[{"href":"https:\/\/supermamans.ch\/it\/wp-json\/wp\/v2\/types\/page"}],"author":[{"embeddable":true,"href":"https:\/\/supermamans.ch\/it\/wp-json\/wp\/v2\/users\/1"}],"replies":[{"embeddable":true,"href":"https:\/\/supermamans.ch\/it\/wp-json\/wp\/v2\/comments?post=34504"}],"version-history":[{"count":10,"href":"https:\/\/supermamans.ch\/it\/wp-json\/wp\/v2\/pages\/34504\/revisions"}],"predecessor-version":[{"id":38166,"href":"https:\/\/supermamans.ch\/it\/wp-json\/wp\/v2\/pages\/34504\/revisions\/38166"}],"wp:attachment":[{"href":"https:\/\/supermamans.ch\/it\/wp-json\/wp\/v2\/media?parent=34504"}],"curies":[{"name":"wp","href":"https:\/\/api.w.org\/{rel}","templated":true}]}}