{"id":34496,"date":"2016-11-04T14:57:14","date_gmt":"2016-11-04T13:57:14","guid":{"rendered":"https:\/\/www.supermamans.ch\/diventare-volontario\/"},"modified":"2025-01-12T00:12:10","modified_gmt":"2025-01-11T23:12:10","slug":"diventare-volontaria","status":"publish","type":"page","link":"https:\/\/supermamans.ch\/it\/diventare-volontaria\/","title":{"rendered":"Diventare volontaria"},"content":{"rendered":"\t\t<div data-elementor-type=\"wp-page\" data-elementor-id=\"34496\" class=\"elementor elementor-34496 elementor-22\">\n\t\t\t\t\t\t\t<div class=\"elementor-element elementor-element-fe0e530 e-con-full e-flex e-con\" data-id=\"fe0e530\" data-element_type=\"container\" data-settings=\"{&quot;content_width&quot;:&quot;full&quot;,&quot;background_background&quot;:&quot;classic&quot;,&quot;shape_divider_bottom&quot;:&quot;mountains&quot;}\" data-e-bg-lazyload=\"\">\n\t\t\t\t<div class=\"elementor-shape elementor-shape-bottom\" data-negative=\"false\">\n\t\t\t<svg xmlns=\"http:\/\/www.w3.org\/2000\/svg\" viewBox=\"0 0 1000 100\" preserveAspectRatio=\"none\">\n\t<path class=\"elementor-shape-fill\" opacity=\"0.33\" d=\"M473,67.3c-203.9,88.3-263.1-34-320.3,0C66,119.1,0,59.7,0,59.7V0h1000v59.7 c0,0-62.1,26.1-94.9,29.3c-32.8,3.3-62.8-12.3-75.8-22.1C806,49.6,745.3,8.7,694.9,4.7S492.4,59,473,67.3z\"\/>\n\t<path class=\"elementor-shape-fill\" opacity=\"0.66\" d=\"M734,67.3c-45.5,0-77.2-23.2-129.1-39.1c-28.6-8.7-150.3-10.1-254,39.1 s-91.7-34.4-149.2,0C115.7,118.3,0,39.8,0,39.8V0h1000v36.5c0,0-28.2-18.5-92.1-18.5C810.2,18.1,775.7,67.3,734,67.3z\"\/>\n\t<path class=\"elementor-shape-fill\" d=\"M766.1,28.9c-200-57.5-266,65.5-395.1,19.5C242,1.8,242,5.4,184.8,20.6C128,35.8,132.3,44.9,89.9,52.5C28.6,63.7,0,0,0,0 h1000c0,0-9.9,40.9-83.6,48.1S829.6,47,766.1,28.9z\"\/>\n<\/svg>\t\t<\/div>\n\t\t\t\t<\/div>\n\t\t<div class=\"elementor-element elementor-element-1074ab8 e-flex e-con-boxed e-con\" data-id=\"1074ab8\" data-element_type=\"container\" data-settings=\"{&quot;background_background&quot;:&quot;classic&quot;,&quot;content_width&quot;:&quot;boxed&quot;}\">\n\t\t\t\t\t<div class=\"e-con-inner\">\n\t\t<div class=\"elementor-element elementor-element-9917254 e-flex e-con-boxed e-con\" data-id=\"9917254\" data-element_type=\"container\" data-settings=\"{&quot;content_width&quot;:&quot;boxed&quot;}\">\n\t\t\t\t\t<div class=\"e-con-inner\">\n\t\t\t\t<div class=\"elementor-element elementor-element-7f5b39e elementor-widget elementor-widget-heading\" data-id=\"7f5b39e\" data-element_type=\"widget\" data-widget_type=\"heading.default\">\n\t\t\t\t<div class=\"elementor-widget-container\">\n\t\t\t<style>\/*! elementor - v3.14.0 - 26-06-2023 *\/\n.elementor-heading-title{padding:0;margin:0;line-height:1}.elementor-widget-heading .elementor-heading-title[class*=elementor-size-]>a{color:inherit;font-size:inherit;line-height:inherit}.elementor-widget-heading .elementor-heading-title.elementor-size-small{font-size:15px}.elementor-widget-heading .elementor-heading-title.elementor-size-medium{font-size:19px}.elementor-widget-heading .elementor-heading-title.elementor-size-large{font-size:29px}.elementor-widget-heading .elementor-heading-title.elementor-size-xl{font-size:39px}.elementor-widget-heading .elementor-heading-title.elementor-size-xxl{font-size:59px}<\/style><h1 class=\"elementor-heading-title elementor-size-default\">Diventare volontaria<\/h1>\t\t<\/div>\n\t\t\t\t<\/div>\n\t\t\t\t<div class=\"elementor-element elementor-element-398fe7f elementor-widget elementor-widget-text-editor\" data-id=\"398fe7f\" data-element_type=\"widget\" data-widget_type=\"text-editor.default\">\n\t\t\t\t<div class=\"elementor-widget-container\">\n\t\t\t<style>\/*! elementor - v3.14.0 - 26-06-2023 *\/\n.elementor-widget-text-editor.elementor-drop-cap-view-stacked .elementor-drop-cap{background-color:#69727d;color:#fff}.elementor-widget-text-editor.elementor-drop-cap-view-framed .elementor-drop-cap{color:#69727d;border:3px solid;background-color:transparent}.elementor-widget-text-editor:not(.elementor-drop-cap-view-default) .elementor-drop-cap{margin-top:8px}.elementor-widget-text-editor:not(.elementor-drop-cap-view-default) .elementor-drop-cap-letter{width:1em;height:1em}.elementor-widget-text-editor .elementor-drop-cap{float:left;text-align:center;line-height:1;font-size:50px}.elementor-widget-text-editor .elementor-drop-cap-letter{display:inline-block}<\/style>\t\t\t\t<blockquote>\n<p style=\"text-align: center;\">&#8220;Il volontariato \u00e8 un impegno dato liberamente&#8221;<\/p>\n<\/blockquote>\nL&#8217;associazione SuperMamme \u00e8 sempre alla ricerca di nuovi talenti per aiutarla a crescere e a evolversi. I volontari sono al centro di ci\u00f2 che offriamo, sia sul campo che nell&#8217;organizzazione generale. \t\t\t\t\t\t<\/div>\n\t\t\t\t<\/div>\n\t\t\t\t\t<\/div>\n\t\t\t\t<\/div>\n\t\t\t\t\t<\/div>\n\t\t\t\t<\/div>\n\t\t<div class=\"elementor-element elementor-element-be79a3d e-flex e-con-boxed e-con\" data-id=\"be79a3d\" data-element_type=\"container\" data-settings=\"{&quot;content_width&quot;:&quot;boxed&quot;}\">\n\t\t\t\t\t<div class=\"e-con-inner\">\n\t\t\t\t<div class=\"elementor-element elementor-element-777d285 elementor-widget elementor-widget-mfn_story_box\" data-id=\"777d285\" data-element_type=\"widget\" data-widget_type=\"mfn_story_box.default\">\n\t\t\t\t<div class=\"elementor-widget-container\">\n\t\t\t<div class=\"story_box \"><div class=\"desc_wrapper\"><h3 class=\"themecolor\">Diventare una MammaRegalo<\/h3><hr class=\"hr_color\"><\/div><div class=\"desc\"><\/div><\/div>\n\t\t<\/div>\n\t\t\t\t<\/div>\n\t\t\t\t<div class=\"elementor-element elementor-element-50dedda elementor-widget elementor-widget-text-editor\" data-id=\"50dedda\" data-element_type=\"widget\" data-widget_type=\"text-editor.default\">\n\t\t\t\t<div class=\"elementor-widget-container\">\n\t\t\t\t\t\t\t<p>Essere una volontaria come MammaRegalo significa essere al centro dell&#8217;attivit\u00e0 di SuperMamme.<\/p>\n<p>La ricetta \u00e8 semplice: basta portare un piatto semplice fatto in casa e dedicare un po&#8217; del tuo tempo a chiacchierare davanti a una tazza di t\u00e8 con una nuova famiglia.<\/p>\n<p>Alcune famiglie indicano altri servizi utili (andare al parco, aiuto generale, portare a spasso il cane), quindi sentiti libera di offrire qualcosa di diverso da un pasto.<\/p>\n\t\t\t\t\t\t<\/div>\n\t\t\t\t<\/div>\n\t\t\t\t<div class=\"elementor-element elementor-element-b751f2e elementor-align-center elementor-widget elementor-widget-button\" data-id=\"b751f2e\" data-element_type=\"widget\" data-widget_type=\"button.default\">\n\t\t\t\t<div class=\"elementor-widget-container\">\n\t\t\t\t\t<div class=\"elementor-button-wrapper\">\n\t\t\t<a class=\"elementor-button elementor-button-link elementor-size-lg\" href=\"https:\/\/www.supermamans.ch\/it\/mammaregalo\/\">\n\t\t\t\t\t\t<span class=\"elementor-button-content-wrapper\">\n\t\t\t\t\t\t<span class=\"elementor-button-text\">Scopri come diventare una MammaRegalo<\/span>\n\t\t<\/span>\n\t\t\t\t\t<\/a>\n\t\t<\/div>\n\t\t\t\t<\/div>\n\t\t\t\t<\/div>\n\t\t\t\t<div class=\"elementor-element elementor-element-ae42209 elementor-widget elementor-widget-spacer\" data-id=\"ae42209\" data-element_type=\"widget\" data-widget_type=\"spacer.default\">\n\t\t\t\t<div class=\"elementor-widget-container\">\n\t\t\t<style>\/*! elementor - v3.14.0 - 26-06-2023 *\/\n.elementor-column .elementor-spacer-inner{height:var(--spacer-size)}.e-con{--container-widget-width:100%}.e-con-inner>.elementor-widget-spacer,.e-con>.elementor-widget-spacer{width:var(--container-widget-width,var(--spacer-size));--align-self:var(--container-widget-align-self,initial);--flex-shrink:0}.e-con-inner>.elementor-widget-spacer>.elementor-widget-container,.e-con-inner>.elementor-widget-spacer>.elementor-widget-container>.elementor-spacer,.e-con>.elementor-widget-spacer>.elementor-widget-container,.e-con>.elementor-widget-spacer>.elementor-widget-container>.elementor-spacer{height:100%}.e-con-inner>.elementor-widget-spacer>.elementor-widget-container>.elementor-spacer>.elementor-spacer-inner,.e-con>.elementor-widget-spacer>.elementor-widget-container>.elementor-spacer>.elementor-spacer-inner{height:var(--container-widget-height,var(--spacer-size))}<\/style>\t\t<div class=\"elementor-spacer\">\n\t\t\t<div class=\"elementor-spacer-inner\"><\/div>\n\t\t<\/div>\n\t\t\t\t<\/div>\n\t\t\t\t<\/div>\n\t\t\t\t<div class=\"elementor-element elementor-element-49accc7 elementor-widget elementor-widget-mfn_story_box\" data-id=\"49accc7\" data-element_type=\"widget\" data-widget_type=\"mfn_story_box.default\">\n\t\t\t\t<div class=\"elementor-widget-container\">\n\t\t\t<div class=\"story_box \"><div class=\"desc_wrapper\"><h3 class=\"themecolor\">Diventa una MammaContatto<\/h3><hr class=\"hr_color\"><\/div><div class=\"desc\"><\/div><\/div>\n\t\t<\/div>\n\t\t\t\t<\/div>\n\t\t\t\t<div class=\"elementor-element elementor-element-4ab49fc elementor-widget elementor-widget-text-editor\" data-id=\"4ab49fc\" data-element_type=\"widget\" data-widget_type=\"text-editor.default\">\n\t\t\t\t<div class=\"elementor-widget-container\">\n\t\t\t\t\t\t\t<p>Per realizzare le centinaia di incontri che si tengono ogni anno, \u00e8 necessario un team organizzativo forte e disponibile.<\/p>\n<p>Diventando MammaContatto, sarai il contatto principale delle MammeDaCoccolare. Ti occuperai delle richieste, solleciterai le MammeRegalo e supervisionerai il buon funzionamento della coccola. <\/p>\n<p>Sei essenziale per il buon funzionamento del progetto.<\/p>\n\t\t\t\t\t\t<\/div>\n\t\t\t\t<\/div>\n\t\t\t\t<div class=\"elementor-element elementor-element-177c711 elementor-align-center elementor-widget elementor-widget-button\" data-id=\"177c711\" data-element_type=\"widget\" data-widget_type=\"button.default\">\n\t\t\t\t<div class=\"elementor-widget-container\">\n\t\t\t\t\t<div class=\"elementor-button-wrapper\">\n\t\t\t<a class=\"elementor-button elementor-button-link elementor-size-lg\" href=\"https:\/\/www.supermamans.ch\/it\/mammacontatto\/\">\n\t\t\t\t\t\t<span class=\"elementor-button-content-wrapper\">\n\t\t\t\t\t\t<span class=\"elementor-button-text\">Scopri come diventare una MammaContatto<\/span>\n\t\t<\/span>\n\t\t\t\t\t<\/a>\n\t\t<\/div>\n\t\t\t\t<\/div>\n\t\t\t\t<\/div>\n\t\t\t\t<div class=\"elementor-element elementor-element-278b498 elementor-widget elementor-widget-spacer\" data-id=\"278b498\" data-element_type=\"widget\" data-widget_type=\"spacer.default\">\n\t\t\t\t<div class=\"elementor-widget-container\">\n\t\t\t\t\t<div class=\"elementor-spacer\">\n\t\t\t<div class=\"elementor-spacer-inner\"><\/div>\n\t\t<\/div>\n\t\t\t\t<\/div>\n\t\t\t\t<\/div>\n\t\t\t\t<div class=\"elementor-element elementor-element-bf9ccab elementor-widget elementor-widget-mfn_story_box\" data-id=\"bf9ccab\" data-element_type=\"widget\" data-widget_type=\"mfn_story_box.default\">\n\t\t\t\t<div class=\"elementor-widget-container\">\n\t\t\t<div class=\"story_box \"><div class=\"desc_wrapper\"><h3 class=\"themecolor\">Unirsi al comitato<\/h3><hr class=\"hr_color\"><\/div><div class=\"desc\"><\/div><\/div>\n\t\t<\/div>\n\t\t\t\t<\/div>\n\t\t\t\t<div class=\"elementor-element elementor-element-e420f18 elementor-widget elementor-widget-text-editor\" data-id=\"e420f18\" data-element_type=\"widget\" data-widget_type=\"text-editor.default\">\n\t\t\t\t<div class=\"elementor-widget-container\">\n\t\t\t\t\t\t\t<p>A capo dell&#8217;associazione troviamo il comitato. Il suo compito principale \u00e8 quello di gestire gli affari quotidiani e di garantire che SuperMamme raggiunga i suoi scopi e obiettivi. <\/p>\n<p>Unisciti al comitato e diventa parte del nostro team di direzione!<\/p>\n\t\t\t\t\t\t<\/div>\n\t\t\t\t<\/div>\n\t\t\t\t<div class=\"elementor-element elementor-element-705603c elementor-align-center elementor-widget elementor-widget-button\" data-id=\"705603c\" data-element_type=\"widget\" data-widget_type=\"button.default\">\n\t\t\t\t<div class=\"elementor-widget-container\">\n\t\t\t\t\t<div class=\"elementor-button-wrapper\">\n\t\t\t<a class=\"elementor-button elementor-button-link elementor-size-lg\" href=\"https:\/\/www.supermamans.ch\/it\/comitato\/\">\n\t\t\t\t\t\t<span class=\"elementor-button-content-wrapper\">\n\t\t\t\t\t\t<span class=\"elementor-button-text\">Unisciti al comitato SuperMamme<\/span>\n\t\t<\/span>\n\t\t\t\t\t<\/a>\n\t\t<\/div>\n\t\t\t\t<\/div>\n\t\t\t\t<\/div>\n\t\t\t\t\t<\/div>\n\t\t\t\t<\/div>\n\t\t<div class=\"elementor-element elementor-element-5b2d29a e-flex e-con-boxed e-con\" data-id=\"5b2d29a\" data-element_type=\"container\" data-settings=\"{&quot;content_width&quot;:&quot;boxed&quot;}\">\n\t\t\t\t\t<div class=\"e-con-inner\">\n\t\t\t\t<div class=\"elementor-element elementor-element-14a0d7a elementor-widget elementor-widget-spacer\" data-id=\"14a0d7a\" data-element_type=\"widget\" data-widget_type=\"spacer.default\">\n\t\t\t\t<div class=\"elementor-widget-container\">\n\t\t\t\t\t<div class=\"elementor-spacer\">\n\t\t\t<div class=\"elementor-spacer-inner\"><\/div>\n\t\t<\/div>\n\t\t\t\t<\/div>\n\t\t\t\t<\/div>\n\t\t\t\t\t<\/div>\n\t\t\t\t<\/div>\n\t\t\t\t\t\t\t<\/div>\n\t\t","protected":false},"excerpt":{"rendered":"<p>Diventare volontaria &#8220;Il volontariato \u00e8 un impegno dato liberamente&#8221; L&#8217;associazione SuperMamme \u00e8 sempre alla ricerca di nuovi talenti per aiutarla a crescere e a evolversi. I volontari sono al centro di ci\u00f2 che offriamo, sia sul campo che nell&#8217;organizzazione generale. Diventare una MammaRegalo Essere una volontaria come MammaRegalo significa essere<span class=\"excerpt-hellip\"> [\u2026]<\/span><\/p>\n","protected":false},"author":1,"featured_media":0,"parent":0,"menu_order":0,"comment_status":"closed","ping_status":"closed","template":"","meta":{"_acf_changed":false,"footnotes":""},"class_list":["post-34496","page","type-page","status-publish","hentry"],"acf":[],"_links":{"self":[{"href":"https:\/\/supermamans.ch\/it\/wp-json\/wp\/v2\/pages\/34496","targetHints":{"allow":["GET"]}}],"collection":[{"href":"https:\/\/supermamans.ch\/it\/wp-json\/wp\/v2\/pages"}],"about":[{"href":"https:\/\/supermamans.ch\/it\/wp-json\/wp\/v2\/types\/page"}],"author":[{"embeddable":true,"href":"https:\/\/supermamans.ch\/it\/wp-json\/wp\/v2\/users\/1"}],"replies":[{"embeddable":true,"href":"https:\/\/supermamans.ch\/it\/wp-json\/wp\/v2\/comments?post=34496"}],"version-history":[{"count":8,"href":"https:\/\/supermamans.ch\/it\/wp-json\/wp\/v2\/pages\/34496\/revisions"}],"predecessor-version":[{"id":36703,"href":"https:\/\/supermamans.ch\/it\/wp-json\/wp\/v2\/pages\/34496\/revisions\/36703"}],"wp:attachment":[{"href":"https:\/\/supermamans.ch\/it\/wp-json\/wp\/v2\/media?parent=34496"}],"curies":[{"name":"wp","href":"https:\/\/api.w.org\/{rel}","templated":true}]}}