{"id":34738,"date":"2017-05-02T14:50:37","date_gmt":"2017-05-02T12:50:37","guid":{"rendered":"https:\/\/www.supermamans.ch\/preguntas-frecuentes\/"},"modified":"2025-04-01T22:21:11","modified_gmt":"2025-04-01T20:21:11","slug":"preguntas-frecuentes","status":"publish","type":"page","link":"https:\/\/supermamans.ch\/es\/preguntas-frecuentes\/","title":{"rendered":"Preguntas frecuentes"},"content":{"rendered":"\t\t<div data-elementor-type=\"wp-page\" data-elementor-id=\"34738\" class=\"elementor elementor-34738 elementor-1514\">\n\t\t\t\t\t\t\t<div class=\"elementor-element elementor-element-45dffae e-con-full e-flex e-con\" data-id=\"45dffae\" data-element_type=\"container\" data-settings=\"{&quot;content_width&quot;:&quot;full&quot;,&quot;background_background&quot;:&quot;classic&quot;,&quot;shape_divider_bottom&quot;:&quot;mountains&quot;}\" data-e-bg-lazyload=\"\">\n\t\t\t\t<div class=\"elementor-shape elementor-shape-bottom\" data-negative=\"false\">\n\t\t\t<svg xmlns=\"http:\/\/www.w3.org\/2000\/svg\" viewBox=\"0 0 1000 100\" preserveAspectRatio=\"none\">\n\t<path class=\"elementor-shape-fill\" opacity=\"0.33\" d=\"M473,67.3c-203.9,88.3-263.1-34-320.3,0C66,119.1,0,59.7,0,59.7V0h1000v59.7 c0,0-62.1,26.1-94.9,29.3c-32.8,3.3-62.8-12.3-75.8-22.1C806,49.6,745.3,8.7,694.9,4.7S492.4,59,473,67.3z\"\/>\n\t<path class=\"elementor-shape-fill\" opacity=\"0.66\" d=\"M734,67.3c-45.5,0-77.2-23.2-129.1-39.1c-28.6-8.7-150.3-10.1-254,39.1 s-91.7-34.4-149.2,0C115.7,118.3,0,39.8,0,39.8V0h1000v36.5c0,0-28.2-18.5-92.1-18.5C810.2,18.1,775.7,67.3,734,67.3z\"\/>\n\t<path class=\"elementor-shape-fill\" d=\"M766.1,28.9c-200-57.5-266,65.5-395.1,19.5C242,1.8,242,5.4,184.8,20.6C128,35.8,132.3,44.9,89.9,52.5C28.6,63.7,0,0,0,0 h1000c0,0-9.9,40.9-83.6,48.1S829.6,47,766.1,28.9z\"\/>\n<\/svg>\t\t<\/div>\n\t\t\t\t<\/div>\n\t\t<div class=\"elementor-element elementor-element-31aaeac e-flex e-con-boxed e-con\" data-id=\"31aaeac\" data-element_type=\"container\" data-settings=\"{&quot;background_background&quot;:&quot;classic&quot;,&quot;content_width&quot;:&quot;boxed&quot;}\">\n\t\t\t\t\t<div class=\"e-con-inner\">\n\t\t<div class=\"elementor-element elementor-element-814ed14 e-flex e-con-boxed e-con\" data-id=\"814ed14\" data-element_type=\"container\" data-settings=\"{&quot;content_width&quot;:&quot;boxed&quot;}\">\n\t\t\t\t\t<div class=\"e-con-inner\">\n\t\t\t\t<div class=\"elementor-element elementor-element-ea611eb elementor-widget elementor-widget-heading\" data-id=\"ea611eb\" data-element_type=\"widget\" data-widget_type=\"heading.default\">\n\t\t\t\t<div class=\"elementor-widget-container\">\n\t\t\t<style>\/*! elementor - v3.14.0 - 26-06-2023 *\/\n.elementor-heading-title{padding:0;margin:0;line-height:1}.elementor-widget-heading .elementor-heading-title[class*=elementor-size-]>a{color:inherit;font-size:inherit;line-height:inherit}.elementor-widget-heading .elementor-heading-title.elementor-size-small{font-size:15px}.elementor-widget-heading .elementor-heading-title.elementor-size-medium{font-size:19px}.elementor-widget-heading .elementor-heading-title.elementor-size-large{font-size:29px}.elementor-widget-heading .elementor-heading-title.elementor-size-xl{font-size:39px}.elementor-widget-heading .elementor-heading-title.elementor-size-xxl{font-size:59px}<\/style><h1 class=\"elementor-heading-title elementor-size-default\">Preguntas frecuentes<\/h1>\t\t<\/div>\n\t\t\t\t<\/div>\n\t\t\t\t<div class=\"elementor-element elementor-element-7a98ba5 elementor-widget elementor-widget-text-editor\" data-id=\"7a98ba5\" data-element_type=\"widget\" data-widget_type=\"text-editor.default\">\n\t\t\t\t<div class=\"elementor-widget-container\">\n\t\t\t<style>\/*! elementor - v3.14.0 - 26-06-2023 *\/\n.elementor-widget-text-editor.elementor-drop-cap-view-stacked .elementor-drop-cap{background-color:#69727d;color:#fff}.elementor-widget-text-editor.elementor-drop-cap-view-framed .elementor-drop-cap{color:#69727d;border:3px solid;background-color:transparent}.elementor-widget-text-editor:not(.elementor-drop-cap-view-default) .elementor-drop-cap{margin-top:8px}.elementor-widget-text-editor:not(.elementor-drop-cap-view-default) .elementor-drop-cap-letter{width:1em;height:1em}.elementor-widget-text-editor .elementor-drop-cap{float:left;text-align:center;line-height:1;font-size:50px}.elementor-widget-text-editor .elementor-drop-cap-letter{display:inline-block}<\/style>\t\t\t\t<p>\u00bfNecesitas m\u00e1s informaci\u00f3n o tienes preguntas? Quiz\u00e1 aqu\u00ed encontrar\u00e1s la respuesta y si no tu MamanContact estar\u00e1 encantada de responderte.  <\/p>\n\t\t\t\t\t\t<\/div>\n\t\t\t\t<\/div>\n\t\t\t\t<div class=\"elementor-element elementor-element-ee57828 elementor-widget elementor-widget-mfn_accordion\" data-id=\"ee57828\" data-element_type=\"widget\" data-widget_type=\"mfn_accordion.default\">\n\t\t\t\t<div class=\"elementor-widget-container\">\n\t\t\t<div class=\"accordion\"><h4 class=\"title\">Preguntas generales<\/h4><div class=\"mfn-acc accordion_wrapper \"><div class=\"question\" tabindex=\"0\" role=\"link\"><div class=\"title\"><i class=\"icon-plus acc-icon-plus\" aria-hidden=\"true\"><\/i><i class=\"icon-minus acc-icon-minus\" aria-hidden=\"true\"><\/i>\u00bfCu\u00e1ntas comidas y en qu\u00e9 cantidad se ofrecen?<\/div><div class=\"answer\"><p>Intentamos realizar de media entre 3 y 5 visitas para cada mimo. Sin embargo, esto depende \u00fanicamente de la disponibilidad de los voluntarios\/as. No podemos garantizar un m\u00ednimo.  <\/p>\n<p>Las comidas ofrecidas est\u00e1n previstas para todos los miembros de la familia indicados en la inscripci\u00f3n y se pueden consumir en el momento en que la MamanABichonner considere m\u00e1s oportuno.<\/p>\n<\/div><\/div>\n<div class=\"question\" tabindex=\"0\" role=\"link\"><div class=\"title\"><i class=\"icon-plus acc-icon-plus\" aria-hidden=\"true\"><\/i><i class=\"icon-minus acc-icon-minus\" aria-hidden=\"true\"><\/i>\u00bfPor qu\u00e9 tengo que facilitar mis datos?<\/div><div class=\"answer\"><p>Tus datos se utilizan exclusivamente con la finalidad de organizar tus mimos m\u00e1s eficazmente. Sirven para encontrar a los voluntarios\/as m\u00e1s cercanos a tu domicilio. Se transmiten en el marco de la <a href=\"https:\/\/www.supermamans.ch\/charte-de-confidentialite\/\">pol\u00edtica de confidencialidad<\/a>, es decir, respetando siempre las cantidades m\u00ednimas necesarias.  <\/p>\n<p>Para las MamansCadeau, tus datos nos sirven para contactarte y enviarte agradecimientos y regalos. Transmitimos tus datos (nombre, apellido, n\u00famero de tel\u00e9fono y direcci\u00f3n de correo electr\u00f3nico) a la MamanABichonner solo si est\u00e1s inscrita para sus mimos. <\/p>\n<p>No se vende ni comparte ning\u00fan dato personal con terceros externos sin tu consentimiento.<\/p>\n<\/div><\/div>\n<div class=\"question\" tabindex=\"0\" role=\"link\"><div class=\"title\"><i class=\"icon-plus acc-icon-plus\" aria-hidden=\"true\"><\/i><i class=\"icon-minus acc-icon-minus\" aria-hidden=\"true\"><\/i>\u00bfCu\u00e1nto tiempo duran los mimos?<\/div><div class=\"answer\"><p>Todo depende del n\u00famero de MamansCadeau disponibles para dar mimos a una mam\u00e1. Unos mimos pueden durar entre 1 y 8 visitas. Se pueden repartir entre los d\u00edas de la semana en que la mam\u00e1 regresa a su domicilio o entre varias semanas contando 2 o 3 visitas por semana. La organizaci\u00f3n se concentra en 4 o 5 semanas como m\u00e1ximo.   <\/p>\n<\/div><\/div>\n<\/div><\/div>\n\t\t<\/div>\n\t\t\t\t<\/div>\n\t\t\t\t<div class=\"elementor-element elementor-element-a039ad1 elementor-widget elementor-widget-spacer\" data-id=\"a039ad1\" data-element_type=\"widget\" data-widget_type=\"spacer.default\">\n\t\t\t\t<div class=\"elementor-widget-container\">\n\t\t\t<style>\/*! elementor - v3.14.0 - 26-06-2023 *\/\n.elementor-column .elementor-spacer-inner{height:var(--spacer-size)}.e-con{--container-widget-width:100%}.e-con-inner>.elementor-widget-spacer,.e-con>.elementor-widget-spacer{width:var(--container-widget-width,var(--spacer-size));--align-self:var(--container-widget-align-self,initial);--flex-shrink:0}.e-con-inner>.elementor-widget-spacer>.elementor-widget-container,.e-con-inner>.elementor-widget-spacer>.elementor-widget-container>.elementor-spacer,.e-con>.elementor-widget-spacer>.elementor-widget-container,.e-con>.elementor-widget-spacer>.elementor-widget-container>.elementor-spacer{height:100%}.e-con-inner>.elementor-widget-spacer>.elementor-widget-container>.elementor-spacer>.elementor-spacer-inner,.e-con>.elementor-widget-spacer>.elementor-widget-container>.elementor-spacer>.elementor-spacer-inner{height:var(--container-widget-height,var(--spacer-size))}<\/style>\t\t<div class=\"elementor-spacer\">\n\t\t\t<div class=\"elementor-spacer-inner\"><\/div>\n\t\t<\/div>\n\t\t\t\t<\/div>\n\t\t\t\t<\/div>\n\t\t\t\t<div class=\"elementor-element elementor-element-4897473 elementor-widget elementor-widget-mfn_accordion\" data-id=\"4897473\" data-element_type=\"widget\" data-widget_type=\"mfn_accordion.default\">\n\t\t\t\t<div class=\"elementor-widget-container\">\n\t\t\t<div class=\"accordion\"><h4 class=\"title\">Beneficiaria\/MamanABichonner<\/h4><div class=\"mfn-acc accordion_wrapper \"><div class=\"question\" tabindex=\"0\" role=\"link\"><div class=\"title\"><i class=\"icon-plus acc-icon-plus\" aria-hidden=\"true\"><\/i><i class=\"icon-minus acc-icon-minus\" aria-hidden=\"true\"><\/i>\u00bfSon obligatorios la foto y el texto de presentaci\u00f3n?<\/div><div class=\"answer\"><p>No, se trata de dos medios adicionales a nuestro procedimiento para impulsar tu popularidad entre las MamansCadeau.<\/p><\/div><\/div>\n<div class=\"question\" tabindex=\"0\" role=\"link\"><div class=\"title\"><i class=\"icon-plus acc-icon-plus\" aria-hidden=\"true\"><\/i><i class=\"icon-minus acc-icon-minus\" aria-hidden=\"true\"><\/i>\u00bfSe publicar\u00e1n mis datos en Internet o en las redes sociales?<\/div><div class=\"answer\"><p>Por definici\u00f3n, tu nombre, tu ciudad y los datos m\u00ednimos necesarios para la organizaci\u00f3n de tus mimos se publican en el mapa de los mimos que est\u00e1 disponible en nuestras redes sociales y nos reservamos el derecho a utilizar dichos datos para encontrar voluntarios\/as para ti en las redes sociales.<\/p><p>Si quieres que no se publique ninguna informaci\u00f3n sobre ti, ind\u00edcalo al devolver el correo de inscripci\u00f3n.<\/p><\/div><\/div>\n<div class=\"question\" tabindex=\"0\" role=\"link\"><div class=\"title\"><i class=\"icon-plus acc-icon-plus\" aria-hidden=\"true\"><\/i><i class=\"icon-minus acc-icon-minus\" aria-hidden=\"true\"><\/i>\u00bfTengo que pagar las comidas que me entregan?<\/div><div class=\"answer\"><p>No, el principio de SuperMamans se basa en la ayuda mutua y la gratuidad. La comida te la ofrece la MamanCadeau que te la lleva. Dicho esto, eres libre de ofrecerle algo a cambio si te apetece o de hacer una donaci\u00f3n a la asociaci\u00f3n para apoyar el concepto.<\/p><\/div><\/div>\n<div class=\"question\" tabindex=\"0\" role=\"link\"><div class=\"title\"><i class=\"icon-plus acc-icon-plus\" aria-hidden=\"true\"><\/i><i class=\"icon-minus acc-icon-minus\" aria-hidden=\"true\"><\/i>\u00bfDebo convertirme obligatoriamente en MamanCadeau despu\u00e9s de haber recibido mimos?<\/div><div class=\"answer\"><p>No, no es obligatorio. La idea es que una MamanCadeau ofrezca mimos a otra mam\u00e1 por placer y no por obligaci\u00f3n. Dicho esto, la aventura como MamanCadeau es igualmente enriquecedora, por lo que te animamos a probarlo al menos una vez cuando te sientas preparada.<\/p><\/div><\/div>\n<div class=\"question\" tabindex=\"0\" role=\"link\"><div class=\"title\"><i class=\"icon-plus acc-icon-plus\" aria-hidden=\"true\"><\/i><i class=\"icon-minus acc-icon-minus\" aria-hidden=\"true\"><\/i>Hemos acogido a un hijo en adopci\u00f3n, \u00bftengo derecho a recibir mimos?<\/div><div class=\"answer\"><p>\u00a1Claro que s\u00ed! Cualquier familia que acoja a un nuevo hijo en su familia tiene derecho a recibir mimos. Nos alegramos de poder organizar tus mimos para facilitar tu adaptaci\u00f3n a esta nueva aventura vital.<\/p><\/div><\/div>\n<\/div><\/div>\n\t\t<\/div>\n\t\t\t\t<\/div>\n\t\t\t\t<div class=\"elementor-element elementor-element-793e7fa elementor-widget elementor-widget-spacer\" data-id=\"793e7fa\" data-element_type=\"widget\" data-widget_type=\"spacer.default\">\n\t\t\t\t<div class=\"elementor-widget-container\">\n\t\t\t\t\t<div class=\"elementor-spacer\">\n\t\t\t<div class=\"elementor-spacer-inner\"><\/div>\n\t\t<\/div>\n\t\t\t\t<\/div>\n\t\t\t\t<\/div>\n\t\t\t\t<div class=\"elementor-element elementor-element-9cf6f2c elementor-widget elementor-widget-mfn_accordion\" data-id=\"9cf6f2c\" data-element_type=\"widget\" data-widget_type=\"mfn_accordion.default\">\n\t\t\t\t<div class=\"elementor-widget-container\">\n\t\t\t<div class=\"accordion\"><h4 class=\"title\">Voluntarios\/as\/MamanCadeau<\/h4><div class=\"mfn-acc accordion_wrapper \"><div class=\"question\" tabindex=\"0\" role=\"link\"><div class=\"title\"><i class=\"icon-plus acc-icon-plus\" aria-hidden=\"true\"><\/i><i class=\"icon-minus acc-icon-minus\" aria-hidden=\"true\"><\/i>\u00bfPuedo ir acompa\u00f1ada durante los mimos?<\/div><div class=\"answer\"><p>S\u00ed, el t\u00edtulo que recibes es de \u201cMamanCadeau\u201d, por lo que se sobreentiende que quiz\u00e1 seas un voluntario\/a con hijos. Sin embargo, pedimos a nuestros voluntarios\/as que avisen a la MamanABichonner y procuren que los hijos que lo\/la acompa\u00f1en sean respetuosos con el estado f\u00edsico o ps\u00edquico de la nueva mam\u00e1 o familia.<\/p><p>No dudes en proponer un paseo al aire libre si el tiempo lo permite o compartir la comida para canalizar las energ\u00edas de los ni\u00f1os.<\/p><\/div><\/div>\n<div class=\"question\" tabindex=\"0\" role=\"link\"><div class=\"title\"><i class=\"icon-plus acc-icon-plus\" aria-hidden=\"true\"><\/i><i class=\"icon-minus acc-icon-minus\" aria-hidden=\"true\"><\/i>Me gustar\u00eda recibir ideas de recetas y consejos sobre la higiene y el transporte de las comidas.<\/div><div class=\"answer\"><p>El respeto de la cadena de fr\u00edo y las buenas bases alimentarias son importantes para la asociaci\u00f3n SuperMamans.<\/p><p>Para ideas de recetas (incluyendo reg\u00edmenes especiales) y todas las recomendaciones alimentarias, te aconsejamos <a href=\"https:\/\/www.sge-ssn.ch\/fr\/\" target=\"_blank\" rel=\"noopener\">la p\u00e1gina web recomendada por la confederaci\u00f3n.<\/a><\/p><p>Tambi\u00e9n puedes seguir nuestra p\u00e1gina de Instagram <a href=\"https:\/\/www.instagram.com\/supermamans_officiel\/\" target=\"_blank\" rel=\"noopener\">@supermamans_officiel<\/a> y descubrir cada martes una nueva receta de nuestra socia Lucie, nutricionista @les_soins_de_lucie<a href=\"https:\/\/www.instagram.com\/les_soins_de_lucie\/\" target=\"_blank\" rel=\"noopener\">@les_soins_de_lucie<\/a>.<\/p><\/div><\/div>\n<div class=\"question\" tabindex=\"0\" role=\"link\"><div class=\"title\"><i class=\"icon-plus acc-icon-plus\" aria-hidden=\"true\"><\/i><i class=\"icon-minus acc-icon-minus\" aria-hidden=\"true\"><\/i>No me gusta cocinar, pero me gustar\u00eda participar en unos mimos, \u00bfqu\u00e9 puedo hacer?<\/div><div class=\"answer\"><p>En la descripci\u00f3n de la familia encontrar\u00e1s los dem\u00e1s servicios que pueden servir de ayuda a la familia. No dudes en precisar en los comentarios de la encuesta que prefieres responder a esta necesidad en lugar de llevar comida.<\/p><\/div><\/div>\n<div class=\"question\" tabindex=\"0\" role=\"link\"><div class=\"title\"><i class=\"icon-plus acc-icon-plus\" aria-hidden=\"true\"><\/i><i class=\"icon-minus acc-icon-minus\" aria-hidden=\"true\"><\/i>\u00bfCu\u00e1ndo tengo que entregar mi comida?<\/div><div class=\"answer\"><p>Deber\u00e1s ocuparte de contactar con la MamanABichonner 48 h antes de tu visita para acordar con ella la hora de la visita.<\/p><\/div><\/div>\n<div class=\"question\" tabindex=\"0\" role=\"link\"><div class=\"title\"><i class=\"icon-plus acc-icon-plus\" aria-hidden=\"true\"><\/i><i class=\"icon-minus acc-icon-minus\" aria-hidden=\"true\"><\/i>Despu\u00e9s de dar mimos a una mam\u00e1 para unos mimos de apoyo o para cuidadores, siento la necesidad de hablar de ello, \u00bfqu\u00e9 debo hacer?<\/div><div class=\"answer\"><p>No te guardes este sentimiento para ti, ofrecemos la posibilidad de comentar la visita en cualquier momento con una profesional de la asociaci\u00f3n, tu MamanContact te pondr\u00e1 en contacto.<\/p><\/div><\/div>\n<div class=\"question\" tabindex=\"0\" role=\"link\"><div class=\"title\"><i class=\"icon-plus acc-icon-plus\" aria-hidden=\"true\"><\/i><i class=\"icon-minus acc-icon-minus\" aria-hidden=\"true\"><\/i>Soy un hombre y me gustar\u00eda participar, \u00bfpuedo hacerlo?<\/div><div class=\"answer\"><p>\u00a1Desde luego! Los hombres son bienvenidos en nuestra asociaci\u00f3n. Al inscribirse, nuestras beneficiarias pueden indicar si est\u00e1n abiertas a recibir la visita de hombres. No dudes en inscribirte si es el caso.<\/p><\/div><\/div>\n<div class=\"question\" tabindex=\"0\" role=\"link\"><div class=\"title\"><i class=\"icon-plus acc-icon-plus\" aria-hidden=\"true\"><\/i><i class=\"icon-minus acc-icon-minus\" aria-hidden=\"true\"><\/i>\u00bfMe he mudado, como puedo actualizar mis datos?<\/div><div class=\"answer\"><p>Si tus datos han cambiado (nombre, direcci\u00f3n, n\u00famero de tel\u00e9fono, correo electr\u00f3nico) o si deseas modificar tus regiones de mimos, rellena simplemente el\u00a0<a href=\"https:\/\/docs.google.com\/forms\/d\/e\/1FAIpQLSeaB0y2ZobP-AKxXwuAnfVtkIg5yydv1T9M65nssViULQRpKg\/viewform\" target=\"_blank\" rel=\"noopener\">formulario de actualizaci\u00f3n<\/a>.<\/p><\/div><\/div>\n<div class=\"question\" tabindex=\"0\" role=\"link\"><div class=\"title\"><i class=\"icon-plus acc-icon-plus\" aria-hidden=\"true\"><\/i><i class=\"icon-minus acc-icon-minus\" aria-hidden=\"true\"><\/i>Necesito hacer una pausa de mimos, \u00bfc\u00f3mo lo hago?<\/div><div class=\"answer\"><p>Deseas reducir nuestras demandas porque vas a dar a luz pronto, o empiezas una nueva formaci\u00f3n, o por cualquier otra raz\u00f3n. Rellena el <a href=\"https:\/\/docs.google.com\/forms\/d\/e\/1FAIpQLScr0r3Tcu9Myzj9upLozZrm03veFXo2_j4tYSr6R8vWYPpZ-A\/viewform\" target=\"_blank\" rel=\"noopener\">formulario de demanda de pausa<\/a>.<\/p><\/div><\/div>\n<div class=\"question\" tabindex=\"0\" role=\"link\"><div class=\"title\"><i class=\"icon-plus acc-icon-plus\" aria-hidden=\"true\"><\/i><i class=\"icon-minus acc-icon-minus\" aria-hidden=\"true\"><\/i>Me ha encantado mi experiencia, pero debo dejar de colaborar con las SuperMamans, \u00bfc\u00f3mo lo hago?<\/div><div class=\"answer\"><p>Primeramente, te estamos infinitamente agradecidas por todas las familias que has visitado y a las que has regalado tu tiempo. Nos sabe mal verte marchar, pero esperamos que sea para reencontrarnos en el futuro. Mientras tanto, rellena el <a href=\"https:\/\/docs.google.com\/forms\/d\/e\/1FAIpQLSfue8A-gOMbGtAO3tEODHwrlkQ1siO1q3AUR1Modmxfa6yBWA\/viewform\" target=\"_blank\" rel=\"noopener\">formulario de desinscripci\u00f3n<\/a>\u00a0y ten en cuenta un plazo de unos 10 d\u00edas para la actualizaci\u00f3n de nuestra base de datos.<\/p><\/div><\/div>\n<\/div><\/div>\n\t\t<\/div>\n\t\t\t\t<\/div>\n\t\t\t\t\t<\/div>\n\t\t\t\t<\/div>\n\t\t\t\t\t<\/div>\n\t\t\t\t<\/div>\n\t\t\t\t\t\t\t<\/div>\n\t\t","protected":false},"excerpt":{"rendered":"<p>Preguntas frecuentes \u00bfNecesitas m\u00e1s informaci\u00f3n o tienes preguntas? Quiz\u00e1 aqu\u00ed encontrar\u00e1s la respuesta y si no tu MamanContact estar\u00e1 encantada de responderte. Preguntas generales \u00bfCu\u00e1ntas comidas y en qu\u00e9 cantidad se ofrecen? Intentamos realizar de media entre 3 y 5 visitas para cada mimo. Sin embargo, esto depende \u00fanicamente de<span class=\"excerpt-hellip\"> [\u2026]<\/span><\/p>\n","protected":false},"author":1,"featured_media":0,"parent":0,"menu_order":0,"comment_status":"closed","ping_status":"closed","template":"","meta":{"_acf_changed":false,"footnotes":""},"class_list":["post-34738","page","type-page","status-publish","hentry"],"acf":[],"_links":{"self":[{"href":"https:\/\/supermamans.ch\/es\/wp-json\/wp\/v2\/pages\/34738","targetHints":{"allow":["GET"]}}],"collection":[{"href":"https:\/\/supermamans.ch\/es\/wp-json\/wp\/v2\/pages"}],"about":[{"href":"https:\/\/supermamans.ch\/es\/wp-json\/wp\/v2\/types\/page"}],"author":[{"embeddable":true,"href":"https:\/\/supermamans.ch\/es\/wp-json\/wp\/v2\/users\/1"}],"replies":[{"embeddable":true,"href":"https:\/\/supermamans.ch\/es\/wp-json\/wp\/v2\/comments?post=34738"}],"version-history":[{"count":19,"href":"https:\/\/supermamans.ch\/es\/wp-json\/wp\/v2\/pages\/34738\/revisions"}],"predecessor-version":[{"id":38287,"href":"https:\/\/supermamans.ch\/es\/wp-json\/wp\/v2\/pages\/34738\/revisions\/38287"}],"wp:attachment":[{"href":"https:\/\/supermamans.ch\/es\/wp-json\/wp\/v2\/media?parent=34738"}],"curies":[{"name":"wp","href":"https:\/\/api.w.org\/{rel}","templated":true}]}}