{"id":34710,"date":"2022-11-14T14:46:40","date_gmt":"2022-11-14T13:46:40","guid":{"rendered":"https:\/\/www.supermamans.ch\/como-apoyarnos\/"},"modified":"2025-06-24T23:45:15","modified_gmt":"2025-06-24T21:45:15","slug":"como-apoyarnos","status":"publish","type":"page","link":"https:\/\/supermamans.ch\/es\/como-apoyarnos\/","title":{"rendered":"C\u00f3mo apoyarnos"},"content":{"rendered":"\t\t<div data-elementor-type=\"wp-page\" data-elementor-id=\"34710\" class=\"elementor elementor-34710 elementor-6701\">\n\t\t\t\t\t\t\t<div class=\"elementor-element elementor-element-86b9f2d e-con-full e-flex e-con\" data-id=\"86b9f2d\" data-element_type=\"container\" data-settings=\"{&quot;content_width&quot;:&quot;full&quot;,&quot;background_background&quot;:&quot;classic&quot;,&quot;shape_divider_bottom&quot;:&quot;mountains&quot;}\" data-e-bg-lazyload=\"\">\n\t\t\t\t<div class=\"elementor-shape elementor-shape-bottom\" data-negative=\"false\">\n\t\t\t<svg xmlns=\"http:\/\/www.w3.org\/2000\/svg\" viewBox=\"0 0 1000 100\" preserveAspectRatio=\"none\">\n\t<path class=\"elementor-shape-fill\" opacity=\"0.33\" d=\"M473,67.3c-203.9,88.3-263.1-34-320.3,0C66,119.1,0,59.7,0,59.7V0h1000v59.7 c0,0-62.1,26.1-94.9,29.3c-32.8,3.3-62.8-12.3-75.8-22.1C806,49.6,745.3,8.7,694.9,4.7S492.4,59,473,67.3z\"\/>\n\t<path class=\"elementor-shape-fill\" opacity=\"0.66\" d=\"M734,67.3c-45.5,0-77.2-23.2-129.1-39.1c-28.6-8.7-150.3-10.1-254,39.1 s-91.7-34.4-149.2,0C115.7,118.3,0,39.8,0,39.8V0h1000v36.5c0,0-28.2-18.5-92.1-18.5C810.2,18.1,775.7,67.3,734,67.3z\"\/>\n\t<path class=\"elementor-shape-fill\" d=\"M766.1,28.9c-200-57.5-266,65.5-395.1,19.5C242,1.8,242,5.4,184.8,20.6C128,35.8,132.3,44.9,89.9,52.5C28.6,63.7,0,0,0,0 h1000c0,0-9.9,40.9-83.6,48.1S829.6,47,766.1,28.9z\"\/>\n<\/svg>\t\t<\/div>\n\t\t\t\t<\/div>\n\t\t<div class=\"elementor-element elementor-element-687508c e-flex e-con-boxed e-con\" data-id=\"687508c\" data-element_type=\"container\" data-settings=\"{&quot;background_background&quot;:&quot;classic&quot;,&quot;content_width&quot;:&quot;boxed&quot;}\">\n\t\t\t\t\t<div class=\"e-con-inner\">\n\t\t<div class=\"elementor-element elementor-element-6b4b860 e-flex e-con-boxed e-con\" data-id=\"6b4b860\" data-element_type=\"container\" data-settings=\"{&quot;content_width&quot;:&quot;boxed&quot;}\">\n\t\t\t\t\t<div class=\"e-con-inner\">\n\t\t\t\t<div class=\"elementor-element elementor-element-72aa32e elementor-widget elementor-widget-heading\" data-id=\"72aa32e\" data-element_type=\"widget\" data-widget_type=\"heading.default\">\n\t\t\t\t<div class=\"elementor-widget-container\">\n\t\t\t<style>\/*! elementor - v3.14.0 - 26-06-2023 *\/\n.elementor-heading-title{padding:0;margin:0;line-height:1}.elementor-widget-heading .elementor-heading-title[class*=elementor-size-]>a{color:inherit;font-size:inherit;line-height:inherit}.elementor-widget-heading .elementor-heading-title.elementor-size-small{font-size:15px}.elementor-widget-heading .elementor-heading-title.elementor-size-medium{font-size:19px}.elementor-widget-heading .elementor-heading-title.elementor-size-large{font-size:29px}.elementor-widget-heading .elementor-heading-title.elementor-size-xl{font-size:39px}.elementor-widget-heading .elementor-heading-title.elementor-size-xxl{font-size:59px}<\/style><h1 class=\"elementor-heading-title elementor-size-default\">C\u00f3mo apoyarnos<\/h1>\t\t<\/div>\n\t\t\t\t<\/div>\n\t\t\t\t<div class=\"elementor-element elementor-element-84711af elementor-widget elementor-widget-text-editor\" data-id=\"84711af\" data-element_type=\"widget\" data-widget_type=\"text-editor.default\">\n\t\t\t\t<div class=\"elementor-widget-container\">\n\t\t\t<style>\/*! elementor - v3.14.0 - 26-06-2023 *\/\n.elementor-widget-text-editor.elementor-drop-cap-view-stacked .elementor-drop-cap{background-color:#69727d;color:#fff}.elementor-widget-text-editor.elementor-drop-cap-view-framed .elementor-drop-cap{color:#69727d;border:3px solid;background-color:transparent}.elementor-widget-text-editor:not(.elementor-drop-cap-view-default) .elementor-drop-cap{margin-top:8px}.elementor-widget-text-editor:not(.elementor-drop-cap-view-default) .elementor-drop-cap-letter{width:1em;height:1em}.elementor-widget-text-editor .elementor-drop-cap{float:left;text-align:center;line-height:1;font-size:50px}.elementor-widget-text-editor .elementor-drop-cap-letter{display:inline-block}<\/style>\t\t\t\t<p>SuperMamans es una asociaci\u00f3n sin \u00e1nimo de lucro que no est\u00e1 subvencionada por el Estado. La financiaci\u00f3n de sus actividades se basa en la generosidad de sus miembros y los ingresos de los eventos en los que participan sus miembros. <\/p>\n<p>SuperMamans es una asociaci\u00f3n de utilidad p\u00fablica, lo que permite a los donantes deducir sus donaciones de los impuestos.<\/p>\n\t\t\t\t\t\t<\/div>\n\t\t\t\t<\/div>\n\t\t\t\t\t<\/div>\n\t\t\t\t<\/div>\n\t\t\t\t\t<\/div>\n\t\t\t\t<\/div>\n\t\t<div class=\"elementor-element elementor-element-9f836c6 e-flex e-con-boxed e-con\" data-id=\"9f836c6\" data-element_type=\"container\" data-settings=\"{&quot;content_width&quot;:&quot;boxed&quot;}\">\n\t\t\t\t\t<div class=\"e-con-inner\">\n\t\t<div class=\"elementor-element elementor-element-e37593c e-con-full e-flex e-con\" data-id=\"e37593c\" data-element_type=\"container\" data-settings=\"{&quot;content_width&quot;:&quot;full&quot;}\">\n\t\t\t\t<div class=\"elementor-element elementor-element-39b30c2 elementor-widget elementor-widget-spacer\" data-id=\"39b30c2\" data-element_type=\"widget\" data-widget_type=\"spacer.default\">\n\t\t\t\t<div class=\"elementor-widget-container\">\n\t\t\t<style>\/*! elementor - v3.14.0 - 26-06-2023 *\/\n.elementor-column .elementor-spacer-inner{height:var(--spacer-size)}.e-con{--container-widget-width:100%}.e-con-inner>.elementor-widget-spacer,.e-con>.elementor-widget-spacer{width:var(--container-widget-width,var(--spacer-size));--align-self:var(--container-widget-align-self,initial);--flex-shrink:0}.e-con-inner>.elementor-widget-spacer>.elementor-widget-container,.e-con-inner>.elementor-widget-spacer>.elementor-widget-container>.elementor-spacer,.e-con>.elementor-widget-spacer>.elementor-widget-container,.e-con>.elementor-widget-spacer>.elementor-widget-container>.elementor-spacer{height:100%}.e-con-inner>.elementor-widget-spacer>.elementor-widget-container>.elementor-spacer>.elementor-spacer-inner,.e-con>.elementor-widget-spacer>.elementor-widget-container>.elementor-spacer>.elementor-spacer-inner{height:var(--container-widget-height,var(--spacer-size))}<\/style>\t\t<div class=\"elementor-spacer\">\n\t\t\t<div class=\"elementor-spacer-inner\"><\/div>\n\t\t<\/div>\n\t\t\t\t<\/div>\n\t\t\t\t<\/div>\n\t\t\t\t<div class=\"elementor-element elementor-element-9ac78af elementor-widget elementor-widget-mfn_story_box\" data-id=\"9ac78af\" data-element_type=\"widget\" data-widget_type=\"mfn_story_box.default\">\n\t\t\t\t<div class=\"elementor-widget-container\">\n\t\t\t<div class=\"story_box \"><div class=\"desc_wrapper\"><h3 class=\"themecolor\">\u00bfPor qu\u00e9 apoyar a la asociaci\u00f3n SuperMamans?<\/h3><hr class=\"hr_color\"><\/div><div class=\"desc\"><\/div><\/div>\n\t\t<\/div>\n\t\t\t\t<\/div>\n\t\t\t\t<div class=\"elementor-element elementor-element-8f25209 elementor-widget elementor-widget-text-editor\" data-id=\"8f25209\" data-element_type=\"widget\" data-widget_type=\"text-editor.default\">\n\t\t\t\t<div class=\"elementor-widget-container\">\n\t\t\t\t\t\t\t<ul>\n<li>La asociaci\u00f3n es de utilidad p\u00fablica y tus donaciones son deducibles de los impuestos.<\/li>\n<li>La originalidad del concepto: ofrecemos una prestaci\u00f3n \u00fanica y complementaria a los servicios del Estado en materia de perinatalidad.<\/li>\n<li>El reconocimiento: somos un socio reconocido por los principales hospitales de la Suiza franc\u00f3fona y por los profesionales sanitarios (comadronas, enfermeras, CMS y centros de puericultura).<\/li>\n<li>La prevenci\u00f3n de la depresi\u00f3n posparto o la fatiga materna: con nuestros <a href=\"https:\/\/www.supermamans.ch\/bichonnage-de-soutien\/\">mimos de apoyo<\/a>, mantenemos un v\u00ednculo social con las personas de riesgo para reducir la aparici\u00f3n o las consecuencias de la enfermedad.<\/li>\n<li>La durabilidad: fundada en 2015, SuperMamans contin\u00faa llevando a cabo su misi\u00f3n ayudando a las familias de la Suiza franc\u00f3fona gratuitamente a pesar de tener un presupuesto limitado. El n\u00famero de familias que reciben mimos aumenta cada a\u00f1o, con 680 familias en 2022, de ellas 30 a trav\u00e9s de nuestros nuevos servicios: <a href=\"https:\/\/www.supermamans.ch\/bichonnage-de-soutien\/\">mimos de apoyo<\/a> y <a href=\"https:\/\/www.supermamans.ch\/bichonnage-proches-aidants\/\">mimos para cuidadores<\/a>. <\/li>\n<\/ul>\n\t\t\t\t\t\t<\/div>\n\t\t\t\t<\/div>\n\t\t\t\t<div class=\"elementor-element elementor-element-429b4b9 elementor-widget elementor-widget-spacer\" data-id=\"429b4b9\" data-element_type=\"widget\" data-widget_type=\"spacer.default\">\n\t\t\t\t<div class=\"elementor-widget-container\">\n\t\t\t\t\t<div class=\"elementor-spacer\">\n\t\t\t<div class=\"elementor-spacer-inner\"><\/div>\n\t\t<\/div>\n\t\t\t\t<\/div>\n\t\t\t\t<\/div>\n\t\t\t\t<div class=\"elementor-element elementor-element-9a39c6d elementor-widget elementor-widget-mfn_story_box\" data-id=\"9a39c6d\" data-element_type=\"widget\" data-widget_type=\"mfn_story_box.default\">\n\t\t\t\t<div class=\"elementor-widget-container\">\n\t\t\t<div class=\"story_box \"><div class=\"desc_wrapper\"><h3 class=\"themecolor\">Hacerse voluntario<\/h3><hr class=\"hr_color\"><\/div><div class=\"desc\"><\/div><\/div>\n\t\t<\/div>\n\t\t\t\t<\/div>\n\t\t\t\t<div class=\"elementor-element elementor-element-4d2c1fd elementor-widget elementor-widget-text-editor\" data-id=\"4d2c1fd\" data-element_type=\"widget\" data-widget_type=\"text-editor.default\">\n\t\t\t\t<div class=\"elementor-widget-container\">\n\t\t\t\t\t\t\t<p>La asociaci\u00f3n busca constantemente voluntarios\/as para hacer funcionar la asociaci\u00f3n y ampliar la familia de SuperMamans.<\/p>\n<p>\u00bfTe gustar\u00eda formar parte del concepto como MamanCadeau y llevar comidas sanas y caseras a nuevas mam\u00e1s?<\/p>\n\t\t\t\t\t\t<\/div>\n\t\t\t\t<\/div>\n\t\t\t\t<div class=\"elementor-element elementor-element-a901fa1 elementor-align-center elementor-widget elementor-widget-button\" data-id=\"a901fa1\" data-element_type=\"widget\" data-widget_type=\"button.default\">\n\t\t\t\t<div class=\"elementor-widget-container\">\n\t\t\t\t\t<div class=\"elementor-button-wrapper\">\n\t\t\t<a class=\"elementor-button elementor-button-link elementor-size-lg\" href=\"https:\/\/www.supermamans.ch\/mamancadeau\/\">\n\t\t\t\t\t\t<span class=\"elementor-button-content-wrapper\">\n\t\t\t\t\t\t<span class=\"elementor-button-text\">Descubre c\u00f3mo convertirte en MamanCadeau<\/span>\n\t\t<\/span>\n\t\t\t\t\t<\/a>\n\t\t<\/div>\n\t\t\t\t<\/div>\n\t\t\t\t<\/div>\n\t\t\t\t<div class=\"elementor-element elementor-element-9a81fdd elementor-widget elementor-widget-spacer\" data-id=\"9a81fdd\" data-element_type=\"widget\" data-widget_type=\"spacer.default\">\n\t\t\t\t<div class=\"elementor-widget-container\">\n\t\t\t\t\t<div class=\"elementor-spacer\">\n\t\t\t<div class=\"elementor-spacer-inner\"><\/div>\n\t\t<\/div>\n\t\t\t\t<\/div>\n\t\t\t\t<\/div>\n\t\t\t\t<div class=\"elementor-element elementor-element-df7c745 elementor-widget elementor-widget-text-editor\" data-id=\"df7c745\" data-element_type=\"widget\" data-widget_type=\"text-editor.default\">\n\t\t\t\t<div class=\"elementor-widget-container\">\n\t\t\t\t\t\t\t<p>Si prefieres formar parte del equipo de organizaci\u00f3n, te damos la bienvenida como MamanContact. <\/p>\n\t\t\t\t\t\t<\/div>\n\t\t\t\t<\/div>\n\t\t\t\t<div class=\"elementor-element elementor-element-0a35d3e elementor-align-center elementor-widget elementor-widget-button\" data-id=\"0a35d3e\" data-element_type=\"widget\" data-widget_type=\"button.default\">\n\t\t\t\t<div class=\"elementor-widget-container\">\n\t\t\t\t\t<div class=\"elementor-button-wrapper\">\n\t\t\t<a class=\"elementor-button elementor-button-link elementor-size-lg\" href=\"https:\/\/www.supermamans.ch\/mamancontact\/\">\n\t\t\t\t\t\t<span class=\"elementor-button-content-wrapper\">\n\t\t\t\t\t\t<span class=\"elementor-button-text\">Descubre c\u00f3mo convertirte en MamanContact<\/span>\n\t\t<\/span>\n\t\t\t\t\t<\/a>\n\t\t<\/div>\n\t\t\t\t<\/div>\n\t\t\t\t<\/div>\n\t\t\t\t<div class=\"elementor-element elementor-element-53af112 elementor-widget elementor-widget-spacer\" data-id=\"53af112\" data-element_type=\"widget\" data-widget_type=\"spacer.default\">\n\t\t\t\t<div class=\"elementor-widget-container\">\n\t\t\t\t\t<div class=\"elementor-spacer\">\n\t\t\t<div class=\"elementor-spacer-inner\"><\/div>\n\t\t<\/div>\n\t\t\t\t<\/div>\n\t\t\t\t<\/div>\n\t\t\t\t<div class=\"elementor-element elementor-element-2d888a5 elementor-widget elementor-widget-text-editor\" data-id=\"2d888a5\" data-element_type=\"widget\" data-widget_type=\"text-editor.default\">\n\t\t\t\t<div class=\"elementor-widget-container\">\n\t\t\t\t\t\t\t<p>Por \u00faltimo, tambi\u00e9n puedes ayudar a la asociaci\u00f3n SuperMamans incorpor\u00e1ndote al comit\u00e9.<\/p>\n\t\t\t\t\t\t<\/div>\n\t\t\t\t<\/div>\n\t\t\t\t<div class=\"elementor-element elementor-element-a9badb9 elementor-align-center elementor-widget elementor-widget-button\" data-id=\"a9badb9\" data-element_type=\"widget\" data-widget_type=\"button.default\">\n\t\t\t\t<div class=\"elementor-widget-container\">\n\t\t\t\t\t<div class=\"elementor-button-wrapper\">\n\t\t\t<a class=\"elementor-button elementor-button-link elementor-size-lg\" href=\"https:\/\/www.supermamans.ch\/comite\/\">\n\t\t\t\t\t\t<span class=\"elementor-button-content-wrapper\">\n\t\t\t\t\t\t<span class=\"elementor-button-text\">Unirte al comit\u00e9 SuperMamans<\/span>\n\t\t<\/span>\n\t\t\t\t\t<\/a>\n\t\t<\/div>\n\t\t\t\t<\/div>\n\t\t\t\t<\/div>\n\t\t\t\t<div class=\"elementor-element elementor-element-da3aaa1 elementor-widget elementor-widget-spacer\" data-id=\"da3aaa1\" data-element_type=\"widget\" data-widget_type=\"spacer.default\">\n\t\t\t\t<div class=\"elementor-widget-container\">\n\t\t\t\t\t<div class=\"elementor-spacer\">\n\t\t\t<div class=\"elementor-spacer-inner\"><\/div>\n\t\t<\/div>\n\t\t\t\t<\/div>\n\t\t\t\t<\/div>\n\t\t\t\t<div class=\"elementor-element elementor-element-76ebe9c elementor-widget elementor-widget-mfn_story_box\" data-id=\"76ebe9c\" data-element_type=\"widget\" data-widget_type=\"mfn_story_box.default\">\n\t\t\t\t<div class=\"elementor-widget-container\">\n\t\t\t<div class=\"story_box \"><div class=\"desc_wrapper\"><h3 class=\"themecolor\">Hacerse miembro de apoyo<\/h3><hr class=\"hr_color\"><\/div><div class=\"desc\"><\/div><\/div>\n\t\t<\/div>\n\t\t\t\t<\/div>\n\t\t\t\t<div class=\"elementor-element elementor-element-efd98c8 elementor-widget elementor-widget-text-editor\" data-id=\"efd98c8\" data-element_type=\"widget\" data-widget_type=\"text-editor.default\">\n\t\t\t\t<div class=\"elementor-widget-container\">\n\t\t\t\t\t\t\t<p>Si nuestro compromiso con las familias te interesa, participa en el funcionamiento de la asociaci\u00f3n y apoya la promoci\u00f3n de SuperMamans. As\u00ed nos ayudar\u00e1s a afianzar nuestra acci\u00f3n. <\/p>\n<p>Convi\u00e9rtete en miembro de apoyo, la cuota anual es de 50 CHF (cuota de 25 CHF\/a\u00f1o para estudiantes, aprendices y beneficiarios de los seguros de vejez, invalidez y desempleo).<\/p>\n\t\t\t\t\t\t<\/div>\n\t\t\t\t<\/div>\n\t\t\t\t<div class=\"elementor-element elementor-element-4fdc242 elementor-align-center elementor-widget elementor-widget-button\" data-id=\"4fdc242\" data-element_type=\"widget\" data-widget_type=\"button.default\">\n\t\t\t\t<div class=\"elementor-widget-container\">\n\t\t\t\t\t<div class=\"elementor-button-wrapper\">\n\t\t\t<a class=\"elementor-button elementor-button-link elementor-size-lg\" href=\"https:\/\/docs.google.com\/forms\/d\/e\/1FAIpQLSeefd1_4zOg3Ehy91eqO01R30sfHtFWcYV-eujTlluLk79RgQ\/viewform\" target=\"_blank\" rel=\"noopener\">\n\t\t\t\t\t\t<span class=\"elementor-button-content-wrapper\">\n\t\t\t\t\t\t<span class=\"elementor-button-text\">Hacerse miembro de apoyo<\/span>\n\t\t<\/span>\n\t\t\t\t\t<\/a>\n\t\t<\/div>\n\t\t\t\t<\/div>\n\t\t\t\t<\/div>\n\t\t\t\t<div class=\"elementor-element elementor-element-0a28af2 elementor-widget elementor-widget-spacer\" data-id=\"0a28af2\" data-element_type=\"widget\" data-widget_type=\"spacer.default\">\n\t\t\t\t<div class=\"elementor-widget-container\">\n\t\t\t\t\t<div class=\"elementor-spacer\">\n\t\t\t<div class=\"elementor-spacer-inner\"><\/div>\n\t\t<\/div>\n\t\t\t\t<\/div>\n\t\t\t\t<\/div>\n\t\t\t\t<div class=\"elementor-element elementor-element-0f9a8dd elementor-widget elementor-widget-mfn_story_box\" data-id=\"0f9a8dd\" data-element_type=\"widget\" data-widget_type=\"mfn_story_box.default\">\n\t\t\t\t<div class=\"elementor-widget-container\">\n\t\t\t<div class=\"story_box \"><div class=\"desc_wrapper\"><h3 class=\"themecolor\">Hacer una donaci\u00f3n<\/h3><hr class=\"hr_color\"><\/div><div class=\"desc\"><\/div><\/div>\n\t\t<\/div>\n\t\t\t\t<\/div>\n\t\t\t\t<div class=\"elementor-element elementor-element-e983e1d elementor-widget elementor-widget-text-editor\" data-id=\"e983e1d\" data-element_type=\"widget\" data-widget_type=\"text-editor.default\">\n\t\t\t\t<div class=\"elementor-widget-container\">\n\t\t\t\t\t\t\t<p>La asociaci\u00f3n es de utilidad p\u00fablica, por lo que las donaciones son deducibles de los impuestos.<\/p>\n<p>Puedes hacer una donaci\u00f3n en nuestra cuenta:<br>IBAN : CH71 0900 0000 1485 3816 9<br>Association SuperMamans<br>1008 Prilly<\/p>\n<p>Utilizando el formulario siguiente tambi\u00e9n puedes hacer una donaci\u00f3n mediante TWINT para apoyarnos:<\/p>\t\t\t\t\t\t<\/div>\n\t\t\t\t<\/div>\n\t\t\t\t<div class=\"elementor-element elementor-element-15c6863 elementor-widget elementor-widget-text-editor\" data-id=\"15c6863\" data-element_type=\"widget\" data-widget_type=\"text-editor.default\">\n\t\t\t\t<div class=\"elementor-widget-container\">\n\t\t\t\t\t\t\t<p>Utilice la plataforma de donaciones suizas, gratuita:<\/p>\t\t\t\t\t\t<\/div>\n\t\t\t\t<\/div>\n\t\t\t\t<div class=\"elementor-element elementor-element-082a0b2 elementor-align-center elementor-widget elementor-widget-button\" data-id=\"082a0b2\" data-element_type=\"widget\" data-widget_type=\"button.default\">\n\t\t\t\t<div class=\"elementor-widget-container\">\n\t\t\t\t\t<div class=\"elementor-button-wrapper\">\n\t\t\t<a class=\"elementor-button elementor-button-link elementor-size-lg\" href=\"https:\/\/swissdonations.ch\/fr\/charities\/supermamans-fr\" target=\"_blank\" rel=\"noopener\">\n\t\t\t\t\t\t<span class=\"elementor-button-content-wrapper\">\n\t\t\t\t\t\t<span class=\"elementor-button-text\">Swiss donation<\/span>\n\t\t<\/span>\n\t\t\t\t\t<\/a>\n\t\t<\/div>\n\t\t\t\t<\/div>\n\t\t\t\t<\/div>\n\t\t\t\t<div class=\"elementor-element elementor-element-6116f09 elementor-widget elementor-widget-spacer\" data-id=\"6116f09\" data-element_type=\"widget\" data-widget_type=\"spacer.default\">\n\t\t\t\t<div class=\"elementor-widget-container\">\n\t\t\t\t\t<div class=\"elementor-spacer\">\n\t\t\t<div class=\"elementor-spacer-inner\"><\/div>\n\t\t<\/div>\n\t\t\t\t<\/div>\n\t\t\t\t<\/div>\n\t\t\t\t<div class=\"elementor-element elementor-element-834d07d elementor-widget elementor-widget-text-editor\" data-id=\"834d07d\" data-element_type=\"widget\" data-widget_type=\"text-editor.default\">\n\t\t\t\t<div class=\"elementor-widget-container\">\n\t\t\t\t\t\t\t<p>O utilice el bot\u00f3n de abajo para hacer una donaci\u00f3n a trav\u00e9s de TWINT y apoyarnos.<\/p>\t\t\t\t\t\t<\/div>\n\t\t\t\t<\/div>\n\t\t\t\t<div class=\"elementor-element elementor-element-928a30e elementor-widget elementor-widget-html\" data-id=\"928a30e\" data-element_type=\"widget\" data-widget_type=\"html.default\">\n\t\t\t\t<div class=\"elementor-widget-container\">\n\t\t\t<div id=\"rnw-paylink-button-jvdxr\"><\/div>\n\n<script type=\"module\">\n\n  import {TwintButton} from \"https:\/\/unpkg.com\/@raisenow\/paylink-button@2\/dist\/TwintButton.js\"\n\n  TwintButton.render(\"#rnw-paylink-button-jvdxr\", {\n\n    \"solution-id\": \"jvdxr\",\n\n    \"solution-type\": \"donate\",\n\n    \"language\": \"fr\",\n\n    \"size\": \"large\",\n\n    \"width\": \"fixed\",\n\n    \"color-scheme\": \"dark\",\n\n  })\n\n\n<\/script>\t\t<\/div>\n\t\t\t\t<\/div>\n\t\t\t\t<\/div>\n\t\t\t\t\t<\/div>\n\t\t\t\t<\/div>\n\t\t\t\t\t\t\t<\/div>\n\t\t","protected":false},"excerpt":{"rendered":"<p>C\u00f3mo apoyarnos SuperMamans es una asociaci\u00f3n sin \u00e1nimo de lucro que no est\u00e1 subvencionada por el Estado. La financiaci\u00f3n de sus actividades se basa en la generosidad de sus miembros y los ingresos de los eventos en los que participan sus miembros. SuperMamans es una asociaci\u00f3n de utilidad p\u00fablica, lo<span class=\"excerpt-hellip\"> [\u2026]<\/span><\/p>\n","protected":false},"author":1,"featured_media":0,"parent":0,"menu_order":0,"comment_status":"closed","ping_status":"closed","template":"","meta":{"_acf_changed":false,"footnotes":""},"class_list":["post-34710","page","type-page","status-publish","hentry"],"acf":[],"_links":{"self":[{"href":"https:\/\/supermamans.ch\/es\/wp-json\/wp\/v2\/pages\/34710","targetHints":{"allow":["GET"]}}],"collection":[{"href":"https:\/\/supermamans.ch\/es\/wp-json\/wp\/v2\/pages"}],"about":[{"href":"https:\/\/supermamans.ch\/es\/wp-json\/wp\/v2\/types\/page"}],"author":[{"embeddable":true,"href":"https:\/\/supermamans.ch\/es\/wp-json\/wp\/v2\/users\/1"}],"replies":[{"embeddable":true,"href":"https:\/\/supermamans.ch\/es\/wp-json\/wp\/v2\/comments?post=34710"}],"version-history":[{"count":10,"href":"https:\/\/supermamans.ch\/es\/wp-json\/wp\/v2\/pages\/34710\/revisions"}],"predecessor-version":[{"id":38465,"href":"https:\/\/supermamans.ch\/es\/wp-json\/wp\/v2\/pages\/34710\/revisions\/38465"}],"wp:attachment":[{"href":"https:\/\/supermamans.ch\/es\/wp-json\/wp\/v2\/media?parent=34710"}],"curies":[{"name":"wp","href":"https:\/\/api.w.org\/{rel}","templated":true}]}}