{"id":34406,"date":"2017-05-02T14:50:37","date_gmt":"2017-05-02T12:50:37","guid":{"rendered":"https:\/\/www.supermamans.ch\/faq\/"},"modified":"2024-05-12T22:09:26","modified_gmt":"2024-05-12T20:09:26","slug":"faq","status":"publish","type":"page","link":"https:\/\/supermamans.ch\/de\/faq\/","title":{"rendered":"FAQ"},"content":{"rendered":"\t\t<div data-elementor-type=\"wp-page\" data-elementor-id=\"34406\" class=\"elementor elementor-34406 elementor-1514\">\n\t\t\t\t\t\t\t<div class=\"elementor-element elementor-element-45dffae e-con-full e-flex e-con\" data-id=\"45dffae\" data-element_type=\"container\" data-settings=\"{&quot;content_width&quot;:&quot;full&quot;,&quot;background_background&quot;:&quot;classic&quot;,&quot;shape_divider_bottom&quot;:&quot;mountains&quot;}\" data-e-bg-lazyload=\"\">\n\t\t\t\t<div class=\"elementor-shape elementor-shape-bottom\" data-negative=\"false\">\n\t\t\t<svg xmlns=\"http:\/\/www.w3.org\/2000\/svg\" viewBox=\"0 0 1000 100\" preserveAspectRatio=\"none\">\n\t<path class=\"elementor-shape-fill\" opacity=\"0.33\" d=\"M473,67.3c-203.9,88.3-263.1-34-320.3,0C66,119.1,0,59.7,0,59.7V0h1000v59.7 c0,0-62.1,26.1-94.9,29.3c-32.8,3.3-62.8-12.3-75.8-22.1C806,49.6,745.3,8.7,694.9,4.7S492.4,59,473,67.3z\"\/>\n\t<path class=\"elementor-shape-fill\" opacity=\"0.66\" d=\"M734,67.3c-45.5,0-77.2-23.2-129.1-39.1c-28.6-8.7-150.3-10.1-254,39.1 s-91.7-34.4-149.2,0C115.7,118.3,0,39.8,0,39.8V0h1000v36.5c0,0-28.2-18.5-92.1-18.5C810.2,18.1,775.7,67.3,734,67.3z\"\/>\n\t<path class=\"elementor-shape-fill\" d=\"M766.1,28.9c-200-57.5-266,65.5-395.1,19.5C242,1.8,242,5.4,184.8,20.6C128,35.8,132.3,44.9,89.9,52.5C28.6,63.7,0,0,0,0 h1000c0,0-9.9,40.9-83.6,48.1S829.6,47,766.1,28.9z\"\/>\n<\/svg>\t\t<\/div>\n\t\t\t\t<\/div>\n\t\t<div class=\"elementor-element elementor-element-31aaeac e-flex e-con-boxed e-con\" data-id=\"31aaeac\" data-element_type=\"container\" data-settings=\"{&quot;background_background&quot;:&quot;classic&quot;,&quot;content_width&quot;:&quot;boxed&quot;}\">\n\t\t\t\t\t<div class=\"e-con-inner\">\n\t\t<div class=\"elementor-element elementor-element-814ed14 e-flex e-con-boxed e-con\" data-id=\"814ed14\" data-element_type=\"container\" data-settings=\"{&quot;content_width&quot;:&quot;boxed&quot;}\">\n\t\t\t\t\t<div class=\"e-con-inner\">\n\t\t\t\t<div class=\"elementor-element elementor-element-ea611eb elementor-widget elementor-widget-heading\" data-id=\"ea611eb\" data-element_type=\"widget\" data-widget_type=\"heading.default\">\n\t\t\t\t<div class=\"elementor-widget-container\">\n\t\t\t<style>\/*! elementor - v3.14.0 - 26-06-2023 *\/\n.elementor-heading-title{padding:0;margin:0;line-height:1}.elementor-widget-heading .elementor-heading-title[class*=elementor-size-]>a{color:inherit;font-size:inherit;line-height:inherit}.elementor-widget-heading .elementor-heading-title.elementor-size-small{font-size:15px}.elementor-widget-heading .elementor-heading-title.elementor-size-medium{font-size:19px}.elementor-widget-heading .elementor-heading-title.elementor-size-large{font-size:29px}.elementor-widget-heading .elementor-heading-title.elementor-size-xl{font-size:39px}.elementor-widget-heading .elementor-heading-title.elementor-size-xxl{font-size:59px}<\/style><h1 class=\"elementor-heading-title elementor-size-default\">H\u00e4ufig gestellte Fragen (FAQ)<\/h1>\t\t<\/div>\n\t\t\t\t<\/div>\n\t\t\t\t<div class=\"elementor-element elementor-element-7a98ba5 elementor-widget elementor-widget-text-editor\" data-id=\"7a98ba5\" data-element_type=\"widget\" data-widget_type=\"text-editor.default\">\n\t\t\t\t<div class=\"elementor-widget-container\">\n\t\t\t<style>\/*! elementor - v3.14.0 - 26-06-2023 *\/\n.elementor-widget-text-editor.elementor-drop-cap-view-stacked .elementor-drop-cap{background-color:#69727d;color:#fff}.elementor-widget-text-editor.elementor-drop-cap-view-framed .elementor-drop-cap{color:#69727d;border:3px solid;background-color:transparent}.elementor-widget-text-editor:not(.elementor-drop-cap-view-default) .elementor-drop-cap{margin-top:8px}.elementor-widget-text-editor:not(.elementor-drop-cap-view-default) .elementor-drop-cap-letter{width:1em;height:1em}.elementor-widget-text-editor .elementor-drop-cap{float:left;text-align:center;line-height:1;font-size:50px}.elementor-widget-text-editor .elementor-drop-cap-letter{display:inline-block}<\/style>\t\t\t\t<p>Brauchst du mehr Informationen oder hast du Fragen? Vielleicht findest du hier eine Antwort. Ansonsten beantwortet deine KontaktMama sie dir gerne.  <\/p>\n\t\t\t\t\t\t<\/div>\n\t\t\t\t<\/div>\n\t\t\t\t<div class=\"elementor-element elementor-element-ee57828 elementor-widget elementor-widget-mfn_accordion\" data-id=\"ee57828\" data-element_type=\"widget\" data-widget_type=\"mfn_accordion.default\">\n\t\t\t\t<div class=\"elementor-widget-container\">\n\t\t\t<div class=\"accordion\"><h4 class=\"title\">Allgemeine Fragen<\/h4><div class=\"mfn-acc accordion_wrapper \"><div class=\"question\" tabindex=\"0\" role=\"link\"><div class=\"title\"><i class=\"icon-plus acc-icon-plus\" aria-hidden=\"true\"><\/i><i class=\"icon-minus acc-icon-minus\" aria-hidden=\"true\"><\/i>Wie viele Mahlzeiten sollen in welcher Menge gebracht werden?<\/div><div class=\"answer\"><p>Wir streben an, dass in einer Verw\u00f6hnzeit jeweils drei-bis f\u00fcnfmal Essen gebracht wird. Dies h\u00e4ngt jedoch ausschliesslich von der Verf\u00fcgbarkeit der Freiwilligen ab. Ein Minimum k\u00f6nnen wir nicht garantieren.  <\/p>\n<p>Die mitgebrachten Mahlzeiten sind f\u00fcr alle in der Anmeldung angegebenen Familienmitglieder vorgesehen und sollen zu dem f\u00fcr die ZuVerw\u00f6hnendeMama passendsten Zeitpunkt verzehrt werden.<\/p>\n<\/div><\/div>\n<div class=\"question\" tabindex=\"0\" role=\"link\"><div class=\"title\"><i class=\"icon-plus acc-icon-plus\" aria-hidden=\"true\"><\/i><i class=\"icon-minus acc-icon-minus\" aria-hidden=\"true\"><\/i>Warum muss ich meine Kontaktdaten angeben?<\/div><div class=\"answer\"><p>Deine Kontaktdaten werden ausschliesslich dazu verwendet, deine Verw\u00f6hnzeit effektiv zu organisieren. Sie dienen dazu, die Freiwilligen zu finden, die die k\u00fcrzeste Entfernung zu deinem Wohnort haben. Sie werden im Einklang mit der <a href=\"https:\/\/www.supermamans.ch\/charte-de-confidentialite\/\">Datenschutzrichtlinie<\/a> weitergegeben, das heisst immer mit Sorgfalt und beschr\u00e4nkt auf die unbedingt notwendigen Mengen.  <\/p>\n<p>Falls du eine GeschenkMama bist, verwenden wir deine Kontaktdaten, um dich erreichen zu k\u00f6nnen und dir Dankesschreiben und Geschenke zu schicken. Als Kontaktdaten geben wir deinen Vornamen, Nachnamen, deine Telefonnummer und E-Mail-Adresse nur dann an die Zu-Verw\u00f6hnenden-Mama weiter, wenn du dich f\u00fcr ihre Verw\u00f6hnzeit gemeldet hast. <\/p>\n<p>Es werden ohne eure Zustimmung keine personenbezogenen Daten verkauft oder externen Dritten \u00fcberlassen.<\/p>\n<\/div><\/div>\n<div class=\"question\" tabindex=\"0\" role=\"link\"><div class=\"title\"><i class=\"icon-plus acc-icon-plus\" aria-hidden=\"true\"><\/i><i class=\"icon-minus acc-icon-minus\" aria-hidden=\"true\"><\/i>Wie lange dauert eine Verw\u00f6hnzeit?<\/div><div class=\"answer\"><p>Das h\u00e4ngt ganz von der Zahl der GeschenkMamas ab, die bereitstehen, um eine Mama zu verw\u00f6hnen. Eine Verw\u00f6hnzeit kann mindestens einen und bis zu acht Besuche umfassen. Sie kann auf die Tage der Woche verteilt werden, in der die Mutter nach Hause zur\u00fcckkehrt, oder auch auf mehrere Wochen. Dabei sind an mindestens zwei bis drei Tagen pro Woche Besuche vorgesehen. Die Planung konzentriert sich auf maximal 4 bis 5 Wochen.   <\/p>\n<\/div><\/div>\n<\/div><\/div>\n\t\t<\/div>\n\t\t\t\t<\/div>\n\t\t\t\t<div class=\"elementor-element elementor-element-a039ad1 elementor-widget elementor-widget-spacer\" data-id=\"a039ad1\" data-element_type=\"widget\" data-widget_type=\"spacer.default\">\n\t\t\t\t<div class=\"elementor-widget-container\">\n\t\t\t<style>\/*! elementor - v3.14.0 - 26-06-2023 *\/\n.elementor-column .elementor-spacer-inner{height:var(--spacer-size)}.e-con{--container-widget-width:100%}.e-con-inner>.elementor-widget-spacer,.e-con>.elementor-widget-spacer{width:var(--container-widget-width,var(--spacer-size));--align-self:var(--container-widget-align-self,initial);--flex-shrink:0}.e-con-inner>.elementor-widget-spacer>.elementor-widget-container,.e-con-inner>.elementor-widget-spacer>.elementor-widget-container>.elementor-spacer,.e-con>.elementor-widget-spacer>.elementor-widget-container,.e-con>.elementor-widget-spacer>.elementor-widget-container>.elementor-spacer{height:100%}.e-con-inner>.elementor-widget-spacer>.elementor-widget-container>.elementor-spacer>.elementor-spacer-inner,.e-con>.elementor-widget-spacer>.elementor-widget-container>.elementor-spacer>.elementor-spacer-inner{height:var(--container-widget-height,var(--spacer-size))}<\/style>\t\t<div class=\"elementor-spacer\">\n\t\t\t<div class=\"elementor-spacer-inner\"><\/div>\n\t\t<\/div>\n\t\t\t\t<\/div>\n\t\t\t\t<\/div>\n\t\t\t\t<div class=\"elementor-element elementor-element-4897473 elementor-widget elementor-widget-mfn_accordion\" data-id=\"4897473\" data-element_type=\"widget\" data-widget_type=\"mfn_accordion.default\">\n\t\t\t\t<div class=\"elementor-widget-container\">\n\t\t\t<div class=\"accordion\"><h4 class=\"title\">Empf\u00e4ngerin\/ZuVerw\u00f6hnendeMama<\/h4><div class=\"mfn-acc accordion_wrapper \"><div class=\"question\" tabindex=\"0\" role=\"link\"><div class=\"title\"><i class=\"icon-plus acc-icon-plus\" aria-hidden=\"true\"><\/i><i class=\"icon-minus acc-icon-minus\" aria-hidden=\"true\"><\/i>Sind das Foto und der Vorstellungstext unbedingt notwendig?<\/div><div class=\"answer\"><p>Nein, es sind zus\u00e4tzlich zu unserem Verfahren zwei M\u00f6glichkeiten, mit denen du deine Sympathiewerte bei den GeschenkMamas steigern kannst.<\/p>\n<\/div><\/div>\n<div class=\"question\" tabindex=\"0\" role=\"link\"><div class=\"title\"><i class=\"icon-plus acc-icon-plus\" aria-hidden=\"true\"><\/i><i class=\"icon-minus acc-icon-minus\" aria-hidden=\"true\"><\/i>Werden meine Kontaktdaten im Internet oder in den sozialen Netzwerken ver\u00f6ffentlicht?<\/div><div class=\"answer\"><p>Grunds\u00e4tzlich werden dein Vorname, dein Wohnort und die Mindestinformationen, die f\u00fcr die Organisation deiner Verw\u00f6hnzeit notwendig sind, auf der Karte der Verw\u00f6hnprogramme ver\u00f6ffentlicht. Diese wiederum ist in unseren sozialen Netzwerken einsehbar, und wir behalten uns das Recht vor, diese Informationen zu verwenden, um \u00fcber die sozialen Netzwerke Freiwillige f\u00fcr dich zu finden.<\/p>\n<p>Wenn du m\u00f6chtest, dass keine Informationen \u00fcber dich ver\u00f6ffentlicht werden, dann gib dies bitte bei der R\u00fccksendung der Anmelde-Mail an.<\/p>\n<\/div><\/div>\n<div class=\"question\" tabindex=\"0\" role=\"link\"><div class=\"title\"><i class=\"icon-plus acc-icon-plus\" aria-hidden=\"true\"><\/i><i class=\"icon-minus acc-icon-minus\" aria-hidden=\"true\"><\/i>Muss ich die f\u00fcr die Mahlzeiten, die mir gebracht werden, zahlen?<\/div><div class=\"answer\"><p>Nein, das Grundprinzip der SuperMamans beruht auf gegenseitiger Hilfe und Kostenfreiheit. Die Mahlzeit ist ein Geschenk von der Geschenk-Mama, die sie dir vorbeibringt. Dennoch steht es dir frei, ihr daf\u00fcr etwas zu geben, wenn du das Bed\u00fcrfnis hast, oder dem Verein etwas zu spenden, um das Konzept zu unterst\u00fctzen.  <\/p>\n<\/div><\/div>\n<div class=\"question\" tabindex=\"0\" role=\"link\"><div class=\"title\"><i class=\"icon-plus acc-icon-plus\" aria-hidden=\"true\"><\/i><i class=\"icon-minus acc-icon-minus\" aria-hidden=\"true\"><\/i>Bin ich verpflichtet, GeschenkMama zu werden, nachdem ich eine Verw\u00f6hnzeit in Anspruch genommen habe?<\/div><div class=\"answer\"><p>Nein, es besteht keine Verpflichtung. Die Idee ist, dass eine GeschenkMama eine andere Mutter mit Freude und nicht gezwungenermassen verw\u00f6hnt. Allerdings ist die Erfahrung, die man als GeschenkMama macht, genauso bereichernd. Wir ermuntern dich also, es wenigstens einmal auszuprobieren, sobald du dich bereit dazu f\u00fchlst!!!  <\/p>\n<\/div><\/div>\n<div class=\"question\" tabindex=\"0\" role=\"link\"><div class=\"title\"><i class=\"icon-plus acc-icon-plus\" aria-hidden=\"true\"><\/i><i class=\"icon-minus acc-icon-minus\" aria-hidden=\"true\"><\/i>Wir haben ein Adoptivkind aufgenommen. Kann ich eine Verw\u00f6hnzeit in Anspruch nehmen?<\/div><div class=\"answer\"><p>Selbstverst\u00e4ndlich! Jede Familie, die ein neues Kind in ihrem Kreis aufnimmt, hat Anspruch auf eine Verw\u00f6hnzeit. Wir freuen uns darauf, deine Verw\u00f6hnzeit zu organisieren, um euch die Umstellung auf diese spannende Lebensphase zu erleichtern.  <\/p>\n<\/div><\/div>\n<\/div><\/div>\n\t\t<\/div>\n\t\t\t\t<\/div>\n\t\t\t\t<div class=\"elementor-element elementor-element-793e7fa elementor-widget elementor-widget-spacer\" data-id=\"793e7fa\" data-element_type=\"widget\" data-widget_type=\"spacer.default\">\n\t\t\t\t<div class=\"elementor-widget-container\">\n\t\t\t\t\t<div class=\"elementor-spacer\">\n\t\t\t<div class=\"elementor-spacer-inner\"><\/div>\n\t\t<\/div>\n\t\t\t\t<\/div>\n\t\t\t\t<\/div>\n\t\t\t\t<div class=\"elementor-element elementor-element-9cf6f2c elementor-widget elementor-widget-mfn_accordion\" data-id=\"9cf6f2c\" data-element_type=\"widget\" data-widget_type=\"mfn_accordion.default\">\n\t\t\t\t<div class=\"elementor-widget-container\">\n\t\t\t<div class=\"accordion\"><h4 class=\"title\">Freiwillige\/GeschenkMama<\/h4><div class=\"mfn-acc accordion_wrapper \"><div class=\"question\" tabindex=\"0\" role=\"link\"><div class=\"title\"><i class=\"icon-plus acc-icon-plus\" aria-hidden=\"true\"><\/i><i class=\"icon-minus acc-icon-minus\" aria-hidden=\"true\"><\/i>Kann ich bei meinem Besuch im Rahmen der Verw\u00f6hnzeit in Begleitung kommen?<\/div><div class=\"answer\"><p>Ja, denn deine Funktion heisst \u00abGeschenkMama\u00bb, und impliziert also, dass du vielleicht eine Freiwillige mit Kindern bist. Wir bitten unsere Freiwilligen jedoch, die ZuVerw\u00f6hnendeMama vorzuwarnen und darauf zu achten, dass die Kinder, die dich begleiten, auf den k\u00f6rperlichen und seelischen Zustand der jungen Mutter oder Familie R\u00fccksicht nehmen. <\/p>\n<p>Z\u00f6gere nicht, einen Spaziergang an der frischen Luft vorzuschlagen, wenn das Wetter es zul\u00e4sst, oder den Snack zu teilen, um die kindliche Energie zu kanalisieren.<\/p>\n<\/div><\/div>\n<div class=\"question\" tabindex=\"0\" role=\"link\"><div class=\"title\"><i class=\"icon-plus acc-icon-plus\" aria-hidden=\"true\"><\/i><i class=\"icon-minus acc-icon-minus\" aria-hidden=\"true\"><\/i>Ich koche nicht gerne, aber ich habe Lust, bei einem Verw\u00f6hnprogramm mitzumachen. Was kann ich tun?<\/div><div class=\"answer\"><p>In der Familienbeschreibung findest du weitere Dienste, die die Familie entlasten k\u00f6nnen. Z\u00f6gere nicht, in den Kommentaren zur Abfrage anzugeben, dass du eher auf dieses Bed\u00fcrfnis eingehen m\u00f6chtest statt Essen zu bringen. <\/p>\n<\/div><\/div>\n<div class=\"question\" tabindex=\"0\" role=\"link\"><div class=\"title\"><i class=\"icon-plus acc-icon-plus\" aria-hidden=\"true\"><\/i><i class=\"icon-minus acc-icon-minus\" aria-hidden=\"true\"><\/i>Wann soll ich mein Essen liefern?<\/div><div class=\"answer\"><p>Wir \u00fcberlassen es dir, die ZuVerw\u00f6hnendeMama 48 Stunden vor deinem Besuch zu kontaktieren, um mit ihr einen Termin zu vereinbaren.<\/p>\n<\/div><\/div>\n<div class=\"question\" tabindex=\"0\" role=\"link\"><div class=\"title\"><i class=\"icon-plus acc-icon-plus\" aria-hidden=\"true\"><\/i><i class=\"icon-minus acc-icon-minus\" aria-hidden=\"true\"><\/i>Ich habe eine Mutter im Rahmen einer unterst\u00fctzenden Verw\u00f6hnzeit oder einer Verw\u00f6hnzeit f\u00fcr helfende Angeh\u00f6rige betreut und habe nun das Bed\u00fcrfnis, dar\u00fcber reden. Was soll ich tun?<\/div><div class=\"answer\"><p>Bleib nicht allein mit deinen Gef\u00fchlen. Wir bieten jederzeit die M\u00f6glichkeit, ein Debriefung mit einer Fachkraft des Vereins durchzuf\u00fchren. Deine KontaktMama stellt den Kontakt her.<\/p>\n<\/div><\/div>\n<div class=\"question\" tabindex=\"0\" role=\"link\"><div class=\"title\"><i class=\"icon-plus acc-icon-plus\" aria-hidden=\"true\"><\/i><i class=\"icon-minus acc-icon-minus\" aria-hidden=\"true\"><\/i>Ich bin ein Mann und m\u00f6chte mitmachen. Darf ich das?<\/div><div class=\"answer\"><p>Auf jeden Fall! M\u00e4nner sind in unserem Verein herzlich willkommen. Bei der Anmeldung k\u00f6nnen die Personen, die unsere Hilfe in Anspruch nehmen, angeben, ob sie offen daf\u00fcr sind, Besuch von M\u00e4nnern zu empfangen. Z\u00f6gern Sie nicht, sich anzumelden, wenn dies der Fall ist!   <\/p>\n<\/div><\/div>\n<div class=\"question\" tabindex=\"0\" role=\"link\"><div class=\"title\"><i class=\"icon-plus acc-icon-plus\" aria-hidden=\"true\"><\/i><i class=\"icon-minus acc-icon-minus\" aria-hidden=\"true\"><\/i>Ich h\u00e4tte gerne Rezeptideen und Tipps zu den Themen Lebensmittelhygiene und Transport der Mahlzeiten.<\/div><div class=\"answer\"><p>Den SuperMamans ist es wichtig, dass die K\u00fchlkette gewahrt und eine gute Hygiene eingehalten wird.<\/p>\n<p>F\u00fcr Rezeptideen (inkl. bei speziellen Bed\u00fcrfnissen) sowie f\u00fcr allgemeine Hinweise die Ern\u00e4hrung betreffend, empfehlen wir dir die <a href=\"https:\/\/www.sge-ssn.ch\/fr\/\" target=\"_blank\" rel=\"noopener\">vom Bund empfohlene Seite<\/a>.<\/p>\n<\/div><\/div>\n<div class=\"question\" tabindex=\"0\" role=\"link\"><div class=\"title\"><i class=\"icon-plus acc-icon-plus\" aria-hidden=\"true\"><\/i><i class=\"icon-minus acc-icon-minus\" aria-hidden=\"true\"><\/i>Ich bin umgezogen. Wie kann ich meine Kontaktinformationen auf den neusten Stand bringen?<\/div><div class=\"answer\"><p>Falls sich deine Kontaktinformationen ge\u00e4ndert haben (Name, Adresse, Telefonnummer, E-Mail) oder du deine Einsatzregion \u00e4ndern m\u00f6chtest, bitten wir dich, das <a href=\"https:\/\/docs.google.com\/forms\/d\/e\/1FAIpQLSeaB0y2ZobP-AKxXwuAnfVtkIg5yydv1T9M65nssViULQRpKg\/viewform\" target=\"_blank\" rel=\"noopener\">Formular zur Aktualisierung<\/a> deiner Angaben auszuf\u00fcllen.<\/p>\n<\/div><\/div>\n<div class=\"question\" tabindex=\"0\" role=\"link\"><div class=\"title\"><i class=\"icon-plus acc-icon-plus\" aria-hidden=\"true\"><\/i><i class=\"icon-minus acc-icon-minus\" aria-hidden=\"true\"><\/i>Ich ben\u00f6tige eine Pause. Wie gehe ich vor?<\/div><div class=\"answer\"><p>Du erwartest selbst ein Kind, startest eine Aus- oder Weiterbildung oder hast sonst einen Grund f\u00fcr eine Auszeit. F\u00fclle das <a href=\"https:\/\/docs.google.com\/forms\/d\/e\/1FAIpQLScr0r3Tcu9Myzj9upLozZrm03veFXo2_j4tYSr6R8vWYPpZ-A\/viewform\" target=\"_blank\" rel=\"noopener\">Formular \"Pause\"<\/a> aus.<\/p>\n<\/div><\/div>\n<div class=\"question\" tabindex=\"0\" role=\"link\"><div class=\"title\"><i class=\"icon-plus acc-icon-plus\" aria-hidden=\"true\"><\/i><i class=\"icon-minus acc-icon-minus\" aria-hidden=\"true\"><\/i>Ich fand meine Zeit als GeschenkMama grossartig. Leider ist es mir nicht m\u00f6glich, weiterzumachen. Wie gehe ich vor?<\/div><div class=\"answer\"><p>Zuallererst m\u00f6chten wir, dass du weisst, dass wir unendlich dankbar sind f\u00fcr all die Familien, die du besucht und denen du deine Zeit geschenkt hast. Wir bedauern, dich gehen zu lassen und hoffen, dass du zur\u00fcckkommst, wenn der Moment f\u00fcr dich passt. Bis dahin, f\u00fclle bitte das <a href=\"https:\/\/docs.google.com\/forms\/d\/e\/1FAIpQLSfue8A-gOMbGtAO3tEODHwrlkQ1siO1q3AUR1Modmxfa6yBWA\/viewform\" target=\"_blank\" rel=\"noopener\">Abmeldeformular<\/a> aus. Wir ben\u00f6tigen circa 10 Tagen, um unsere Listen zu aktualisieren.<\/p>\n<\/div><\/div>\n<\/div><\/div>\n\t\t<\/div>\n\t\t\t\t<\/div>\n\t\t\t\t\t<\/div>\n\t\t\t\t<\/div>\n\t\t\t\t\t<\/div>\n\t\t\t\t<\/div>\n\t\t<div class=\"elementor-element elementor-element-46ea0f1 e-flex e-con-boxed e-con\" data-id=\"46ea0f1\" data-element_type=\"container\" data-settings=\"{&quot;content_width&quot;:&quot;boxed&quot;}\">\n\t\t\t\t\t<div class=\"e-con-inner\">\n\t\t\t\t<div class=\"elementor-element elementor-element-2ba5544 elementor-widget elementor-widget-spacer\" data-id=\"2ba5544\" data-element_type=\"widget\" data-widget_type=\"spacer.default\">\n\t\t\t\t<div class=\"elementor-widget-container\">\n\t\t\t\t\t<div class=\"elementor-spacer\">\n\t\t\t<div class=\"elementor-spacer-inner\"><\/div>\n\t\t<\/div>\n\t\t\t\t<\/div>\n\t\t\t\t<\/div>\n\t\t\t\t\t<\/div>\n\t\t\t\t<\/div>\n\t\t\t\t\t\t\t<\/div>\n\t\t","protected":false},"excerpt":{"rendered":"<p>H\u00e4ufig gestellte Fragen (FAQ) Brauchst du mehr Informationen oder hast du Fragen? Vielleicht findest du hier eine Antwort. Ansonsten beantwortet deine KontaktMama sie dir gerne. Allgemeine Fragen Wie viele Mahlzeiten sollen in welcher Menge gebracht werden? Wir streben an, dass in einer Verw\u00f6hnzeit jeweils drei-bis f\u00fcnfmal Essen gebracht wird. Dies<span class=\"excerpt-hellip\"> [\u2026]<\/span><\/p>\n","protected":false},"author":1,"featured_media":0,"parent":0,"menu_order":0,"comment_status":"closed","ping_status":"closed","template":"","meta":{"_acf_changed":false,"footnotes":""},"class_list":["post-34406","page","type-page","status-publish","hentry"],"acf":[],"_links":{"self":[{"href":"https:\/\/supermamans.ch\/de\/wp-json\/wp\/v2\/pages\/34406","targetHints":{"allow":["GET"]}}],"collection":[{"href":"https:\/\/supermamans.ch\/de\/wp-json\/wp\/v2\/pages"}],"about":[{"href":"https:\/\/supermamans.ch\/de\/wp-json\/wp\/v2\/types\/page"}],"author":[{"embeddable":true,"href":"https:\/\/supermamans.ch\/de\/wp-json\/wp\/v2\/users\/1"}],"replies":[{"embeddable":true,"href":"https:\/\/supermamans.ch\/de\/wp-json\/wp\/v2\/comments?post=34406"}],"version-history":[{"count":19,"href":"https:\/\/supermamans.ch\/de\/wp-json\/wp\/v2\/pages\/34406\/revisions"}],"predecessor-version":[{"id":35659,"href":"https:\/\/supermamans.ch\/de\/wp-json\/wp\/v2\/pages\/34406\/revisions\/35659"}],"wp:attachment":[{"href":"https:\/\/supermamans.ch\/de\/wp-json\/wp\/v2\/media?parent=34406"}],"curies":[{"name":"wp","href":"https:\/\/api.w.org\/{rel}","templated":true}]}}