{"id":34383,"date":"2023-01-29T23:18:47","date_gmt":"2023-01-29T22:18:47","guid":{"rendered":"https:\/\/www.supermamans.ch\/unsere-leistungen\/"},"modified":"2024-04-28T18:51:58","modified_gmt":"2024-04-28T16:51:58","slug":"unsere-leistungen","status":"publish","type":"page","link":"https:\/\/supermamans.ch\/de\/unsere-leistungen\/","title":{"rendered":"Unsere Leistungen"},"content":{"rendered":"\t\t<div data-elementor-type=\"wp-page\" data-elementor-id=\"34383\" class=\"elementor elementor-34383 elementor-29400\">\n\t\t\t\t\t\t\t<div class=\"elementor-element elementor-element-83e20d3 e-con-full e-flex e-con\" data-id=\"83e20d3\" data-element_type=\"container\" data-settings=\"{&quot;content_width&quot;:&quot;full&quot;,&quot;background_background&quot;:&quot;classic&quot;,&quot;shape_divider_bottom&quot;:&quot;mountains&quot;}\" data-e-bg-lazyload=\"\">\n\t\t\t\t<div class=\"elementor-shape elementor-shape-bottom\" data-negative=\"false\">\n\t\t\t<svg xmlns=\"http:\/\/www.w3.org\/2000\/svg\" viewBox=\"0 0 1000 100\" preserveAspectRatio=\"none\">\n\t<path class=\"elementor-shape-fill\" opacity=\"0.33\" d=\"M473,67.3c-203.9,88.3-263.1-34-320.3,0C66,119.1,0,59.7,0,59.7V0h1000v59.7 c0,0-62.1,26.1-94.9,29.3c-32.8,3.3-62.8-12.3-75.8-22.1C806,49.6,745.3,8.7,694.9,4.7S492.4,59,473,67.3z\"\/>\n\t<path class=\"elementor-shape-fill\" opacity=\"0.66\" d=\"M734,67.3c-45.5,0-77.2-23.2-129.1-39.1c-28.6-8.7-150.3-10.1-254,39.1 s-91.7-34.4-149.2,0C115.7,118.3,0,39.8,0,39.8V0h1000v36.5c0,0-28.2-18.5-92.1-18.5C810.2,18.1,775.7,67.3,734,67.3z\"\/>\n\t<path class=\"elementor-shape-fill\" d=\"M766.1,28.9c-200-57.5-266,65.5-395.1,19.5C242,1.8,242,5.4,184.8,20.6C128,35.8,132.3,44.9,89.9,52.5C28.6,63.7,0,0,0,0 h1000c0,0-9.9,40.9-83.6,48.1S829.6,47,766.1,28.9z\"\/>\n<\/svg>\t\t<\/div>\n\t\t\t\t<\/div>\n\t\t<div class=\"elementor-element elementor-element-388bf8e e-flex e-con-boxed e-con\" data-id=\"388bf8e\" data-element_type=\"container\" data-settings=\"{&quot;background_background&quot;:&quot;classic&quot;,&quot;content_width&quot;:&quot;boxed&quot;}\">\n\t\t\t\t\t<div class=\"e-con-inner\">\n\t\t<div class=\"elementor-element elementor-element-bb330e9 e-flex e-con-boxed e-con\" data-id=\"bb330e9\" data-element_type=\"container\" data-settings=\"{&quot;content_width&quot;:&quot;boxed&quot;}\">\n\t\t\t\t\t<div class=\"e-con-inner\">\n\t\t\t\t<div class=\"elementor-element elementor-element-d995a8b elementor-widget elementor-widget-heading\" data-id=\"d995a8b\" data-element_type=\"widget\" data-widget_type=\"heading.default\">\n\t\t\t\t<div class=\"elementor-widget-container\">\n\t\t\t<style>\/*! elementor - v3.14.0 - 26-06-2023 *\/\n.elementor-heading-title{padding:0;margin:0;line-height:1}.elementor-widget-heading .elementor-heading-title[class*=elementor-size-]>a{color:inherit;font-size:inherit;line-height:inherit}.elementor-widget-heading .elementor-heading-title.elementor-size-small{font-size:15px}.elementor-widget-heading .elementor-heading-title.elementor-size-medium{font-size:19px}.elementor-widget-heading .elementor-heading-title.elementor-size-large{font-size:29px}.elementor-widget-heading .elementor-heading-title.elementor-size-xl{font-size:39px}.elementor-widget-heading .elementor-heading-title.elementor-size-xxl{font-size:59px}<\/style><h1 class=\"elementor-heading-title elementor-size-default\">Unsere Leistungen<\/h1>\t\t<\/div>\n\t\t\t\t<\/div>\n\t\t\t\t\t<\/div>\n\t\t\t\t<\/div>\n\t\t\t\t\t<\/div>\n\t\t\t\t<\/div>\n\t\t<div class=\"elementor-element elementor-element-fec31b0 e-flex e-con-boxed e-con\" data-id=\"fec31b0\" data-element_type=\"container\" data-settings=\"{&quot;content_width&quot;:&quot;boxed&quot;}\">\n\t\t\t\t\t<div class=\"e-con-inner\">\n\t\t\t\t<div class=\"elementor-element elementor-element-6ac0eee elementor-widget elementor-widget-text-editor\" data-id=\"6ac0eee\" data-element_type=\"widget\" data-widget_type=\"text-editor.default\">\n\t\t\t\t<div class=\"elementor-widget-container\">\n\t\t\t<style>\/*! elementor - v3.14.0 - 26-06-2023 *\/\n.elementor-widget-text-editor.elementor-drop-cap-view-stacked .elementor-drop-cap{background-color:#69727d;color:#fff}.elementor-widget-text-editor.elementor-drop-cap-view-framed .elementor-drop-cap{color:#69727d;border:3px solid;background-color:transparent}.elementor-widget-text-editor:not(.elementor-drop-cap-view-default) .elementor-drop-cap{margin-top:8px}.elementor-widget-text-editor:not(.elementor-drop-cap-view-default) .elementor-drop-cap-letter{width:1em;height:1em}.elementor-widget-text-editor .elementor-drop-cap{float:left;text-align:center;line-height:1;font-size:50px}.elementor-widget-text-editor .elementor-drop-cap-letter{display:inline-block}<\/style>\t\t\t\t<p>Der Verein SuperMamans bietet allen Familien, die dies w\u00fcnschen, moralische und logistische Unterst\u00fctzung an. Dies durch das Vorbeibringen einer Mahlzeit nach Hause und durch Zeit f\u00fcr Gespr\u00e4che. Die Verw\u00f6hnzeit gibt es in 4 verschiedenen Varianten, abh\u00e4ngig von den individuellen Umst\u00e4nden der Familie. Klicke weiter unten auf die Verw\u00f6hnzeit, die dich interessiert, um mehr dar\u00fcber zu erfahren. Die Verw\u00f6hnprogramme Die Verw\u00f6hnprogramme der SuperMamans helfen Familien in unterschiedlichen Situationen:  <\/p>\n\t\t\t\t\t\t<\/div>\n\t\t\t\t<\/div>\n\t\t\t\t\t<\/div>\n\t\t\t\t<\/div>\n\t\t<div class=\"elementor-element elementor-element-6fa5e7a e-con-full e-flex e-con\" data-id=\"6fa5e7a\" data-element_type=\"container\" data-settings=\"{&quot;content_width&quot;:&quot;full&quot;,&quot;background_background&quot;:&quot;gradient&quot;}\">\n\t\t\t\t<div class=\"elementor-element elementor-element-28dbeff elementor-widget elementor-widget-heading\" data-id=\"28dbeff\" data-element_type=\"widget\" data-widget_type=\"heading.default\">\n\t\t\t\t<div class=\"elementor-widget-container\">\n\t\t\t<h2 class=\"elementor-heading-title elementor-size-default\">Die Verw\u00f6hnprogramme<\/h2>\t\t<\/div>\n\t\t\t\t<\/div>\n\t\t\t\t<div class=\"elementor-element elementor-element-3ba68ef elementor-widget elementor-widget-heading\" data-id=\"3ba68ef\" data-element_type=\"widget\" data-widget_type=\"heading.default\">\n\t\t\t\t<div class=\"elementor-widget-container\">\n\t\t\t<p class=\"elementor-heading-title elementor-size-default\">Die Verw\u00f6hnprogramme der SuperMamans helfen Familien in unterschiedlichen Situationen:<\/p>\t\t<\/div>\n\t\t\t\t<\/div>\n\t\t<div class=\"elementor-element elementor-element-737f1cc e-con-full e-flex e-con\" data-id=\"737f1cc\" data-element_type=\"container\" data-settings=\"{&quot;content_width&quot;:&quot;full&quot;}\">\n\t\t<div class=\"elementor-element elementor-element-219516d e-con-full e-flex e-con\" data-id=\"219516d\" data-element_type=\"container\" data-settings=\"{&quot;content_width&quot;:&quot;full&quot;}\">\n\t\t\t\t<div class=\"elementor-element elementor-element-074d0ea elementor-position-top elementor-vertical-align-top elementor-widget elementor-widget-image-box\" data-id=\"074d0ea\" data-element_type=\"widget\" data-widget_type=\"image-box.default\">\n\t\t\t\t<div class=\"elementor-widget-container\">\n\t\t\t<style>\/*! elementor - v3.14.0 - 26-06-2023 *\/\n.elementor-widget-image-box .elementor-image-box-content{width:100%}@media (min-width:768px){.elementor-widget-image-box.elementor-position-left .elementor-image-box-wrapper,.elementor-widget-image-box.elementor-position-right .elementor-image-box-wrapper{display:flex}.elementor-widget-image-box.elementor-position-right .elementor-image-box-wrapper{text-align:right;flex-direction:row-reverse}.elementor-widget-image-box.elementor-position-left .elementor-image-box-wrapper{text-align:left;flex-direction:row}.elementor-widget-image-box.elementor-position-top .elementor-image-box-img{margin:auto}.elementor-widget-image-box.elementor-vertical-align-top .elementor-image-box-wrapper{align-items:flex-start}.elementor-widget-image-box.elementor-vertical-align-middle .elementor-image-box-wrapper{align-items:center}.elementor-widget-image-box.elementor-vertical-align-bottom .elementor-image-box-wrapper{align-items:flex-end}}@media (max-width:767px){.elementor-widget-image-box .elementor-image-box-img{margin-left:auto!important;margin-right:auto!important;margin-bottom:15px}}.elementor-widget-image-box .elementor-image-box-img{display:inline-block}.elementor-widget-image-box .elementor-image-box-title a{color:inherit}.elementor-widget-image-box .elementor-image-box-wrapper{text-align:center}.elementor-widget-image-box .elementor-image-box-description{margin:0}<\/style><div class=\"elementor-image-box-wrapper\"><figure class=\"elementor-image-box-img\"><a href=\"https:\/\/www.supermamans.ch\/de\/klassische-verwoehnzeit\/\"><img loading=\"lazy\" decoding=\"async\" width=\"150\" height=\"150\" src=\"https:\/\/supermamans.ch\/wp-content\/uploads\/2023\/07\/icone-bichonnage-500-150x150.png\" class=\"elementor-animation-grow attachment-thumbnail size-thumbnail wp-image-31596\" alt=\"\" srcset=\"https:\/\/supermamans.ch\/wp-content\/uploads\/2023\/07\/icone-bichonnage-500-150x150.png 150w, https:\/\/supermamans.ch\/wp-content\/uploads\/2023\/07\/icone-bichonnage-500-300x300.png 300w, https:\/\/supermamans.ch\/wp-content\/uploads\/2023\/07\/icone-bichonnage-500-75x75.png 75w, https:\/\/supermamans.ch\/wp-content\/uploads\/2023\/07\/icone-bichonnage-500.png 500w\" sizes=\"auto, (max-width:767px) 150px, 150px\" \/><\/a><\/figure><div class=\"elementor-image-box-content\"><h4 class=\"elementor-image-box-title\"><a href=\"https:\/\/www.supermamans.ch\/de\/klassische-verwoehnzeit\/\">Klassische Verw\u00f6hnzeit<\/a><\/h4><p class=\"elementor-image-box-description\">Die klassische Verw\u00f6hnzeit ist f\u00fcr Familien gedacht, die gerade ein Baby bekommen haben (eigenes oder adoptiertes Kind), und gilt f\u00fcr einen Zeitraum von maximal 6 Monaten nach der R\u00fcckkehr nach Hause.<\/p><\/div><\/div>\t\t<\/div>\n\t\t\t\t<\/div>\n\t\t\t\t<\/div>\n\t\t<div class=\"elementor-element elementor-element-6991e29 e-con-full e-flex e-con\" data-id=\"6991e29\" data-element_type=\"container\" data-settings=\"{&quot;content_width&quot;:&quot;full&quot;}\">\n\t\t\t\t<div class=\"elementor-element elementor-element-fa4f732 elementor-position-top elementor-vertical-align-top elementor-widget elementor-widget-image-box\" data-id=\"fa4f732\" data-element_type=\"widget\" data-widget_type=\"image-box.default\">\n\t\t\t\t<div class=\"elementor-widget-container\">\n\t\t\t<div class=\"elementor-image-box-wrapper\"><figure class=\"elementor-image-box-img\"><a href=\"https:\/\/www.supermamans.ch\/de\/verwoehnzeit-vor-der-geburt\/\"><img loading=\"lazy\" decoding=\"async\" width=\"150\" height=\"150\" src=\"https:\/\/supermamans.ch\/wp-content\/uploads\/2023\/07\/icone-prebichonnage-500-150x150.png\" class=\"elementor-animation-grow attachment-thumbnail size-thumbnail wp-image-31605\" alt=\"pr\u00e9-bichonnage\" srcset=\"https:\/\/supermamans.ch\/wp-content\/uploads\/2023\/07\/icone-prebichonnage-500-150x150.png 150w, https:\/\/supermamans.ch\/wp-content\/uploads\/2023\/07\/icone-prebichonnage-500-300x300.png 300w, https:\/\/supermamans.ch\/wp-content\/uploads\/2023\/07\/icone-prebichonnage-500-75x75.png 75w, https:\/\/supermamans.ch\/wp-content\/uploads\/2023\/07\/icone-prebichonnage-500.png 500w\" sizes=\"auto, (max-width:767px) 150px, 150px\" \/><\/a><\/figure><div class=\"elementor-image-box-content\"><h4 class=\"elementor-image-box-title\"><a href=\"https:\/\/www.supermamans.ch\/de\/verwoehnzeit-vor-der-geburt\/\">Verw\u00f6hnzeit vor der Geburt<\/a><\/h4><p class=\"elementor-image-box-description\">Werdende M\u00fctter k\u00f6nnen die Verw\u00f6hnzeit ab der 24. Schwangerschaftswoche in Anspruch nehmen, wenn bei ihnen das Risiko einer Fr\u00fchgeburt besteht, sie sich besonders schonen m\u00fcssen oder der Arzt ihnen Bettruhe verordnet hat.<\/p><\/div><\/div>\t\t<\/div>\n\t\t\t\t<\/div>\n\t\t\t\t<\/div>\n\t\t<div class=\"elementor-element elementor-element-aa342e7 e-con-full e-flex e-con\" data-id=\"aa342e7\" data-element_type=\"container\" data-settings=\"{&quot;content_width&quot;:&quot;full&quot;}\">\n\t\t\t\t<div class=\"elementor-element elementor-element-97b07d8 elementor-position-top elementor-vertical-align-top elementor-widget elementor-widget-image-box\" data-id=\"97b07d8\" data-element_type=\"widget\" data-widget_type=\"image-box.default\">\n\t\t\t\t<div class=\"elementor-widget-container\">\n\t\t\t<div class=\"elementor-image-box-wrapper\"><figure class=\"elementor-image-box-img\"><a href=\"https:\/\/www.supermamans.ch\/de\/unterstuetzende-verwoehnzeit\/\"><img loading=\"lazy\" decoding=\"async\" width=\"150\" height=\"150\" src=\"https:\/\/supermamans.ch\/wp-content\/uploads\/2023\/02\/Soutien-150x150.png\" class=\"elementor-animation-grow attachment-thumbnail size-thumbnail wp-image-31124\" alt=\"bichonnage de soutien\" srcset=\"https:\/\/supermamans.ch\/wp-content\/uploads\/2023\/02\/Soutien-150x150.png 150w, https:\/\/supermamans.ch\/wp-content\/uploads\/2023\/02\/Soutien-300x300.png 300w, https:\/\/supermamans.ch\/wp-content\/uploads\/2023\/02\/Soutien-146x146.png 146w, https:\/\/supermamans.ch\/wp-content\/uploads\/2023\/02\/Soutien-50x50.png 50w, https:\/\/supermamans.ch\/wp-content\/uploads\/2023\/02\/Soutien-75x75.png 75w, https:\/\/supermamans.ch\/wp-content\/uploads\/2023\/02\/Soutien-85x85.png 85w, https:\/\/supermamans.ch\/wp-content\/uploads\/2023\/02\/Soutien-80x80.png 80w, https:\/\/supermamans.ch\/wp-content\/uploads\/2023\/02\/Soutien.png 610w\" sizes=\"auto, (max-width:767px) 150px, 150px\" \/><\/a><\/figure><div class=\"elementor-image-box-content\"><h4 class=\"elementor-image-box-title\"><a href=\"https:\/\/www.supermamans.ch\/de\/unterstuetzende-verwoehnzeit\/\">Unterst\u00fctzende Verw\u00f6hnzeit<\/a><\/h4><p class=\"elementor-image-box-description\">Die unterst\u00fctzende Verw\u00f6hnzeit steht jungen M\u00fcttern im ersten Lebensjahr des Kindes offen, wenn sie sich seelisch schwach f\u00fchlen, an einer postpartalen Depression leiden, ihr Kind verloren haben oder ein anderes traumatisches Ereignis durchleben.<\/p><\/div><\/div>\t\t<\/div>\n\t\t\t\t<\/div>\n\t\t\t\t<\/div>\n\t\t<div class=\"elementor-element elementor-element-7272ba9 e-con-full e-flex e-con\" data-id=\"7272ba9\" data-element_type=\"container\" data-settings=\"{&quot;content_width&quot;:&quot;full&quot;}\">\n\t\t\t\t<div class=\"elementor-element elementor-element-ae4da69 elementor-position-top elementor-vertical-align-top elementor-widget elementor-widget-image-box\" data-id=\"ae4da69\" data-element_type=\"widget\" data-widget_type=\"image-box.default\">\n\t\t\t\t<div class=\"elementor-widget-container\">\n\t\t\t<div class=\"elementor-image-box-wrapper\"><figure class=\"elementor-image-box-img\"><a href=\"https:\/\/www.supermamans.ch\/de\/verwoehnzeit-fuer-helfende-angehoerige\/\"><img loading=\"lazy\" decoding=\"async\" width=\"150\" height=\"150\" src=\"https:\/\/supermamans.ch\/wp-content\/uploads\/2023\/02\/Proches-aidants-150x150.png\" class=\"elementor-animation-grow attachment-thumbnail size-thumbnail wp-image-31115\" alt=\"Bichonnage proches aidants\" srcset=\"https:\/\/supermamans.ch\/wp-content\/uploads\/2023\/02\/Proches-aidants-150x150.png 150w, https:\/\/supermamans.ch\/wp-content\/uploads\/2023\/02\/Proches-aidants-300x300.png 300w, https:\/\/supermamans.ch\/wp-content\/uploads\/2023\/02\/Proches-aidants-146x146.png 146w, https:\/\/supermamans.ch\/wp-content\/uploads\/2023\/02\/elementor\/thumbs\/Proches-aidants.png 50w, https:\/\/supermamans.ch\/wp-content\/uploads\/2023\/02\/elementor\/thumbs\/Proches-aidants.png 75w, https:\/\/supermamans.ch\/wp-content\/uploads\/2023\/02\/Proches-aidants-85x85.png 85w, https:\/\/supermamans.ch\/wp-content\/uploads\/2023\/02\/Proches-aidants-80x80.png 80w, https:\/\/supermamans.ch\/wp-content\/uploads\/2023\/02\/Proches-aidants.png 610w\" sizes=\"auto, (max-width:767px) 150px, 150px\" \/><\/a><\/figure><div class=\"elementor-image-box-content\"><h4 class=\"elementor-image-box-title\"><a href=\"https:\/\/www.supermamans.ch\/de\/verwoehnzeit-fuer-helfende-angehoerige\/\">Verw\u00f6hnzeit f\u00fcr pflegende Angeh\u00f6rige<\/a><\/h4><p class=\"elementor-image-box-description\">Wenn eine Familie von einem traumatischen Ereignis betroffen ist (z. B. Trauerfall, Krankheit oder Unfall eines Familienmitglieds) und vor\u00fcbergehend Unterst\u00fctzung ben\u00f6tigt, wird eine Verw\u00f6hnzeit f\u00fcr helfende Angeh\u00f6rige angeboten.<\/p><\/div><\/div>\t\t<\/div>\n\t\t\t\t<\/div>\n\t\t\t\t<\/div>\n\t\t\t\t<\/div>\n\t\t\t\t<\/div>\n\t\t<div class=\"elementor-element elementor-element-8215d31 e-flex e-con-boxed e-con\" data-id=\"8215d31\" data-element_type=\"container\" data-settings=\"{&quot;content_width&quot;:&quot;boxed&quot;}\">\n\t\t\t\t\t<div class=\"e-con-inner\">\n\t\t\t\t<div class=\"elementor-element elementor-element-bfe9ad0 elementor-widget elementor-widget-spacer\" data-id=\"bfe9ad0\" data-element_type=\"widget\" data-widget_type=\"spacer.default\">\n\t\t\t\t<div class=\"elementor-widget-container\">\n\t\t\t<style>\/*! elementor - v3.14.0 - 26-06-2023 *\/\n.elementor-column .elementor-spacer-inner{height:var(--spacer-size)}.e-con{--container-widget-width:100%}.e-con-inner>.elementor-widget-spacer,.e-con>.elementor-widget-spacer{width:var(--container-widget-width,var(--spacer-size));--align-self:var(--container-widget-align-self,initial);--flex-shrink:0}.e-con-inner>.elementor-widget-spacer>.elementor-widget-container,.e-con-inner>.elementor-widget-spacer>.elementor-widget-container>.elementor-spacer,.e-con>.elementor-widget-spacer>.elementor-widget-container,.e-con>.elementor-widget-spacer>.elementor-widget-container>.elementor-spacer{height:100%}.e-con-inner>.elementor-widget-spacer>.elementor-widget-container>.elementor-spacer>.elementor-spacer-inner,.e-con>.elementor-widget-spacer>.elementor-widget-container>.elementor-spacer>.elementor-spacer-inner{height:var(--container-widget-height,var(--spacer-size))}<\/style>\t\t<div class=\"elementor-spacer\">\n\t\t\t<div class=\"elementor-spacer-inner\"><\/div>\n\t\t<\/div>\n\t\t\t\t<\/div>\n\t\t\t\t<\/div>\n\t\t\t\t\t<\/div>\n\t\t\t\t<\/div>\n\t\t\t\t\t\t\t<\/div>\n\t\t","protected":false},"excerpt":{"rendered":"<p>Unsere Leistungen Der Verein SuperMamans bietet allen Familien, die dies w\u00fcnschen, moralische und logistische Unterst\u00fctzung an. Dies durch das Vorbeibringen einer Mahlzeit nach Hause und durch Zeit f\u00fcr Gespr\u00e4che. Die Verw\u00f6hnzeit gibt es in 4 verschiedenen Varianten, abh\u00e4ngig von den individuellen Umst\u00e4nden der Familie. Klicke weiter unten auf die Verw\u00f6hnzeit,<span class=\"excerpt-hellip\"> [\u2026]<\/span><\/p>\n","protected":false},"author":1,"featured_media":0,"parent":0,"menu_order":0,"comment_status":"closed","ping_status":"closed","template":"","meta":{"_acf_changed":false,"footnotes":""},"class_list":["post-34383","page","type-page","status-publish","hentry"],"acf":[],"_links":{"self":[{"href":"https:\/\/supermamans.ch\/de\/wp-json\/wp\/v2\/pages\/34383","targetHints":{"allow":["GET"]}}],"collection":[{"href":"https:\/\/supermamans.ch\/de\/wp-json\/wp\/v2\/pages"}],"about":[{"href":"https:\/\/supermamans.ch\/de\/wp-json\/wp\/v2\/types\/page"}],"author":[{"embeddable":true,"href":"https:\/\/supermamans.ch\/de\/wp-json\/wp\/v2\/users\/1"}],"replies":[{"embeddable":true,"href":"https:\/\/supermamans.ch\/de\/wp-json\/wp\/v2\/comments?post=34383"}],"version-history":[{"count":8,"href":"https:\/\/supermamans.ch\/de\/wp-json\/wp\/v2\/pages\/34383\/revisions"}],"predecessor-version":[{"id":35630,"href":"https:\/\/supermamans.ch\/de\/wp-json\/wp\/v2\/pages\/34383\/revisions\/35630"}],"wp:attachment":[{"href":"https:\/\/supermamans.ch\/de\/wp-json\/wp\/v2\/media?parent=34383"}],"curies":[{"name":"wp","href":"https:\/\/api.w.org\/{rel}","templated":true}]}}