{"id":34377,"date":"2022-11-14T14:46:40","date_gmt":"2022-11-14T13:46:40","guid":{"rendered":"https:\/\/www.supermamans.ch\/uns-unterstuetzen\/"},"modified":"2025-06-24T23:35:43","modified_gmt":"2025-06-24T21:35:43","slug":"uns-unterstuetzen","status":"publish","type":"page","link":"https:\/\/supermamans.ch\/de\/uns-unterstuetzen\/","title":{"rendered":"UNS UNTERST\u00dcTZEN"},"content":{"rendered":"\t\t<div data-elementor-type=\"wp-page\" data-elementor-id=\"34377\" class=\"elementor elementor-34377 elementor-6701\">\n\t\t\t\t\t\t\t<div class=\"elementor-element elementor-element-86b9f2d e-con-full e-flex e-con\" data-id=\"86b9f2d\" data-element_type=\"container\" data-settings=\"{&quot;content_width&quot;:&quot;full&quot;,&quot;background_background&quot;:&quot;classic&quot;,&quot;shape_divider_bottom&quot;:&quot;mountains&quot;}\" data-e-bg-lazyload=\"\">\n\t\t\t\t<div class=\"elementor-shape elementor-shape-bottom\" data-negative=\"false\">\n\t\t\t<svg xmlns=\"http:\/\/www.w3.org\/2000\/svg\" viewBox=\"0 0 1000 100\" preserveAspectRatio=\"none\">\n\t<path class=\"elementor-shape-fill\" opacity=\"0.33\" d=\"M473,67.3c-203.9,88.3-263.1-34-320.3,0C66,119.1,0,59.7,0,59.7V0h1000v59.7 c0,0-62.1,26.1-94.9,29.3c-32.8,3.3-62.8-12.3-75.8-22.1C806,49.6,745.3,8.7,694.9,4.7S492.4,59,473,67.3z\"\/>\n\t<path class=\"elementor-shape-fill\" opacity=\"0.66\" d=\"M734,67.3c-45.5,0-77.2-23.2-129.1-39.1c-28.6-8.7-150.3-10.1-254,39.1 s-91.7-34.4-149.2,0C115.7,118.3,0,39.8,0,39.8V0h1000v36.5c0,0-28.2-18.5-92.1-18.5C810.2,18.1,775.7,67.3,734,67.3z\"\/>\n\t<path class=\"elementor-shape-fill\" d=\"M766.1,28.9c-200-57.5-266,65.5-395.1,19.5C242,1.8,242,5.4,184.8,20.6C128,35.8,132.3,44.9,89.9,52.5C28.6,63.7,0,0,0,0 h1000c0,0-9.9,40.9-83.6,48.1S829.6,47,766.1,28.9z\"\/>\n<\/svg>\t\t<\/div>\n\t\t\t\t<\/div>\n\t\t<div class=\"elementor-element elementor-element-687508c e-flex e-con-boxed e-con\" data-id=\"687508c\" data-element_type=\"container\" data-settings=\"{&quot;background_background&quot;:&quot;classic&quot;,&quot;content_width&quot;:&quot;boxed&quot;}\">\n\t\t\t\t\t<div class=\"e-con-inner\">\n\t\t<div class=\"elementor-element elementor-element-6b4b860 e-flex e-con-boxed e-con\" data-id=\"6b4b860\" data-element_type=\"container\" data-settings=\"{&quot;content_width&quot;:&quot;boxed&quot;}\">\n\t\t\t\t\t<div class=\"e-con-inner\">\n\t\t\t\t<div class=\"elementor-element elementor-element-72aa32e elementor-widget elementor-widget-heading\" data-id=\"72aa32e\" data-element_type=\"widget\" data-widget_type=\"heading.default\">\n\t\t\t\t<div class=\"elementor-widget-container\">\n\t\t\t<style>\/*! elementor - v3.14.0 - 26-06-2023 *\/\n.elementor-heading-title{padding:0;margin:0;line-height:1}.elementor-widget-heading .elementor-heading-title[class*=elementor-size-]>a{color:inherit;font-size:inherit;line-height:inherit}.elementor-widget-heading .elementor-heading-title.elementor-size-small{font-size:15px}.elementor-widget-heading .elementor-heading-title.elementor-size-medium{font-size:19px}.elementor-widget-heading .elementor-heading-title.elementor-size-large{font-size:29px}.elementor-widget-heading .elementor-heading-title.elementor-size-xl{font-size:39px}.elementor-widget-heading .elementor-heading-title.elementor-size-xxl{font-size:59px}<\/style><h1 class=\"elementor-heading-title elementor-size-default\">UNS UNTERST\u00dcTZEN<\/h1>\t\t<\/div>\n\t\t\t\t<\/div>\n\t\t\t\t<div class=\"elementor-element elementor-element-84711af elementor-widget elementor-widget-text-editor\" data-id=\"84711af\" data-element_type=\"widget\" data-widget_type=\"text-editor.default\">\n\t\t\t\t<div class=\"elementor-widget-container\">\n\t\t\t<style>\/*! elementor - v3.14.0 - 26-06-2023 *\/\n.elementor-widget-text-editor.elementor-drop-cap-view-stacked .elementor-drop-cap{background-color:#69727d;color:#fff}.elementor-widget-text-editor.elementor-drop-cap-view-framed .elementor-drop-cap{color:#69727d;border:3px solid;background-color:transparent}.elementor-widget-text-editor:not(.elementor-drop-cap-view-default) .elementor-drop-cap{margin-top:8px}.elementor-widget-text-editor:not(.elementor-drop-cap-view-default) .elementor-drop-cap-letter{width:1em;height:1em}.elementor-widget-text-editor .elementor-drop-cap{float:left;text-align:center;line-height:1;font-size:50px}.elementor-widget-text-editor .elementor-drop-cap-letter{display:inline-block}<\/style>\t\t\t\t<p>SuperMamans ist ein Verein, der nicht gewinnorientiert arbeitet und keine Zusch\u00fcsse vom Staat erh\u00e4lt. Wir finanzieren unsere T\u00e4tigkeit dank der Grossz\u00fcgigkeit unserer Mitglieder und durch Einnahmen aus Veranstaltungen, an denen unsere Mitglieder mitwirken. <\/p>\n<p>SuperMamans ist als gemeinn\u00fctzig anerkannt, so dass unsere Spender ihre Spenden steuerlich absetzen k\u00f6nnen.<\/p>\n\t\t\t\t\t\t<\/div>\n\t\t\t\t<\/div>\n\t\t\t\t\t<\/div>\n\t\t\t\t<\/div>\n\t\t\t\t\t<\/div>\n\t\t\t\t<\/div>\n\t\t<div class=\"elementor-element elementor-element-9f836c6 e-flex e-con-boxed e-con\" data-id=\"9f836c6\" data-element_type=\"container\" data-settings=\"{&quot;content_width&quot;:&quot;boxed&quot;}\">\n\t\t\t\t\t<div class=\"e-con-inner\">\n\t\t<div class=\"elementor-element elementor-element-e37593c e-con-full e-flex e-con\" data-id=\"e37593c\" data-element_type=\"container\" data-settings=\"{&quot;content_width&quot;:&quot;full&quot;}\">\n\t\t\t\t<div class=\"elementor-element elementor-element-39b30c2 elementor-widget elementor-widget-spacer\" data-id=\"39b30c2\" data-element_type=\"widget\" data-widget_type=\"spacer.default\">\n\t\t\t\t<div class=\"elementor-widget-container\">\n\t\t\t<style>\/*! elementor - v3.14.0 - 26-06-2023 *\/\n.elementor-column .elementor-spacer-inner{height:var(--spacer-size)}.e-con{--container-widget-width:100%}.e-con-inner>.elementor-widget-spacer,.e-con>.elementor-widget-spacer{width:var(--container-widget-width,var(--spacer-size));--align-self:var(--container-widget-align-self,initial);--flex-shrink:0}.e-con-inner>.elementor-widget-spacer>.elementor-widget-container,.e-con-inner>.elementor-widget-spacer>.elementor-widget-container>.elementor-spacer,.e-con>.elementor-widget-spacer>.elementor-widget-container,.e-con>.elementor-widget-spacer>.elementor-widget-container>.elementor-spacer{height:100%}.e-con-inner>.elementor-widget-spacer>.elementor-widget-container>.elementor-spacer>.elementor-spacer-inner,.e-con>.elementor-widget-spacer>.elementor-widget-container>.elementor-spacer>.elementor-spacer-inner{height:var(--container-widget-height,var(--spacer-size))}<\/style>\t\t<div class=\"elementor-spacer\">\n\t\t\t<div class=\"elementor-spacer-inner\"><\/div>\n\t\t<\/div>\n\t\t\t\t<\/div>\n\t\t\t\t<\/div>\n\t\t\t\t<div class=\"elementor-element elementor-element-9ac78af elementor-widget elementor-widget-mfn_story_box\" data-id=\"9ac78af\" data-element_type=\"widget\" data-widget_type=\"mfn_story_box.default\">\n\t\t\t\t<div class=\"elementor-widget-container\">\n\t\t\t<div class=\"story_box \"><div class=\"desc_wrapper\"><h3 class=\"themecolor\">Warum sollte man den Verein SuperMamans unterst\u00fctzen?<\/h3><hr class=\"hr_color\"><\/div><div class=\"desc\"><\/div><\/div>\n\t\t<\/div>\n\t\t\t\t<\/div>\n\t\t\t\t<div class=\"elementor-element elementor-element-8f25209 elementor-widget elementor-widget-text-editor\" data-id=\"8f25209\" data-element_type=\"widget\" data-widget_type=\"text-editor.default\">\n\t\t\t\t<div class=\"elementor-widget-container\">\n\t\t\t\t\t\t\t<ul>\n<li>Der Verein ist als gemeinn\u00fctzig anerkannt. Ihre Spenden sind daher steuerlich absetzbar.<\/li>\n<li>Das einmalige Konzept: Wir bieten eine Leistung an, die es bisher nicht gab und die die Leistungen der staatlichen Stellen vor und nach der Geburt erg\u00e4nzt.<\/li>\n<li>Wir sind anerkannt: Wir werden als Partner von den gr\u00f6ssten Krankenh\u00e4usern der Westschweiz und den Fachkr\u00e4ften des Gesundheitswesens (Hebammen, Krankenschwestern, SMZ, M\u00fctter- und V\u00e4terberatungen) anerkannt.<\/li>\n<li>Pr\u00e4vention von postnatalen Depressionen und m\u00fctterlichem Burn-out: Mit unserer <a href=\"https:\/\/www.supermamans.ch\/bichonnage-de-soutien\/\">unterst\u00fctzenden Verw\u00f6hnzeit<\/a> stellen wird sicher, dass Risikopersonen sozial eingebunden bleiben, um eine Erkrankung oder deren Folgen abzumildern.<\/li>\n<li>Best\u00e4ndigkeit: Der Verein SuperMamans wurde 2015 gegr\u00fcndet und leistet seine T\u00e4tigkeit bei Familien in der Westschweiz trotz eines begrenzten Budgets weiterhin kostenlos. Die Zahl der Familien, die unser Verw\u00f6hn-Angebot in Anspruch nehmen, steigt von Jahr zu Jahr: 2022 profitierten 680 Familien von einer Verw\u00f6hnzeit, von denen 30 unsere neuen Leistungen erhielten: die <a href=\"https:\/\/www.supermamans.ch\/bichonnage-de-soutien\/\">unterst\u00fctzende Verw\u00f6hnzeit<\/a> und die <a href=\"https:\/\/www.supermamans.ch\/bichonnage-proches-aidants\/\">Verw\u00f6hnzeit f\u00fcr helfende Angeh\u00f6rige<\/a>. <\/li>\n<\/ul>\n\t\t\t\t\t\t<\/div>\n\t\t\t\t<\/div>\n\t\t\t\t<div class=\"elementor-element elementor-element-429b4b9 elementor-widget elementor-widget-spacer\" data-id=\"429b4b9\" data-element_type=\"widget\" data-widget_type=\"spacer.default\">\n\t\t\t\t<div class=\"elementor-widget-container\">\n\t\t\t\t\t<div class=\"elementor-spacer\">\n\t\t\t<div class=\"elementor-spacer-inner\"><\/div>\n\t\t<\/div>\n\t\t\t\t<\/div>\n\t\t\t\t<\/div>\n\t\t\t\t<div class=\"elementor-element elementor-element-9a39c6d elementor-widget elementor-widget-mfn_story_box\" data-id=\"9a39c6d\" data-element_type=\"widget\" data-widget_type=\"mfn_story_box.default\">\n\t\t\t\t<div class=\"elementor-widget-container\">\n\t\t\t<div class=\"story_box \"><div class=\"desc_wrapper\"><h3 class=\"themecolor\">Ehrenamtlich mitarbeiten<\/h3><hr class=\"hr_color\"><\/div><div class=\"desc\"><\/div><\/div>\n\t\t<\/div>\n\t\t\t\t<\/div>\n\t\t\t\t<div class=\"elementor-element elementor-element-4d2c1fd elementor-widget elementor-widget-text-editor\" data-id=\"4d2c1fd\" data-element_type=\"widget\" data-widget_type=\"text-editor.default\">\n\t\t\t\t<div class=\"elementor-widget-container\">\n\t\t\t\t\t\t\t<p>Wir sind als Verein st\u00e4ndig auf der Suche nach Freiwilligen, die uns bei der Vereinsarbeit helfen und die Familie der SuperMamans vergr\u00f6ssern.<\/p>\n<p>M\u00f6chtest Du am Konzept teilhaben und GeschenkMama werden, um frisch gebackenen M\u00fcttern eine gesunde, selbst zubereitete Mahlzeit oder mehrere Mahlzeiten zu bringen?<\/p>\n\t\t\t\t\t\t<\/div>\n\t\t\t\t<\/div>\n\t\t\t\t<div class=\"elementor-element elementor-element-a901fa1 elementor-align-center elementor-widget elementor-widget-button\" data-id=\"a901fa1\" data-element_type=\"widget\" data-widget_type=\"button.default\">\n\t\t\t\t<div class=\"elementor-widget-container\">\n\t\t\t\t\t<div class=\"elementor-button-wrapper\">\n\t\t\t<a class=\"elementor-button elementor-button-link elementor-size-lg\" href=\"https:\/\/www.supermamans.ch\/mamancadeau\/\">\n\t\t\t\t\t\t<span class=\"elementor-button-content-wrapper\">\n\t\t\t\t\t\t<span class=\"elementor-button-text\">Hier erf\u00e4hrst du, wie du GeschenkMama werden kannst<\/span>\n\t\t<\/span>\n\t\t\t\t\t<\/a>\n\t\t<\/div>\n\t\t\t\t<\/div>\n\t\t\t\t<\/div>\n\t\t\t\t<div class=\"elementor-element elementor-element-9a81fdd elementor-widget elementor-widget-spacer\" data-id=\"9a81fdd\" data-element_type=\"widget\" data-widget_type=\"spacer.default\">\n\t\t\t\t<div class=\"elementor-widget-container\">\n\t\t\t\t\t<div class=\"elementor-spacer\">\n\t\t\t<div class=\"elementor-spacer-inner\"><\/div>\n\t\t<\/div>\n\t\t\t\t<\/div>\n\t\t\t\t<\/div>\n\t\t\t\t<div class=\"elementor-element elementor-element-df7c745 elementor-widget elementor-widget-text-editor\" data-id=\"df7c745\" data-element_type=\"widget\" data-widget_type=\"text-editor.default\">\n\t\t\t\t<div class=\"elementor-widget-container\">\n\t\t\t\t\t\t\t<p>Wenn du lieber Teil des Organisationsteams werden willst, kannst du uns gerne als KontaktMama helfen. <\/p>\n\t\t\t\t\t\t<\/div>\n\t\t\t\t<\/div>\n\t\t\t\t<div class=\"elementor-element elementor-element-0a35d3e elementor-align-center elementor-widget elementor-widget-button\" data-id=\"0a35d3e\" data-element_type=\"widget\" data-widget_type=\"button.default\">\n\t\t\t\t<div class=\"elementor-widget-container\">\n\t\t\t\t\t<div class=\"elementor-button-wrapper\">\n\t\t\t<a class=\"elementor-button elementor-button-link elementor-size-lg\" href=\"https:\/\/www.supermamans.ch\/mamancontact\/\">\n\t\t\t\t\t\t<span class=\"elementor-button-content-wrapper\">\n\t\t\t\t\t\t<span class=\"elementor-button-text\">Hier erf\u00e4hrst du, wie du KontaktMama werden kannst<\/span>\n\t\t<\/span>\n\t\t\t\t\t<\/a>\n\t\t<\/div>\n\t\t\t\t<\/div>\n\t\t\t\t<\/div>\n\t\t\t\t<div class=\"elementor-element elementor-element-53af112 elementor-widget elementor-widget-spacer\" data-id=\"53af112\" data-element_type=\"widget\" data-widget_type=\"spacer.default\">\n\t\t\t\t<div class=\"elementor-widget-container\">\n\t\t\t\t\t<div class=\"elementor-spacer\">\n\t\t\t<div class=\"elementor-spacer-inner\"><\/div>\n\t\t<\/div>\n\t\t\t\t<\/div>\n\t\t\t\t<\/div>\n\t\t\t\t<div class=\"elementor-element elementor-element-2d888a5 elementor-widget elementor-widget-text-editor\" data-id=\"2d888a5\" data-element_type=\"widget\" data-widget_type=\"text-editor.default\">\n\t\t\t\t<div class=\"elementor-widget-container\">\n\t\t\t\t\t\t\t<p>Und schliesslich kannst du dem Verein SuperMamans helfen, indem du im Vorstand mitarbeitest.<\/p>\n\t\t\t\t\t\t<\/div>\n\t\t\t\t<\/div>\n\t\t\t\t<div class=\"elementor-element elementor-element-a9badb9 elementor-align-center elementor-widget elementor-widget-button\" data-id=\"a9badb9\" data-element_type=\"widget\" data-widget_type=\"button.default\">\n\t\t\t\t<div class=\"elementor-widget-container\">\n\t\t\t\t\t<div class=\"elementor-button-wrapper\">\n\t\t\t<a class=\"elementor-button elementor-button-link elementor-size-lg\" href=\"https:\/\/www.supermamans.ch\/comite\/\">\n\t\t\t\t\t\t<span class=\"elementor-button-content-wrapper\">\n\t\t\t\t\t\t<span class=\"elementor-button-text\">Im Vorstand der SuperMamans mitarbeiten<\/span>\n\t\t<\/span>\n\t\t\t\t\t<\/a>\n\t\t<\/div>\n\t\t\t\t<\/div>\n\t\t\t\t<\/div>\n\t\t\t\t<div class=\"elementor-element elementor-element-da3aaa1 elementor-widget elementor-widget-spacer\" data-id=\"da3aaa1\" data-element_type=\"widget\" data-widget_type=\"spacer.default\">\n\t\t\t\t<div class=\"elementor-widget-container\">\n\t\t\t\t\t<div class=\"elementor-spacer\">\n\t\t\t<div class=\"elementor-spacer-inner\"><\/div>\n\t\t<\/div>\n\t\t\t\t<\/div>\n\t\t\t\t<\/div>\n\t\t\t\t<div class=\"elementor-element elementor-element-76ebe9c elementor-widget elementor-widget-mfn_story_box\" data-id=\"76ebe9c\" data-element_type=\"widget\" data-widget_type=\"mfn_story_box.default\">\n\t\t\t\t<div class=\"elementor-widget-container\">\n\t\t\t<div class=\"story_box \"><div class=\"desc_wrapper\"><h3 class=\"themecolor\">F\u00f6rdermitglied werden<\/h3><hr class=\"hr_color\"><\/div><div class=\"desc\"><\/div><\/div>\n\t\t<\/div>\n\t\t\t\t<\/div>\n\t\t\t\t<div class=\"elementor-element elementor-element-efd98c8 elementor-widget elementor-widget-text-editor\" data-id=\"efd98c8\" data-element_type=\"widget\" data-widget_type=\"text-editor.default\">\n\t\t\t\t<div class=\"elementor-widget-container\">\n\t\t\t\t\t\t\t<p>Wenn dich unser Engagement f\u00fcr Familien anspricht, kannst du einen Beitrag f\u00fcr die Vereinsarbeit und f\u00fcr die F\u00f6rderung der SuperMamans leisten. So hilfst du uns, unsere Arbeit langfristig fortzuf\u00fchren. <\/p>\n<p>Werde F\u00f6rdermitglied f\u00fcr einen j\u00e4hrlichen Beitrag von CHF 50.- (CHF 25.- Jahresbeitrag f\u00fcr Studierende, Auszubildende und Personen, die Bez\u00fcge aus AHV\/IV\/Arbeitslosenversicherung erhalten).<\/p>\n\t\t\t\t\t\t<\/div>\n\t\t\t\t<\/div>\n\t\t\t\t<div class=\"elementor-element elementor-element-4fdc242 elementor-align-center elementor-widget elementor-widget-button\" data-id=\"4fdc242\" data-element_type=\"widget\" data-widget_type=\"button.default\">\n\t\t\t\t<div class=\"elementor-widget-container\">\n\t\t\t\t\t<div class=\"elementor-button-wrapper\">\n\t\t\t<a class=\"elementor-button elementor-button-link elementor-size-lg\" href=\"https:\/\/docs.google.com\/forms\/d\/e\/1FAIpQLSeefd1_4zOg3Ehy91eqO01R30sfHtFWcYV-eujTlluLk79RgQ\/viewform\" target=\"_blank\" rel=\"noopener\">\n\t\t\t\t\t\t<span class=\"elementor-button-content-wrapper\">\n\t\t\t\t\t\t<span class=\"elementor-button-text\">F\u00f6rdermitglied werden<\/span>\n\t\t<\/span>\n\t\t\t\t\t<\/a>\n\t\t<\/div>\n\t\t\t\t<\/div>\n\t\t\t\t<\/div>\n\t\t\t\t<div class=\"elementor-element elementor-element-0a28af2 elementor-widget elementor-widget-spacer\" data-id=\"0a28af2\" data-element_type=\"widget\" data-widget_type=\"spacer.default\">\n\t\t\t\t<div class=\"elementor-widget-container\">\n\t\t\t\t\t<div class=\"elementor-spacer\">\n\t\t\t<div class=\"elementor-spacer-inner\"><\/div>\n\t\t<\/div>\n\t\t\t\t<\/div>\n\t\t\t\t<\/div>\n\t\t\t\t<div class=\"elementor-element elementor-element-0f9a8dd elementor-widget elementor-widget-mfn_story_box\" data-id=\"0f9a8dd\" data-element_type=\"widget\" data-widget_type=\"mfn_story_box.default\">\n\t\t\t\t<div class=\"elementor-widget-container\">\n\t\t\t<div class=\"story_box \"><div class=\"desc_wrapper\"><h3 class=\"themecolor\">Geld spenden<\/h3><hr class=\"hr_color\"><\/div><div class=\"desc\"><\/div><\/div>\n\t\t<\/div>\n\t\t\t\t<\/div>\n\t\t\t\t<div class=\"elementor-element elementor-element-e983e1d elementor-widget elementor-widget-text-editor\" data-id=\"e983e1d\" data-element_type=\"widget\" data-widget_type=\"text-editor.default\">\n\t\t\t\t<div class=\"elementor-widget-container\">\n\t\t\t\t\t\t\t<p>Der Verein ist als gemeinn\u00fctzig anerkannt. Spenden sind daher steuerlich absetzbar.<\/p>\n<p>Der Verein ist als gemeinn\u00fctzig anerkannt. Spenden sind daher steuerlich absetzbar.<br>Sie k\u00f6nnen eine Spende auf unser Konto einzahlen:<br>IBAN: CH71 0900 0000 1485 3816 9<br>Association SuperMamans<br>1008 Prilly<\/p>\n<p>Mithilfe des unten stehenden Formulars k\u00f6nnen Sie auch eine Spende per TWINT leisten, um uns zu unterst\u00fctzen:<\/p>\t\t\t\t\t\t<\/div>\n\t\t\t\t<\/div>\n\t\t\t\t<div class=\"elementor-element elementor-element-868e685 elementor-widget elementor-widget-text-editor\" data-id=\"868e685\" data-element_type=\"widget\" data-widget_type=\"text-editor.default\">\n\t\t\t\t<div class=\"elementor-widget-container\">\n\t\t\t\t\t\t\t<p>Nutzen Sie die kostenlose Schweizer Spendenplattform:<\/p>\t\t\t\t\t\t<\/div>\n\t\t\t\t<\/div>\n\t\t\t\t<div class=\"elementor-element elementor-element-46e24d2 elementor-align-center elementor-widget elementor-widget-button\" data-id=\"46e24d2\" data-element_type=\"widget\" data-widget_type=\"button.default\">\n\t\t\t\t<div class=\"elementor-widget-container\">\n\t\t\t\t\t<div class=\"elementor-button-wrapper\">\n\t\t\t<a class=\"elementor-button elementor-button-link elementor-size-lg\" href=\"https:\/\/swissdonations.ch\/de\/charities\/supermamans-de\" target=\"_blank\" rel=\"noopener\">\n\t\t\t\t\t\t<span class=\"elementor-button-content-wrapper\">\n\t\t\t\t\t\t<span class=\"elementor-button-text\">Swiss donation<\/span>\n\t\t<\/span>\n\t\t\t\t\t<\/a>\n\t\t<\/div>\n\t\t\t\t<\/div>\n\t\t\t\t<\/div>\n\t\t\t\t<div class=\"elementor-element elementor-element-8bd438b elementor-widget elementor-widget-spacer\" data-id=\"8bd438b\" data-element_type=\"widget\" data-widget_type=\"spacer.default\">\n\t\t\t\t<div class=\"elementor-widget-container\">\n\t\t\t\t\t<div class=\"elementor-spacer\">\n\t\t\t<div class=\"elementor-spacer-inner\"><\/div>\n\t\t<\/div>\n\t\t\t\t<\/div>\n\t\t\t\t<\/div>\n\t\t\t\t<div class=\"elementor-element elementor-element-f5a592e elementor-widget elementor-widget-text-editor\" data-id=\"f5a592e\" data-element_type=\"widget\" data-widget_type=\"text-editor.default\">\n\t\t\t\t<div class=\"elementor-widget-container\">\n\t\t\t\t\t\t\t<p>Oder spenden Sie \u00fcber den untenstehenden Button per TWINT und unterst\u00fctzen Sie uns:<\/p>\t\t\t\t\t\t<\/div>\n\t\t\t\t<\/div>\n\t\t\t\t<div class=\"elementor-element elementor-element-928a30e elementor-widget elementor-widget-html\" data-id=\"928a30e\" data-element_type=\"widget\" data-widget_type=\"html.default\">\n\t\t\t\t<div class=\"elementor-widget-container\">\n\t\t\t<div id=\"rnw-paylink-button-jvdxr\"><\/div>\n\n<script type=\"module\">\n\n  import {TwintButton} from \"https:\/\/unpkg.com\/@raisenow\/paylink-button@2\/dist\/TwintButton.js\"\n\n  TwintButton.render(\"#rnw-paylink-button-jvdxr\", {\n\n    \"solution-id\": \"jvdxr\",\n\n    \"solution-type\": \"donate\",\n\n    \"language\": \"fr\",\n\n    \"size\": \"large\",\n\n    \"width\": \"fixed\",\n\n    \"color-scheme\": \"dark\",\n\n  })\n\n\n<\/script>\t\t<\/div>\n\t\t\t\t<\/div>\n\t\t\t\t<\/div>\n\t\t\t\t\t<\/div>\n\t\t\t\t<\/div>\n\t\t\t\t\t\t\t<\/div>\n\t\t","protected":false},"excerpt":{"rendered":"<p>UNS UNTERST\u00dcTZEN SuperMamans ist ein Verein, der nicht gewinnorientiert arbeitet und keine Zusch\u00fcsse vom Staat erh\u00e4lt. Wir finanzieren unsere T\u00e4tigkeit dank der Grossz\u00fcgigkeit unserer Mitglieder und durch Einnahmen aus Veranstaltungen, an denen unsere Mitglieder mitwirken. SuperMamans ist als gemeinn\u00fctzig anerkannt, so dass unsere Spender ihre Spenden steuerlich absetzen k\u00f6nnen. Warum<span class=\"excerpt-hellip\"> [\u2026]<\/span><\/p>\n","protected":false},"author":1,"featured_media":0,"parent":0,"menu_order":0,"comment_status":"closed","ping_status":"closed","template":"","meta":{"_acf_changed":false,"footnotes":""},"class_list":["post-34377","page","type-page","status-publish","hentry"],"acf":[],"_links":{"self":[{"href":"https:\/\/supermamans.ch\/de\/wp-json\/wp\/v2\/pages\/34377","targetHints":{"allow":["GET"]}}],"collection":[{"href":"https:\/\/supermamans.ch\/de\/wp-json\/wp\/v2\/pages"}],"about":[{"href":"https:\/\/supermamans.ch\/de\/wp-json\/wp\/v2\/types\/page"}],"author":[{"embeddable":true,"href":"https:\/\/supermamans.ch\/de\/wp-json\/wp\/v2\/users\/1"}],"replies":[{"embeddable":true,"href":"https:\/\/supermamans.ch\/de\/wp-json\/wp\/v2\/comments?post=34377"}],"version-history":[{"count":12,"href":"https:\/\/supermamans.ch\/de\/wp-json\/wp\/v2\/pages\/34377\/revisions"}],"predecessor-version":[{"id":38445,"href":"https:\/\/supermamans.ch\/de\/wp-json\/wp\/v2\/pages\/34377\/revisions\/38445"}],"wp:attachment":[{"href":"https:\/\/supermamans.ch\/de\/wp-json\/wp\/v2\/media?parent=34377"}],"curies":[{"name":"wp","href":"https:\/\/api.w.org\/{rel}","templated":true}]}}